{"id":2580,"date":"2018-09-06T14:05:32","date_gmt":"2018-09-06T13:05:32","guid":{"rendered":"https:\/\/ingenia-gmbh.gmbh\/?page_id=2580"},"modified":"2018-09-06T14:22:39","modified_gmt":"2018-09-06T13:22:39","slug":"pie-de-imprenta","status":"publish","type":"page","link":"https:\/\/ingenia-gmbh.gmbh\/es\/pie-de-imprenta\/","title":{"rendered":"Pie de imprenta"},"content":{"rendered":"<p>Datos conforme al \u00a7 5 de la Ley alemana de los Organismos de Radiodifusi\u00f3n (TMG):<\/p>\n<p>Forma jur\u00eddica: Sociedad con responsabilidad limitada (GmbH)<\/p>\n<p style=\"padding-left: 30px;\"><span style=\"color: #e40613;\"><strong>Ingenia GmbH<\/strong><\/span><br \/>\nHauptstra\u00dfe 72<br \/>\n56858 Altlay<br \/>\nGermany<\/p>\n<p><strong>Representada por:<\/strong><br \/>\nSocio gerente: Otmar Weirich<\/p>\n<p><strong>Contacto:<\/strong><\/p>\n<p>Tel\u00e9fono: +49 \u2013 6543-50 49 0<br \/>\nFax: +49 \u2013 6543-50 49 29<\/p>\n<p>Correo electr\u00f3nico: <a href=\"m&#97;&#x69;&#x6c;&#x74;o&#58;&#105;&#x6e;&#x66;o&#64;&#105;&#x6e;&#x67;en&#105;&#x61;&#x2d;&#x67;m&#98;&#x68;&#x2e;&#x64;e\"><strong>&#x69;&#110;f&#x6f;&#64;i&#x6e;&#x67;&#101;&#x6e;&#x69;&#97;-&#x67;&#109;b&#x68;&#x2e;&#100;&#x65;<br \/>\n<\/strong><\/a><\/p>\n<p><strong>Registro:<\/strong><br \/>\nHandelsregister<br \/>\nAmtsgericht Koblenz<br \/>\nHRB 7291<\/p>\n<p><strong>NIF-IVA:<\/strong><br \/>\nN\u00famero de identificaci\u00f3n a efectos de IVA conforme a \u00a727 de la Ley alemana del Impuesto sobre el Valor A\u00f1adido (Umsatzsteuergesetz): DE 812 869 536<\/p>\n<p><strong><span style=\"color: #706e6f;\"><a href=\"https:\/\/ingenia-gmbh.gmbh\/wp-content\/uploads\/2018\/08\/General-Terms-and-Conditions.pdf\">General Terms and Conditions<\/a><\/span><\/strong><\/p>\n<p><strong>Cl\u00e1usula de exenci\u00f3n de responsabilidad<\/strong><\/p>\n<p><strong>Responsabilidad por los contenidos<\/strong><\/p>\n<p>Como proveedor de servicios, seg\u00fan leyes generales, somos responsables por los contenidos propios de estas p\u00e1ginas conforme al \u00a7 7 apdo.1 de la Ley alemana de los Organismos de Radiodifusi\u00f3n (TMG). No obstante, conforme a los \u00a7\u00a7 8 a 10 de la TMG, no estamos obligados a controlar o, en determinadas circunstancias, investigar la informaci\u00f3n de terceros transmitida o guardada que presente indicios de una actividad ilegal. Esto no afecta a la obligaci\u00f3n de eliminar o bloquear el uso de informaci\u00f3n conforme a la legislaci\u00f3n general. Se asumir\u00e1 una responsabilidad en este sentido a partir del momento en que se tenga en conocimiento de que se ha cometido concretamente una infracci\u00f3n jur\u00eddica. Al tener conocimiento de las infracciones jur\u00eddicas pertinentes, se eliminar\u00e1n dichos contenidos con car\u00e1cter inmediato.<\/p>\n<p><strong>\u00a0<\/strong><\/p>\n<p><strong>Responsabilidad por los enlaces<\/strong><\/p>\n<p>Nuestra oferta incluye enlaces a sitios web de terceros sobre cuyos contenidos no tenemos ning\u00fan tipo de influencia. Por este motivo tampoco podemos asumir ninguna responsabilidad por estos contenidos ajenos. El responsable del contenido de las p\u00e1ginas enlazadas es siempre el correspondiente proveedor o responsable de dichas p\u00e1ginas. En el momento en que se publicaron los enlaces en nuestra p\u00e1gina, se comprob\u00f3 si dichas p\u00e1ginas infring\u00edan alguna ley. En el momento en el que se publicaron los enlaces no se detectaron contenidos ilegales. No obstante, no resulta viable realizar un control permanente de los contenidos de las p\u00e1ginas enlazadas sin una referencia concreta a la posible infracci\u00f3n jur\u00eddica. En el momento en el que tengamos constancia de dichas infracciones, eliminaremos de inmediato este tipo de enlaces.<\/p>\n<p><strong>Derechos de autor<\/strong><\/p>\n<p>Los contenidos y obras redactados por el responsable de estas p\u00e1ginas est\u00e1n sujetos a los derechos de autor alemanes. La reproducci\u00f3n, el procesamiento, la divulgaci\u00f3n y cualquier tipo de utilizaci\u00f3n que vayan m\u00e1s all\u00e1 de los l\u00edmites estipulados por los derechos de autor precisan de la confirmaci\u00f3n por escrito del autor o editor correspondiente. Solo se podr\u00e1n efectuar descargas o copias de estas p\u00e1ginas para un uso privado, no comercial. Todos los contenidos publicados en esta p\u00e1gina que no hayan sido redactados por el encargado estar\u00e1n sujetos a los derechos de autor de terceros. Especialmente los contenidos de terceros se consideran como tales. No obstante, si tiene constancia de que se est\u00e1n infringiendo los derechos de autor, le rogamos que nos informe de inmediato. En el momento en el que tengamos constancia de dichas infracciones eliminaremos de inmediato este tipo de contenidos.<br \/>\nDeclaraci\u00f3n sobre protecci\u00f3n de datos:<\/p>\n<p><strong>Protecci\u00f3n de datos<\/strong><\/p>\n<p>Por lo general es posible utilizar nuestro sitio web sin facilitar datos personales. Siempre que se faciliten datos personales (por ejemplo nombre, direcci\u00f3n o direcciones de correo electr\u00f3nico) se hace, en la medida de lo posible, de forma voluntaria. Estos datos no se facilitar\u00e1n a terceros sin su consentimiento expreso.<\/p>\n<p>Advertimos de que siempre existen ciertos riesgos para la seguridad en la transferencia de datos por Internet (p.ej. en la comunicaci\u00f3n por e-mail). No es posible proteger completamente el acceso a los datos por parte de terceros.<\/p>\n<p>El uso por parte de terceros de los datos de contacto publicados por obligaci\u00f3n en el pie de imprenta queda prohibido para el env\u00edo de publicidad y materiales informativos no solicitados expl\u00edcitamente. Los propietarios de las p\u00e1ginas se reservan expresamente el derecho a emprender acciones legales en caso de env\u00edos no solicitados de publicidad, como por ejemplo, a trav\u00e9s de correos basura.<br \/>\nAcceso, eliminaci\u00f3n, bloqueo<\/p>\n<p>Usted tiene derecho a acceder, en cualquier momento y de forma gratuita, a los datos almacenados sobre su persona, al origen y el destinatario de los mismos, al prop\u00f3sito del procesamiento de datos, as\u00ed como a corregir, bloquear o eliminar esos datos. Puede ponerse en contacto con nosotros a trav\u00e9s de la direcci\u00f3n del responsable de la p\u00e1gina web indicada en el pie de imprenta si desea hacernos alguna consulta a este respecto, as\u00ed como sobre el tema de los datos personales.<\/p>\n<p>&nbsp;<\/p>\n<p>&nbsp;<\/p>\n","protected":false},"excerpt":{"rendered":"<p>Datos conforme al \u00a7 5 de la Ley alemana de los Organismos de Radiodifusi\u00f3n (TMG): Forma jur\u00eddica: Sociedad con responsabilidad limitada (GmbH) Ingenia GmbH Hauptstra\u00dfe 72 56858 Altlay Germany Representada &#8230;<\/p>\n","protected":false},"author":1,"featured_media":0,"parent":0,"menu_order":0,"comment_status":"closed","ping_status":"closed","template":"template-fullwidth.php","meta":{"footnotes":""},"class_list":["post-2580","page","type-page","status-publish","hentry"],"_links":{"self":[{"href":"https:\/\/ingenia-gmbh.gmbh\/es\/wp-json\/wp\/v2\/pages\/2580","targetHints":{"allow":["GET"]}}],"collection":[{"href":"https:\/\/ingenia-gmbh.gmbh\/es\/wp-json\/wp\/v2\/pages"}],"about":[{"href":"https:\/\/ingenia-gmbh.gmbh\/es\/wp-json\/wp\/v2\/types\/page"}],"author":[{"embeddable":true,"href":"https:\/\/ingenia-gmbh.gmbh\/es\/wp-json\/wp\/v2\/users\/1"}],"replies":[{"embeddable":true,"href":"https:\/\/ingenia-gmbh.gmbh\/es\/wp-json\/wp\/v2\/comments?post=2580"}],"version-history":[{"count":4,"href":"https:\/\/ingenia-gmbh.gmbh\/es\/wp-json\/wp\/v2\/pages\/2580\/revisions"}],"predecessor-version":[{"id":2584,"href":"https:\/\/ingenia-gmbh.gmbh\/es\/wp-json\/wp\/v2\/pages\/2580\/revisions\/2584"}],"wp:attachment":[{"href":"https:\/\/ingenia-gmbh.gmbh\/es\/wp-json\/wp\/v2\/media?parent=2580"}],"curies":[{"name":"wp","href":"https:\/\/api.w.org\/{rel}","templated":true}]}}