{"id":3764,"date":"2019-07-27T16:06:55","date_gmt":"2019-07-27T15:06:55","guid":{"rendered":"https:\/\/ingenia-gmbh.gmbh\/servicio-2\/"},"modified":"2019-08-30T19:00:15","modified_gmt":"2019-08-30T18:00:15","slug":"servicio","status":"publish","type":"page","link":"https:\/\/ingenia-gmbh.gmbh\/es\/servicio\/","title":{"rendered":"Servicio"},"content":{"rendered":"\t\t<div data-elementor-type=\"wp-post\" data-elementor-id=\"3764\" class=\"elementor elementor-3764 elementor-2874\" data-elementor-post-type=\"page\">\n\t\t\t\t\t\t<section class=\"elementor-section elementor-top-section elementor-element elementor-element-3f80cf6 elementor-section-boxed elementor-section-height-default elementor-section-height-default\" data-id=\"3f80cf6\" data-element_type=\"section\" data-e-type=\"section\">\n\t\t\t\t\t\t<div class=\"elementor-container elementor-column-gap-wider\">\n\t\t\t\t\t<div class=\"elementor-column elementor-col-50 elementor-top-column elementor-element elementor-element-9076189\" data-id=\"9076189\" data-element_type=\"column\" data-e-type=\"column\">\n\t\t\t<div class=\"elementor-widget-wrap elementor-element-populated\">\n\t\t\t\t\t\t<div class=\"elementor-element elementor-element-c907610 elementor-widget elementor-widget-image\" data-id=\"c907610\" data-element_type=\"widget\" data-e-type=\"widget\" data-widget_type=\"image.default\">\n\t\t\t\t<div class=\"elementor-widget-container\">\n\t\t\t\t\t\t\t\t\t\t\t\t\t\t\t<img fetchpriority=\"high\" decoding=\"async\" width=\"800\" height=\"599\" src=\"https:\/\/ingenia-gmbh.gmbh\/wp-content\/uploads\/2018\/04\/Auto-1024x767.jpg\" class=\"attachment-large size-large wp-image-2518\" alt=\"\" srcset=\"https:\/\/ingenia-gmbh.gmbh\/wp-content\/uploads\/2018\/04\/Auto-1024x767.jpg 1024w, https:\/\/ingenia-gmbh.gmbh\/wp-content\/uploads\/2018\/04\/Auto-300x225.jpg 300w, https:\/\/ingenia-gmbh.gmbh\/wp-content\/uploads\/2018\/04\/Auto-768x575.jpg 768w, https:\/\/ingenia-gmbh.gmbh\/wp-content\/uploads\/2018\/04\/Auto.jpg 1531w\" sizes=\"(max-width: 800px) 100vw, 800px\" \/>\t\t\t\t\t\t\t\t\t\t\t\t\t\t\t<\/div>\n\t\t\t\t<\/div>\n\t\t\t\t\t<\/div>\n\t\t<\/div>\n\t\t\t\t<div class=\"elementor-column elementor-col-50 elementor-top-column elementor-element elementor-element-641f6f2\" data-id=\"641f6f2\" data-element_type=\"column\" data-e-type=\"column\">\n\t\t\t<div class=\"elementor-widget-wrap elementor-element-populated\">\n\t\t\t\t\t\t<div class=\"elementor-element elementor-element-93efb54 elementor-widget elementor-widget-text-editor\" data-id=\"93efb54\" data-element_type=\"widget\" data-e-type=\"widget\" data-widget_type=\"text-editor.default\">\n\t\t\t\t<div class=\"elementor-widget-container\">\n\t\t\t\t\t\t\t\t\t<p><strong>Servicio ejemplar<\/strong><\/p>\n<p>Para nosotros, el funcionamiento del servicio tiene ser r\u00e1pido y perfecto. Esta visi\u00f3n tambi\u00e9n la comparten nuestros clientes en todo el mundo. Los proveedores de los componentes de los sistemas tienen una amplia red de servicios; as\u00ed que pueden garantizar la sustituci\u00f3n de las piezas directamente en las filiales locales.<\/p>\n<p>&nbsp;<\/p>\n\t\t\t\t\t\t\t\t<\/div>\n\t\t\t\t<\/div>\n\t\t\t\t\t<\/div>\n\t\t<\/div>\n\t\t\t\t\t<\/div>\n\t\t<\/section>\n\t\t\t\t<\/div>\n\t\t","protected":false},"excerpt":{"rendered":"<p>Servicio ejemplar Para nosotros, el funcionamiento del servicio tiene ser r\u00e1pido y perfecto. Esta visi\u00f3n tambi\u00e9n la comparten nuestros clientes en todo el mundo. Los proveedores de los componentes de &#8230;<\/p>\n","protected":false},"author":1,"featured_media":0,"parent":0,"menu_order":0,"comment_status":"closed","ping_status":"closed","template":"template-fullwidth.php","meta":{"footnotes":""},"class_list":["post-3764","page","type-page","status-publish","hentry"],"_links":{"self":[{"href":"https:\/\/ingenia-gmbh.gmbh\/es\/wp-json\/wp\/v2\/pages\/3764","targetHints":{"allow":["GET"]}}],"collection":[{"href":"https:\/\/ingenia-gmbh.gmbh\/es\/wp-json\/wp\/v2\/pages"}],"about":[{"href":"https:\/\/ingenia-gmbh.gmbh\/es\/wp-json\/wp\/v2\/types\/page"}],"author":[{"embeddable":true,"href":"https:\/\/ingenia-gmbh.gmbh\/es\/wp-json\/wp\/v2\/users\/1"}],"replies":[{"embeddable":true,"href":"https:\/\/ingenia-gmbh.gmbh\/es\/wp-json\/wp\/v2\/comments?post=3764"}],"version-history":[{"count":2,"href":"https:\/\/ingenia-gmbh.gmbh\/es\/wp-json\/wp\/v2\/pages\/3764\/revisions"}],"predecessor-version":[{"id":4453,"href":"https:\/\/ingenia-gmbh.gmbh\/es\/wp-json\/wp\/v2\/pages\/3764\/revisions\/4453"}],"wp:attachment":[{"href":"https:\/\/ingenia-gmbh.gmbh\/es\/wp-json\/wp\/v2\/media?parent=3764"}],"curies":[{"name":"wp","href":"https:\/\/api.w.org\/{rel}","templated":true}]}}