{"id":3776,"date":"2019-07-27T16:09:59","date_gmt":"2019-07-27T15:09:59","guid":{"rendered":"https:\/\/ingenia-gmbh.gmbh\/empresa-2\/"},"modified":"2019-08-30T18:58:01","modified_gmt":"2019-08-30T17:58:01","slug":"empresa","status":"publish","type":"page","link":"https:\/\/ingenia-gmbh.gmbh\/es\/empresa\/","title":{"rendered":"Empresa"},"content":{"rendered":"\t\t<div data-elementor-type=\"wp-post\" data-elementor-id=\"3776\" class=\"elementor elementor-3776 elementor-2739\" data-elementor-post-type=\"page\">\n\t\t\t\t\t\t<section class=\"elementor-section elementor-top-section elementor-element elementor-element-6719009 elementor-section-boxed elementor-section-height-default elementor-section-height-default\" data-id=\"6719009\" data-element_type=\"section\" data-e-type=\"section\">\n\t\t\t\t\t\t<div class=\"elementor-container elementor-column-gap-default\">\n\t\t\t\t\t<div class=\"elementor-column elementor-col-100 elementor-top-column elementor-element elementor-element-7da3526\" data-id=\"7da3526\" data-element_type=\"column\" data-e-type=\"column\">\n\t\t\t<div class=\"elementor-widget-wrap elementor-element-populated\">\n\t\t\t\t\t\t<div class=\"elementor-element elementor-element-cd841ec elementor-widget elementor-widget-image\" data-id=\"cd841ec\" data-element_type=\"widget\" data-e-type=\"widget\" data-widget_type=\"image.default\">\n\t\t\t\t<div class=\"elementor-widget-container\">\n\t\t\t\t\t\t\t\t\t\t\t\t\t\t\t<img fetchpriority=\"high\" decoding=\"async\" width=\"3651\" height=\"1529\" src=\"https:\/\/ingenia-gmbh.gmbh\/wp-content\/uploads\/2016\/07\/fassade_1.jpg\" class=\"attachment-full size-full wp-image-1858\" alt=\"\" srcset=\"https:\/\/ingenia-gmbh.gmbh\/wp-content\/uploads\/2016\/07\/fassade_1.jpg 3651w, https:\/\/ingenia-gmbh.gmbh\/wp-content\/uploads\/2016\/07\/fassade_1-300x126.jpg 300w, https:\/\/ingenia-gmbh.gmbh\/wp-content\/uploads\/2016\/07\/fassade_1-768x322.jpg 768w, https:\/\/ingenia-gmbh.gmbh\/wp-content\/uploads\/2016\/07\/fassade_1-1024x429.jpg 1024w\" sizes=\"(max-width: 3651px) 100vw, 3651px\" \/>\t\t\t\t\t\t\t\t\t\t\t\t\t\t\t<\/div>\n\t\t\t\t<\/div>\n\t\t\t\t\t<\/div>\n\t\t<\/div>\n\t\t\t\t\t<\/div>\n\t\t<\/section>\n\t\t\t\t<section class=\"elementor-section elementor-top-section elementor-element elementor-element-b42c946 elementor-section-boxed elementor-section-height-default elementor-section-height-default\" data-id=\"b42c946\" data-element_type=\"section\" data-e-type=\"section\">\n\t\t\t\t\t\t<div class=\"elementor-container elementor-column-gap-default\">\n\t\t\t\t\t<div class=\"elementor-column elementor-col-100 elementor-top-column elementor-element elementor-element-711ff70\" data-id=\"711ff70\" data-element_type=\"column\" data-e-type=\"column\">\n\t\t\t<div class=\"elementor-widget-wrap elementor-element-populated\">\n\t\t\t\t\t\t<div class=\"elementor-element elementor-element-851b8cd elementor-widget elementor-widget-text-editor\" data-id=\"851b8cd\" data-element_type=\"widget\" data-e-type=\"widget\" data-widget_type=\"text-editor.default\">\n\t\t\t\t<div class=\"elementor-widget-container\">\n\t\t\t\t\t\t\t\t\t<p><span style=\"color: #e40613;\"><strong>Socio gerente:<\/strong><\/span><\/p>\n<p>Otmar Weirich<\/p>\n<p><span style=\"color: #e40613;\"><strong>El equipo:<\/strong><\/span><\/p>\n<p>Contratamos a personal cualificado en las \u00e1reas de: Desarrollo \/ Construcci\u00f3n \/ Gesti\u00f3n \/ Producci\u00f3n \/ Servicio \/ Ventas<\/p>\n<p><span style=\"color: #e40613;\"><strong>Sede:<\/strong><\/span><\/p>\n<p>Nuestra sede se encuentra en Hauptstrasse 72, 56858 Altlay (Alemania). Justo en el aeropuerto de Hahn y Zell\/ Mosel.<\/p>\n<p><span style=\"color: #e40613;\"><strong>\u00c1mbito de actividades:<\/strong><\/span><\/p>\n<p>Desarrollo \/ Construcci\u00f3n, producci\u00f3n y distribuci\u00f3n <strong>mundial<\/strong> de maquinaria para el procesamiento de productos pl\u00e1sticos semiacabados y piezas moldeadas por inyecci\u00f3n<\/p>\n<p><span style=\"color: #e40613;\"><strong>Nuestro objetivo:<\/strong><\/span><\/p>\n<p>Automatizar su producci\u00f3n de aparatos y contenedores de pl\u00e1stico, conductos de ventilaci\u00f3n, sistemas de transporte y embalaje, piezas moldeadas por inyecci\u00f3n que deben soldarse y otros componentes similares para que usted, como nuestro cliente y socio, siempre est\u00e9 un paso por delante de su competencia en t\u00e9rminos cualitativos y econ\u00f3micos.<\/p>\n<p><span style=\"color: #e40613;\"><strong>En la actualidad<\/strong>:<\/span><\/p>\n<p>Gracias al desarrollo de nuevas ideas, productos de alta calidad, una tecnolog\u00eda vanguardista y conceptos de fabricaci\u00f3n rentables, estamos evolucionando nuestro perfil como proveedor l\u00edder mundial de m\u00e1quinas e instalaciones de producci\u00f3n completas en el campo de procesamiento de paneles (paneles est\u00e1ndar de pl\u00e1stico, l\u00e1minas protectoras de hormig\u00f3n y placas con c\u00e1mara hueca o panal de abeja) y en el proceso de soldadura de paletas, de perfiles y de piezas moldeadas por inyecci\u00f3n (incluyendo materiales reciclados). Estamos encantados de poder adaptar la m\u00e1quina\/instalaci\u00f3n \u00f3ptima seg\u00fan cual sea su aplicaci\u00f3n.<\/p>\n<p>&nbsp;<\/p>\n\t\t\t\t\t\t\t\t<\/div>\n\t\t\t\t<\/div>\n\t\t\t\t\t<\/div>\n\t\t<\/div>\n\t\t\t\t\t<\/div>\n\t\t<\/section>\n\t\t\t\t<\/div>\n\t\t","protected":false},"excerpt":{"rendered":"<p>Socio gerente: Otmar Weirich El equipo: Contratamos a personal cualificado en las \u00e1reas de: Desarrollo \/ Construcci\u00f3n \/ Gesti\u00f3n \/ Producci\u00f3n \/ Servicio \/ Ventas Sede: Nuestra sede se encuentra &#8230;<\/p>\n","protected":false},"author":1,"featured_media":0,"parent":0,"menu_order":0,"comment_status":"closed","ping_status":"closed","template":"elementor_header_footer","meta":{"footnotes":""},"class_list":["post-3776","page","type-page","status-publish","hentry"],"_links":{"self":[{"href":"https:\/\/ingenia-gmbh.gmbh\/es\/wp-json\/wp\/v2\/pages\/3776","targetHints":{"allow":["GET"]}}],"collection":[{"href":"https:\/\/ingenia-gmbh.gmbh\/es\/wp-json\/wp\/v2\/pages"}],"about":[{"href":"https:\/\/ingenia-gmbh.gmbh\/es\/wp-json\/wp\/v2\/types\/page"}],"author":[{"embeddable":true,"href":"https:\/\/ingenia-gmbh.gmbh\/es\/wp-json\/wp\/v2\/users\/1"}],"replies":[{"embeddable":true,"href":"https:\/\/ingenia-gmbh.gmbh\/es\/wp-json\/wp\/v2\/comments?post=3776"}],"version-history":[{"count":2,"href":"https:\/\/ingenia-gmbh.gmbh\/es\/wp-json\/wp\/v2\/pages\/3776\/revisions"}],"predecessor-version":[{"id":4447,"href":"https:\/\/ingenia-gmbh.gmbh\/es\/wp-json\/wp\/v2\/pages\/3776\/revisions\/4447"}],"wp:attachment":[{"href":"https:\/\/ingenia-gmbh.gmbh\/es\/wp-json\/wp\/v2\/media?parent=3776"}],"curies":[{"name":"wp","href":"https:\/\/api.w.org\/{rel}","templated":true}]}}