{"id":3782,"date":"2019-07-27T16:57:50","date_gmt":"2019-07-27T15:57:50","guid":{"rendered":"https:\/\/ingenia-gmbh.gmbh\/productos\/maquinas-para-aplicaciones-especificas\/soldadura-de-contenedores\/instalacion-de-soldadura-para-contenedores-dt-2\/"},"modified":"2020-05-09T10:10:30","modified_gmt":"2020-05-09T09:10:30","slug":"instalacion-de-soldadura-para-contenedores-dt","status":"publish","type":"page","link":"https:\/\/ingenia-gmbh.gmbh\/es\/productos\/maquinas-para-aplicaciones-especificas\/soldadura-de-contenedores\/instalacion-de-soldadura-para-contenedores-dt\/","title":{"rendered":"Instalaci\u00f3n de soldadura para contenedores DT"},"content":{"rendered":"\t\t<div data-elementor-type=\"wp-post\" data-elementor-id=\"3782\" class=\"elementor elementor-3782 elementor-2851\" data-elementor-post-type=\"page\">\n\t\t\t\t\t\t<section class=\"elementor-section elementor-top-section elementor-element elementor-element-deeef81 elementor-section-boxed elementor-section-height-default elementor-section-height-default\" data-id=\"deeef81\" data-element_type=\"section\" data-e-type=\"section\">\n\t\t\t\t\t\t<div class=\"elementor-container elementor-column-gap-default\">\n\t\t\t\t\t<div class=\"elementor-column elementor-col-50 elementor-top-column elementor-element elementor-element-262b001\" data-id=\"262b001\" data-element_type=\"column\" data-e-type=\"column\">\n\t\t\t<div class=\"elementor-widget-wrap elementor-element-populated\">\n\t\t\t\t\t\t<div class=\"elementor-element elementor-element-b7b613e elementor-widget elementor-widget-text-editor\" data-id=\"b7b613e\" data-element_type=\"widget\" data-e-type=\"widget\" data-widget_type=\"text-editor.default\">\n\t\t\t\t<div class=\"elementor-widget-container\">\n\t\t\t\t\t\t\t\t\t<div class=\"ether-col\">\n<h3><span style=\"color: #706e6f;\">Instalaci\u00f3n de soldadura para contenedores <span style=\"color: #e40613;\">DT<\/span><\/span><\/h3>\n<p>Instalaciones para la fabricaci\u00f3n de contenedores con mesa giratoria (soldadura por extrusi\u00f3n)<\/p>\n<\/div>\n<div class=\"ether-col\"><\/div>\n\t\t\t\t\t\t\t\t<\/div>\n\t\t\t\t<\/div>\n\t\t\t\t\t<\/div>\n\t\t<\/div>\n\t\t\t\t<div class=\"elementor-column elementor-col-50 elementor-top-column elementor-element elementor-element-0e24e08\" data-id=\"0e24e08\" data-element_type=\"column\" data-e-type=\"column\">\n\t\t\t<div class=\"elementor-widget-wrap elementor-element-populated\">\n\t\t\t\t\t\t<div class=\"elementor-element elementor-element-1466814 elementor-widget elementor-widget-image\" data-id=\"1466814\" data-element_type=\"widget\" data-e-type=\"widget\" data-widget_type=\"image.default\">\n\t\t\t\t<div class=\"elementor-widget-container\">\n\t\t\t\t\t\t\t\t\t\t\t\t\t\t\t<img fetchpriority=\"high\" decoding=\"async\" width=\"800\" height=\"600\" src=\"https:\/\/ingenia-gmbh.gmbh\/wp-content\/uploads\/2016\/07\/Drehtisch-ll-1024x768.jpg\" class=\"attachment-large size-large wp-image-1948\" alt=\"\" srcset=\"https:\/\/ingenia-gmbh.gmbh\/wp-content\/uploads\/2016\/07\/Drehtisch-ll-1024x768.jpg 1024w, https:\/\/ingenia-gmbh.gmbh\/wp-content\/uploads\/2016\/07\/Drehtisch-ll-300x225.jpg 300w, https:\/\/ingenia-gmbh.gmbh\/wp-content\/uploads\/2016\/07\/Drehtisch-ll-768x576.jpg 768w, https:\/\/ingenia-gmbh.gmbh\/wp-content\/uploads\/2016\/07\/Drehtisch-ll.jpg 1050w\" sizes=\"(max-width: 800px) 100vw, 800px\" \/>\t\t\t\t\t\t\t\t\t\t\t\t\t\t\t<\/div>\n\t\t\t\t<\/div>\n\t\t\t\t\t<\/div>\n\t\t<\/div>\n\t\t\t\t\t<\/div>\n\t\t<\/section>\n\t\t\t\t<section class=\"elementor-section elementor-top-section elementor-element elementor-element-728bbca elementor-section-boxed elementor-section-height-default elementor-section-height-default\" data-id=\"728bbca\" data-element_type=\"section\" data-e-type=\"section\">\n\t\t\t\t\t\t<div class=\"elementor-container elementor-column-gap-default\">\n\t\t\t\t\t<div class=\"elementor-column elementor-col-100 elementor-top-column elementor-element elementor-element-88795ac\" data-id=\"88795ac\" data-element_type=\"column\" data-e-type=\"column\">\n\t\t\t<div class=\"elementor-widget-wrap elementor-element-populated\">\n\t\t\t\t\t\t<div class=\"elementor-element elementor-element-bf328f1 elementor-widget elementor-widget-spacer\" data-id=\"bf328f1\" data-element_type=\"widget\" data-e-type=\"widget\" data-widget_type=\"spacer.default\">\n\t\t\t\t<div class=\"elementor-widget-container\">\n\t\t\t\t\t\t\t<div class=\"elementor-spacer\">\n\t\t\t<div class=\"elementor-spacer-inner\"><\/div>\n\t\t<\/div>\n\t\t\t\t\t\t<\/div>\n\t\t\t\t<\/div>\n\t\t\t\t\t<\/div>\n\t\t<\/div>\n\t\t\t\t\t<\/div>\n\t\t<\/section>\n\t\t\t\t<section class=\"elementor-section elementor-top-section elementor-element elementor-element-a4be3ec elementor-section-boxed elementor-section-height-default elementor-section-height-default\" data-id=\"a4be3ec\" data-element_type=\"section\" data-e-type=\"section\">\n\t\t\t\t\t\t<div class=\"elementor-container elementor-column-gap-default\">\n\t\t\t\t\t<div class=\"elementor-column elementor-col-100 elementor-top-column elementor-element elementor-element-eec8098\" data-id=\"eec8098\" data-element_type=\"column\" data-e-type=\"column\">\n\t\t\t<div class=\"elementor-widget-wrap elementor-element-populated\">\n\t\t\t\t\t\t<div class=\"elementor-element elementor-element-7c99d72 elementor-widget elementor-widget-text-editor\" data-id=\"7c99d72\" data-element_type=\"widget\" data-e-type=\"widget\" data-widget_type=\"text-editor.default\">\n\t\t\t\t<div class=\"elementor-widget-container\">\n\t\t\t\t\t\t\t\t\t<table width=\"0\">\n<tbody>\n<tr>\n<td width=\"302\"><strong>Modelo<\/strong><\/td>\n<td width=\"302\"><strong>Anchura de trabajo <\/strong><\/td>\n<\/tr>\n<tr>\n<td width=\"302\"><strong>30 DT<\/strong><\/td>\n<td width=\"302\"><strong>800 \u2013 3.100 mm<\/strong><\/td>\n<\/tr>\n<tr>\n<td width=\"302\"><strong>40 DT<\/strong><\/td>\n<td width=\"302\"><strong>800 \u2013 4.100 mm<\/strong><\/td>\n<\/tr>\n<tr>\n<td width=\"302\"><strong>50 DT<\/strong><\/td>\n<td width=\"302\"><strong>800 \u2013 5.100 mm<\/strong><\/td>\n<\/tr>\n<\/tbody>\n<\/table>\n\t\t\t\t\t\t\t\t<\/div>\n\t\t\t\t<\/div>\n\t\t\t\t\t<\/div>\n\t\t<\/div>\n\t\t\t\t\t<\/div>\n\t\t<\/section>\n\t\t\t\t<section class=\"elementor-section elementor-top-section elementor-element elementor-element-dff5d16 elementor-section-boxed elementor-section-height-default elementor-section-height-default\" data-id=\"dff5d16\" data-element_type=\"section\" data-e-type=\"section\">\n\t\t\t\t\t\t<div class=\"elementor-container elementor-column-gap-default\">\n\t\t\t\t\t<div class=\"elementor-column elementor-col-100 elementor-top-column elementor-element elementor-element-a479f75\" data-id=\"a479f75\" data-element_type=\"column\" data-e-type=\"column\">\n\t\t\t<div class=\"elementor-widget-wrap elementor-element-populated\">\n\t\t\t\t\t\t<div class=\"elementor-element elementor-element-fdc04c3 elementor-widget elementor-widget-spacer\" data-id=\"fdc04c3\" data-element_type=\"widget\" data-e-type=\"widget\" data-widget_type=\"spacer.default\">\n\t\t\t\t<div class=\"elementor-widget-container\">\n\t\t\t\t\t\t\t<div class=\"elementor-spacer\">\n\t\t\t<div class=\"elementor-spacer-inner\"><\/div>\n\t\t<\/div>\n\t\t\t\t\t\t<\/div>\n\t\t\t\t<\/div>\n\t\t\t\t\t<\/div>\n\t\t<\/div>\n\t\t\t\t\t<\/div>\n\t\t<\/section>\n\t\t\t\t<section class=\"elementor-section elementor-top-section elementor-element elementor-element-6226d8e elementor-section-boxed elementor-section-height-default elementor-section-height-default\" data-id=\"6226d8e\" data-element_type=\"section\" data-e-type=\"section\">\n\t\t\t\t\t\t<div class=\"elementor-container elementor-column-gap-default\">\n\t\t\t\t\t<div class=\"elementor-column elementor-col-100 elementor-top-column elementor-element elementor-element-7859f1a\" data-id=\"7859f1a\" data-element_type=\"column\" data-e-type=\"column\">\n\t\t\t<div class=\"elementor-widget-wrap elementor-element-populated\">\n\t\t\t\t\t\t<div class=\"elementor-element elementor-element-af3cbbc elementor-widget elementor-widget-text-editor\" data-id=\"af3cbbc\" data-element_type=\"widget\" data-e-type=\"widget\" data-widget_type=\"text-editor.default\">\n\t\t\t\t<div class=\"elementor-widget-container\">\n\t\t\t\t\t\t\t\t\t<h3><span style=\"color: #706e6f;\"><strong>Opciones adicionales <span style=\"color: #e40613;\">DT<\/span><\/strong><\/span><\/h3>\n<ul>\n<li>Mando a distancia conectado mediante cable o conmutador de pedal<\/li>\n<li>Escala para facilitar el centrado de la pieza de trabajo<\/li>\n<li>Unidad de fresado horizontal con escala para alojar una fresadora (ideal para una fresadora de su elecci\u00f3n)<\/li>\n<li>Fresadora con fresa de mango incluida<\/li>\n<li>Dispositivo de alojamiento para extrusora; sin extrusora (extrusora opcional seg\u00fan las especificaciones del cliente)<\/li>\n<li>Dispositivo de elevaci\u00f3n para contenedores con 4 cilindros neum\u00e1ticos, f\u00e1cil extracci\u00f3n de cilindros con carretilla elevadora<\/li>\n<li>Posicionamiento angular (en la periferia) a trav\u00e9s de un bot\u00f3n para un montaje f\u00e1cil de boquillas<\/li>\n<li>Marcado l\u00e1ser en el eje vertical para una identificaci\u00f3n f\u00e1cil de los puntos de montaje<\/li>\n<li>Se\u00f1al ac\u00fastica; 15\u00b0 antes del final de un ciclo<\/li>\n<li>Eje vertical con accionamiento el\u00e9ctrico<\/li>\n<li>Suministro de energ\u00eda especial a petici\u00f3n<\/li>\n<li>Etapas de expansi\u00f3n<\/li>\n<li>Pintura especial<\/li>\n<\/ul>\n\t\t\t\t\t\t\t\t<\/div>\n\t\t\t\t<\/div>\n\t\t\t\t\t<\/div>\n\t\t<\/div>\n\t\t\t\t\t<\/div>\n\t\t<\/section>\n\t\t\t\t<section class=\"elementor-section elementor-top-section elementor-element elementor-element-453b932 elementor-section-boxed elementor-section-height-default elementor-section-height-default\" data-id=\"453b932\" data-element_type=\"section\" data-e-type=\"section\">\n\t\t\t\t\t\t<div class=\"elementor-container elementor-column-gap-default\">\n\t\t\t\t\t<div class=\"elementor-column elementor-col-33 elementor-top-column elementor-element elementor-element-771a179\" data-id=\"771a179\" data-element_type=\"column\" data-e-type=\"column\">\n\t\t\t<div class=\"elementor-widget-wrap elementor-element-populated\">\n\t\t\t\t\t\t<div class=\"elementor-element elementor-element-afde6b5 elementor-widget elementor-widget-image\" data-id=\"afde6b5\" data-element_type=\"widget\" data-e-type=\"widget\" data-widget_type=\"image.default\">\n\t\t\t\t<div class=\"elementor-widget-container\">\n\t\t\t\t\t\t\t\t\t\t\t\t\t\t\t<img decoding=\"async\" src=\"https:\/\/ingenia-gmbh.gmbh\/wp-content\/uploads\/elementor\/thumbs\/DSC_0094_h-op9ar7risl4k2x3w6vwqz7db6egmgvd6m2tzfu5no0.jpg\" title=\"DSC_0094_h\" alt=\"DSC_0094_h\" loading=\"lazy\" \/>\t\t\t\t\t\t\t\t\t\t\t\t\t\t\t<\/div>\n\t\t\t\t<\/div>\n\t\t\t\t\t<\/div>\n\t\t<\/div>\n\t\t\t\t<div class=\"elementor-column elementor-col-33 elementor-top-column elementor-element elementor-element-c74384b\" data-id=\"c74384b\" data-element_type=\"column\" data-e-type=\"column\">\n\t\t\t<div class=\"elementor-widget-wrap elementor-element-populated\">\n\t\t\t\t\t\t<div class=\"elementor-element elementor-element-cb0e679 elementor-widget elementor-widget-image\" data-id=\"cb0e679\" data-element_type=\"widget\" data-e-type=\"widget\" data-widget_type=\"image.default\">\n\t\t\t\t<div class=\"elementor-widget-container\">\n\t\t\t\t\t\t\t\t\t\t\t\t\t\t\t<img decoding=\"async\" src=\"https:\/\/ingenia-gmbh.gmbh\/wp-content\/uploads\/elementor\/thumbs\/Drehtisch-Vakuum-op9ajxijtt5k3potq8ju5jjpfwd7tbg2m0tijmyhw0.jpg\" title=\"Drehtisch Vakuum\" alt=\"Drehtisch Vakuum\" loading=\"lazy\" \/>\t\t\t\t\t\t\t\t\t\t\t\t\t\t\t<\/div>\n\t\t\t\t<\/div>\n\t\t\t\t\t<\/div>\n\t\t<\/div>\n\t\t\t\t<div class=\"elementor-column elementor-col-33 elementor-top-column elementor-element elementor-element-feb43cd\" data-id=\"feb43cd\" data-element_type=\"column\" data-e-type=\"column\">\n\t\t\t<div class=\"elementor-widget-wrap elementor-element-populated\">\n\t\t\t\t\t\t<div class=\"elementor-element elementor-element-0a7f855 elementor-widget elementor-widget-image\" data-id=\"0a7f855\" data-element_type=\"widget\" data-e-type=\"widget\" data-widget_type=\"image.default\">\n\t\t\t\t<div class=\"elementor-widget-container\">\n\t\t\t\t\t\t\t\t\t\t\t\t\t\t\t<img decoding=\"async\" src=\"https:\/\/ingenia-gmbh.gmbh\/wp-content\/uploads\/elementor\/thumbs\/Produkt-op9akmw6yc4at6nym1iriv55haw4l58tpifmi3wv80.jpg\" title=\"Produkt\" alt=\"Produkt\" loading=\"lazy\" \/>\t\t\t\t\t\t\t\t\t\t\t\t\t\t\t<\/div>\n\t\t\t\t<\/div>\n\t\t\t\t\t<\/div>\n\t\t<\/div>\n\t\t\t\t\t<\/div>\n\t\t<\/section>\n\t\t\t\t<section class=\"elementor-section elementor-top-section elementor-element elementor-element-d7bd336 elementor-section-boxed elementor-section-height-default elementor-section-height-default\" data-id=\"d7bd336\" data-element_type=\"section\" data-e-type=\"section\">\n\t\t\t\t\t\t<div class=\"elementor-container elementor-column-gap-default\">\n\t\t\t\t\t<div class=\"elementor-column elementor-col-100 elementor-top-column elementor-element elementor-element-6a1e169\" data-id=\"6a1e169\" data-element_type=\"column\" data-e-type=\"column\">\n\t\t\t<div class=\"elementor-widget-wrap elementor-element-populated\">\n\t\t\t\t\t\t<div class=\"elementor-element elementor-element-cdc1d23 elementor-widget elementor-widget-spacer\" data-id=\"cdc1d23\" data-element_type=\"widget\" data-e-type=\"widget\" data-widget_type=\"spacer.default\">\n\t\t\t\t<div class=\"elementor-widget-container\">\n\t\t\t\t\t\t\t<div class=\"elementor-spacer\">\n\t\t\t<div class=\"elementor-spacer-inner\"><\/div>\n\t\t<\/div>\n\t\t\t\t\t\t<\/div>\n\t\t\t\t<\/div>\n\t\t\t\t\t<\/div>\n\t\t<\/div>\n\t\t\t\t\t<\/div>\n\t\t<\/section>\n\t\t\t\t<section class=\"elementor-section elementor-top-section elementor-element elementor-element-333c11c elementor-section-boxed elementor-section-height-default elementor-section-height-default\" data-id=\"333c11c\" data-element_type=\"section\" data-e-type=\"section\">\n\t\t\t\t\t\t<div class=\"elementor-container elementor-column-gap-default\">\n\t\t\t\t\t<div class=\"elementor-column elementor-col-100 elementor-top-column elementor-element elementor-element-25b6131\" data-id=\"25b6131\" data-element_type=\"column\" data-e-type=\"column\">\n\t\t\t<div class=\"elementor-widget-wrap elementor-element-populated\">\n\t\t\t\t\t\t<div class=\"elementor-element elementor-element-cefb379 elementor-widget elementor-widget-button\" data-id=\"cefb379\" data-element_type=\"widget\" data-e-type=\"widget\" data-widget_type=\"button.default\">\n\t\t\t\t<div class=\"elementor-widget-container\">\n\t\t\t\t\t\t\t\t\t<div class=\"elementor-button-wrapper\">\n\t\t\t\t\t<a class=\"elementor-button elementor-button-link elementor-size-sm\" href=\"https:\/\/ingenia-gmbh.gmbh\/es\/productos\/maquinas-para-aplicaciones-especificas\/soldadura-de-contenedores\/\">\n\t\t\t\t\t\t<span class=\"elementor-button-content-wrapper\">\n\t\t\t\t\t\t<span class=\"elementor-button-icon\">\n\t\t\t\t\t\t\t\t\t<i class=\"fa fa-angle-left\" aria-hidden=\"true\"><\/i>\n\t\t\t\t\t\t\t<\/span>\n\t\t\t\t\t\t\t\t\t<span class=\"elementor-button-text\">atr\u00e1s<\/span>\n\t\t\t\t\t<\/span>\n\t\t\t\t\t<\/a>\n\t\t\t\t<\/div>\n\t\t\t\t\t\t\t\t<\/div>\n\t\t\t\t<\/div>\n\t\t\t\t\t<\/div>\n\t\t<\/div>\n\t\t\t\t\t<\/div>\n\t\t<\/section>\n\t\t\t\t<\/div>\n\t\t","protected":false},"excerpt":{"rendered":"<p>Instalaci\u00f3n de soldadura para contenedores DT Instalaciones para la fabricaci\u00f3n de contenedores con mesa giratoria (soldadura por extrusi\u00f3n) Modelo Anchura de trabajo 30 DT 800 \u2013 3.100 mm 40 DT &#8230;<\/p>\n","protected":false},"author":1,"featured_media":0,"parent":3798,"menu_order":1,"comment_status":"closed","ping_status":"closed","template":"template-fullwidth.php","meta":{"footnotes":""},"class_list":["post-3782","page","type-page","status-publish","hentry"],"_links":{"self":[{"href":"https:\/\/ingenia-gmbh.gmbh\/es\/wp-json\/wp\/v2\/pages\/3782","targetHints":{"allow":["GET"]}}],"collection":[{"href":"https:\/\/ingenia-gmbh.gmbh\/es\/wp-json\/wp\/v2\/pages"}],"about":[{"href":"https:\/\/ingenia-gmbh.gmbh\/es\/wp-json\/wp\/v2\/types\/page"}],"author":[{"embeddable":true,"href":"https:\/\/ingenia-gmbh.gmbh\/es\/wp-json\/wp\/v2\/users\/1"}],"replies":[{"embeddable":true,"href":"https:\/\/ingenia-gmbh.gmbh\/es\/wp-json\/wp\/v2\/comments?post=3782"}],"version-history":[{"count":4,"href":"https:\/\/ingenia-gmbh.gmbh\/es\/wp-json\/wp\/v2\/pages\/3782\/revisions"}],"predecessor-version":[{"id":5406,"href":"https:\/\/ingenia-gmbh.gmbh\/es\/wp-json\/wp\/v2\/pages\/3782\/revisions\/5406"}],"up":[{"embeddable":true,"href":"https:\/\/ingenia-gmbh.gmbh\/es\/wp-json\/wp\/v2\/pages\/3798"}],"wp:attachment":[{"href":"https:\/\/ingenia-gmbh.gmbh\/es\/wp-json\/wp\/v2\/media?parent=3782"}],"curies":[{"name":"wp","href":"https:\/\/api.w.org\/{rel}","templated":true}]}}