{"id":3788,"date":"2019-07-27T17:05:33","date_gmt":"2019-07-27T16:05:33","guid":{"rendered":"https:\/\/ingenia-gmbh.gmbh\/productos\/soldadoras\/modelo-p-sw\/"},"modified":"2020-05-18T16:20:56","modified_gmt":"2020-05-18T15:20:56","slug":"modelo-p-sw","status":"publish","type":"page","link":"https:\/\/ingenia-gmbh.gmbh\/es\/productos\/soldadoras\/modelo-p-sw\/","title":{"rendered":"Modelo P-SW"},"content":{"rendered":"\t\t<div data-elementor-type=\"wp-post\" data-elementor-id=\"3788\" class=\"elementor elementor-3788 elementor-2910\" data-elementor-post-type=\"page\">\n\t\t\t\t\t\t<section class=\"elementor-section elementor-top-section elementor-element elementor-element-17f104a elementor-section-boxed elementor-section-height-default elementor-section-height-default\" data-id=\"17f104a\" data-element_type=\"section\" data-e-type=\"section\">\n\t\t\t\t\t\t<div class=\"elementor-container elementor-column-gap-wider\">\n\t\t\t\t\t<div class=\"elementor-column elementor-col-50 elementor-top-column elementor-element elementor-element-7a84b6a\" data-id=\"7a84b6a\" data-element_type=\"column\" data-e-type=\"column\">\n\t\t\t<div class=\"elementor-widget-wrap elementor-element-populated\">\n\t\t\t\t\t\t<div class=\"elementor-element elementor-element-196ad02 elementor-widget elementor-widget-text-editor\" data-id=\"196ad02\" data-element_type=\"widget\" data-e-type=\"widget\" data-widget_type=\"text-editor.default\">\n\t\t\t\t<div class=\"elementor-widget-container\">\n\t\t\t\t\t\t\t\t\t<h3><span style=\"color: #706e6f;\">M\u00e1quina de soldadura a tope<span style=\"color: #e40613;\"> P-SW<\/span><\/span><\/h3>\n<p>El modelo SW ha sido dise\u00f1ado para cumplir con los m\u00e1s altos est\u00e1ndares de calidad y\u00a0rendimiento. Esta versi\u00f3n cuenta de forma est\u00e1ndar con dos zonas de sujeci\u00f3n a cada lado de la mesa y de una medici\u00f3n de recorrido y un control de recorrido. Las m\u00e1quinas de esta serie est\u00e1n equipadas con servomotor de sobremesa con control CNC que incluye una base de datos. En funci\u00f3n de las necesidades del cliente, puede dotarse con un equipo de soldadura de 90\u00b0 completamente autom\u00e1tico.<\/p>\n<p>El ciclo de soldadura de esta m\u00e1quina es completamente autom\u00e1tico.<br \/>\nEsta m\u00e1quina est\u00e1 disponible en las siguientes versiones:<br \/>\n2 m, 3 m, 4 m, 5 m o 6 m<br \/>\nGrosor soldable: 3 \u2013 60 mm<\/p>\n<p>Soluciones especiales a petici\u00f3n del cliente<\/p>\n\t\t\t\t\t\t\t\t<\/div>\n\t\t\t\t<\/div>\n\t\t\t\t\t<\/div>\n\t\t<\/div>\n\t\t\t\t<div class=\"elementor-column elementor-col-50 elementor-top-column elementor-element elementor-element-faf249e\" data-id=\"faf249e\" data-element_type=\"column\" data-e-type=\"column\">\n\t\t\t<div class=\"elementor-widget-wrap elementor-element-populated\">\n\t\t\t\t\t\t<div class=\"elementor-element elementor-element-add90db elementor-widget elementor-widget-image\" data-id=\"add90db\" data-element_type=\"widget\" data-e-type=\"widget\" data-widget_type=\"image.default\">\n\t\t\t\t<div class=\"elementor-widget-container\">\n\t\t\t\t\t\t\t\t\t\t\t\t\t\t\t<img fetchpriority=\"high\" decoding=\"async\" width=\"800\" height=\"580\" src=\"https:\/\/ingenia-gmbh.gmbh\/wp-content\/uploads\/2017\/05\/5040-PL-SW-gedreht-1024x742.jpg\" class=\"attachment-large size-large wp-image-2483\" alt=\"\" srcset=\"https:\/\/ingenia-gmbh.gmbh\/wp-content\/uploads\/2017\/05\/5040-PL-SW-gedreht-1024x742.jpg 1024w, https:\/\/ingenia-gmbh.gmbh\/wp-content\/uploads\/2017\/05\/5040-PL-SW-gedreht-300x217.jpg 300w, https:\/\/ingenia-gmbh.gmbh\/wp-content\/uploads\/2017\/05\/5040-PL-SW-gedreht-768x557.jpg 768w\" sizes=\"(max-width: 800px) 100vw, 800px\" \/>\t\t\t\t\t\t\t\t\t\t\t\t\t\t\t<\/div>\n\t\t\t\t<\/div>\n\t\t\t\t\t<\/div>\n\t\t<\/div>\n\t\t\t\t\t<\/div>\n\t\t<\/section>\n\t\t\t\t<section class=\"elementor-section elementor-top-section elementor-element elementor-element-c46785b elementor-section-boxed elementor-section-height-default elementor-section-height-default\" data-id=\"c46785b\" data-element_type=\"section\" data-e-type=\"section\">\n\t\t\t\t\t\t<div class=\"elementor-container elementor-column-gap-default\">\n\t\t\t\t\t<div class=\"elementor-column elementor-col-100 elementor-top-column elementor-element elementor-element-a72be39\" data-id=\"a72be39\" data-element_type=\"column\" data-e-type=\"column\">\n\t\t\t<div class=\"elementor-widget-wrap elementor-element-populated\">\n\t\t\t\t\t\t<div class=\"elementor-element elementor-element-96b69ed elementor-widget elementor-widget-spacer\" data-id=\"96b69ed\" data-element_type=\"widget\" data-e-type=\"widget\" data-widget_type=\"spacer.default\">\n\t\t\t\t<div class=\"elementor-widget-container\">\n\t\t\t\t\t\t\t<div class=\"elementor-spacer\">\n\t\t\t<div class=\"elementor-spacer-inner\"><\/div>\n\t\t<\/div>\n\t\t\t\t\t\t<\/div>\n\t\t\t\t<\/div>\n\t\t\t\t\t<\/div>\n\t\t<\/div>\n\t\t\t\t\t<\/div>\n\t\t<\/section>\n\t\t\t\t<section class=\"elementor-section elementor-top-section elementor-element elementor-element-d02e693 elementor-section-boxed elementor-section-height-default elementor-section-height-default\" data-id=\"d02e693\" data-element_type=\"section\" data-e-type=\"section\">\n\t\t\t\t\t\t<div class=\"elementor-container elementor-column-gap-default\">\n\t\t\t\t\t<div class=\"elementor-column elementor-col-100 elementor-top-column elementor-element elementor-element-5018706\" data-id=\"5018706\" data-element_type=\"column\" data-e-type=\"column\">\n\t\t\t<div class=\"elementor-widget-wrap elementor-element-populated\">\n\t\t\t\t\t\t<div class=\"elementor-element elementor-element-69a00bf elementor-widget elementor-widget-text-editor\" data-id=\"69a00bf\" data-element_type=\"widget\" data-e-type=\"widget\" data-widget_type=\"text-editor.default\">\n\t\t\t\t<div class=\"elementor-widget-container\">\n\t\t\t\t\t\t\t\t\t<table>\n<tbody>\n<tr>\n<td style=\"text-align: center;\" width=\"201\"><strong>Modelo<\/strong><\/td>\n<td width=\"201\"><strong>Anchura de trabajo <\/strong><\/td>\n<td width=\"201\"><strong>Grosor del material <\/strong><\/td>\n<\/tr>\n<tr>\n<td width=\"201\">20.30 P-SW<\/td>\n<td width=\"201\">2.000 mm<\/td>\n<td width=\"201\">30 mm<\/td>\n<\/tr>\n<tr>\n<td width=\"201\">30.30 P-SW<\/td>\n<td width=\"201\">3.000 mm<\/td>\n<td width=\"201\">30 mm<\/td>\n<\/tr>\n<tr>\n<td width=\"201\">40.30 P-SW<\/td>\n<td width=\"201\">4.000 mm<\/td>\n<td width=\"201\">30 mm<\/td>\n<\/tr>\n<tr>\n<td width=\"201\">50.30 P-SW<\/td>\n<td width=\"201\">5.000 mm<\/td>\n<td width=\"201\">30 mm<\/td>\n<\/tr>\n<tr>\n<td width=\"201\">30.40 P-SW<\/td>\n<td width=\"201\">3.000 mm<\/td>\n<td width=\"201\">40 mm<\/td>\n<\/tr>\n<tr>\n<td width=\"201\">40.40 P-SW<\/td>\n<td width=\"201\">4.000 mm<\/td>\n<td width=\"201\">40 mm<\/td>\n<\/tr>\n<tr>\n<td width=\"201\">50.40 P-SW<\/td>\n<td width=\"201\">5.000 mm<\/td>\n<td width=\"201\">40 mm<\/td>\n<\/tr>\n<tr>\n<td width=\"201\">30.50 P-SW<\/td>\n<td width=\"201\">3.000 mm<\/td>\n<td width=\"201\">50 mm<\/td>\n<\/tr>\n<tr>\n<td width=\"201\">40.50 P-SW<\/td>\n<td width=\"201\">4.000 mm<\/td>\n<td width=\"201\">50 mm<\/td>\n<\/tr>\n<\/tbody>\n<\/table>\n\t\t\t\t\t\t\t\t<\/div>\n\t\t\t\t<\/div>\n\t\t\t\t\t<\/div>\n\t\t<\/div>\n\t\t\t\t\t<\/div>\n\t\t<\/section>\n\t\t\t\t<section class=\"elementor-section elementor-top-section elementor-element elementor-element-afaaba0 elementor-section-boxed elementor-section-height-default elementor-section-height-default\" data-id=\"afaaba0\" data-element_type=\"section\" data-e-type=\"section\">\n\t\t\t\t\t\t<div class=\"elementor-container elementor-column-gap-default\">\n\t\t\t\t\t<div class=\"elementor-column elementor-col-100 elementor-top-column elementor-element elementor-element-9a9a3ba\" data-id=\"9a9a3ba\" data-element_type=\"column\" data-e-type=\"column\">\n\t\t\t<div class=\"elementor-widget-wrap elementor-element-populated\">\n\t\t\t\t\t\t<div class=\"elementor-element elementor-element-ee12de9 elementor-widget elementor-widget-spacer\" data-id=\"ee12de9\" data-element_type=\"widget\" data-e-type=\"widget\" data-widget_type=\"spacer.default\">\n\t\t\t\t<div class=\"elementor-widget-container\">\n\t\t\t\t\t\t\t<div class=\"elementor-spacer\">\n\t\t\t<div class=\"elementor-spacer-inner\"><\/div>\n\t\t<\/div>\n\t\t\t\t\t\t<\/div>\n\t\t\t\t<\/div>\n\t\t\t\t\t<\/div>\n\t\t<\/div>\n\t\t\t\t\t<\/div>\n\t\t<\/section>\n\t\t\t\t<section class=\"elementor-section elementor-top-section elementor-element elementor-element-ac7fc8c elementor-section-boxed elementor-section-height-default elementor-section-height-default\" data-id=\"ac7fc8c\" data-element_type=\"section\" data-e-type=\"section\">\n\t\t\t\t\t\t<div class=\"elementor-container elementor-column-gap-default\">\n\t\t\t\t\t<div class=\"elementor-column elementor-col-100 elementor-top-column elementor-element elementor-element-2b064b8\" data-id=\"2b064b8\" data-element_type=\"column\" data-e-type=\"column\">\n\t\t\t<div class=\"elementor-widget-wrap elementor-element-populated\">\n\t\t\t\t\t\t<div class=\"elementor-element elementor-element-42773ce elementor-widget elementor-widget-text-editor\" data-id=\"42773ce\" data-element_type=\"widget\" data-e-type=\"widget\" data-widget_type=\"text-editor.default\">\n\t\t\t\t<div class=\"elementor-widget-container\">\n\t\t\t\t\t\t\t\t\t<h3><span style=\"color: #706e6f;\">Opciones adicionales <span style=\"color: #e40613;\">P-SW<\/span><\/span><\/h3>\n<ul>\n<li>Sistema de diagn\u00f3stico online de INGENIA<\/li>\n<li>Iluminaci\u00f3n del \u00e1rea que ha de soldarse<\/li>\n<li>Escala en ambos lados de la mesa<\/li>\n<li>Aumento a 65 mm de la altura de sujeci\u00f3n, p. ej. placas con c\u00e1mara hueca<\/li>\n<li>Dispositivo de elevaci\u00f3n de placas (un solo lado)<\/li>\n<li>Zona de sujeci\u00f3n adicional en cada lado (de 2 a 3 zonas)<\/li>\n<li>Programa de soldadura en T (solo en combinaci\u00f3n un equipo de soldadura de 90\u00b0)<\/li>\n<li>Compensaci\u00f3n de la desviaci\u00f3n para determinar y nivelar las fuerzas de tracci\u00f3n y de fricci\u00f3n<\/li>\n<li>Sistema de separaci\u00f3n autom\u00e1tico de la mesa<\/li>\n<li>Mando a distancia o conmutador de pedal para la sujeci\u00f3n<\/li>\n<li>Impresora para imprimir un protocolo de soldadura conforme DVS 2207-11<\/li>\n<li>Se\u00f1al ac\u00fastica al finalizar el ciclo de soldadura<\/li>\n<li>Brazos salientes con rodamientos<\/li>\n<li>Unidad autom\u00e1tica de aplicaci\u00f3n de presi\u00f3n<\/li>\n<li>Equipo de soldadura de 90\u00b0 autom\u00e1tica<\/li>\n<li>Unidad de enrollado de placas<\/li>\n<li>Pintura especial<\/li>\n<\/ul>\n\t\t\t\t\t\t\t\t<\/div>\n\t\t\t\t<\/div>\n\t\t\t\t\t<\/div>\n\t\t<\/div>\n\t\t\t\t\t<\/div>\n\t\t<\/section>\n\t\t\t\t<section class=\"elementor-section elementor-top-section elementor-element elementor-element-5dd3c8c elementor-section-boxed elementor-section-height-default elementor-section-height-default\" data-id=\"5dd3c8c\" data-element_type=\"section\" data-e-type=\"section\">\n\t\t\t\t\t\t<div class=\"elementor-container elementor-column-gap-default\">\n\t\t\t\t\t<div class=\"elementor-column elementor-col-100 elementor-top-column elementor-element elementor-element-606cf74\" data-id=\"606cf74\" data-element_type=\"column\" data-e-type=\"column\">\n\t\t\t<div class=\"elementor-widget-wrap elementor-element-populated\">\n\t\t\t\t\t\t<div class=\"elementor-element elementor-element-6350dec elementor-widget elementor-widget-spacer\" data-id=\"6350dec\" data-element_type=\"widget\" data-e-type=\"widget\" data-widget_type=\"spacer.default\">\n\t\t\t\t<div class=\"elementor-widget-container\">\n\t\t\t\t\t\t\t<div class=\"elementor-spacer\">\n\t\t\t<div class=\"elementor-spacer-inner\"><\/div>\n\t\t<\/div>\n\t\t\t\t\t\t<\/div>\n\t\t\t\t<\/div>\n\t\t\t\t\t<\/div>\n\t\t<\/div>\n\t\t\t\t\t<\/div>\n\t\t<\/section>\n\t\t\t\t<section class=\"elementor-section elementor-top-section elementor-element elementor-element-cf803ef elementor-section-boxed elementor-section-height-default elementor-section-height-default\" data-id=\"cf803ef\" data-element_type=\"section\" data-e-type=\"section\">\n\t\t\t\t\t\t<div class=\"elementor-container elementor-column-gap-default\">\n\t\t\t\t\t<div class=\"elementor-column elementor-col-50 elementor-top-column elementor-element elementor-element-a07a153\" data-id=\"a07a153\" data-element_type=\"column\" data-e-type=\"column\">\n\t\t\t<div class=\"elementor-widget-wrap elementor-element-populated\">\n\t\t\t\t\t\t<div class=\"elementor-element elementor-element-bd5e16d elementor-widget elementor-widget-image\" data-id=\"bd5e16d\" data-element_type=\"widget\" data-e-type=\"widget\" data-widget_type=\"image.default\">\n\t\t\t\t<div class=\"elementor-widget-container\">\n\t\t\t\t\t\t\t\t\t\t\t\t<figure class=\"wp-caption\">\n\t\t\t\t\t\t\t\t\t\t<img decoding=\"async\" width=\"800\" height=\"600\" src=\"https:\/\/ingenia-gmbh.gmbh\/wp-content\/uploads\/2020\/05\/Rundziehvorrichtung-1.2-RZ-VM-montiert-an-Schwei\u00dfmaschine-1024x768.jpg\" class=\"attachment-large size-large wp-image-5457\" alt=\"\" srcset=\"https:\/\/ingenia-gmbh.gmbh\/wp-content\/uploads\/2020\/05\/Rundziehvorrichtung-1.2-RZ-VM-montiert-an-Schwei\u00dfmaschine-1024x768.jpg 1024w, https:\/\/ingenia-gmbh.gmbh\/wp-content\/uploads\/2020\/05\/Rundziehvorrichtung-1.2-RZ-VM-montiert-an-Schwei\u00dfmaschine-300x225.jpg 300w, https:\/\/ingenia-gmbh.gmbh\/wp-content\/uploads\/2020\/05\/Rundziehvorrichtung-1.2-RZ-VM-montiert-an-Schwei\u00dfmaschine-768x576.jpg 768w, https:\/\/ingenia-gmbh.gmbh\/wp-content\/uploads\/2020\/05\/Rundziehvorrichtung-1.2-RZ-VM-montiert-an-Schwei\u00dfmaschine-1536x1152.jpg 1536w, https:\/\/ingenia-gmbh.gmbh\/wp-content\/uploads\/2020\/05\/Rundziehvorrichtung-1.2-RZ-VM-montiert-an-Schwei\u00dfmaschine-2048x1536.jpg 2048w\" sizes=\"(max-width: 800px) 100vw, 800px\" \/>\t\t\t\t\t\t\t\t\t\t\t<figcaption class=\"widget-image-caption wp-caption-text\">Unidad de enrollado K-ZV para placas de 6 - 30 mm \/ di\u00e1metro de 1.000 - 5.000 mm (solo en combinaci\u00f3n con una gr\u00faa de nave)<\/figcaption>\n\t\t\t\t\t\t\t\t\t\t<\/figure>\n\t\t\t\t\t\t\t\t\t<\/div>\n\t\t\t\t<\/div>\n\t\t\t\t\t<\/div>\n\t\t<\/div>\n\t\t\t\t<div class=\"elementor-column elementor-col-50 elementor-top-column elementor-element elementor-element-0dea300\" data-id=\"0dea300\" data-element_type=\"column\" data-e-type=\"column\">\n\t\t\t<div class=\"elementor-widget-wrap elementor-element-populated\">\n\t\t\t\t\t\t<div class=\"elementor-element elementor-element-6f50f31 elementor-widget elementor-widget-image\" data-id=\"6f50f31\" data-element_type=\"widget\" data-e-type=\"widget\" data-widget_type=\"image.default\">\n\t\t\t\t<div class=\"elementor-widget-container\">\n\t\t\t\t\t\t\t\t\t\t\t\t<figure class=\"wp-caption\">\n\t\t\t\t\t\t\t\t\t\t<img decoding=\"async\" width=\"800\" height=\"600\" src=\"https:\/\/ingenia-gmbh.gmbh\/wp-content\/uploads\/2020\/05\/Schweissmaschine-mit-1.0-RZ-V_frei-1024x768.jpg\" class=\"attachment-large size-large wp-image-5449\" alt=\"\" srcset=\"https:\/\/ingenia-gmbh.gmbh\/wp-content\/uploads\/2020\/05\/Schweissmaschine-mit-1.0-RZ-V_frei-1024x768.jpg 1024w, https:\/\/ingenia-gmbh.gmbh\/wp-content\/uploads\/2020\/05\/Schweissmaschine-mit-1.0-RZ-V_frei-300x225.jpg 300w, https:\/\/ingenia-gmbh.gmbh\/wp-content\/uploads\/2020\/05\/Schweissmaschine-mit-1.0-RZ-V_frei-768x576.jpg 768w, https:\/\/ingenia-gmbh.gmbh\/wp-content\/uploads\/2020\/05\/Schweissmaschine-mit-1.0-RZ-V_frei-1536x1152.jpg 1536w, https:\/\/ingenia-gmbh.gmbh\/wp-content\/uploads\/2020\/05\/Schweissmaschine-mit-1.0-RZ-V_frei-2048x1536.jpg 2048w\" sizes=\"(max-width: 800px) 100vw, 800px\" \/>\t\t\t\t\t\t\t\t\t\t\t<figcaption class=\"widget-image-caption wp-caption-text\">Unidad de enrollado RZ-V 1.0 para placas de 5 - 25 mm \/ di\u00e1metro de 500 - 3.000 mm<\/figcaption>\n\t\t\t\t\t\t\t\t\t\t<\/figure>\n\t\t\t\t\t\t\t\t\t<\/div>\n\t\t\t\t<\/div>\n\t\t\t\t\t<\/div>\n\t\t<\/div>\n\t\t\t\t\t<\/div>\n\t\t<\/section>\n\t\t\t\t<section class=\"elementor-section elementor-top-section elementor-element elementor-element-3d8b108 elementor-section-boxed elementor-section-height-default elementor-section-height-default\" data-id=\"3d8b108\" data-element_type=\"section\" data-e-type=\"section\">\n\t\t\t\t\t\t<div class=\"elementor-container elementor-column-gap-default\">\n\t\t\t\t\t<div class=\"elementor-column elementor-col-100 elementor-top-column elementor-element elementor-element-ff6d81c\" data-id=\"ff6d81c\" data-element_type=\"column\" data-e-type=\"column\">\n\t\t\t<div class=\"elementor-widget-wrap elementor-element-populated\">\n\t\t\t\t\t\t<div class=\"elementor-element elementor-element-749f12e elementor-widget elementor-widget-spacer\" data-id=\"749f12e\" data-element_type=\"widget\" data-e-type=\"widget\" data-widget_type=\"spacer.default\">\n\t\t\t\t<div class=\"elementor-widget-container\">\n\t\t\t\t\t\t\t<div class=\"elementor-spacer\">\n\t\t\t<div class=\"elementor-spacer-inner\"><\/div>\n\t\t<\/div>\n\t\t\t\t\t\t<\/div>\n\t\t\t\t<\/div>\n\t\t\t\t\t<\/div>\n\t\t<\/div>\n\t\t\t\t\t<\/div>\n\t\t<\/section>\n\t\t\t\t<section class=\"elementor-section elementor-top-section elementor-element elementor-element-a84fbac elementor-section-boxed elementor-section-height-default elementor-section-height-default\" data-id=\"a84fbac\" data-element_type=\"section\" data-e-type=\"section\">\n\t\t\t\t\t\t<div class=\"elementor-container elementor-column-gap-default\">\n\t\t\t\t\t<div class=\"elementor-column elementor-col-50 elementor-top-column elementor-element elementor-element-6ab066c\" data-id=\"6ab066c\" data-element_type=\"column\" data-e-type=\"column\">\n\t\t\t<div class=\"elementor-widget-wrap elementor-element-populated\">\n\t\t\t\t\t\t<div class=\"elementor-element elementor-element-578ced3 elementor-widget elementor-widget-image\" data-id=\"578ced3\" data-element_type=\"widget\" data-e-type=\"widget\" data-widget_type=\"image.default\">\n\t\t\t\t<div class=\"elementor-widget-container\">\n\t\t\t\t\t\t\t\t\t\t\t\t\t\t\t<img loading=\"lazy\" decoding=\"async\" width=\"800\" height=\"600\" src=\"https:\/\/ingenia-gmbh.gmbh\/wp-content\/uploads\/2020\/05\/1.2-RZ.V-1024x768.jpg\" class=\"attachment-large size-large wp-image-5463\" alt=\"\" srcset=\"https:\/\/ingenia-gmbh.gmbh\/wp-content\/uploads\/2020\/05\/1.2-RZ.V-1024x768.jpg 1024w, https:\/\/ingenia-gmbh.gmbh\/wp-content\/uploads\/2020\/05\/1.2-RZ.V-300x225.jpg 300w, https:\/\/ingenia-gmbh.gmbh\/wp-content\/uploads\/2020\/05\/1.2-RZ.V-768x576.jpg 768w, https:\/\/ingenia-gmbh.gmbh\/wp-content\/uploads\/2020\/05\/1.2-RZ.V-1536x1152.jpg 1536w, https:\/\/ingenia-gmbh.gmbh\/wp-content\/uploads\/2020\/05\/1.2-RZ.V-2048x1536.jpg 2048w\" sizes=\"(max-width: 800px) 100vw, 800px\" \/>\t\t\t\t\t\t\t\t\t\t\t\t\t\t\t<\/div>\n\t\t\t\t<\/div>\n\t\t\t\t\t<\/div>\n\t\t<\/div>\n\t\t\t\t<div class=\"elementor-column elementor-col-50 elementor-top-column elementor-element elementor-element-631a01a\" data-id=\"631a01a\" data-element_type=\"column\" data-e-type=\"column\">\n\t\t\t<div class=\"elementor-widget-wrap elementor-element-populated\">\n\t\t\t\t\t\t<div class=\"elementor-element elementor-element-dbe7f08 elementor-widget elementor-widget-image\" data-id=\"dbe7f08\" data-element_type=\"widget\" data-e-type=\"widget\" data-widget_type=\"image.default\">\n\t\t\t\t<div class=\"elementor-widget-container\">\n\t\t\t\t\t\t\t\t\t\t\t\t\t\t\t<img loading=\"lazy\" decoding=\"async\" width=\"800\" height=\"598\" src=\"https:\/\/ingenia-gmbh.gmbh\/wp-content\/uploads\/2020\/05\/30mm-Rundbeh\u00e4lter-1024x766.jpg\" class=\"attachment-large size-large wp-image-5470\" alt=\"\" srcset=\"https:\/\/ingenia-gmbh.gmbh\/wp-content\/uploads\/2020\/05\/30mm-Rundbeh\u00e4lter-1024x766.jpg 1024w, https:\/\/ingenia-gmbh.gmbh\/wp-content\/uploads\/2020\/05\/30mm-Rundbeh\u00e4lter-300x225.jpg 300w, https:\/\/ingenia-gmbh.gmbh\/wp-content\/uploads\/2020\/05\/30mm-Rundbeh\u00e4lter-768x575.jpg 768w, https:\/\/ingenia-gmbh.gmbh\/wp-content\/uploads\/2020\/05\/30mm-Rundbeh\u00e4lter-1536x1150.jpg 1536w, https:\/\/ingenia-gmbh.gmbh\/wp-content\/uploads\/2020\/05\/30mm-Rundbeh\u00e4lter-2048x1533.jpg 2048w\" sizes=\"(max-width: 800px) 100vw, 800px\" \/>\t\t\t\t\t\t\t\t\t\t\t\t\t\t\t<\/div>\n\t\t\t\t<\/div>\n\t\t\t\t\t<\/div>\n\t\t<\/div>\n\t\t\t\t\t<\/div>\n\t\t<\/section>\n\t\t\t\t<section class=\"elementor-section elementor-top-section elementor-element elementor-element-bd11646 elementor-section-boxed elementor-section-height-default elementor-section-height-default\" data-id=\"bd11646\" data-element_type=\"section\" data-e-type=\"section\">\n\t\t\t\t\t\t<div class=\"elementor-container elementor-column-gap-default\">\n\t\t\t\t\t<div class=\"elementor-column elementor-col-100 elementor-top-column elementor-element elementor-element-dc4275a\" data-id=\"dc4275a\" data-element_type=\"column\" data-e-type=\"column\">\n\t\t\t<div class=\"elementor-widget-wrap elementor-element-populated\">\n\t\t\t\t\t\t<div class=\"elementor-element elementor-element-f07e4f2 elementor-widget elementor-widget-button\" data-id=\"f07e4f2\" data-element_type=\"widget\" data-e-type=\"widget\" data-widget_type=\"button.default\">\n\t\t\t\t<div class=\"elementor-widget-container\">\n\t\t\t\t\t\t\t\t\t<div class=\"elementor-button-wrapper\">\n\t\t\t\t\t<a class=\"elementor-button elementor-button-link elementor-size-sm\" href=\"https:\/\/ingenia-gmbh.gmbh\/es\/productos\/soldadoras\/\">\n\t\t\t\t\t\t<span class=\"elementor-button-content-wrapper\">\n\t\t\t\t\t\t<span class=\"elementor-button-icon\">\n\t\t\t\t\t\t\t\t\t<i class=\"fa fa-angle-left\" aria-hidden=\"true\"><\/i>\n\t\t\t\t\t\t\t<\/span>\n\t\t\t\t\t\t\t\t\t<span class=\"elementor-button-text\">atr\u00e1s<\/span>\n\t\t\t\t\t<\/span>\n\t\t\t\t\t<\/a>\n\t\t\t\t<\/div>\n\t\t\t\t\t\t\t\t<\/div>\n\t\t\t\t<\/div>\n\t\t\t\t\t<\/div>\n\t\t<\/div>\n\t\t\t\t\t<\/div>\n\t\t<\/section>\n\t\t\t\t<\/div>\n\t\t","protected":false},"excerpt":{"rendered":"<p>M\u00e1quina de soldadura a tope P-SW El modelo SW ha sido dise\u00f1ado para cumplir con los m\u00e1s altos est\u00e1ndares de calidad y\u00a0rendimiento. Esta versi\u00f3n cuenta de forma est\u00e1ndar con dos &#8230;<\/p>\n","protected":false},"author":1,"featured_media":0,"parent":3792,"menu_order":1,"comment_status":"closed","ping_status":"closed","template":"template-fullwidth.php","meta":{"footnotes":""},"class_list":["post-3788","page","type-page","status-publish","hentry"],"_links":{"self":[{"href":"https:\/\/ingenia-gmbh.gmbh\/es\/wp-json\/wp\/v2\/pages\/3788","targetHints":{"allow":["GET"]}}],"collection":[{"href":"https:\/\/ingenia-gmbh.gmbh\/es\/wp-json\/wp\/v2\/pages"}],"about":[{"href":"https:\/\/ingenia-gmbh.gmbh\/es\/wp-json\/wp\/v2\/types\/page"}],"author":[{"embeddable":true,"href":"https:\/\/ingenia-gmbh.gmbh\/es\/wp-json\/wp\/v2\/users\/1"}],"replies":[{"embeddable":true,"href":"https:\/\/ingenia-gmbh.gmbh\/es\/wp-json\/wp\/v2\/comments?post=3788"}],"version-history":[{"count":5,"href":"https:\/\/ingenia-gmbh.gmbh\/es\/wp-json\/wp\/v2\/pages\/3788\/revisions"}],"predecessor-version":[{"id":5482,"href":"https:\/\/ingenia-gmbh.gmbh\/es\/wp-json\/wp\/v2\/pages\/3788\/revisions\/5482"}],"up":[{"embeddable":true,"href":"https:\/\/ingenia-gmbh.gmbh\/es\/wp-json\/wp\/v2\/pages\/3792"}],"wp:attachment":[{"href":"https:\/\/ingenia-gmbh.gmbh\/es\/wp-json\/wp\/v2\/media?parent=3788"}],"curies":[{"name":"wp","href":"https:\/\/api.w.org\/{rel}","templated":true}]}}