{"id":3798,"date":"2019-07-28T13:18:38","date_gmt":"2019-07-28T12:18:38","guid":{"rendered":"https:\/\/ingenia-gmbh.gmbh\/productos\/maquinas-para-aplicaciones-especificas\/soldadura-de-contenedores-2\/"},"modified":"2019-08-31T15:41:47","modified_gmt":"2019-08-31T14:41:47","slug":"soldadura-de-contenedores","status":"publish","type":"page","link":"https:\/\/ingenia-gmbh.gmbh\/es\/productos\/maquinas-para-aplicaciones-especificas\/soldadura-de-contenedores\/","title":{"rendered":"Soldadura de contenedores"},"content":{"rendered":"\t\t<div data-elementor-type=\"wp-post\" data-elementor-id=\"3798\" class=\"elementor elementor-3798 elementor-2790\" data-elementor-post-type=\"page\">\n\t\t\t\t\t\t<section class=\"elementor-section elementor-top-section elementor-element elementor-element-e79d0d2 elementor-section-boxed elementor-section-height-default elementor-section-height-default\" data-id=\"e79d0d2\" data-element_type=\"section\" data-e-type=\"section\">\n\t\t\t\t\t\t<div class=\"elementor-container elementor-column-gap-default\">\n\t\t\t\t\t<div class=\"elementor-column elementor-col-50 elementor-top-column elementor-element elementor-element-7a6beec\" data-id=\"7a6beec\" data-element_type=\"column\" data-e-type=\"column\">\n\t\t\t<div class=\"elementor-widget-wrap elementor-element-populated\">\n\t\t\t\t\t\t<div class=\"elementor-element elementor-element-820bdf5 elementor-widget elementor-widget-text-editor\" data-id=\"820bdf5\" data-element_type=\"widget\" data-e-type=\"widget\" data-widget_type=\"text-editor.default\">\n\t\t\t\t<div class=\"elementor-widget-container\">\n\t\t\t\t\t\t\t\t\t<h3><span style=\"color: #706e6f;\"><strong>Soldadura de contenedores<\/strong><\/span><\/h3>\n<p>La instalaci\u00f3n para la fabricaci\u00f3n de contenedores de la serie DT es un equipo de soldadura autom\u00e1tica por extrusi\u00f3n que permite cumplir con los requisitos m\u00e1s altos para la precisi\u00f3n del cord\u00f3n de soldadura. El dise\u00f1o modular del sistema posibilita adaptarlo a las necesidades de cada cliente. En estas m\u00e1quinas pueden procesarse contenedores con un di\u00e1metro de hasta 5 m y una altura de hasta 6 m. Los suelos pueden soldarse de serie a la pared del cilindro por medio de cordones interiores y exteriores.<\/p>\n<p>El control de la m\u00e1quina se realiza por medio de un sistema electr\u00f3nico. Los controles est\u00e1n situados en el panel de control. Las funciones m\u00e1s importantes tambi\u00e9n se pueden activar a\u00a0trav\u00e9s del mando a distancia opcional. El ajuste de la velocidad de rotaci\u00f3n se realiza a\u00a0trav\u00e9s de pulsadores.<\/p>\n\t\t\t\t\t\t\t\t<\/div>\n\t\t\t\t<\/div>\n\t\t\t\t\t<\/div>\n\t\t<\/div>\n\t\t\t\t<div class=\"elementor-column elementor-col-50 elementor-top-column elementor-element elementor-element-c240bad\" data-id=\"c240bad\" data-element_type=\"column\" data-e-type=\"column\">\n\t\t\t<div class=\"elementor-widget-wrap elementor-element-populated\">\n\t\t\t\t\t\t<div class=\"elementor-element elementor-element-77f221d elementor-widget elementor-widget-image\" data-id=\"77f221d\" data-element_type=\"widget\" data-e-type=\"widget\" data-widget_type=\"image.default\">\n\t\t\t\t<div class=\"elementor-widget-container\">\n\t\t\t\t\t\t\t\t\t\t\t\t<figure class=\"wp-caption\">\n\t\t\t\t\t\t\t\t\t\t\t<a href=\"https:\/\/ingenia-gmbh.gmbh\/es\/productos\/maquinas-para-aplicaciones-especificas\/soldadura-de-contenedores\/instalacion-de-soldadura-para-contenedores-dt\/\">\n\t\t\t\t\t\t\t<img fetchpriority=\"high\" decoding=\"async\" width=\"800\" height=\"748\" src=\"https:\/\/ingenia-gmbh.gmbh\/wp-content\/uploads\/2017\/01\/Drehtisch-DT_neu-1024x957.jpg\" class=\"attachment-large size-large wp-image-2133\" alt=\"\" srcset=\"https:\/\/ingenia-gmbh.gmbh\/wp-content\/uploads\/2017\/01\/Drehtisch-DT_neu-1024x957.jpg 1024w, https:\/\/ingenia-gmbh.gmbh\/wp-content\/uploads\/2017\/01\/Drehtisch-DT_neu-300x280.jpg 300w, https:\/\/ingenia-gmbh.gmbh\/wp-content\/uploads\/2017\/01\/Drehtisch-DT_neu-768x718.jpg 768w, https:\/\/ingenia-gmbh.gmbh\/wp-content\/uploads\/2017\/01\/Drehtisch-DT_neu.jpg 1656w\" sizes=\"(max-width: 800px) 100vw, 800px\" \/>\t\t\t\t\t\t\t\t<\/a>\n\t\t\t\t\t\t\t\t\t\t\t<figcaption class=\"widget-image-caption wp-caption-text\">Instalaci\u00f3n de soldadura para contenedores DT<\/figcaption>\n\t\t\t\t\t\t\t\t\t\t<\/figure>\n\t\t\t\t\t\t\t\t\t<\/div>\n\t\t\t\t<\/div>\n\t\t\t\t\t<\/div>\n\t\t<\/div>\n\t\t\t\t\t<\/div>\n\t\t<\/section>\n\t\t\t\t<section class=\"elementor-section elementor-top-section elementor-element elementor-element-468eab6 elementor-section-boxed elementor-section-height-default elementor-section-height-default\" data-id=\"468eab6\" data-element_type=\"section\" data-e-type=\"section\">\n\t\t\t\t\t\t<div class=\"elementor-container elementor-column-gap-default\">\n\t\t\t\t\t<div class=\"elementor-column elementor-col-100 elementor-top-column elementor-element elementor-element-4ac385b\" data-id=\"4ac385b\" data-element_type=\"column\" data-e-type=\"column\">\n\t\t\t<div class=\"elementor-widget-wrap elementor-element-populated\">\n\t\t\t\t\t\t<div class=\"elementor-element elementor-element-dab2597 elementor-button-danger elementor-widget elementor-widget-button\" data-id=\"dab2597\" data-element_type=\"widget\" data-e-type=\"widget\" data-widget_type=\"button.default\">\n\t\t\t\t<div class=\"elementor-widget-container\">\n\t\t\t\t\t\t\t\t\t<div class=\"elementor-button-wrapper\">\n\t\t\t\t\t<a class=\"elementor-button elementor-button-link elementor-size-sm\" href=\"https:\/\/ingenia-gmbh.gmbh\/es\/productos\/maquinas-para-aplicaciones-especificas\/\">\n\t\t\t\t\t\t<span class=\"elementor-button-content-wrapper\">\n\t\t\t\t\t\t\t\t\t<span class=\"elementor-button-text\">&lt; atr\u00e1s<\/span>\n\t\t\t\t\t<\/span>\n\t\t\t\t\t<\/a>\n\t\t\t\t<\/div>\n\t\t\t\t\t\t\t\t<\/div>\n\t\t\t\t<\/div>\n\t\t\t\t\t<\/div>\n\t\t<\/div>\n\t\t\t\t\t<\/div>\n\t\t<\/section>\n\t\t\t\t<\/div>\n\t\t","protected":false},"excerpt":{"rendered":"<p>Soldadura de contenedores La instalaci\u00f3n para la fabricaci\u00f3n de contenedores de la serie DT es un equipo de soldadura autom\u00e1tica por extrusi\u00f3n que permite cumplir con los requisitos m\u00e1s altos &#8230;<\/p>\n","protected":false},"author":1,"featured_media":0,"parent":3740,"menu_order":2,"comment_status":"closed","ping_status":"closed","template":"template-fullwidth.php","meta":{"footnotes":""},"class_list":["post-3798","page","type-page","status-publish","hentry"],"_links":{"self":[{"href":"https:\/\/ingenia-gmbh.gmbh\/es\/wp-json\/wp\/v2\/pages\/3798","targetHints":{"allow":["GET"]}}],"collection":[{"href":"https:\/\/ingenia-gmbh.gmbh\/es\/wp-json\/wp\/v2\/pages"}],"about":[{"href":"https:\/\/ingenia-gmbh.gmbh\/es\/wp-json\/wp\/v2\/types\/page"}],"author":[{"embeddable":true,"href":"https:\/\/ingenia-gmbh.gmbh\/es\/wp-json\/wp\/v2\/users\/1"}],"replies":[{"embeddable":true,"href":"https:\/\/ingenia-gmbh.gmbh\/es\/wp-json\/wp\/v2\/comments?post=3798"}],"version-history":[{"count":7,"href":"https:\/\/ingenia-gmbh.gmbh\/es\/wp-json\/wp\/v2\/pages\/3798\/revisions"}],"predecessor-version":[{"id":4741,"href":"https:\/\/ingenia-gmbh.gmbh\/es\/wp-json\/wp\/v2\/pages\/3798\/revisions\/4741"}],"up":[{"embeddable":true,"href":"https:\/\/ingenia-gmbh.gmbh\/es\/wp-json\/wp\/v2\/pages\/3740"}],"wp:attachment":[{"href":"https:\/\/ingenia-gmbh.gmbh\/es\/wp-json\/wp\/v2\/media?parent=3798"}],"curies":[{"name":"wp","href":"https:\/\/api.w.org\/{rel}","templated":true}]}}