{"id":3815,"date":"2019-07-28T13:36:24","date_gmt":"2019-07-28T12:36:24","guid":{"rendered":"https:\/\/ingenia-gmbh.gmbh\/soldadoras-universales-y-soldadoras-de-cajas-s-klt-2\/"},"modified":"2019-11-01T15:45:04","modified_gmt":"2019-11-01T14:45:04","slug":"soldadoras-universales-y-soldadoras-de-cajas-s-klt","status":"publish","type":"page","link":"https:\/\/ingenia-gmbh.gmbh\/es\/productos\/maquinas-para-aplicaciones-especificas\/industria-del-embalaje\/soldadoras-universales-y-soldadoras-de-cajas-s-klt\/","title":{"rendered":"Soldadoras universales y soldadoras de cajas S-KLT"},"content":{"rendered":"\t\t<div data-elementor-type=\"wp-post\" data-elementor-id=\"3815\" class=\"elementor elementor-3815 elementor-3111\" data-elementor-post-type=\"page\">\n\t\t\t\t\t\t<section class=\"elementor-section elementor-top-section elementor-element elementor-element-2c88db8 elementor-section-boxed elementor-section-height-default elementor-section-height-default\" data-id=\"2c88db8\" data-element_type=\"section\" data-e-type=\"section\">\n\t\t\t\t\t\t<div class=\"elementor-container elementor-column-gap-default\">\n\t\t\t\t\t<div class=\"elementor-column elementor-col-50 elementor-top-column elementor-element elementor-element-a8fb8ec\" data-id=\"a8fb8ec\" data-element_type=\"column\" data-e-type=\"column\">\n\t\t\t<div class=\"elementor-widget-wrap elementor-element-populated\">\n\t\t\t\t\t\t<div class=\"elementor-element elementor-element-c4778b0 elementor-widget elementor-widget-text-editor\" data-id=\"c4778b0\" data-element_type=\"widget\" data-e-type=\"widget\" data-widget_type=\"text-editor.default\">\n\t\t\t\t<div class=\"elementor-widget-container\">\n\t\t\t\t\t\t\t\t\t<h3><span style=\"color: #706e6f;\">Soldadoras universales y soldadoras de cajas <span style=\"color: #e40613;\">S-KLT<\/span><\/span><\/h3>\n<p>Las soldadoras S-KLT de <span style=\"color: #e40613;\"><strong>INGENIA <\/strong><\/span>son m\u00e1quinas especiales y muy robustas que se utilizan para soldar contenedores para carga peque\u00f1a pero de gran volumen, paletas y productos similares. El ciclo de soldadura es completamente autom\u00e1tico. Los par\u00e1metros de soldadura m\u00e1s importantes se definen introduci\u00e9ndolos manualmente o a trav\u00e9s de un ordenador central. La anchura de trabajo est\u00e1ndar es de 0,80 m o 1,20 m. La secci\u00f3n de corte m\u00e1s grande que se suelda es de 600 o 800 mm.<\/p>\n<p>Las m\u00e1quinas son adecuadas para el procesamiento de todos los termopl\u00e1sticos comunes. El panel de control se encuentra en una consola independiente que se puede posicionar a un lado de la m\u00e1quina. El control de las m\u00e1quinas se realiza por medio de un PLC integrado. La presi\u00f3n de sujeci\u00f3n ajustable permite adaptar la fuerza de presi\u00f3n a la geometr\u00eda del componente.<\/p>\n\t\t\t\t\t\t\t\t<\/div>\n\t\t\t\t<\/div>\n\t\t\t\t\t<\/div>\n\t\t<\/div>\n\t\t\t\t<div class=\"elementor-column elementor-col-50 elementor-top-column elementor-element elementor-element-693db40\" data-id=\"693db40\" data-element_type=\"column\" data-e-type=\"column\">\n\t\t\t<div class=\"elementor-widget-wrap elementor-element-populated\">\n\t\t\t\t\t\t<div class=\"elementor-element elementor-element-5cf6de9 elementor-widget elementor-widget-image\" data-id=\"5cf6de9\" data-element_type=\"widget\" data-e-type=\"widget\" data-widget_type=\"image.default\">\n\t\t\t\t<div class=\"elementor-widget-container\">\n\t\t\t\t\t\t\t\t\t\t\t\t\t\t\t<img fetchpriority=\"high\" decoding=\"async\" width=\"800\" height=\"534\" src=\"https:\/\/ingenia-gmbh.gmbh\/wp-content\/uploads\/2017\/01\/Freistellung_transparenti-1024x683.png\" class=\"attachment-large size-large wp-image-2143\" alt=\"\" srcset=\"https:\/\/ingenia-gmbh.gmbh\/wp-content\/uploads\/2017\/01\/Freistellung_transparenti-1024x683.png 1024w, https:\/\/ingenia-gmbh.gmbh\/wp-content\/uploads\/2017\/01\/Freistellung_transparenti-300x200.png 300w, https:\/\/ingenia-gmbh.gmbh\/wp-content\/uploads\/2017\/01\/Freistellung_transparenti-768x512.png 768w\" sizes=\"(max-width: 800px) 100vw, 800px\" \/>\t\t\t\t\t\t\t\t\t\t\t\t\t\t\t<\/div>\n\t\t\t\t<\/div>\n\t\t\t\t\t<\/div>\n\t\t<\/div>\n\t\t\t\t\t<\/div>\n\t\t<\/section>\n\t\t\t\t<section class=\"elementor-section elementor-top-section elementor-element elementor-element-5ab9609 elementor-section-boxed elementor-section-height-default elementor-section-height-default\" data-id=\"5ab9609\" data-element_type=\"section\" data-e-type=\"section\">\n\t\t\t\t\t\t<div class=\"elementor-container elementor-column-gap-default\">\n\t\t\t\t\t<div class=\"elementor-column elementor-col-100 elementor-top-column elementor-element elementor-element-41d3add\" data-id=\"41d3add\" data-element_type=\"column\" data-e-type=\"column\">\n\t\t\t<div class=\"elementor-widget-wrap elementor-element-populated\">\n\t\t\t\t\t\t<div class=\"elementor-element elementor-element-2d0b520 elementor-widget elementor-widget-spacer\" data-id=\"2d0b520\" data-element_type=\"widget\" data-e-type=\"widget\" data-widget_type=\"spacer.default\">\n\t\t\t\t<div class=\"elementor-widget-container\">\n\t\t\t\t\t\t\t<div class=\"elementor-spacer\">\n\t\t\t<div class=\"elementor-spacer-inner\"><\/div>\n\t\t<\/div>\n\t\t\t\t\t\t<\/div>\n\t\t\t\t<\/div>\n\t\t\t\t\t<\/div>\n\t\t<\/div>\n\t\t\t\t\t<\/div>\n\t\t<\/section>\n\t\t\t\t<section class=\"elementor-section elementor-top-section elementor-element elementor-element-62d456a elementor-section-boxed elementor-section-height-default elementor-section-height-default\" data-id=\"62d456a\" data-element_type=\"section\" data-e-type=\"section\">\n\t\t\t\t\t\t<div class=\"elementor-container elementor-column-gap-default\">\n\t\t\t\t\t<div class=\"elementor-column elementor-col-100 elementor-top-column elementor-element elementor-element-e97ca13\" data-id=\"e97ca13\" data-element_type=\"column\" data-e-type=\"column\">\n\t\t\t<div class=\"elementor-widget-wrap elementor-element-populated\">\n\t\t\t\t\t\t<div class=\"elementor-element elementor-element-e1486a2 elementor-widget elementor-widget-text-editor\" data-id=\"e1486a2\" data-element_type=\"widget\" data-e-type=\"widget\" data-widget_type=\"text-editor.default\">\n\t\t\t\t<div class=\"elementor-widget-container\">\n\t\t\t\t\t\t\t\t\t<table>\n<tbody>\n<tr>\n<td width=\"201\"><strong>Modelo<\/strong><\/td>\n<td width=\"201\"><strong>Anchura de trabajo m\u00e1x. <\/strong><\/td>\n<td width=\"201\">Fuerza de soldadura m\u00e1x.<\/td>\n<\/tr>\n<tr>\n<td width=\"201\">08.06 S-KLT<\/td>\n<td width=\"201\">800 mm<\/td>\n<td width=\"201\">4.500 N<\/td>\n<\/tr>\n<tr>\n<td width=\"201\">12.08 S-KLT<\/td>\n<td width=\"201\">1.200 mm<\/td>\n<td width=\"201\">6.750 N<\/td>\n<\/tr>\n<\/tbody>\n<\/table>\n\t\t\t\t\t\t\t\t<\/div>\n\t\t\t\t<\/div>\n\t\t\t\t\t<\/div>\n\t\t<\/div>\n\t\t\t\t\t<\/div>\n\t\t<\/section>\n\t\t\t\t<section class=\"elementor-section elementor-top-section elementor-element elementor-element-36a25df elementor-section-boxed elementor-section-height-default elementor-section-height-default\" data-id=\"36a25df\" data-element_type=\"section\" data-e-type=\"section\">\n\t\t\t\t\t\t<div class=\"elementor-container elementor-column-gap-default\">\n\t\t\t\t\t<div class=\"elementor-column elementor-col-100 elementor-top-column elementor-element elementor-element-b4c14b4\" data-id=\"b4c14b4\" data-element_type=\"column\" data-e-type=\"column\">\n\t\t\t<div class=\"elementor-widget-wrap elementor-element-populated\">\n\t\t\t\t\t\t<div class=\"elementor-element elementor-element-62aa754 elementor-widget elementor-widget-text-editor\" data-id=\"62aa754\" data-element_type=\"widget\" data-e-type=\"widget\" data-widget_type=\"text-editor.default\">\n\t\t\t\t<div class=\"elementor-widget-container\">\n\t\t\t\t\t\t\t\t\t<h3><span style=\"color: #706e6f;\"><strong>Opciones adicionales <span style=\"color: #e40613;\">S-KLT<\/span><\/strong><\/span><\/h3>\n<ul>\n<li>Zonas de sujeci\u00f3n extras para sujetar varias piezas de trabajo<\/li>\n<li>Elementos de sujeci\u00f3n laterales para fijar los componentes complementariamente<\/li>\n<li>Rodillos de carga pesada HD<\/li>\n<li>Servomotor de sobremesa con control CNC de SIEMENS a trav\u00e9s de la v\u00e1lvula proporcional<\/li>\n<li>Iluminaci\u00f3n del \u00e1rea que ha de soldarse<\/li>\n<li>Mando a distancia conectado mediante cable, conmutador de pedal alternativo<\/li>\n<li>Se\u00f1al ac\u00fastica al finalizar el ciclo de soldadura<\/li>\n<li>Pintura esp<\/li>\n<\/ul>\n\t\t\t\t\t\t\t\t<\/div>\n\t\t\t\t<\/div>\n\t\t\t\t\t<\/div>\n\t\t<\/div>\n\t\t\t\t\t<\/div>\n\t\t<\/section>\n\t\t\t\t<section class=\"elementor-section elementor-top-section elementor-element elementor-element-0e3e7fd elementor-section-boxed elementor-section-height-default elementor-section-height-default\" data-id=\"0e3e7fd\" data-element_type=\"section\" data-e-type=\"section\">\n\t\t\t\t\t\t<div class=\"elementor-container elementor-column-gap-default\">\n\t\t\t\t\t<div class=\"elementor-column elementor-col-100 elementor-top-column elementor-element elementor-element-cc9ef2b\" data-id=\"cc9ef2b\" data-element_type=\"column\" data-e-type=\"column\">\n\t\t\t<div class=\"elementor-widget-wrap elementor-element-populated\">\n\t\t\t\t\t\t<div class=\"elementor-element elementor-element-d45c440 elementor-widget elementor-widget-button\" data-id=\"d45c440\" data-element_type=\"widget\" data-e-type=\"widget\" data-widget_type=\"button.default\">\n\t\t\t\t<div class=\"elementor-widget-container\">\n\t\t\t\t\t\t\t\t\t<div class=\"elementor-button-wrapper\">\n\t\t\t\t\t<a class=\"elementor-button elementor-button-link elementor-size-sm\" href=\"https:\/\/ingenia-gmbh.gmbh\/es\/productos\/maquinas-para-aplicaciones-especificas\/industria-del-embalaje\/\">\n\t\t\t\t\t\t<span class=\"elementor-button-content-wrapper\">\n\t\t\t\t\t\t<span class=\"elementor-button-icon\">\n\t\t\t\t\t\t\t\t\t<i class=\"fa fa-angle-left\" aria-hidden=\"true\"><\/i>\n\t\t\t\t\t\t\t<\/span>\n\t\t\t\t\t\t\t\t\t<span class=\"elementor-button-text\">atr\u00e1s<\/span>\n\t\t\t\t\t<\/span>\n\t\t\t\t\t<\/a>\n\t\t\t\t<\/div>\n\t\t\t\t\t\t\t\t<\/div>\n\t\t\t\t<\/div>\n\t\t\t\t\t<\/div>\n\t\t<\/div>\n\t\t\t\t\t<\/div>\n\t\t<\/section>\n\t\t\t\t<\/div>\n\t\t","protected":false},"excerpt":{"rendered":"<p>Soldadoras universales y soldadoras de cajas S-KLT Las soldadoras S-KLT de INGENIA son m\u00e1quinas especiales y muy robustas que se utilizan para soldar contenedores para carga peque\u00f1a pero de gran &#8230;<\/p>\n","protected":false},"author":1,"featured_media":0,"parent":3796,"menu_order":2,"comment_status":"closed","ping_status":"closed","template":"template-fullwidth.php","meta":{"footnotes":""},"class_list":["post-3815","page","type-page","status-publish","hentry"],"_links":{"self":[{"href":"https:\/\/ingenia-gmbh.gmbh\/es\/wp-json\/wp\/v2\/pages\/3815","targetHints":{"allow":["GET"]}}],"collection":[{"href":"https:\/\/ingenia-gmbh.gmbh\/es\/wp-json\/wp\/v2\/pages"}],"about":[{"href":"https:\/\/ingenia-gmbh.gmbh\/es\/wp-json\/wp\/v2\/types\/page"}],"author":[{"embeddable":true,"href":"https:\/\/ingenia-gmbh.gmbh\/es\/wp-json\/wp\/v2\/users\/1"}],"replies":[{"embeddable":true,"href":"https:\/\/ingenia-gmbh.gmbh\/es\/wp-json\/wp\/v2\/comments?post=3815"}],"version-history":[{"count":3,"href":"https:\/\/ingenia-gmbh.gmbh\/es\/wp-json\/wp\/v2\/pages\/3815\/revisions"}],"predecessor-version":[{"id":4894,"href":"https:\/\/ingenia-gmbh.gmbh\/es\/wp-json\/wp\/v2\/pages\/3815\/revisions\/4894"}],"up":[{"embeddable":true,"href":"https:\/\/ingenia-gmbh.gmbh\/es\/wp-json\/wp\/v2\/pages\/3796"}],"wp:attachment":[{"href":"https:\/\/ingenia-gmbh.gmbh\/es\/wp-json\/wp\/v2\/media?parent=3815"}],"curies":[{"name":"wp","href":"https:\/\/api.w.org\/{rel}","templated":true}]}}