{"id":3825,"date":"2019-07-28T13:39:55","date_gmt":"2019-07-28T12:39:55","guid":{"rendered":"https:\/\/ingenia-gmbh.gmbh\/productos\/dobladoras\/modelo-bh-2\/"},"modified":"2019-11-01T16:47:14","modified_gmt":"2019-11-01T15:47:14","slug":"modelo-bh","status":"publish","type":"page","link":"https:\/\/ingenia-gmbh.gmbh\/es\/productos\/dobladoras\/modelo-bh\/","title":{"rendered":"Modelo BH"},"content":{"rendered":"\t\t<div data-elementor-type=\"wp-post\" data-elementor-id=\"3825\" class=\"elementor elementor-3825 elementor-3058\" data-elementor-post-type=\"page\">\n\t\t\t\t\t\t<section class=\"elementor-section elementor-top-section elementor-element elementor-element-c7986e7 elementor-section-boxed elementor-section-height-default elementor-section-height-default\" data-id=\"c7986e7\" data-element_type=\"section\" data-e-type=\"section\">\n\t\t\t\t\t\t<div class=\"elementor-container elementor-column-gap-default\">\n\t\t\t\t\t<div class=\"elementor-column elementor-col-50 elementor-top-column elementor-element elementor-element-b0c01b5\" data-id=\"b0c01b5\" data-element_type=\"column\" data-e-type=\"column\">\n\t\t\t<div class=\"elementor-widget-wrap elementor-element-populated\">\n\t\t\t\t\t\t<div class=\"elementor-element elementor-element-bda7b71 elementor-widget elementor-widget-text-editor\" data-id=\"bda7b71\" data-element_type=\"widget\" data-e-type=\"widget\" data-widget_type=\"text-editor.default\">\n\t\t\t\t<div class=\"elementor-widget-container\">\n\t\t\t\t\t\t\t\t\t<h3><span style=\"color: #706e6f;\">Dobladora<span style=\"color: #e40613;\"> BH<\/span><\/span><\/h3>\n<p>La dobladora manual BH es la soluci\u00f3n perfecta como modelo b\u00e1sico o para su uso en aplicaciones m\u00f3viles. La m\u00e1quina consta de una mesa de calentamiento para calentar el material y una mesa de doblado para doblar el material que se acaba de calentar. El \u00e1ngulo se puede ajustar continuamente desde 10\u00b0 &#8211; 120\u00b0. El ciclo de doblado se lleva a cabo manualmente.<\/p>\n<p>Esta m\u00e1quina est\u00e1 disponible en las siguientes versiones:<br \/>\nAnchura de trabajo en 1 m, 1,5 m y 2 m<br \/>\nGrosor del material que se ha de procesar hasta 12 mm.<\/p>\n\t\t\t\t\t\t\t\t<\/div>\n\t\t\t\t<\/div>\n\t\t\t\t\t<\/div>\n\t\t<\/div>\n\t\t\t\t<div class=\"elementor-column elementor-col-50 elementor-top-column elementor-element elementor-element-0b5151f\" data-id=\"0b5151f\" data-element_type=\"column\" data-e-type=\"column\">\n\t\t\t<div class=\"elementor-widget-wrap elementor-element-populated\">\n\t\t\t\t\t\t<div class=\"elementor-element elementor-element-cfa6c6d elementor-widget elementor-widget-image\" data-id=\"cfa6c6d\" data-element_type=\"widget\" data-e-type=\"widget\" data-widget_type=\"image.default\">\n\t\t\t\t<div class=\"elementor-widget-container\">\n\t\t\t\t\t\t\t\t\t\t\t\t\t\t\t<img fetchpriority=\"high\" decoding=\"async\" width=\"800\" height=\"514\" src=\"https:\/\/ingenia-gmbh.gmbh\/wp-content\/uploads\/2016\/07\/15.10-BH-g-manual-bending-1024x658.jpg\" class=\"attachment-large size-large wp-image-1908\" alt=\"\" srcset=\"https:\/\/ingenia-gmbh.gmbh\/wp-content\/uploads\/2016\/07\/15.10-BH-g-manual-bending-1024x658.jpg 1024w, https:\/\/ingenia-gmbh.gmbh\/wp-content\/uploads\/2016\/07\/15.10-BH-g-manual-bending-300x193.jpg 300w, https:\/\/ingenia-gmbh.gmbh\/wp-content\/uploads\/2016\/07\/15.10-BH-g-manual-bending-768x493.jpg 768w\" sizes=\"(max-width: 800px) 100vw, 800px\" \/>\t\t\t\t\t\t\t\t\t\t\t\t\t\t\t<\/div>\n\t\t\t\t<\/div>\n\t\t\t\t\t<\/div>\n\t\t<\/div>\n\t\t\t\t\t<\/div>\n\t\t<\/section>\n\t\t\t\t<section class=\"elementor-section elementor-top-section elementor-element elementor-element-0b33f38 elementor-section-boxed elementor-section-height-default elementor-section-height-default\" data-id=\"0b33f38\" data-element_type=\"section\" data-e-type=\"section\">\n\t\t\t\t\t\t<div class=\"elementor-container elementor-column-gap-default\">\n\t\t\t\t\t<div class=\"elementor-column elementor-col-100 elementor-top-column elementor-element elementor-element-005d37a\" data-id=\"005d37a\" data-element_type=\"column\" data-e-type=\"column\">\n\t\t\t<div class=\"elementor-widget-wrap elementor-element-populated\">\n\t\t\t\t\t\t<div class=\"elementor-element elementor-element-34d9fd6 elementor-widget elementor-widget-spacer\" data-id=\"34d9fd6\" data-element_type=\"widget\" data-e-type=\"widget\" data-widget_type=\"spacer.default\">\n\t\t\t\t<div class=\"elementor-widget-container\">\n\t\t\t\t\t\t\t<div class=\"elementor-spacer\">\n\t\t\t<div class=\"elementor-spacer-inner\"><\/div>\n\t\t<\/div>\n\t\t\t\t\t\t<\/div>\n\t\t\t\t<\/div>\n\t\t\t\t\t<\/div>\n\t\t<\/div>\n\t\t\t\t\t<\/div>\n\t\t<\/section>\n\t\t\t\t<section class=\"elementor-section elementor-top-section elementor-element elementor-element-6a7b0c9 elementor-section-boxed elementor-section-height-default elementor-section-height-default\" data-id=\"6a7b0c9\" data-element_type=\"section\" data-e-type=\"section\">\n\t\t\t\t\t\t<div class=\"elementor-container elementor-column-gap-default\">\n\t\t\t\t\t<div class=\"elementor-column elementor-col-100 elementor-top-column elementor-element elementor-element-f9790a3\" data-id=\"f9790a3\" data-element_type=\"column\" data-e-type=\"column\">\n\t\t\t<div class=\"elementor-widget-wrap elementor-element-populated\">\n\t\t\t\t\t\t<div class=\"elementor-element elementor-element-3a5426a elementor-widget elementor-widget-text-editor\" data-id=\"3a5426a\" data-element_type=\"widget\" data-e-type=\"widget\" data-widget_type=\"text-editor.default\">\n\t\t\t\t<div class=\"elementor-widget-container\">\n\t\t\t\t\t\t\t\t\t<table>\n<tbody>\n<tr>\n<td width=\"201\"><strong>Modelo<\/strong><\/td>\n<td width=\"201\"><strong>Anchura de trabajo <\/strong><\/td>\n<td width=\"201\"><strong>Grosor del material <\/strong><\/td>\n<\/tr>\n<tr>\n<td width=\"201\">10.12 BH<\/td>\n<td width=\"201\">1.000 mm<\/td>\n<td width=\"201\">12 mm<\/td>\n<\/tr>\n<tr>\n<td width=\"201\">15.12 BH<\/td>\n<td width=\"201\">1.500 mm<\/td>\n<td width=\"201\">12 mm<\/td>\n<\/tr>\n<tr>\n<td width=\"201\">20.12 BH<\/td>\n<td width=\"201\">2.000 mm<\/td>\n<td width=\"201\">12 mm<\/td>\n<\/tr>\n<\/tbody>\n<\/table>\n\t\t\t\t\t\t\t\t<\/div>\n\t\t\t\t<\/div>\n\t\t\t\t\t<\/div>\n\t\t<\/div>\n\t\t\t\t\t<\/div>\n\t\t<\/section>\n\t\t\t\t<section class=\"elementor-section elementor-top-section elementor-element elementor-element-83ea324 elementor-section-boxed elementor-section-height-default elementor-section-height-default\" data-id=\"83ea324\" data-element_type=\"section\" data-e-type=\"section\">\n\t\t\t\t\t\t<div class=\"elementor-container elementor-column-gap-default\">\n\t\t\t\t\t<div class=\"elementor-column elementor-col-100 elementor-top-column elementor-element elementor-element-43302cc\" data-id=\"43302cc\" data-element_type=\"column\" data-e-type=\"column\">\n\t\t\t<div class=\"elementor-widget-wrap elementor-element-populated\">\n\t\t\t\t\t\t<div class=\"elementor-element elementor-element-e2b428e elementor-widget elementor-widget-spacer\" data-id=\"e2b428e\" data-element_type=\"widget\" data-e-type=\"widget\" data-widget_type=\"spacer.default\">\n\t\t\t\t<div class=\"elementor-widget-container\">\n\t\t\t\t\t\t\t<div class=\"elementor-spacer\">\n\t\t\t<div class=\"elementor-spacer-inner\"><\/div>\n\t\t<\/div>\n\t\t\t\t\t\t<\/div>\n\t\t\t\t<\/div>\n\t\t\t\t\t<\/div>\n\t\t<\/div>\n\t\t\t\t\t<\/div>\n\t\t<\/section>\n\t\t\t\t<section class=\"elementor-section elementor-top-section elementor-element elementor-element-7d5c5fa elementor-section-boxed elementor-section-height-default elementor-section-height-default\" data-id=\"7d5c5fa\" data-element_type=\"section\" data-e-type=\"section\">\n\t\t\t\t\t\t<div class=\"elementor-container elementor-column-gap-default\">\n\t\t\t\t\t<div class=\"elementor-column elementor-col-100 elementor-top-column elementor-element elementor-element-251f90f\" data-id=\"251f90f\" data-element_type=\"column\" data-e-type=\"column\">\n\t\t\t<div class=\"elementor-widget-wrap elementor-element-populated\">\n\t\t\t\t\t\t<div class=\"elementor-element elementor-element-7219ed0 elementor-widget elementor-widget-button\" data-id=\"7219ed0\" data-element_type=\"widget\" data-e-type=\"widget\" data-widget_type=\"button.default\">\n\t\t\t\t<div class=\"elementor-widget-container\">\n\t\t\t\t\t\t\t\t\t<div class=\"elementor-button-wrapper\">\n\t\t\t\t\t<a class=\"elementor-button elementor-button-link elementor-size-sm\" href=\"https:\/\/ingenia-gmbh.gmbh\/es\/productos\/dobladoras\/\">\n\t\t\t\t\t\t<span class=\"elementor-button-content-wrapper\">\n\t\t\t\t\t\t<span class=\"elementor-button-icon\">\n\t\t\t\t\t\t\t\t\t<i class=\"fa fa-angle-left\" aria-hidden=\"true\"><\/i>\n\t\t\t\t\t\t\t<\/span>\n\t\t\t\t\t\t\t\t\t<span class=\"elementor-button-text\">atr\u00e1s<\/span>\n\t\t\t\t\t<\/span>\n\t\t\t\t\t<\/a>\n\t\t\t\t<\/div>\n\t\t\t\t\t\t\t\t<\/div>\n\t\t\t\t<\/div>\n\t\t\t\t\t<\/div>\n\t\t<\/div>\n\t\t\t\t\t<\/div>\n\t\t<\/section>\n\t\t\t\t<\/div>\n\t\t","protected":false},"excerpt":{"rendered":"<p>Dobladora BH La dobladora manual BH es la soluci\u00f3n perfecta como modelo b\u00e1sico o para su uso en aplicaciones m\u00f3viles. La m\u00e1quina consta de una mesa de calentamiento para calentar &#8230;<\/p>\n","protected":false},"author":1,"featured_media":0,"parent":3801,"menu_order":3,"comment_status":"closed","ping_status":"closed","template":"template-fullwidth.php","meta":{"footnotes":""},"class_list":["post-3825","page","type-page","status-publish","hentry"],"_links":{"self":[{"href":"https:\/\/ingenia-gmbh.gmbh\/es\/wp-json\/wp\/v2\/pages\/3825","targetHints":{"allow":["GET"]}}],"collection":[{"href":"https:\/\/ingenia-gmbh.gmbh\/es\/wp-json\/wp\/v2\/pages"}],"about":[{"href":"https:\/\/ingenia-gmbh.gmbh\/es\/wp-json\/wp\/v2\/types\/page"}],"author":[{"embeddable":true,"href":"https:\/\/ingenia-gmbh.gmbh\/es\/wp-json\/wp\/v2\/users\/1"}],"replies":[{"embeddable":true,"href":"https:\/\/ingenia-gmbh.gmbh\/es\/wp-json\/wp\/v2\/comments?post=3825"}],"version-history":[{"count":3,"href":"https:\/\/ingenia-gmbh.gmbh\/es\/wp-json\/wp\/v2\/pages\/3825\/revisions"}],"predecessor-version":[{"id":4956,"href":"https:\/\/ingenia-gmbh.gmbh\/es\/wp-json\/wp\/v2\/pages\/3825\/revisions\/4956"}],"up":[{"embeddable":true,"href":"https:\/\/ingenia-gmbh.gmbh\/es\/wp-json\/wp\/v2\/pages\/3801"}],"wp:attachment":[{"href":"https:\/\/ingenia-gmbh.gmbh\/es\/wp-json\/wp\/v2\/media?parent=3825"}],"curies":[{"name":"wp","href":"https:\/\/api.w.org\/{rel}","templated":true}]}}