{"id":3835,"date":"2019-07-28T13:49:12","date_gmt":"2019-07-28T12:49:12","guid":{"rendered":"https:\/\/ingenia-gmbh.gmbh\/productos\/maquinas-para-aplicaciones-especificas\/soldadura-de-perfiles-2\/"},"modified":"2019-08-31T13:14:55","modified_gmt":"2019-08-31T12:14:55","slug":"soldadura-de-perfiles","status":"publish","type":"page","link":"https:\/\/ingenia-gmbh.gmbh\/es\/productos\/maquinas-para-aplicaciones-especificas\/soldadura-de-perfiles\/","title":{"rendered":"Soldadura de perfiles"},"content":{"rendered":"\t\t<div data-elementor-type=\"wp-post\" data-elementor-id=\"3835\" class=\"elementor elementor-3835 elementor-3140\" data-elementor-post-type=\"page\">\n\t\t\t\t\t\t<section class=\"elementor-section elementor-top-section elementor-element elementor-element-dc3eb6f elementor-section-boxed elementor-section-height-default elementor-section-height-default\" data-id=\"dc3eb6f\" data-element_type=\"section\" data-e-type=\"section\">\n\t\t\t\t\t\t<div class=\"elementor-container elementor-column-gap-default\">\n\t\t\t\t\t<div class=\"elementor-column elementor-col-50 elementor-top-column elementor-element elementor-element-6f7e351\" data-id=\"6f7e351\" data-element_type=\"column\" data-e-type=\"column\">\n\t\t\t<div class=\"elementor-widget-wrap elementor-element-populated\">\n\t\t\t\t\t\t<div class=\"elementor-element elementor-element-7a7111a elementor-widget elementor-widget-text-editor\" data-id=\"7a7111a\" data-element_type=\"widget\" data-e-type=\"widget\" data-widget_type=\"text-editor.default\">\n\t\t\t\t<div class=\"elementor-widget-container\">\n\t\t\t\t\t\t\t\t\t<div class=\"ether-col\">\n<h3><span style=\"color: #706e6f;\">Soldadora de perfiles <span style=\"color: #e40613;\">1.0 X-PV<\/span><\/span><\/h3>\n<p>Las m\u00e1quinas de soldadura de pl\u00e1stico del modelo 1.0 X-PV de <strong><span style=\"color: #e40613;\">INGENIA<\/span> <\/strong>son m\u00e1quinas modulares para soldar perfiles de todo tipo, piezas moldeadas peque\u00f1as y paneles cortos. El ciclo de soldadura es completamente autom\u00e1tico y los principales par\u00e1metros de estampado se definen a trav\u00e9s de la pantalla. El control de las m\u00e1quinas se realiza por medio de un PLC integrado. Todos los controles est\u00e1n situados en el panel de control.<br \/>\nLa operaci\u00f3n de sujeci\u00f3n se activa con el conmutador de pedal. El ajuste de los tiempos se lleva a cabo a trav\u00e9s de la pantalla.<br \/>\nLa temperatura del elemento calefactor se introduce y se muestra en la pantalla.<\/p>\n<\/div>\n<div class=\"ether-col\"><\/div>\n\t\t\t\t\t\t\t\t<\/div>\n\t\t\t\t<\/div>\n\t\t\t\t\t<\/div>\n\t\t<\/div>\n\t\t\t\t<div class=\"elementor-column elementor-col-50 elementor-top-column elementor-element elementor-element-f899fdc\" data-id=\"f899fdc\" data-element_type=\"column\" data-e-type=\"column\">\n\t\t\t<div class=\"elementor-widget-wrap elementor-element-populated\">\n\t\t\t\t\t\t<div class=\"elementor-element elementor-element-45b69ea elementor-widget elementor-widget-image\" data-id=\"45b69ea\" data-element_type=\"widget\" data-e-type=\"widget\" data-widget_type=\"image.default\">\n\t\t\t\t<div class=\"elementor-widget-container\">\n\t\t\t\t\t\t\t\t\t\t\t\t\t\t\t<img fetchpriority=\"high\" decoding=\"async\" width=\"603\" height=\"989\" src=\"https:\/\/ingenia-gmbh.gmbh\/wp-content\/uploads\/2017\/02\/Profile-welder-X-PV.jpg\" class=\"attachment-large size-large wp-image-2248\" alt=\"\" srcset=\"https:\/\/ingenia-gmbh.gmbh\/wp-content\/uploads\/2017\/02\/Profile-welder-X-PV.jpg 603w, https:\/\/ingenia-gmbh.gmbh\/wp-content\/uploads\/2017\/02\/Profile-welder-X-PV-183x300.jpg 183w\" sizes=\"(max-width: 603px) 100vw, 603px\" \/>\t\t\t\t\t\t\t\t\t\t\t\t\t\t\t<\/div>\n\t\t\t\t<\/div>\n\t\t\t\t\t<\/div>\n\t\t<\/div>\n\t\t\t\t\t<\/div>\n\t\t<\/section>\n\t\t\t\t<section class=\"elementor-section elementor-top-section elementor-element elementor-element-fde3178 elementor-section-boxed elementor-section-height-default elementor-section-height-default\" data-id=\"fde3178\" data-element_type=\"section\" data-e-type=\"section\">\n\t\t\t\t\t\t<div class=\"elementor-container elementor-column-gap-default\">\n\t\t\t\t\t<div class=\"elementor-column elementor-col-100 elementor-top-column elementor-element elementor-element-bdd00c9\" data-id=\"bdd00c9\" data-element_type=\"column\" data-e-type=\"column\">\n\t\t\t<div class=\"elementor-widget-wrap elementor-element-populated\">\n\t\t\t\t\t\t<div class=\"elementor-element elementor-element-7a5da05 elementor-widget elementor-widget-spacer\" data-id=\"7a5da05\" data-element_type=\"widget\" data-e-type=\"widget\" data-widget_type=\"spacer.default\">\n\t\t\t\t<div class=\"elementor-widget-container\">\n\t\t\t\t\t\t\t<div class=\"elementor-spacer\">\n\t\t\t<div class=\"elementor-spacer-inner\"><\/div>\n\t\t<\/div>\n\t\t\t\t\t\t<\/div>\n\t\t\t\t<\/div>\n\t\t\t\t\t<\/div>\n\t\t<\/div>\n\t\t\t\t\t<\/div>\n\t\t<\/section>\n\t\t\t\t<section class=\"elementor-section elementor-top-section elementor-element elementor-element-d7806d7 elementor-section-boxed elementor-section-height-default elementor-section-height-default\" data-id=\"d7806d7\" data-element_type=\"section\" data-e-type=\"section\">\n\t\t\t\t\t\t<div class=\"elementor-container elementor-column-gap-default\">\n\t\t\t\t\t<div class=\"elementor-column elementor-col-100 elementor-top-column elementor-element elementor-element-0766fce\" data-id=\"0766fce\" data-element_type=\"column\" data-e-type=\"column\">\n\t\t\t<div class=\"elementor-widget-wrap elementor-element-populated\">\n\t\t\t\t\t\t<div class=\"elementor-element elementor-element-db9b7a5 elementor-widget elementor-widget-text-editor\" data-id=\"db9b7a5\" data-element_type=\"widget\" data-e-type=\"widget\" data-widget_type=\"text-editor.default\">\n\t\t\t\t<div class=\"elementor-widget-container\">\n\t\t\t\t\t\t\t\t\t<table>\n<tbody>\n<tr>\n<td width=\"232\"><strong>Modelo<\/strong><\/td>\n<td width=\"232\"><strong>Anchura del elemento calefactor <\/strong><\/td>\n<td width=\"232\"><strong>Altura de sujeci\u00f3n <\/strong><\/td>\n<\/tr>\n<tr>\n<td width=\"232\">1.0 X-PV<\/td>\n<td width=\"232\">280 mm<\/td>\n<td width=\"232\">120 mm<\/td>\n<\/tr>\n<\/tbody>\n<\/table>\n\t\t\t\t\t\t\t\t<\/div>\n\t\t\t\t<\/div>\n\t\t\t\t<div class=\"elementor-element elementor-element-84ced0d elementor-widget elementor-widget-spacer\" data-id=\"84ced0d\" data-element_type=\"widget\" data-e-type=\"widget\" data-widget_type=\"spacer.default\">\n\t\t\t\t<div class=\"elementor-widget-container\">\n\t\t\t\t\t\t\t<div class=\"elementor-spacer\">\n\t\t\t<div class=\"elementor-spacer-inner\"><\/div>\n\t\t<\/div>\n\t\t\t\t\t\t<\/div>\n\t\t\t\t<\/div>\n\t\t\t\t\t<\/div>\n\t\t<\/div>\n\t\t\t\t\t<\/div>\n\t\t<\/section>\n\t\t\t\t<section class=\"elementor-section elementor-top-section elementor-element elementor-element-61b59b6 elementor-section-boxed elementor-section-height-default elementor-section-height-default\" data-id=\"61b59b6\" data-element_type=\"section\" data-e-type=\"section\">\n\t\t\t\t\t\t<div class=\"elementor-container elementor-column-gap-default\">\n\t\t\t\t\t<div class=\"elementor-column elementor-col-100 elementor-top-column elementor-element elementor-element-a2a94d3\" data-id=\"a2a94d3\" data-element_type=\"column\" data-e-type=\"column\">\n\t\t\t<div class=\"elementor-widget-wrap elementor-element-populated\">\n\t\t\t\t\t\t<div class=\"elementor-element elementor-element-cc3c06d elementor-widget elementor-widget-text-editor\" data-id=\"cc3c06d\" data-element_type=\"widget\" data-e-type=\"widget\" data-widget_type=\"text-editor.default\">\n\t\t\t\t<div class=\"elementor-widget-container\">\n\t\t\t\t\t\t\t\t\t<h3><span style=\"color: #706e6f;\"><strong>Opciones adicionales <span style=\"color: #e40613;\">1.0 X-PV<\/span><\/strong><\/span><\/h3>\n<ul>\n<li>Elemento calefactor 420 mm de longitud (utilizable 380 mm)<\/li>\n<li>Aumento de la sujeci\u00f3n de 120 mm a 180 mm<\/li>\n<li>Cuchilla ajustable y endurecida 0,2 &#8211; 2 mm<\/li>\n<li>Calefacci\u00f3n regulable de la cuchilla arriba y abajo<\/li>\n<li>1 par de brazos salientes orientables<\/li>\n<li>Control de seguridad a dos manos<\/li>\n<li>Sujeci\u00f3n a la izquierda y derecha<\/li>\n<li>Pintura especial<\/li>\n<\/ul>\n\t\t\t\t\t\t\t\t<\/div>\n\t\t\t\t<\/div>\n\t\t\t\t\t<\/div>\n\t\t<\/div>\n\t\t\t\t\t<\/div>\n\t\t<\/section>\n\t\t\t\t<section class=\"elementor-section elementor-top-section elementor-element elementor-element-1c98d89 elementor-section-boxed elementor-section-height-default elementor-section-height-default\" data-id=\"1c98d89\" data-element_type=\"section\" data-e-type=\"section\">\n\t\t\t\t\t\t<div class=\"elementor-container elementor-column-gap-default\">\n\t\t\t\t\t<div class=\"elementor-column elementor-col-100 elementor-top-column elementor-element elementor-element-80971a7\" data-id=\"80971a7\" data-element_type=\"column\" data-e-type=\"column\">\n\t\t\t<div class=\"elementor-widget-wrap elementor-element-populated\">\n\t\t\t\t\t\t<div class=\"elementor-element elementor-element-17e9d46 elementor-widget elementor-widget-button\" data-id=\"17e9d46\" data-element_type=\"widget\" data-e-type=\"widget\" data-widget_type=\"button.default\">\n\t\t\t\t<div class=\"elementor-widget-container\">\n\t\t\t\t\t\t\t\t\t<div class=\"elementor-button-wrapper\">\n\t\t\t\t\t<a class=\"elementor-button elementor-button-link elementor-size-sm\" href=\"https:\/\/ingenia-gmbh.gmbh\/es\/productos\/maquinas-para-aplicaciones-especificas\/\">\n\t\t\t\t\t\t<span class=\"elementor-button-content-wrapper\">\n\t\t\t\t\t\t<span class=\"elementor-button-icon\">\n\t\t\t\t\t\t\t\t\t<i class=\"fa fa-angle-left\" aria-hidden=\"true\"><\/i>\n\t\t\t\t\t\t\t<\/span>\n\t\t\t\t\t\t\t\t\t<span class=\"elementor-button-text\">atr\u00e1s<\/span>\n\t\t\t\t\t<\/span>\n\t\t\t\t\t<\/a>\n\t\t\t\t<\/div>\n\t\t\t\t\t\t\t\t<\/div>\n\t\t\t\t<\/div>\n\t\t\t\t\t<\/div>\n\t\t<\/div>\n\t\t\t\t\t<\/div>\n\t\t<\/section>\n\t\t\t\t<\/div>\n\t\t","protected":false},"excerpt":{"rendered":"<p>Soldadora de perfiles 1.0 X-PV Las m\u00e1quinas de soldadura de pl\u00e1stico del modelo 1.0 X-PV de INGENIA son m\u00e1quinas modulares para soldar perfiles de todo tipo, piezas moldeadas peque\u00f1as y &#8230;<\/p>\n","protected":false},"author":1,"featured_media":0,"parent":3740,"menu_order":4,"comment_status":"closed","ping_status":"closed","template":"template-fullwidth.php","meta":{"footnotes":""},"class_list":["post-3835","page","type-page","status-publish","hentry"],"_links":{"self":[{"href":"https:\/\/ingenia-gmbh.gmbh\/es\/wp-json\/wp\/v2\/pages\/3835","targetHints":{"allow":["GET"]}}],"collection":[{"href":"https:\/\/ingenia-gmbh.gmbh\/es\/wp-json\/wp\/v2\/pages"}],"about":[{"href":"https:\/\/ingenia-gmbh.gmbh\/es\/wp-json\/wp\/v2\/types\/page"}],"author":[{"embeddable":true,"href":"https:\/\/ingenia-gmbh.gmbh\/es\/wp-json\/wp\/v2\/users\/1"}],"replies":[{"embeddable":true,"href":"https:\/\/ingenia-gmbh.gmbh\/es\/wp-json\/wp\/v2\/comments?post=3835"}],"version-history":[{"count":2,"href":"https:\/\/ingenia-gmbh.gmbh\/es\/wp-json\/wp\/v2\/pages\/3835\/revisions"}],"predecessor-version":[{"id":4627,"href":"https:\/\/ingenia-gmbh.gmbh\/es\/wp-json\/wp\/v2\/pages\/3835\/revisions\/4627"}],"up":[{"embeddable":true,"href":"https:\/\/ingenia-gmbh.gmbh\/es\/wp-json\/wp\/v2\/pages\/3740"}],"wp:attachment":[{"href":"https:\/\/ingenia-gmbh.gmbh\/es\/wp-json\/wp\/v2\/media?parent=3835"}],"curies":[{"name":"wp","href":"https:\/\/api.w.org\/{rel}","templated":true}]}}