{"id":3847,"date":"2019-07-30T16:31:53","date_gmt":"2019-07-30T15:31:53","guid":{"rendered":"https:\/\/ingenia-gmbh.gmbh\/productos\/dobladoras\/placas-de-calefaccion-de-sobremesa-2-xx-ht-2\/"},"modified":"2019-11-01T16:41:36","modified_gmt":"2019-11-01T15:41:36","slug":"placas-de-calefaccion-de-sobremesa-2-xx-ht","status":"publish","type":"page","link":"https:\/\/ingenia-gmbh.gmbh\/es\/productos\/dobladoras\/placas-de-calefaccion-de-sobremesa-2-xx-ht\/","title":{"rendered":"Placas de calefacci\u00f3n de sobremesa 2.XX HT"},"content":{"rendered":"\t\t<div data-elementor-type=\"wp-post\" data-elementor-id=\"3847\" class=\"elementor elementor-3847 elementor-3069\" data-elementor-post-type=\"page\">\n\t\t\t\t\t\t<section class=\"elementor-section elementor-top-section elementor-element elementor-element-8acf337 elementor-section-boxed elementor-section-height-default elementor-section-height-default\" data-id=\"8acf337\" data-element_type=\"section\" data-e-type=\"section\">\n\t\t\t\t\t\t<div class=\"elementor-container elementor-column-gap-default\">\n\t\t\t\t\t<div class=\"elementor-column elementor-col-50 elementor-top-column elementor-element elementor-element-3311167\" data-id=\"3311167\" data-element_type=\"column\" data-e-type=\"column\">\n\t\t\t<div class=\"elementor-widget-wrap elementor-element-populated\">\n\t\t\t\t\t\t<div class=\"elementor-element elementor-element-14c926b elementor-widget elementor-widget-text-editor\" data-id=\"14c926b\" data-element_type=\"widget\" data-e-type=\"widget\" data-widget_type=\"text-editor.default\">\n\t\t\t\t<div class=\"elementor-widget-container\">\n\t\t\t\t\t\t\t\t\t<h3><span style=\"color: #706e6f;\">Placas de calefacci\u00f3n de sobremesa <span style=\"color: #e40613;\">2.XX HT<\/span><\/span><\/h3>\n<p>La placa de calefacci\u00f3n de sobremesa 2.xx HT se utiliza para el calentamiento doble y sin contacto de paneles de pl\u00e1stico amorfo y semicristalino (p. ej., PVC-U, PMMA). Calefacci\u00f3n de una hilera (230 V) superior e inferior con control digital de temperatura y superficie de apoyo de madera. Opcionalmente disponible con un tope-gu\u00eda paralelo, temporizador con se\u00f1al ac\u00fastica, placas de doblado revestidas de tefl\u00f3n.<\/p>\n<p>Disponible en las siguientes anchuras de trabajo de 0,5 m, 1 m, 1,5 m, 2 m y 3 m.<\/p>\n<p>&nbsp;<\/p>\n\t\t\t\t\t\t\t\t<\/div>\n\t\t\t\t<\/div>\n\t\t\t\t\t<\/div>\n\t\t<\/div>\n\t\t\t\t<div class=\"elementor-column elementor-col-50 elementor-top-column elementor-element elementor-element-054e10a\" data-id=\"054e10a\" data-element_type=\"column\" data-e-type=\"column\">\n\t\t\t<div class=\"elementor-widget-wrap elementor-element-populated\">\n\t\t\t\t\t\t<div class=\"elementor-element elementor-element-7d4342d elementor-widget elementor-widget-image\" data-id=\"7d4342d\" data-element_type=\"widget\" data-e-type=\"widget\" data-widget_type=\"image.default\">\n\t\t\t\t<div class=\"elementor-widget-container\">\n\t\t\t\t\t\t\t\t\t\t\t\t\t\t\t<img fetchpriority=\"high\" decoding=\"async\" width=\"800\" height=\"430\" src=\"https:\/\/ingenia-gmbh.gmbh\/wp-content\/uploads\/2017\/05\/ING_Heizleiste_2_20HT_neu2-1024x550.jpg\" class=\"attachment-large size-large wp-image-2463\" alt=\"\" srcset=\"https:\/\/ingenia-gmbh.gmbh\/wp-content\/uploads\/2017\/05\/ING_Heizleiste_2_20HT_neu2-1024x550.jpg 1024w, https:\/\/ingenia-gmbh.gmbh\/wp-content\/uploads\/2017\/05\/ING_Heizleiste_2_20HT_neu2-300x161.jpg 300w, https:\/\/ingenia-gmbh.gmbh\/wp-content\/uploads\/2017\/05\/ING_Heizleiste_2_20HT_neu2-768x413.jpg 768w, https:\/\/ingenia-gmbh.gmbh\/wp-content\/uploads\/2017\/05\/ING_Heizleiste_2_20HT_neu2.jpg 1773w\" sizes=\"(max-width: 800px) 100vw, 800px\" \/>\t\t\t\t\t\t\t\t\t\t\t\t\t\t\t<\/div>\n\t\t\t\t<\/div>\n\t\t\t\t\t<\/div>\n\t\t<\/div>\n\t\t\t\t\t<\/div>\n\t\t<\/section>\n\t\t\t\t<section class=\"elementor-section elementor-top-section elementor-element elementor-element-e78b976 elementor-section-boxed elementor-section-height-default elementor-section-height-default\" data-id=\"e78b976\" data-element_type=\"section\" data-e-type=\"section\">\n\t\t\t\t\t\t<div class=\"elementor-container elementor-column-gap-default\">\n\t\t\t\t\t<div class=\"elementor-column elementor-col-100 elementor-top-column elementor-element elementor-element-85a9dee\" data-id=\"85a9dee\" data-element_type=\"column\" data-e-type=\"column\">\n\t\t\t<div class=\"elementor-widget-wrap elementor-element-populated\">\n\t\t\t\t\t\t<div class=\"elementor-element elementor-element-defd04b elementor-widget elementor-widget-button\" data-id=\"defd04b\" data-element_type=\"widget\" data-e-type=\"widget\" data-widget_type=\"button.default\">\n\t\t\t\t<div class=\"elementor-widget-container\">\n\t\t\t\t\t\t\t\t\t<div class=\"elementor-button-wrapper\">\n\t\t\t\t\t<a class=\"elementor-button elementor-button-link elementor-size-sm\" href=\"https:\/\/ingenia-gmbh.gmbh\/es\/productos\/dobladoras\/\">\n\t\t\t\t\t\t<span class=\"elementor-button-content-wrapper\">\n\t\t\t\t\t\t<span class=\"elementor-button-icon\">\n\t\t\t\t\t\t\t\t\t<i class=\"fa fa-angle-left\" aria-hidden=\"true\"><\/i>\n\t\t\t\t\t\t\t<\/span>\n\t\t\t\t\t\t\t\t\t<span class=\"elementor-button-text\">atr\u00e1s<\/span>\n\t\t\t\t\t<\/span>\n\t\t\t\t\t<\/a>\n\t\t\t\t<\/div>\n\t\t\t\t\t\t\t\t<\/div>\n\t\t\t\t<\/div>\n\t\t\t\t\t<\/div>\n\t\t<\/div>\n\t\t\t\t\t<\/div>\n\t\t<\/section>\n\t\t\t\t<\/div>\n\t\t","protected":false},"excerpt":{"rendered":"<p>Placas de calefacci\u00f3n de sobremesa 2.XX HT La placa de calefacci\u00f3n de sobremesa 2.xx HT se utiliza para el calentamiento doble y sin contacto de paneles de pl\u00e1stico amorfo y &#8230;<\/p>\n","protected":false},"author":1,"featured_media":0,"parent":3801,"menu_order":5,"comment_status":"closed","ping_status":"closed","template":"template-fullwidth.php","meta":{"footnotes":""},"class_list":["post-3847","page","type-page","status-publish","hentry"],"_links":{"self":[{"href":"https:\/\/ingenia-gmbh.gmbh\/es\/wp-json\/wp\/v2\/pages\/3847","targetHints":{"allow":["GET"]}}],"collection":[{"href":"https:\/\/ingenia-gmbh.gmbh\/es\/wp-json\/wp\/v2\/pages"}],"about":[{"href":"https:\/\/ingenia-gmbh.gmbh\/es\/wp-json\/wp\/v2\/types\/page"}],"author":[{"embeddable":true,"href":"https:\/\/ingenia-gmbh.gmbh\/es\/wp-json\/wp\/v2\/users\/1"}],"replies":[{"embeddable":true,"href":"https:\/\/ingenia-gmbh.gmbh\/es\/wp-json\/wp\/v2\/comments?post=3847"}],"version-history":[{"count":3,"href":"https:\/\/ingenia-gmbh.gmbh\/es\/wp-json\/wp\/v2\/pages\/3847\/revisions"}],"predecessor-version":[{"id":4947,"href":"https:\/\/ingenia-gmbh.gmbh\/es\/wp-json\/wp\/v2\/pages\/3847\/revisions\/4947"}],"up":[{"embeddable":true,"href":"https:\/\/ingenia-gmbh.gmbh\/es\/wp-json\/wp\/v2\/pages\/3801"}],"wp:attachment":[{"href":"https:\/\/ingenia-gmbh.gmbh\/es\/wp-json\/wp\/v2\/media?parent=3847"}],"curies":[{"name":"wp","href":"https:\/\/api.w.org\/{rel}","templated":true}]}}