{"id":3849,"date":"2019-07-30T16:32:51","date_gmt":"2019-07-30T15:32:51","guid":{"rendered":"https:\/\/ingenia-gmbh.gmbh\/productos\/comprobador-de-angulo-de-flexion-2\/"},"modified":"2019-11-01T17:06:52","modified_gmt":"2019-11-01T16:06:52","slug":"comprobador-de-angulo-de-flexion","status":"publish","type":"page","link":"https:\/\/ingenia-gmbh.gmbh\/es\/productos\/comprobador-de-angulo-de-flexion\/","title":{"rendered":"Comprobador de \u00e1ngulo de flexi\u00f3n"},"content":{"rendered":"\t\t<div data-elementor-type=\"wp-post\" data-elementor-id=\"3849\" class=\"elementor elementor-3849 elementor-2838\" data-elementor-post-type=\"page\">\n\t\t\t\t\t\t<section class=\"elementor-section elementor-top-section elementor-element elementor-element-bd8b6b1 elementor-section-boxed elementor-section-height-default elementor-section-height-default\" data-id=\"bd8b6b1\" data-element_type=\"section\" data-e-type=\"section\">\n\t\t\t\t\t\t<div class=\"elementor-container elementor-column-gap-default\">\n\t\t\t\t\t<div class=\"elementor-column elementor-col-50 elementor-top-column elementor-element elementor-element-60d51fe\" data-id=\"60d51fe\" data-element_type=\"column\" data-e-type=\"column\">\n\t\t\t<div class=\"elementor-widget-wrap elementor-element-populated\">\n\t\t\t\t\t\t<div class=\"elementor-element elementor-element-2be9d55 elementor-widget elementor-widget-text-editor\" data-id=\"2be9d55\" data-element_type=\"widget\" data-e-type=\"widget\" data-widget_type=\"text-editor.default\">\n\t\t\t\t<div class=\"elementor-widget-container\">\n\t\t\t\t\t\t\t\t\t<h3><span style=\"color: #706e6f;\">Comprobador de \u00e1ngulo de flexi\u00f3n <span style=\"color: #e40613;\">01.30 BP<\/span><\/span><\/h3>\n<p>El control de calidad es una parte esencial de la producci\u00f3n de hoy d\u00eda. Para comprobar la calidad de la soldadura de un termopl\u00e1stico, deber\u00eda efectuarse un ensayo del \u00e1ngulo de flexi\u00f3n, tal y como recomienda la DVS e.V. y prescribe la norma EN. Para este fin, se ha desarrollado el comprobador de \u00e1ngulo de flexi\u00f3n 01.30 BP.<\/p>\n<p>El comprobador de \u00e1ngulo de flexi\u00f3n 01.30 BP se ha dise\u00f1ado estrictamente de acuerdo con los requisitos de la DVS.<\/p>\n<p>El dispositivo permite examinar las siguientes muestras de prueba soldadas:<br \/>\nHDPE &#8211; grosor: 3 &#8211; 30 mm<br \/>\nPP-H &#8211; grosor: 3 &#8211; 25 mm<br \/>\nPVDF &#8211; grosor: 3 &#8211; 25 mm<br \/>\nPVC-U &#8211; grosor: 3 &#8211; 15 mm<\/p>\n<p>El 01.30 BP permite determinar la calidad de la soldadura por medio de una medici\u00f3n de recorrido y\/o el \u00e1ngulo de flexi\u00f3n.<\/p>\n\t\t\t\t\t\t\t\t<\/div>\n\t\t\t\t<\/div>\n\t\t\t\t\t<\/div>\n\t\t<\/div>\n\t\t\t\t<div class=\"elementor-column elementor-col-50 elementor-top-column elementor-element elementor-element-2abb7ec\" data-id=\"2abb7ec\" data-element_type=\"column\" data-e-type=\"column\">\n\t\t\t<div class=\"elementor-widget-wrap elementor-element-populated\">\n\t\t\t\t\t\t<div class=\"elementor-element elementor-element-3147ec4 elementor-widget elementor-widget-image\" data-id=\"3147ec4\" data-element_type=\"widget\" data-e-type=\"widget\" data-widget_type=\"image.default\">\n\t\t\t\t<div class=\"elementor-widget-container\">\n\t\t\t\t\t\t\t\t\t\t\t\t\t\t\t<img fetchpriority=\"high\" decoding=\"async\" width=\"800\" height=\"955\" src=\"https:\/\/ingenia-gmbh.gmbh\/wp-content\/uploads\/2019\/05\/ING_BP_TOTAL-858x1024.jpg\" class=\"attachment-large size-large wp-image-2845\" alt=\"\" srcset=\"https:\/\/ingenia-gmbh.gmbh\/wp-content\/uploads\/2019\/05\/ING_BP_TOTAL-858x1024.jpg 858w, https:\/\/ingenia-gmbh.gmbh\/wp-content\/uploads\/2019\/05\/ING_BP_TOTAL-251x300.jpg 251w, https:\/\/ingenia-gmbh.gmbh\/wp-content\/uploads\/2019\/05\/ING_BP_TOTAL-768x917.jpg 768w, https:\/\/ingenia-gmbh.gmbh\/wp-content\/uploads\/2019\/05\/ING_BP_TOTAL.jpg 945w\" sizes=\"(max-width: 800px) 100vw, 800px\" \/>\t\t\t\t\t\t\t\t\t\t\t\t\t\t\t<\/div>\n\t\t\t\t<\/div>\n\t\t\t\t\t<\/div>\n\t\t<\/div>\n\t\t\t\t\t<\/div>\n\t\t<\/section>\n\t\t\t\t<section class=\"elementor-section elementor-top-section elementor-element elementor-element-c2cbe85 elementor-section-boxed elementor-section-height-default elementor-section-height-default\" data-id=\"c2cbe85\" data-element_type=\"section\" data-e-type=\"section\">\n\t\t\t\t\t\t<div class=\"elementor-container elementor-column-gap-default\">\n\t\t\t\t\t<div class=\"elementor-column elementor-col-100 elementor-top-column elementor-element elementor-element-977927d\" data-id=\"977927d\" data-element_type=\"column\" data-e-type=\"column\">\n\t\t\t<div class=\"elementor-widget-wrap elementor-element-populated\">\n\t\t\t\t\t\t<div class=\"elementor-element elementor-element-7c497b8 elementor-widget elementor-widget-button\" data-id=\"7c497b8\" data-element_type=\"widget\" data-e-type=\"widget\" data-widget_type=\"button.default\">\n\t\t\t\t<div class=\"elementor-widget-container\">\n\t\t\t\t\t\t\t\t\t<div class=\"elementor-button-wrapper\">\n\t\t\t\t\t<a class=\"elementor-button elementor-button-link elementor-size-sm\" href=\"https:\/\/ingenia-gmbh.gmbh\/es\/productos\/\">\n\t\t\t\t\t\t<span class=\"elementor-button-content-wrapper\">\n\t\t\t\t\t\t<span class=\"elementor-button-icon\">\n\t\t\t\t\t\t\t\t\t<i class=\"fa fa-angle-left\" aria-hidden=\"true\"><\/i>\n\t\t\t\t\t\t\t<\/span>\n\t\t\t\t\t\t\t\t\t<span class=\"elementor-button-text\">atr\u00e1s<\/span>\n\t\t\t\t\t<\/span>\n\t\t\t\t\t<\/a>\n\t\t\t\t<\/div>\n\t\t\t\t\t\t\t\t<\/div>\n\t\t\t\t<\/div>\n\t\t\t\t\t<\/div>\n\t\t<\/div>\n\t\t\t\t\t<\/div>\n\t\t<\/section>\n\t\t\t\t<\/div>\n\t\t","protected":false},"excerpt":{"rendered":"<p>Comprobador de \u00e1ngulo de flexi\u00f3n 01.30 BP El control de calidad es una parte esencial de la producci\u00f3n de hoy d\u00eda. Para comprobar la calidad de la soldadura de un &#8230;<\/p>\n","protected":false},"author":1,"featured_media":0,"parent":3758,"menu_order":6,"comment_status":"closed","ping_status":"closed","template":"template-fullwidth.php","meta":{"footnotes":""},"class_list":["post-3849","page","type-page","status-publish","hentry"],"_links":{"self":[{"href":"https:\/\/ingenia-gmbh.gmbh\/es\/wp-json\/wp\/v2\/pages\/3849","targetHints":{"allow":["GET"]}}],"collection":[{"href":"https:\/\/ingenia-gmbh.gmbh\/es\/wp-json\/wp\/v2\/pages"}],"about":[{"href":"https:\/\/ingenia-gmbh.gmbh\/es\/wp-json\/wp\/v2\/types\/page"}],"author":[{"embeddable":true,"href":"https:\/\/ingenia-gmbh.gmbh\/es\/wp-json\/wp\/v2\/users\/1"}],"replies":[{"embeddable":true,"href":"https:\/\/ingenia-gmbh.gmbh\/es\/wp-json\/wp\/v2\/comments?post=3849"}],"version-history":[{"count":3,"href":"https:\/\/ingenia-gmbh.gmbh\/es\/wp-json\/wp\/v2\/pages\/3849\/revisions"}],"predecessor-version":[{"id":5001,"href":"https:\/\/ingenia-gmbh.gmbh\/es\/wp-json\/wp\/v2\/pages\/3849\/revisions\/5001"}],"up":[{"embeddable":true,"href":"https:\/\/ingenia-gmbh.gmbh\/es\/wp-json\/wp\/v2\/pages\/3758"}],"wp:attachment":[{"href":"https:\/\/ingenia-gmbh.gmbh\/es\/wp-json\/wp\/v2\/media?parent=3849"}],"curies":[{"name":"wp","href":"https:\/\/api.w.org\/{rel}","templated":true}]}}