{"id":2573,"date":"2018-09-04T19:38:18","date_gmt":"2018-09-04T18:38:18","guid":{"rendered":"https:\/\/ingenia-gmbh.gmbh\/?page_id=2573"},"modified":"2018-09-04T19:38:18","modified_gmt":"2018-09-04T18:38:18","slug":"mentions-legales","status":"publish","type":"page","link":"https:\/\/ingenia-gmbh.gmbh\/fr\/mentions-legales\/","title":{"rendered":"MENTIONS LEGALES"},"content":{"rendered":"<p>Informations conformes \u00e0 \u00a7\u00a05 de la TMG (loi allemande sur les t\u00e9l\u00e9m\u00e9dias)\u00a0:<\/p>\n<p>Forme juridique\u00a0: Soci\u00e9t\u00e9 \u00e0 responsabilit\u00e9 limit\u00e9e (GmbH)<\/p>\n<p style=\"padding-left: 30px;\"><span style=\"color: #e40613;\"><strong>Ingenia GmbH<\/strong><\/span><br \/>\nHauptstra\u00dfe 72<br \/>\n56858 Altlay<br \/>\nDeutschland<\/p>\n<p><strong>Repr\u00e9sent\u00e9e par\u00a0:<\/strong><br \/>\nAssoci\u00e9-g\u00e9rant : Otmar Weirich<\/p>\n<p><strong>Contact\u00a0:<\/strong><\/p>\n<p>T\u00e9l\u00e9phone\u00a0: +49 \u2013 6543-50 49 0<br \/>\nFax\u00a0: +49 \u2013 6543-50 49 29<\/p>\n<p>E-mail\u00a0: <strong><a href=\"&#x6d;&#x61;&#x69;&#x6c;&#116;&#111;&#58;in&#x66;&#x6f;&#x40;&#x69;&#x6e;&#103;&#101;&#110;ia&#x2d;&#x67;&#x6d;&#x62;&#x68;&#46;&#100;&#101;\">&#105;n&#x66;o&#x40;i&#x6e;g&#x65;n&#x69;a&#x2d;&#103;&#x6d;&#98;&#x68;&#46;&#x64;&#101;<br \/>\n<\/a><\/strong><br \/>\n<strong>Inscription au registre\u00a0:<\/strong><br \/>\nRegistre du commerce<br \/>\nAmtsgericht Koblenz<br \/>\nHRB 7291<\/p>\n<p><strong>Num\u00e9ro d\u2019identification TVA\u00a0:<\/strong><br \/>\nNum\u00e9ro d\u2019identification \u00e0 la TVA selon \u00a727 a de la loi allemande sur la TVA\u00a0: DE 812 869 53<\/p>\n<p><strong><a href=\"https:\/\/ingenia-gmbh.gmbh\/wp-content\/uploads\/2018\/08\/General-Terms-and-Conditions.pdf\">General Terms and Conditions<\/a><\/strong><\/p>\n<p><strong>Clause de non-responsabilit\u00e9 (Disclaimer)<\/strong><\/p>\n<p><strong>Responsabilit\u00e9 concernant le contenu<\/strong><\/p>\n<p>En tant que fournisseur de services, nous sommes responsables de notre propre contenu sur ces pages conform\u00e9ment aux lois g\u00e9n\u00e9rales en vertu de \u00a7 7 al.1 de la TMG (loi allemande sur les t\u00e9l\u00e9m\u00e9dias). En vertu des \u00a7\u00a7\u00a08 \u00e0 10 de la TMG, nous ne sommes toutefois pas tenus, en qualit\u00e9 de fournisseur de services, de surveiller les informations de tiers transmises ou enregistr\u00e9es ou de rechercher les indices d\u2019une activit\u00e9 illicite. L\u2019obligation d\u2019effacer ou de bloquer l\u2019utilisation d\u2019informations d\u2019apr\u00e8s la loi g\u00e9n\u00e9rale n\u2019en est pas affect\u00e9e. Notre responsabilit\u00e9 \u00e0 cet \u00e9gard ne peut toutefois \u00eatre engag\u00e9e qu\u2019\u00e0 partir du moment de la connaissance d\u2019une infraction concr\u00e8te \u00e0 la loi. Si nous prenons connaissance de telles infractions, nous \u00e9liminerons imm\u00e9diatement les contenus en question.<\/p>\n<p><strong>Responsabilit\u00e9 concernant les liens<\/strong><\/p>\n<p>Notre offre contient des liens vers des sites Web externes de tiers sur lesquels nous n\u2019avons aucune influence du point de vue du contenu. Par cons\u00e9quent, nous ne pouvons fournir aucune garantie quant \u00e0 ces contenus externes. La responsabilit\u00e9 pour les contenus des sites mis en lien incombe exclusivement aux fournisseurs ou aux exploitants de ces sites. Un contr\u00f4le a \u00e9t\u00e9 effectu\u00e9 au moment de la cr\u00e9ation du lien pour s\u2019assurer qu\u2019il n\u2019y avait pas de contenu illicite. Aucun contenu illicite n\u2019a \u00e9t\u00e9 d\u00e9tect\u00e9 au moment de la cr\u00e9ation du lien. Il ne peut toutefois \u00eatre attendu que nous effectuions un contr\u00f4le permanent des pages mises en lien sans indication concr\u00e8te d\u2019une infraction \u00e0 la loi. Si nous prenons connaissance d\u2019infractions, nous \u00e9liminerons imm\u00e9diatement les liens en question.<\/p>\n<p><strong>Droits d\u2019auteur<\/strong><\/p>\n<p>Les contenus et \u0153uvres cr\u00e9\u00e9s par les exploitants sur ces pages sont soumis \u00e0 la loi allemande sur les droits d\u2019auteur. La reproduction, le traitement, la distribution et toute autre forme d\u2019utilisation n\u2019entrant pas dans les limites du droit d\u2019auteur requi\u00e8rent l\u2019autorisation \u00e9crite de l\u2019auteur ou du cr\u00e9ateur respectif. Le t\u00e9l\u00e9chargement et la copie des pages de ce site ne sont autoris\u00e9s que pour un usage priv\u00e9 et non commercial. Si les contenus de cette page n\u2019ont pas \u00e9t\u00e9 cr\u00e9\u00e9s par l\u2019exploitant, les droits d\u2019auteur des tiers sont respect\u00e9s. Les contenus de tiers en particulier seront signal\u00e9s en tant que tels. Si vous deviez toutefois constater une infraction au droit d\u2019auteur, nous vous prions de nous en faire part. Si nous prenons connaissance d\u2019infractions, nous \u00e9liminerons imm\u00e9diatement les contenus en question.<br \/>\nPolitique de confidentialit\u00e9\u00a0:<\/p>\n<p><strong>Protection des donn\u00e9es<\/strong><\/p>\n<p>L\u2019utilisation de notre site Web est g\u00e9n\u00e9ralement possible sans fournir de donn\u00e9es personnelles. Dans la mesure o\u00f9 des donn\u00e9es personnelles (telles que nom, adresse postale ou adresse \u00e9lectronique) sont recueillies sur nos pages, cela se fait toujours, autant que possible, sur une base volontaire. Ces donn\u00e9es ne seront pas transmises \u00e0 des tiers sans votre consentement expr\u00e8s.<\/p>\n<p>Nous attirons votre attention sur le fait que la transmission de donn\u00e9es sur Internet (par ex. en cas de communication par e-mail) peut pr\u00e9senter des failles de s\u00e9curit\u00e9. Il est impossible de garantir une protection infaillible des donn\u00e9es contre l\u2019acc\u00e8s par des tiers.<\/p>\n<p>L\u2019utilisation par des tiers des coordonn\u00e9es publi\u00e9es dans le cadre des mentions l\u00e9gales en vue de l\u2019envoi non sollicit\u00e9 de publicit\u00e9s et de documents informatifs est strictement interdite. Les exploitants des pages se r\u00e9servent express\u00e9ment le droit d\u2019engager une action judiciaire en cas d\u2019envoi non sollicit\u00e9 d\u2019informations publicitaires, tels les spams.<br \/>\nInformation, suppression, blocage<\/p>\n<p>Vous avez \u00e0 tout moment le droit d\u2019obtenir gratuitement des informations concernant les donn\u00e9es enregistr\u00e9es vous concernant personnellement, leur origine, leur destination, ainsi que la raison de leur traitement, et vous b\u00e9n\u00e9ficiez d\u2019un droit de rectification, de blocage ou de suppression de ces donn\u00e9es. \u00c0 ce sujet ou pour toute autre question relative aux donn\u00e9es personnelles, vous pouvez nous contacter \u00e0 tout moment \u00e0 l\u2019adresse de l\u2019exploitant du site Web indiqu\u00e9e dans les mentions l\u00e9gales.<\/p>\n<p>&nbsp;<\/p>\n<p>&nbsp;<\/p>\n","protected":false},"excerpt":{"rendered":"<p>Informations conformes \u00e0 \u00a7\u00a05 de la TMG (loi allemande sur les t\u00e9l\u00e9m\u00e9dias)\u00a0: Forme juridique\u00a0: Soci\u00e9t\u00e9 \u00e0 responsabilit\u00e9 limit\u00e9e (GmbH) Ingenia GmbH Hauptstra\u00dfe 72 56858 Altlay Deutschland Repr\u00e9sent\u00e9e par\u00a0: Associ\u00e9-g\u00e9rant : &#8230;<\/p>\n","protected":false},"author":1,"featured_media":0,"parent":0,"menu_order":0,"comment_status":"closed","ping_status":"closed","template":"template-fullwidth.php","meta":{"footnotes":""},"class_list":["post-2573","page","type-page","status-publish","hentry"],"_links":{"self":[{"href":"https:\/\/ingenia-gmbh.gmbh\/fr\/wp-json\/wp\/v2\/pages\/2573","targetHints":{"allow":["GET"]}}],"collection":[{"href":"https:\/\/ingenia-gmbh.gmbh\/fr\/wp-json\/wp\/v2\/pages"}],"about":[{"href":"https:\/\/ingenia-gmbh.gmbh\/fr\/wp-json\/wp\/v2\/types\/page"}],"author":[{"embeddable":true,"href":"https:\/\/ingenia-gmbh.gmbh\/fr\/wp-json\/wp\/v2\/users\/1"}],"replies":[{"embeddable":true,"href":"https:\/\/ingenia-gmbh.gmbh\/fr\/wp-json\/wp\/v2\/comments?post=2573"}],"version-history":[{"count":4,"href":"https:\/\/ingenia-gmbh.gmbh\/fr\/wp-json\/wp\/v2\/pages\/2573\/revisions"}],"predecessor-version":[{"id":2577,"href":"https:\/\/ingenia-gmbh.gmbh\/fr\/wp-json\/wp\/v2\/pages\/2573\/revisions\/2577"}],"wp:attachment":[{"href":"https:\/\/ingenia-gmbh.gmbh\/fr\/wp-json\/wp\/v2\/media?parent=2573"}],"curies":[{"name":"wp","href":"https:\/\/api.w.org\/{rel}","templated":true}]}}