{"id":3396,"date":"2019-07-06T10:21:04","date_gmt":"2019-07-06T09:21:04","guid":{"rendered":"https:\/\/ingenia-gmbh.gmbh\/produits-2\/"},"modified":"2020-05-18T15:50:21","modified_gmt":"2020-05-18T14:50:21","slug":"produits","status":"publish","type":"page","link":"https:\/\/ingenia-gmbh.gmbh\/fr\/produits\/","title":{"rendered":"Produits"},"content":{"rendered":"\t\t<div data-elementor-type=\"wp-post\" data-elementor-id=\"3396\" class=\"elementor elementor-3396 elementor-2868\" data-elementor-post-type=\"page\">\n\t\t\t\t\t\t<section class=\"elementor-section elementor-top-section elementor-element elementor-element-d80a6ae elementor-section-boxed elementor-section-height-default elementor-section-height-default\" data-id=\"d80a6ae\" data-element_type=\"section\" data-e-type=\"section\">\n\t\t\t\t\t\t<div class=\"elementor-container elementor-column-gap-wider\">\n\t\t\t\t\t<div class=\"elementor-column elementor-col-33 elementor-top-column elementor-element elementor-element-393d487\" data-id=\"393d487\" data-element_type=\"column\" data-e-type=\"column\">\n\t\t\t<div class=\"elementor-widget-wrap elementor-element-populated\">\n\t\t\t\t\t\t<div class=\"elementor-element elementor-element-1f12266 elementor-widget elementor-widget-image\" data-id=\"1f12266\" data-element_type=\"widget\" data-e-type=\"widget\" data-widget_type=\"image.default\">\n\t\t\t\t<div class=\"elementor-widget-container\">\n\t\t\t\t\t\t\t\t\t\t\t\t<figure class=\"wp-caption\">\n\t\t\t\t\t\t\t\t\t\t\t<a href=\"https:\/\/ingenia-gmbh.gmbh\/fr\/produits\/machines-de-soudage\/\">\n\t\t\t\t\t\t\t<img fetchpriority=\"high\" decoding=\"async\" width=\"800\" height=\"600\" src=\"https:\/\/ingenia-gmbh.gmbh\/wp-content\/uploads\/2020\/05\/Austausch-Bild-Schweissmaschinen-1024x768.jpg\" class=\"attachment-large size-large wp-image-5429\" alt=\"\" srcset=\"https:\/\/ingenia-gmbh.gmbh\/wp-content\/uploads\/2020\/05\/Austausch-Bild-Schweissmaschinen-1024x768.jpg 1024w, https:\/\/ingenia-gmbh.gmbh\/wp-content\/uploads\/2020\/05\/Austausch-Bild-Schweissmaschinen-300x225.jpg 300w, https:\/\/ingenia-gmbh.gmbh\/wp-content\/uploads\/2020\/05\/Austausch-Bild-Schweissmaschinen-768x576.jpg 768w, https:\/\/ingenia-gmbh.gmbh\/wp-content\/uploads\/2020\/05\/Austausch-Bild-Schweissmaschinen-1536x1152.jpg 1536w, https:\/\/ingenia-gmbh.gmbh\/wp-content\/uploads\/2020\/05\/Austausch-Bild-Schweissmaschinen-2048x1536.jpg 2048w\" sizes=\"(max-width: 800px) 100vw, 800px\" \/>\t\t\t\t\t\t\t\t<\/a>\n\t\t\t\t\t\t\t\t\t\t\t<figcaption class=\"widget-image-caption wp-caption-text\">Machines de soudage<\/figcaption>\n\t\t\t\t\t\t\t\t\t\t<\/figure>\n\t\t\t\t\t\t\t\t\t<\/div>\n\t\t\t\t<\/div>\n\t\t\t\t\t<\/div>\n\t\t<\/div>\n\t\t\t\t<div class=\"elementor-column elementor-col-33 elementor-top-column elementor-element elementor-element-f9994f3\" data-id=\"f9994f3\" data-element_type=\"column\" data-e-type=\"column\">\n\t\t\t<div class=\"elementor-widget-wrap elementor-element-populated\">\n\t\t\t\t\t\t<div class=\"elementor-element elementor-element-cfeb566 elementor-widget elementor-widget-image\" data-id=\"cfeb566\" data-element_type=\"widget\" data-e-type=\"widget\" data-widget_type=\"image.default\">\n\t\t\t\t<div class=\"elementor-widget-container\">\n\t\t\t\t\t\t\t\t\t\t\t\t<figure class=\"wp-caption\">\n\t\t\t\t\t\t\t\t\t\t\t<a href=\"https:\/\/ingenia-gmbh.gmbh\/fr\/produits\/machines-de-cintrage\/\">\n\t\t\t\t\t\t\t<img decoding=\"async\" width=\"800\" height=\"523\" src=\"https:\/\/ingenia-gmbh.gmbh\/wp-content\/uploads\/2017\/02\/30.15-A-BW2-2-1024x670.jpg\" class=\"attachment-large size-large wp-image-2230\" alt=\"\" srcset=\"https:\/\/ingenia-gmbh.gmbh\/wp-content\/uploads\/2017\/02\/30.15-A-BW2-2-1024x670.jpg 1024w, https:\/\/ingenia-gmbh.gmbh\/wp-content\/uploads\/2017\/02\/30.15-A-BW2-2-300x196.jpg 300w, https:\/\/ingenia-gmbh.gmbh\/wp-content\/uploads\/2017\/02\/30.15-A-BW2-2-768x503.jpg 768w\" sizes=\"(max-width: 800px) 100vw, 800px\" \/>\t\t\t\t\t\t\t\t<\/a>\n\t\t\t\t\t\t\t\t\t\t\t<figcaption class=\"widget-image-caption wp-caption-text\">Machines de cintrage<\/figcaption>\n\t\t\t\t\t\t\t\t\t\t<\/figure>\n\t\t\t\t\t\t\t\t\t<\/div>\n\t\t\t\t<\/div>\n\t\t\t\t\t<\/div>\n\t\t<\/div>\n\t\t\t\t<div class=\"elementor-column elementor-col-33 elementor-top-column elementor-element elementor-element-73cb268\" data-id=\"73cb268\" data-element_type=\"column\" data-e-type=\"column\">\n\t\t\t<div class=\"elementor-widget-wrap elementor-element-populated\">\n\t\t\t\t\t\t<div class=\"elementor-element elementor-element-d79bb8b elementor-widget elementor-widget-image\" data-id=\"d79bb8b\" data-element_type=\"widget\" data-e-type=\"widget\" data-widget_type=\"image.default\">\n\t\t\t\t<div class=\"elementor-widget-container\">\n\t\t\t\t\t\t\t\t\t\t\t\t<figure class=\"wp-caption\">\n\t\t\t\t\t\t\t\t\t\t\t<a href=\"https:\/\/ingenia-gmbh.gmbh\/fr\/produits\/machines-specifiques-a-lapplication\/\">\n\t\t\t\t\t\t\t<img decoding=\"async\" width=\"680\" height=\"534\" src=\"https:\/\/ingenia-gmbh.gmbh\/wp-content\/uploads\/2017\/05\/sktl_3.jpg\" class=\"attachment-large size-large wp-image-2425\" alt=\"\" srcset=\"https:\/\/ingenia-gmbh.gmbh\/wp-content\/uploads\/2017\/05\/sktl_3.jpg 680w, https:\/\/ingenia-gmbh.gmbh\/wp-content\/uploads\/2017\/05\/sktl_3-300x236.jpg 300w\" sizes=\"(max-width: 680px) 100vw, 680px\" \/>\t\t\t\t\t\t\t\t<\/a>\n\t\t\t\t\t\t\t\t\t\t\t<figcaption class=\"widget-image-caption wp-caption-text\">Machines sp\u00e9cifiques \u00e0 l\u2019application<\/figcaption>\n\t\t\t\t\t\t\t\t\t\t<\/figure>\n\t\t\t\t\t\t\t\t\t<\/div>\n\t\t\t\t<\/div>\n\t\t\t\t\t<\/div>\n\t\t<\/div>\n\t\t\t\t\t<\/div>\n\t\t<\/section>\n\t\t\t\t<section class=\"elementor-section elementor-top-section elementor-element elementor-element-aadfa54 elementor-section-boxed elementor-section-height-default elementor-section-height-default\" data-id=\"aadfa54\" data-element_type=\"section\" data-e-type=\"section\">\n\t\t\t\t\t\t<div class=\"elementor-container elementor-column-gap-default\">\n\t\t\t\t\t<div class=\"elementor-column elementor-col-100 elementor-top-column elementor-element elementor-element-54a7c9a\" data-id=\"54a7c9a\" data-element_type=\"column\" data-e-type=\"column\">\n\t\t\t<div class=\"elementor-widget-wrap elementor-element-populated\">\n\t\t\t\t\t\t<div class=\"elementor-element elementor-element-91134d9 elementor-widget elementor-widget-spacer\" data-id=\"91134d9\" data-element_type=\"widget\" data-e-type=\"widget\" data-widget_type=\"spacer.default\">\n\t\t\t\t<div class=\"elementor-widget-container\">\n\t\t\t\t\t\t\t<div class=\"elementor-spacer\">\n\t\t\t<div class=\"elementor-spacer-inner\"><\/div>\n\t\t<\/div>\n\t\t\t\t\t\t<\/div>\n\t\t\t\t<\/div>\n\t\t\t\t\t<\/div>\n\t\t<\/div>\n\t\t\t\t\t<\/div>\n\t\t<\/section>\n\t\t\t\t<section class=\"elementor-section elementor-top-section elementor-element elementor-element-e548bcd elementor-section-boxed elementor-section-height-default elementor-section-height-default\" data-id=\"e548bcd\" data-element_type=\"section\" data-e-type=\"section\">\n\t\t\t\t\t\t<div class=\"elementor-container elementor-column-gap-wider\">\n\t\t\t\t\t<div class=\"elementor-column elementor-col-33 elementor-top-column elementor-element elementor-element-41ef07b\" data-id=\"41ef07b\" data-element_type=\"column\" data-e-type=\"column\">\n\t\t\t<div class=\"elementor-widget-wrap elementor-element-populated\">\n\t\t\t\t\t\t<div class=\"elementor-element elementor-element-419da48 elementor-widget elementor-widget-image\" data-id=\"419da48\" data-element_type=\"widget\" data-e-type=\"widget\" data-widget_type=\"image.default\">\n\t\t\t\t<div class=\"elementor-widget-container\">\n\t\t\t\t\t\t\t\t\t\t\t\t<figure class=\"wp-caption\">\n\t\t\t\t\t\t\t\t\t\t\t<a href=\"https:\/\/ingenia-gmbh.gmbh\/fr\/produits\/elements-chauffants\/\">\n\t\t\t\t\t\t\t<img loading=\"lazy\" decoding=\"async\" width=\"800\" height=\"410\" src=\"https:\/\/ingenia-gmbh.gmbh\/wp-content\/uploads\/2016\/07\/ING_Heizelemente-1024x525.jpg\" class=\"attachment-large size-large wp-image-1925\" alt=\"\" srcset=\"https:\/\/ingenia-gmbh.gmbh\/wp-content\/uploads\/2016\/07\/ING_Heizelemente-1024x525.jpg 1024w, https:\/\/ingenia-gmbh.gmbh\/wp-content\/uploads\/2016\/07\/ING_Heizelemente-300x154.jpg 300w, https:\/\/ingenia-gmbh.gmbh\/wp-content\/uploads\/2016\/07\/ING_Heizelemente-768x394.jpg 768w\" sizes=\"(max-width: 800px) 100vw, 800px\" \/>\t\t\t\t\t\t\t\t<\/a>\n\t\t\t\t\t\t\t\t\t\t\t<figcaption class=\"widget-image-caption wp-caption-text\">\u00c9l\u00e9ments chauffants<\/figcaption>\n\t\t\t\t\t\t\t\t\t\t<\/figure>\n\t\t\t\t\t\t\t\t\t<\/div>\n\t\t\t\t<\/div>\n\t\t\t\t\t<\/div>\n\t\t<\/div>\n\t\t\t\t<div class=\"elementor-column elementor-col-33 elementor-top-column elementor-element elementor-element-974f73f\" data-id=\"974f73f\" data-element_type=\"column\" data-e-type=\"column\">\n\t\t\t<div class=\"elementor-widget-wrap elementor-element-populated\">\n\t\t\t\t\t\t<div class=\"elementor-element elementor-element-fcf8ad7 elementor-widget elementor-widget-image\" data-id=\"fcf8ad7\" data-element_type=\"widget\" data-e-type=\"widget\" data-widget_type=\"image.default\">\n\t\t\t\t<div class=\"elementor-widget-container\">\n\t\t\t\t\t\t\t\t\t\t\t\t<figure class=\"wp-caption\">\n\t\t\t\t\t\t\t\t\t\t\t<a href=\"https:\/\/ingenia-gmbh.gmbh\/fr\/produits\/enleve-bourrelets-de-soudage\/\">\n\t\t\t\t\t\t\t<img loading=\"lazy\" decoding=\"async\" width=\"515\" height=\"473\" src=\"https:\/\/ingenia-gmbh.gmbh\/wp-content\/uploads\/2017\/05\/Debby-90-1.jpg\" class=\"attachment-large size-large wp-image-2420\" alt=\"\" srcset=\"https:\/\/ingenia-gmbh.gmbh\/wp-content\/uploads\/2017\/05\/Debby-90-1.jpg 515w, https:\/\/ingenia-gmbh.gmbh\/wp-content\/uploads\/2017\/05\/Debby-90-1-300x276.jpg 300w\" sizes=\"(max-width: 515px) 100vw, 515px\" \/>\t\t\t\t\t\t\t\t<\/a>\n\t\t\t\t\t\t\t\t\t\t\t<figcaption class=\"widget-image-caption wp-caption-text\">Enl\u00e8ve-bourrelets de soudage<\/figcaption>\n\t\t\t\t\t\t\t\t\t\t<\/figure>\n\t\t\t\t\t\t\t\t\t<\/div>\n\t\t\t\t<\/div>\n\t\t\t\t\t<\/div>\n\t\t<\/div>\n\t\t\t\t<div class=\"elementor-column elementor-col-33 elementor-top-column elementor-element elementor-element-7121c40\" data-id=\"7121c40\" data-element_type=\"column\" data-e-type=\"column\">\n\t\t\t<div class=\"elementor-widget-wrap elementor-element-populated\">\n\t\t\t\t\t\t<div class=\"elementor-element elementor-element-77ced76 elementor-widget elementor-widget-image\" data-id=\"77ced76\" data-element_type=\"widget\" data-e-type=\"widget\" data-widget_type=\"image.default\">\n\t\t\t\t<div class=\"elementor-widget-container\">\n\t\t\t\t\t\t\t\t\t\t\t\t<figure class=\"wp-caption\">\n\t\t\t\t\t\t\t\t\t\t\t<a href=\"https:\/\/ingenia-gmbh.gmbh\/fr\/produits\/appareil-dessai-de-cintrage\/\">\n\t\t\t\t\t\t\t<img loading=\"lazy\" decoding=\"async\" width=\"800\" height=\"955\" src=\"https:\/\/ingenia-gmbh.gmbh\/wp-content\/uploads\/2019\/05\/ING_BP_TOTAL-858x1024.jpg\" class=\"attachment-large size-large wp-image-2842\" alt=\"\" srcset=\"https:\/\/ingenia-gmbh.gmbh\/wp-content\/uploads\/2019\/05\/ING_BP_TOTAL-858x1024.jpg 858w, https:\/\/ingenia-gmbh.gmbh\/wp-content\/uploads\/2019\/05\/ING_BP_TOTAL-251x300.jpg 251w, https:\/\/ingenia-gmbh.gmbh\/wp-content\/uploads\/2019\/05\/ING_BP_TOTAL-768x917.jpg 768w, https:\/\/ingenia-gmbh.gmbh\/wp-content\/uploads\/2019\/05\/ING_BP_TOTAL.jpg 945w\" sizes=\"(max-width: 800px) 100vw, 800px\" \/>\t\t\t\t\t\t\t\t<\/a>\n\t\t\t\t\t\t\t\t\t\t\t<figcaption class=\"widget-image-caption wp-caption-text\">Appareil d\u2019essai de cintrage<\/figcaption>\n\t\t\t\t\t\t\t\t\t\t<\/figure>\n\t\t\t\t\t\t\t\t\t<\/div>\n\t\t\t\t<\/div>\n\t\t\t\t\t<\/div>\n\t\t<\/div>\n\t\t\t\t\t<\/div>\n\t\t<\/section>\n\t\t\t\t<\/div>\n\t\t","protected":false},"excerpt":{"rendered":"<p>Machines de soudage Machines de cintrage Machines sp\u00e9cifiques \u00e0 l\u2019application \u00c9l\u00e9ments chauffants Enl\u00e8ve-bourrelets de soudage Appareil d\u2019essai de cintrage<\/p>\n","protected":false},"author":1,"featured_media":0,"parent":0,"menu_order":0,"comment_status":"closed","ping_status":"closed","template":"template-fullwidth.php","meta":{"footnotes":""},"class_list":["post-3396","page","type-page","status-publish","hentry"],"_links":{"self":[{"href":"https:\/\/ingenia-gmbh.gmbh\/fr\/wp-json\/wp\/v2\/pages\/3396","targetHints":{"allow":["GET"]}}],"collection":[{"href":"https:\/\/ingenia-gmbh.gmbh\/fr\/wp-json\/wp\/v2\/pages"}],"about":[{"href":"https:\/\/ingenia-gmbh.gmbh\/fr\/wp-json\/wp\/v2\/types\/page"}],"author":[{"embeddable":true,"href":"https:\/\/ingenia-gmbh.gmbh\/fr\/wp-json\/wp\/v2\/users\/1"}],"replies":[{"embeddable":true,"href":"https:\/\/ingenia-gmbh.gmbh\/fr\/wp-json\/wp\/v2\/comments?post=3396"}],"version-history":[{"count":8,"href":"https:\/\/ingenia-gmbh.gmbh\/fr\/wp-json\/wp\/v2\/pages\/3396\/revisions"}],"predecessor-version":[{"id":5437,"href":"https:\/\/ingenia-gmbh.gmbh\/fr\/wp-json\/wp\/v2\/pages\/3396\/revisions\/5437"}],"wp:attachment":[{"href":"https:\/\/ingenia-gmbh.gmbh\/fr\/wp-json\/wp\/v2\/media?parent=3396"}],"curies":[{"name":"wp","href":"https:\/\/api.w.org\/{rel}","templated":true}]}}