{"id":3404,"date":"2019-07-06T10:28:44","date_gmt":"2019-07-06T09:28:44","guid":{"rendered":"https:\/\/ingenia-gmbh.gmbh\/page-daccueil-2\/"},"modified":"2025-10-25T11:55:56","modified_gmt":"2025-10-25T10:55:56","slug":"page-daccueil","status":"publish","type":"page","link":"https:\/\/ingenia-gmbh.gmbh\/fr\/","title":{"rendered":"Page d\u2019accueil"},"content":{"rendered":"\t\t<div data-elementor-type=\"wp-post\" data-elementor-id=\"3404\" class=\"elementor elementor-3404 elementor-2859\" data-elementor-post-type=\"page\">\n\t\t\t\t\t\t<section class=\"elementor-section elementor-top-section elementor-element elementor-element-c1e5c00 elementor-section-boxed elementor-section-height-default elementor-section-height-default\" data-id=\"c1e5c00\" data-element_type=\"section\" data-e-type=\"section\">\n\t\t\t\t\t\t<div class=\"elementor-container elementor-column-gap-default\">\n\t\t\t\t\t<div class=\"elementor-column elementor-col-25 elementor-top-column elementor-element elementor-element-c144611\" data-id=\"c144611\" data-element_type=\"column\" data-e-type=\"column\">\n\t\t\t<div class=\"elementor-widget-wrap elementor-element-populated\">\n\t\t\t\t\t\t<div class=\"elementor-element elementor-element-304da28 gallery-spacing-custom elementor-widget elementor-widget-image-gallery\" data-id=\"304da28\" data-element_type=\"widget\" data-e-type=\"widget\" data-widget_type=\"image-gallery.default\">\n\t\t\t\t<div class=\"elementor-widget-container\">\n\t\t\t\t\t\t\t<div class=\"elementor-image-gallery\">\n\t\t\t<div id='gallery-1' class='gallery galleryid-3404 gallery-columns-1 gallery-size-full'><figure class='gallery-item'>\n\t\t\t<div class='gallery-icon landscape'>\n\t\t\t\t<img fetchpriority=\"high\" decoding=\"async\" width=\"2849\" height=\"2377\" src=\"https:\/\/ingenia-gmbh.gmbh\/wp-content\/uploads\/2017\/05\/S_hand.jpg\" class=\"attachment-full size-full\" alt=\"\" srcset=\"https:\/\/ingenia-gmbh.gmbh\/wp-content\/uploads\/2017\/05\/S_hand.jpg 2849w, https:\/\/ingenia-gmbh.gmbh\/wp-content\/uploads\/2017\/05\/S_hand-300x250.jpg 300w, https:\/\/ingenia-gmbh.gmbh\/wp-content\/uploads\/2017\/05\/S_hand-768x641.jpg 768w, https:\/\/ingenia-gmbh.gmbh\/wp-content\/uploads\/2017\/05\/S_hand-1024x854.jpg 1024w\" sizes=\"(max-width: 2849px) 100vw, 2849px\" \/>\n\t\t\t<\/div><\/figure><figure class='gallery-item'>\n\t\t\t<div class='gallery-icon landscape'>\n\t\t\t\t<img decoding=\"async\" width=\"1595\" height=\"1156\" src=\"https:\/\/ingenia-gmbh.gmbh\/wp-content\/uploads\/2017\/05\/5040-PL-SW.jpg\" class=\"attachment-full size-full\" alt=\"\" srcset=\"https:\/\/ingenia-gmbh.gmbh\/wp-content\/uploads\/2017\/05\/5040-PL-SW.jpg 1595w, https:\/\/ingenia-gmbh.gmbh\/wp-content\/uploads\/2017\/05\/5040-PL-SW-300x217.jpg 300w, https:\/\/ingenia-gmbh.gmbh\/wp-content\/uploads\/2017\/05\/5040-PL-SW-768x557.jpg 768w, https:\/\/ingenia-gmbh.gmbh\/wp-content\/uploads\/2017\/05\/5040-PL-SW-1024x742.jpg 1024w\" sizes=\"(max-width: 1595px) 100vw, 1595px\" \/>\n\t\t\t<\/div><\/figure><figure class='gallery-item'>\n\t\t\t<div class='gallery-icon landscape'>\n\t\t\t\t<img decoding=\"async\" width=\"2177\" height=\"1821\" src=\"https:\/\/ingenia-gmbh.gmbh\/wp-content\/uploads\/2017\/05\/Bender-A-BA-F-1.jpg\" class=\"attachment-full size-full\" alt=\"\" srcset=\"https:\/\/ingenia-gmbh.gmbh\/wp-content\/uploads\/2017\/05\/Bender-A-BA-F-1.jpg 2177w, https:\/\/ingenia-gmbh.gmbh\/wp-content\/uploads\/2017\/05\/Bender-A-BA-F-1-300x251.jpg 300w, https:\/\/ingenia-gmbh.gmbh\/wp-content\/uploads\/2017\/05\/Bender-A-BA-F-1-768x642.jpg 768w, https:\/\/ingenia-gmbh.gmbh\/wp-content\/uploads\/2017\/05\/Bender-A-BA-F-1-1024x857.jpg 1024w\" sizes=\"(max-width: 2177px) 100vw, 2177px\" \/>\n\t\t\t<\/div><\/figure>\n\t\t<\/div>\n\t\t<\/div>\n\t\t\t\t\t\t<\/div>\n\t\t\t\t<\/div>\n\t\t\t\t\t<\/div>\n\t\t<\/div>\n\t\t\t\t<div class=\"elementor-column elementor-col-50 elementor-top-column elementor-element elementor-element-9f63b71\" data-id=\"9f63b71\" data-element_type=\"column\" data-e-type=\"column\">\n\t\t\t<div class=\"elementor-widget-wrap elementor-element-populated\">\n\t\t\t\t\t\t<div class=\"elementor-element elementor-element-855f0e4 elementor-widget elementor-widget-text-editor\" data-id=\"855f0e4\" data-element_type=\"widget\" data-e-type=\"widget\" data-widget_type=\"text-editor.default\">\n\t\t\t\t<div class=\"elementor-widget-container\">\n\t\t\t\t\t\t\t\t\t<h3><span style=\"color: #706e6f;\"><span style=\"color: #e40613;\"><strong>INGENIA<\/strong><\/span><strong><span style=\"color: #e40613;\"> GmbH\u00a0<\/span>\u00a0\u00a0\u00a0\u00a0\u00a0 <\/strong><strong>&#8230;.ou comment construire des machines de soudage et de cintrage<\/strong><\/span><\/h3>\n<p><span style=\"color: #706e6f;\"><span style=\"color: #e40613;\"><strong>INGENIA<\/strong> <\/span>GmbH est une entreprise d&rsquo;ing\u00e9nierie m\u00e9canique qui, depuis sa cr\u00e9ation, s&rsquo;est d\u00e9velopp\u00e9e au fil des ans pour devenir un fournisseur mondialement reconnu et recherch\u00e9 dans le domaine de la technologie de soudage et de cintrage des thermoplastiques.<\/span><\/p>\n<p><span style=\"color: #706e6f;\">Les produits<span style=\"color: #e40613;\"><strong> INGENIA<\/strong><\/span> se caract\u00e9risent par leur fiabilit\u00e9 et leur robustesse et r\u00e9pondent aux exigences de qualit\u00e9 les plus \u00e9lev\u00e9es.<\/span><\/p>\n<p><span style=\"color: #706e6f;\">Nos diff\u00e9rentes gammes de produits sont soumises \u00e0 un d\u00e9veloppement constant et coh\u00e9rent ce qui nous permet d\u2019offrir \u00e0 nos clients des produits de haute qualit\u00e9 et techniquement sup\u00e9rieur con\u00e7us pour un large \u00e9ventail d&rsquo;industries et d&rsquo;applications.<\/span><\/p>\n<p><span style=\"color: #706e6f;\">Dans les diff\u00e9rents domaines industriels tels que la construction de r\u00e9servoirs, les d\u00e9chetteries, l&rsquo;industrie de l&rsquo;\u00e9tanch\u00e9it\u00e9 et de l\u2019emballage, le secteur du b\u00e2timent, la technique de ventilation, etc., la tendance est aux produits et semi-produits en thermoplastiques.<\/span><\/p>\n<p><span style=\"color: #706e6f;\">Le portefeuille de produits de haute qualit\u00e9<span style=\"color: #e40613;\"><strong> INGENIA <\/strong><\/span>ainsi que nos nombreuses solutions sp\u00e9ciales nous permettent de garantir un traitement pr\u00e9cis et de haute qualit\u00e9 de vos mat\u00e9riaux les plus divers dans le domaine du soudage, de l\u2019estampage, du cintrage et de la fermeture des bords. Nos machines sont en mesure de traiter vos mat\u00e9riaux thermoplastiques en s\u00e9rie, de mani\u00e8re rapide et s\u00fbre, et cela dans une qualit\u00e9 constante. Ainsi, nous contribuons \u00e0 la comp\u00e9titivit\u00e9 de nos clients et partenaires. \u00a0<\/span><\/p>\n<p><span style=\"color: #706e6f;\">Gr\u00e2ce \u00e0 un d\u00e9veloppement cons\u00e9quent et des mesures de formation continue de nos collaborateurs motiv\u00e9s, nous sommes en mesure de fournir des produits de s\u00e9rie<span style=\"color: #e40613;\"> <strong>INGENIA<\/strong> <\/span>d\u2019un niveau technique \u00e9lev\u00e9 ainsi que des solutions sp\u00e9ciales.<\/span><\/p>\n<p><span style=\"color: #706e6f;\"><span style=\"color: #e40613;\"><strong>INGENIA<\/strong><\/span> accorde la plus grande importance \u00e0 la relation partenariale avec le client. En effet, notre objectif est une coop\u00e9ration \u00e0 long terme et de confiance avec nos clients.<\/span><\/p>\n\t\t\t\t\t\t\t\t<\/div>\n\t\t\t\t<\/div>\n\t\t\t\t\t<\/div>\n\t\t<\/div>\n\t\t\t\t<div class=\"elementor-column elementor-col-25 elementor-top-column elementor-element elementor-element-118a0f4\" data-id=\"118a0f4\" data-element_type=\"column\" data-e-type=\"column\">\n\t\t\t<div class=\"elementor-widget-wrap elementor-element-populated\">\n\t\t\t\t\t\t\t<\/div>\n\t\t<\/div>\n\t\t\t\t\t<\/div>\n\t\t<\/section>\n\t\t\t\t<section class=\"elementor-section elementor-top-section elementor-element elementor-element-b588bd1 elementor-section-boxed elementor-section-height-default elementor-section-height-default\" data-id=\"b588bd1\" data-element_type=\"section\" data-e-type=\"section\">\n\t\t\t\t\t\t<div class=\"elementor-container elementor-column-gap-default\">\n\t\t\t\t\t<div class=\"elementor-column elementor-col-100 elementor-top-column elementor-element elementor-element-f611076\" data-id=\"f611076\" data-element_type=\"column\" data-e-type=\"column\">\n\t\t\t<div class=\"elementor-widget-wrap\">\n\t\t\t\t\t\t\t<\/div>\n\t\t<\/div>\n\t\t\t\t\t<\/div>\n\t\t<\/section>\n\t\t\t\t<\/div>\n\t\t","protected":false},"excerpt":{"rendered":"<p>INGENIA GmbH\u00a0\u00a0\u00a0\u00a0\u00a0\u00a0 &#8230;.ou comment construire des machines de soudage et de cintrage INGENIA GmbH est une entreprise d&rsquo;ing\u00e9nierie m\u00e9canique qui, depuis sa cr\u00e9ation, s&rsquo;est d\u00e9velopp\u00e9e au fil des ans pour &#8230;<\/p>\n","protected":false},"author":1,"featured_media":0,"parent":0,"menu_order":0,"comment_status":"closed","ping_status":"closed","template":"template-fullwidth-stretched.php","meta":{"footnotes":""},"class_list":["post-3404","page","type-page","status-publish","hentry"],"_links":{"self":[{"href":"https:\/\/ingenia-gmbh.gmbh\/fr\/wp-json\/wp\/v2\/pages\/3404","targetHints":{"allow":["GET"]}}],"collection":[{"href":"https:\/\/ingenia-gmbh.gmbh\/fr\/wp-json\/wp\/v2\/pages"}],"about":[{"href":"https:\/\/ingenia-gmbh.gmbh\/fr\/wp-json\/wp\/v2\/types\/page"}],"author":[{"embeddable":true,"href":"https:\/\/ingenia-gmbh.gmbh\/fr\/wp-json\/wp\/v2\/users\/1"}],"replies":[{"embeddable":true,"href":"https:\/\/ingenia-gmbh.gmbh\/fr\/wp-json\/wp\/v2\/comments?post=3404"}],"version-history":[{"count":40,"href":"https:\/\/ingenia-gmbh.gmbh\/fr\/wp-json\/wp\/v2\/pages\/3404\/revisions"}],"predecessor-version":[{"id":6536,"href":"https:\/\/ingenia-gmbh.gmbh\/fr\/wp-json\/wp\/v2\/pages\/3404\/revisions\/6536"}],"wp:attachment":[{"href":"https:\/\/ingenia-gmbh.gmbh\/fr\/wp-json\/wp\/v2\/media?parent=3404"}],"curies":[{"name":"wp","href":"https:\/\/api.w.org\/{rel}","templated":true}]}}