{"id":3408,"date":"2019-07-06T10:30:22","date_gmt":"2019-07-06T09:30:22","guid":{"rendered":"https:\/\/ingenia-gmbh.gmbh\/entreprise-2\/"},"modified":"2019-08-30T18:41:38","modified_gmt":"2019-08-30T17:41:38","slug":"entreprise","status":"publish","type":"page","link":"https:\/\/ingenia-gmbh.gmbh\/fr\/entreprise\/","title":{"rendered":"Entreprise"},"content":{"rendered":"\t\t<div data-elementor-type=\"wp-post\" data-elementor-id=\"3408\" class=\"elementor elementor-3408 elementor-2739\" data-elementor-post-type=\"page\">\n\t\t\t\t\t\t<section class=\"elementor-section elementor-top-section elementor-element elementor-element-6719009 elementor-section-boxed elementor-section-height-default elementor-section-height-default\" data-id=\"6719009\" data-element_type=\"section\" data-e-type=\"section\">\n\t\t\t\t\t\t<div class=\"elementor-container elementor-column-gap-default\">\n\t\t\t\t\t<div class=\"elementor-column elementor-col-100 elementor-top-column elementor-element elementor-element-7da3526\" data-id=\"7da3526\" data-element_type=\"column\" data-e-type=\"column\">\n\t\t\t<div class=\"elementor-widget-wrap elementor-element-populated\">\n\t\t\t\t\t\t<div class=\"elementor-element elementor-element-cd841ec elementor-widget elementor-widget-image\" data-id=\"cd841ec\" data-element_type=\"widget\" data-e-type=\"widget\" data-widget_type=\"image.default\">\n\t\t\t\t<div class=\"elementor-widget-container\">\n\t\t\t\t\t\t\t\t\t\t\t\t\t\t\t<img fetchpriority=\"high\" decoding=\"async\" width=\"3651\" height=\"1529\" src=\"https:\/\/ingenia-gmbh.gmbh\/wp-content\/uploads\/2016\/07\/fassade_1.jpg\" class=\"attachment-full size-full wp-image-1855\" alt=\"\" srcset=\"https:\/\/ingenia-gmbh.gmbh\/wp-content\/uploads\/2016\/07\/fassade_1.jpg 3651w, https:\/\/ingenia-gmbh.gmbh\/wp-content\/uploads\/2016\/07\/fassade_1-300x126.jpg 300w, https:\/\/ingenia-gmbh.gmbh\/wp-content\/uploads\/2016\/07\/fassade_1-768x322.jpg 768w, https:\/\/ingenia-gmbh.gmbh\/wp-content\/uploads\/2016\/07\/fassade_1-1024x429.jpg 1024w\" sizes=\"(max-width: 3651px) 100vw, 3651px\" \/>\t\t\t\t\t\t\t\t\t\t\t\t\t\t\t<\/div>\n\t\t\t\t<\/div>\n\t\t\t\t\t<\/div>\n\t\t<\/div>\n\t\t\t\t\t<\/div>\n\t\t<\/section>\n\t\t\t\t<section class=\"elementor-section elementor-top-section elementor-element elementor-element-b42c946 elementor-section-boxed elementor-section-height-default elementor-section-height-default\" data-id=\"b42c946\" data-element_type=\"section\" data-e-type=\"section\">\n\t\t\t\t\t\t<div class=\"elementor-container elementor-column-gap-default\">\n\t\t\t\t\t<div class=\"elementor-column elementor-col-100 elementor-top-column elementor-element elementor-element-711ff70\" data-id=\"711ff70\" data-element_type=\"column\" data-e-type=\"column\">\n\t\t\t<div class=\"elementor-widget-wrap elementor-element-populated\">\n\t\t\t\t\t\t<div class=\"elementor-element elementor-element-851b8cd elementor-widget elementor-widget-text-editor\" data-id=\"851b8cd\" data-element_type=\"widget\" data-e-type=\"widget\" data-widget_type=\"text-editor.default\">\n\t\t\t\t<div class=\"elementor-widget-container\">\n\t\t\t\t\t\t\t\t\t<p><span style=\"color: #e40613;\"><strong>Associ\u00e9-g\u00e9rant :<\/strong><\/span><br \/>\n<span style=\"color: #706e6f;\">Otmar Weirich<\/span><\/p>\n<p><span style=\"color: #e40613;\"><strong>L&rsquo;\u00e9quipe :<\/strong><\/span><br \/>\n<span style=\"color: #706e6f;\">Nous employons des collaborateurs qualifi\u00e9s dans les secteurs : D\u00e9veloppement \/ construction \/ gestion \/ fabrication \/ service \/ vente<\/span><\/p>\n<p><span style=\"color: #e40613;\"><strong>Si\u00e8ge social :<\/strong><\/span><br \/>\n<span style=\"color: #706e6f;\">Notre si\u00e8ge social se trouve \u00e0 Hauptstrasse 72, 56858 Altlay (directement \u00e0 l&rsquo;a\u00e9roport de Francfort-Hahn et Zell\/Moselle).<\/span><\/p>\n<p><span style=\"color: #e40613;\"><strong>Domaine d&rsquo;activit\u00e9 :<\/strong><\/span><br \/>\n<span style=\"color: #706e6f;\">D\u00e9veloppement \/ construction, fabrication et distribution mondiale de machines destin\u00e9es au traitement de produits semi-finis en mati\u00e8re plastique et de pi\u00e8ces moul\u00e9es par injection<\/span><\/p>\n<p><span style=\"color: #e40613;\"><strong>Notre objectif :<\/strong><\/span><br \/>\n<span style=\"color: #706e6f;\">Automatiser votre fabrication d&rsquo;appareils et de r\u00e9servoirs en mati\u00e8re plastique, de conduits d&rsquo;a\u00e9ration, de syst\u00e8mes de transport et d&#8217;emballage, de pi\u00e8ces moul\u00e9es par injection \u00e0 souder et autres \u00e9l\u00e9ments semblables, de telle sorte que vous, notre client et partenaire, ayez toujours une longueur d&rsquo;avance sur la concurrence au niveau de l&rsquo;analyse et de la qualit\u00e9.<\/span><\/p>\n<p><span style=\"color: #e40613;\"><strong>Notre \u00e9tat actuel :<\/strong><\/span><br \/>\n<span style=\"color: #706e6f;\">Gr\u00e2ce \u00e0 de nouvelles id\u00e9es, des produits d&rsquo;excellente qualit\u00e9, une technique de pointe et des concepts de fabrication \u00e9conomiques, nous devenons un fournisseur mondial leader de machines et d&rsquo;installations de production compl\u00e8tes, dans le secteur du traitement de panneaux (panneaux standards en mati\u00e8re plastique, rev\u00eatements de protection en b\u00e9ton et panneaux creux ou en nid d&rsquo;abeilles) et du soudage de palettes, de profils et de pi\u00e8ces moul\u00e9es par injection (mati\u00e8res recycl\u00e9es \u00e9galement). Nous nous faisons un plaisir de vous fabriquer, sur mesure, la machine \/ l&rsquo;installation id\u00e9ale en fonction de l&rsquo;utilisation souhait\u00e9e.<\/span><\/p>\n\t\t\t\t\t\t\t\t<\/div>\n\t\t\t\t<\/div>\n\t\t\t\t\t<\/div>\n\t\t<\/div>\n\t\t\t\t\t<\/div>\n\t\t<\/section>\n\t\t\t\t<\/div>\n\t\t","protected":false},"excerpt":{"rendered":"<p>Associ\u00e9-g\u00e9rant : Otmar Weirich L&rsquo;\u00e9quipe : Nous employons des collaborateurs qualifi\u00e9s dans les secteurs : D\u00e9veloppement \/ construction \/ gestion \/ fabrication \/ service \/ vente Si\u00e8ge social : Notre &#8230;<\/p>\n","protected":false},"author":1,"featured_media":0,"parent":0,"menu_order":0,"comment_status":"closed","ping_status":"closed","template":"elementor_header_footer","meta":{"footnotes":""},"class_list":["post-3408","page","type-page","status-publish","hentry"],"_links":{"self":[{"href":"https:\/\/ingenia-gmbh.gmbh\/fr\/wp-json\/wp\/v2\/pages\/3408","targetHints":{"allow":["GET"]}}],"collection":[{"href":"https:\/\/ingenia-gmbh.gmbh\/fr\/wp-json\/wp\/v2\/pages"}],"about":[{"href":"https:\/\/ingenia-gmbh.gmbh\/fr\/wp-json\/wp\/v2\/types\/page"}],"author":[{"embeddable":true,"href":"https:\/\/ingenia-gmbh.gmbh\/fr\/wp-json\/wp\/v2\/users\/1"}],"replies":[{"embeddable":true,"href":"https:\/\/ingenia-gmbh.gmbh\/fr\/wp-json\/wp\/v2\/comments?post=3408"}],"version-history":[{"count":2,"href":"https:\/\/ingenia-gmbh.gmbh\/fr\/wp-json\/wp\/v2\/pages\/3408\/revisions"}],"predecessor-version":[{"id":4397,"href":"https:\/\/ingenia-gmbh.gmbh\/fr\/wp-json\/wp\/v2\/pages\/3408\/revisions\/4397"}],"wp:attachment":[{"href":"https:\/\/ingenia-gmbh.gmbh\/fr\/wp-json\/wp\/v2\/media?parent=3408"}],"curies":[{"name":"wp","href":"https:\/\/api.w.org\/{rel}","templated":true}]}}