{"id":3420,"date":"2019-07-09T16:49:24","date_gmt":"2019-07-09T15:49:24","guid":{"rendered":"https:\/\/ingenia-gmbh.gmbh\/produits\/machines-de-soudage\/modele-p-sw-2\/"},"modified":"2020-05-18T16:20:24","modified_gmt":"2020-05-18T15:20:24","slug":"modele-p-sw","status":"publish","type":"page","link":"https:\/\/ingenia-gmbh.gmbh\/fr\/produits\/machines-de-soudage\/modele-p-sw\/","title":{"rendered":"Mod\u00e8le P-SW"},"content":{"rendered":"\t\t<div data-elementor-type=\"wp-post\" data-elementor-id=\"3420\" class=\"elementor elementor-3420 elementor-2910\" data-elementor-post-type=\"page\">\n\t\t\t\t\t\t<section class=\"elementor-section elementor-top-section elementor-element elementor-element-17f104a elementor-section-boxed elementor-section-height-default elementor-section-height-default\" data-id=\"17f104a\" data-element_type=\"section\" data-e-type=\"section\">\n\t\t\t\t\t\t<div class=\"elementor-container elementor-column-gap-wider\">\n\t\t\t\t\t<div class=\"elementor-column elementor-col-50 elementor-top-column elementor-element elementor-element-7a84b6a\" data-id=\"7a84b6a\" data-element_type=\"column\" data-e-type=\"column\">\n\t\t\t<div class=\"elementor-widget-wrap elementor-element-populated\">\n\t\t\t\t\t\t<div class=\"elementor-element elementor-element-196ad02 elementor-widget elementor-widget-text-editor\" data-id=\"196ad02\" data-element_type=\"widget\" data-e-type=\"widget\" data-widget_type=\"text-editor.default\">\n\t\t\t\t<div class=\"elementor-widget-container\">\n\t\t\t\t\t\t\t\t\t<h3><span style=\"color: #706e6f;\">Machine \u00e0 souder bout \u00e0 bout <span style=\"color: #e40613;\">P-SW<\/span><\/span><\/h3>\n<p><span style=\"color: #706e6f;\">La s\u00e9rie SW a \u00e9t\u00e9 con\u00e7ue pour des exigences de qualit\u00e9 et de performance tr\u00e8s \u00e9lev\u00e9es. Ce\u00a0mod\u00e8le est muni, en s\u00e9rie, de deux plages de serrage de chaque c\u00f4t\u00e9 de la table ainsi que d&rsquo;une mesure et d&rsquo;une commande de course. Les machines de cette s\u00e9rie sont \u00e9quip\u00e9es d&rsquo;une commande CNC par la force de la table, y compris la banque de donn\u00e9es, et peuvent, \u00e0 la demande du client, \u00eatre \u00e9quip\u00e9es d&rsquo;un dispositif de soudage \u00e0 90\u00b0 enti\u00e8rement automatique.<\/span><\/p>\n<p><span style=\"color: #706e6f;\">Le cycle de soudage de cette machine est enti\u00e8rement automatique.<\/span><br \/>\n<span style=\"color: #706e6f;\">Cette machine est disponible dans les versions suivantes :<\/span><br \/>\n<span style=\"color: #706e6f;\">2 m, 3 m, 4 m, 5 m ou 6 m<\/span><br \/>\n<span style=\"color: #706e6f;\">\u00c9paisseur soudable : 3 \u2013 60 mm<\/span><\/p>\n<p><span style=\"color: #706e6f;\">Solutions sp\u00e9ciales possibles \u00e0 la demande du client.<\/span><\/p>\n\t\t\t\t\t\t\t\t<\/div>\n\t\t\t\t<\/div>\n\t\t\t\t\t<\/div>\n\t\t<\/div>\n\t\t\t\t<div class=\"elementor-column elementor-col-50 elementor-top-column elementor-element elementor-element-faf249e\" data-id=\"faf249e\" data-element_type=\"column\" data-e-type=\"column\">\n\t\t\t<div class=\"elementor-widget-wrap elementor-element-populated\">\n\t\t\t\t\t\t<div class=\"elementor-element elementor-element-add90db elementor-widget elementor-widget-image\" data-id=\"add90db\" data-element_type=\"widget\" data-e-type=\"widget\" data-widget_type=\"image.default\">\n\t\t\t\t<div class=\"elementor-widget-container\">\n\t\t\t\t\t\t\t\t\t\t\t\t\t\t\t<img fetchpriority=\"high\" decoding=\"async\" width=\"800\" height=\"580\" src=\"https:\/\/ingenia-gmbh.gmbh\/wp-content\/uploads\/2017\/05\/5040-PL-SW-gedreht-1024x742.jpg\" class=\"attachment-large size-large wp-image-2480\" alt=\"\" srcset=\"https:\/\/ingenia-gmbh.gmbh\/wp-content\/uploads\/2017\/05\/5040-PL-SW-gedreht-1024x742.jpg 1024w, https:\/\/ingenia-gmbh.gmbh\/wp-content\/uploads\/2017\/05\/5040-PL-SW-gedreht-300x217.jpg 300w, https:\/\/ingenia-gmbh.gmbh\/wp-content\/uploads\/2017\/05\/5040-PL-SW-gedreht-768x557.jpg 768w\" sizes=\"(max-width: 800px) 100vw, 800px\" \/>\t\t\t\t\t\t\t\t\t\t\t\t\t\t\t<\/div>\n\t\t\t\t<\/div>\n\t\t\t\t\t<\/div>\n\t\t<\/div>\n\t\t\t\t\t<\/div>\n\t\t<\/section>\n\t\t\t\t<section class=\"elementor-section elementor-top-section elementor-element elementor-element-c46785b elementor-section-boxed elementor-section-height-default elementor-section-height-default\" data-id=\"c46785b\" data-element_type=\"section\" data-e-type=\"section\">\n\t\t\t\t\t\t<div class=\"elementor-container elementor-column-gap-default\">\n\t\t\t\t\t<div class=\"elementor-column elementor-col-100 elementor-top-column elementor-element elementor-element-a72be39\" data-id=\"a72be39\" data-element_type=\"column\" data-e-type=\"column\">\n\t\t\t<div class=\"elementor-widget-wrap elementor-element-populated\">\n\t\t\t\t\t\t<div class=\"elementor-element elementor-element-96b69ed elementor-widget elementor-widget-spacer\" data-id=\"96b69ed\" data-element_type=\"widget\" data-e-type=\"widget\" data-widget_type=\"spacer.default\">\n\t\t\t\t<div class=\"elementor-widget-container\">\n\t\t\t\t\t\t\t<div class=\"elementor-spacer\">\n\t\t\t<div class=\"elementor-spacer-inner\"><\/div>\n\t\t<\/div>\n\t\t\t\t\t\t<\/div>\n\t\t\t\t<\/div>\n\t\t\t\t\t<\/div>\n\t\t<\/div>\n\t\t\t\t\t<\/div>\n\t\t<\/section>\n\t\t\t\t<section class=\"elementor-section elementor-top-section elementor-element elementor-element-d02e693 elementor-section-boxed elementor-section-height-default elementor-section-height-default\" data-id=\"d02e693\" data-element_type=\"section\" data-e-type=\"section\">\n\t\t\t\t\t\t<div class=\"elementor-container elementor-column-gap-default\">\n\t\t\t\t\t<div class=\"elementor-column elementor-col-100 elementor-top-column elementor-element elementor-element-5018706\" data-id=\"5018706\" data-element_type=\"column\" data-e-type=\"column\">\n\t\t\t<div class=\"elementor-widget-wrap elementor-element-populated\">\n\t\t\t\t\t\t<div class=\"elementor-element elementor-element-69a00bf elementor-widget elementor-widget-text-editor\" data-id=\"69a00bf\" data-element_type=\"widget\" data-e-type=\"widget\" data-widget_type=\"text-editor.default\">\n\t\t\t\t<div class=\"elementor-widget-container\">\n\t\t\t\t\t\t\t\t\t<table>\n<tbody>\n<tr>\n<td style=\"text-align: center;\" width=\"201\"><strong>Mod\u00e8le <\/strong><\/td>\n<td width=\"201\"><strong>Largeur de travail <\/strong><\/td>\n<td width=\"201\"><strong>\u00c9paisseur de mat\u00e9riau <\/strong><\/td>\n<\/tr>\n<tr>\n<td width=\"201\">20.30 P-SW<\/td>\n<td width=\"201\">2.000 mm<\/td>\n<td width=\"201\">30 mm<\/td>\n<\/tr>\n<tr>\n<td width=\"201\">30.30 P-SW<\/td>\n<td width=\"201\">3.000 mm<\/td>\n<td width=\"201\">30 mm<\/td>\n<\/tr>\n<tr>\n<td width=\"201\">40.30 P-SW<\/td>\n<td width=\"201\">4.000 mm<\/td>\n<td width=\"201\">30 mm<\/td>\n<\/tr>\n<tr>\n<td width=\"201\">50.30 P-SW<\/td>\n<td width=\"201\">5.000 mm<\/td>\n<td width=\"201\">30 mm<\/td>\n<\/tr>\n<tr>\n<td width=\"201\">30.40 P-SW<\/td>\n<td width=\"201\">3.000 mm<\/td>\n<td width=\"201\">40 mm<\/td>\n<\/tr>\n<tr>\n<td width=\"201\">40.40 P-SW<\/td>\n<td width=\"201\">4.000 mm<\/td>\n<td width=\"201\">40 mm<\/td>\n<\/tr>\n<tr>\n<td width=\"201\">50.40 P-SW<\/td>\n<td width=\"201\">5.000 mm<\/td>\n<td width=\"201\">40 mm<\/td>\n<\/tr>\n<tr>\n<td width=\"201\">30.50 P-SW<\/td>\n<td width=\"201\">3.000 mm<\/td>\n<td width=\"201\">50 mm<\/td>\n<\/tr>\n<tr>\n<td width=\"201\">40.50 P-SW<\/td>\n<td width=\"201\">4.000 mm<\/td>\n<td width=\"201\">50 mm<\/td>\n<\/tr>\n<\/tbody>\n<\/table>\n\t\t\t\t\t\t\t\t<\/div>\n\t\t\t\t<\/div>\n\t\t\t\t\t<\/div>\n\t\t<\/div>\n\t\t\t\t\t<\/div>\n\t\t<\/section>\n\t\t\t\t<section class=\"elementor-section elementor-top-section elementor-element elementor-element-afaaba0 elementor-section-boxed elementor-section-height-default elementor-section-height-default\" data-id=\"afaaba0\" data-element_type=\"section\" data-e-type=\"section\">\n\t\t\t\t\t\t<div class=\"elementor-container elementor-column-gap-default\">\n\t\t\t\t\t<div class=\"elementor-column elementor-col-100 elementor-top-column elementor-element elementor-element-9a9a3ba\" data-id=\"9a9a3ba\" data-element_type=\"column\" data-e-type=\"column\">\n\t\t\t<div class=\"elementor-widget-wrap elementor-element-populated\">\n\t\t\t\t\t\t<div class=\"elementor-element elementor-element-ee12de9 elementor-widget elementor-widget-spacer\" data-id=\"ee12de9\" data-element_type=\"widget\" data-e-type=\"widget\" data-widget_type=\"spacer.default\">\n\t\t\t\t<div class=\"elementor-widget-container\">\n\t\t\t\t\t\t\t<div class=\"elementor-spacer\">\n\t\t\t<div class=\"elementor-spacer-inner\"><\/div>\n\t\t<\/div>\n\t\t\t\t\t\t<\/div>\n\t\t\t\t<\/div>\n\t\t\t\t\t<\/div>\n\t\t<\/div>\n\t\t\t\t\t<\/div>\n\t\t<\/section>\n\t\t\t\t<section class=\"elementor-section elementor-top-section elementor-element elementor-element-ac7fc8c elementor-section-boxed elementor-section-height-default elementor-section-height-default\" data-id=\"ac7fc8c\" data-element_type=\"section\" data-e-type=\"section\">\n\t\t\t\t\t\t<div class=\"elementor-container elementor-column-gap-default\">\n\t\t\t\t\t<div class=\"elementor-column elementor-col-100 elementor-top-column elementor-element elementor-element-2b064b8\" data-id=\"2b064b8\" data-element_type=\"column\" data-e-type=\"column\">\n\t\t\t<div class=\"elementor-widget-wrap elementor-element-populated\">\n\t\t\t\t\t\t<div class=\"elementor-element elementor-element-42773ce elementor-widget elementor-widget-text-editor\" data-id=\"42773ce\" data-element_type=\"widget\" data-e-type=\"widget\" data-widget_type=\"text-editor.default\">\n\t\t\t\t<div class=\"elementor-widget-container\">\n\t\t\t\t\t\t\t\t\t<h3><span style=\"color: #706e6f;\">\u00c9quipement suppl\u00e9mentaire <span style=\"color: #e40613;\">P-SW<\/span><\/span><\/h3>\n<ul>\n<li><span style=\"color: #706e6f;\">Syst\u00e8me de diagnostic en ligne INGENIA<\/span><\/li>\n<li><span style=\"color: #706e6f;\">\u00c9clairage de la zone de soudage<\/span><\/li>\n<li><span style=\"color: #706e6f;\">Mise \u00e0 l&rsquo;\u00e9chelle des deux c\u00f4t\u00e9s de la table\u00a0<\/span><\/li>\n<li><span style=\"color: #706e6f;\">Extension \u00e0 hauteur de serrage de 65 mm, p.\u00a0ex. pour panneaux creux<\/span><\/li>\n<li><span style=\"color: #706e6f;\">Dispositif de levage de panneaux (un c\u00f4t\u00e9 seulement)<\/span><\/li>\n<li><span style=\"color: #706e6f;\">Plage de serrage suppl\u00e9mentaire par c\u00f4t\u00e9 (de 2 \u00e0 3 plages)<\/span><\/li>\n<li><span style=\"color: #706e6f;\">Programme de soudage en T (uniquement en liaison avec un dispositif de soudage angulaire \u00e0 90\u00b0)<\/span><\/li>\n<li><span style=\"color: #706e6f;\">Compensation de d\u00e9calage pour d\u00e9terminer et compenser des forces de traction et de frottement<\/span><\/li>\n<li><span style=\"color: #706e6f;\">R\u00e9glage automatique d&rsquo;espacement de table<\/span><\/li>\n<li><span style=\"color: #706e6f;\">Commande \u00e0 distance ou p\u00e9dale pour le serrage<\/span><\/li>\n<li><span style=\"color: #706e6f;\">Imprimante pour compiler un protocole de soudage selon DVS 2207-11<\/span><\/li>\n<li><span style=\"color: #706e6f;\">Signal acoustique en fin de cycle de soudage<\/span><\/li>\n<li><span style=\"color: #706e6f;\">Bras de support avec rouleaux \u00e0 billes<\/span><\/li>\n<li><span style=\"color: #706e6f;\">Unit\u00e9 de pressage automatique<\/span><\/li>\n<li><span style=\"color: #706e6f;\">Dispositif de soudage en L \u00e0 90\u00b0 automatique<\/span><\/li>\n<li><span style=\"color: #706e6f;\">Dispositif de cintrage par \u00e9tirage<\/span><\/li>\n<li><span style=\"color: #706e6f;\">Peinture sp\u00e9ciale<\/span><\/li>\n<\/ul>\n\t\t\t\t\t\t\t\t<\/div>\n\t\t\t\t<\/div>\n\t\t\t\t\t<\/div>\n\t\t<\/div>\n\t\t\t\t\t<\/div>\n\t\t<\/section>\n\t\t\t\t<section class=\"elementor-section elementor-top-section elementor-element elementor-element-5dd3c8c elementor-section-boxed elementor-section-height-default elementor-section-height-default\" data-id=\"5dd3c8c\" data-element_type=\"section\" data-e-type=\"section\">\n\t\t\t\t\t\t<div class=\"elementor-container elementor-column-gap-default\">\n\t\t\t\t\t<div class=\"elementor-column elementor-col-100 elementor-top-column elementor-element elementor-element-606cf74\" data-id=\"606cf74\" data-element_type=\"column\" data-e-type=\"column\">\n\t\t\t<div class=\"elementor-widget-wrap elementor-element-populated\">\n\t\t\t\t\t\t<div class=\"elementor-element elementor-element-6350dec elementor-widget elementor-widget-spacer\" data-id=\"6350dec\" data-element_type=\"widget\" data-e-type=\"widget\" data-widget_type=\"spacer.default\">\n\t\t\t\t<div class=\"elementor-widget-container\">\n\t\t\t\t\t\t\t<div class=\"elementor-spacer\">\n\t\t\t<div class=\"elementor-spacer-inner\"><\/div>\n\t\t<\/div>\n\t\t\t\t\t\t<\/div>\n\t\t\t\t<\/div>\n\t\t\t\t\t<\/div>\n\t\t<\/div>\n\t\t\t\t\t<\/div>\n\t\t<\/section>\n\t\t\t\t<section class=\"elementor-section elementor-top-section elementor-element elementor-element-cf803ef elementor-section-boxed elementor-section-height-default elementor-section-height-default\" data-id=\"cf803ef\" data-element_type=\"section\" data-e-type=\"section\">\n\t\t\t\t\t\t<div class=\"elementor-container elementor-column-gap-default\">\n\t\t\t\t\t<div class=\"elementor-column elementor-col-50 elementor-top-column elementor-element elementor-element-a07a153\" data-id=\"a07a153\" data-element_type=\"column\" data-e-type=\"column\">\n\t\t\t<div class=\"elementor-widget-wrap elementor-element-populated\">\n\t\t\t\t\t\t<div class=\"elementor-element elementor-element-bd5e16d elementor-widget elementor-widget-image\" data-id=\"bd5e16d\" data-element_type=\"widget\" data-e-type=\"widget\" data-widget_type=\"image.default\">\n\t\t\t\t<div class=\"elementor-widget-container\">\n\t\t\t\t\t\t\t\t\t\t\t\t<figure class=\"wp-caption\">\n\t\t\t\t\t\t\t\t\t\t<img decoding=\"async\" width=\"800\" height=\"600\" src=\"https:\/\/ingenia-gmbh.gmbh\/wp-content\/uploads\/2020\/05\/Rundziehvorrichtung-1.2-RZ-VM-montiert-an-Schwei\u00dfmaschine-1024x768.jpg\" class=\"attachment-large size-large wp-image-5454\" alt=\"\" srcset=\"https:\/\/ingenia-gmbh.gmbh\/wp-content\/uploads\/2020\/05\/Rundziehvorrichtung-1.2-RZ-VM-montiert-an-Schwei\u00dfmaschine-1024x768.jpg 1024w, https:\/\/ingenia-gmbh.gmbh\/wp-content\/uploads\/2020\/05\/Rundziehvorrichtung-1.2-RZ-VM-montiert-an-Schwei\u00dfmaschine-300x225.jpg 300w, https:\/\/ingenia-gmbh.gmbh\/wp-content\/uploads\/2020\/05\/Rundziehvorrichtung-1.2-RZ-VM-montiert-an-Schwei\u00dfmaschine-768x576.jpg 768w, https:\/\/ingenia-gmbh.gmbh\/wp-content\/uploads\/2020\/05\/Rundziehvorrichtung-1.2-RZ-VM-montiert-an-Schwei\u00dfmaschine-1536x1152.jpg 1536w, https:\/\/ingenia-gmbh.gmbh\/wp-content\/uploads\/2020\/05\/Rundziehvorrichtung-1.2-RZ-VM-montiert-an-Schwei\u00dfmaschine-2048x1536.jpg 2048w\" sizes=\"(max-width: 800px) 100vw, 800px\" \/>\t\t\t\t\t\t\t\t\t\t\t<figcaption class=\"widget-image-caption wp-caption-text\">Dispositif de cintrage par \u00e9tirage K-ZV pour les panneaux de 6 \u00e0 30 mm d'un diam\u00e8tre de 1.000 \u00e0 5.000 mm (uniquement en combinaison avec un pont roulant)<\/figcaption>\n\t\t\t\t\t\t\t\t\t\t<\/figure>\n\t\t\t\t\t\t\t\t\t<\/div>\n\t\t\t\t<\/div>\n\t\t\t\t\t<\/div>\n\t\t<\/div>\n\t\t\t\t<div class=\"elementor-column elementor-col-50 elementor-top-column elementor-element elementor-element-0dea300\" data-id=\"0dea300\" data-element_type=\"column\" data-e-type=\"column\">\n\t\t\t<div class=\"elementor-widget-wrap elementor-element-populated\">\n\t\t\t\t\t\t<div class=\"elementor-element elementor-element-6f50f31 elementor-widget elementor-widget-image\" data-id=\"6f50f31\" data-element_type=\"widget\" data-e-type=\"widget\" data-widget_type=\"image.default\">\n\t\t\t\t<div class=\"elementor-widget-container\">\n\t\t\t\t\t\t\t\t\t\t\t\t<figure class=\"wp-caption\">\n\t\t\t\t\t\t\t\t\t\t<img decoding=\"async\" width=\"800\" height=\"600\" src=\"https:\/\/ingenia-gmbh.gmbh\/wp-content\/uploads\/2020\/05\/Schweissmaschine-mit-1.0-RZ-V_frei-1024x768.jpg\" class=\"attachment-large size-large wp-image-5446\" alt=\"\" srcset=\"https:\/\/ingenia-gmbh.gmbh\/wp-content\/uploads\/2020\/05\/Schweissmaschine-mit-1.0-RZ-V_frei-1024x768.jpg 1024w, https:\/\/ingenia-gmbh.gmbh\/wp-content\/uploads\/2020\/05\/Schweissmaschine-mit-1.0-RZ-V_frei-300x225.jpg 300w, https:\/\/ingenia-gmbh.gmbh\/wp-content\/uploads\/2020\/05\/Schweissmaschine-mit-1.0-RZ-V_frei-768x576.jpg 768w, https:\/\/ingenia-gmbh.gmbh\/wp-content\/uploads\/2020\/05\/Schweissmaschine-mit-1.0-RZ-V_frei-1536x1152.jpg 1536w, https:\/\/ingenia-gmbh.gmbh\/wp-content\/uploads\/2020\/05\/Schweissmaschine-mit-1.0-RZ-V_frei-2048x1536.jpg 2048w\" sizes=\"(max-width: 800px) 100vw, 800px\" \/>\t\t\t\t\t\t\t\t\t\t\t<figcaption class=\"widget-image-caption wp-caption-text\">Dispositif de cintrage par \u00e9tirage RZ-V 1.0 pour les panneaux de 5 \u00e0 25 mm d'un diam\u00e8tre de 500 \u00e0 3.000 mm<\/figcaption>\n\t\t\t\t\t\t\t\t\t\t<\/figure>\n\t\t\t\t\t\t\t\t\t<\/div>\n\t\t\t\t<\/div>\n\t\t\t\t\t<\/div>\n\t\t<\/div>\n\t\t\t\t\t<\/div>\n\t\t<\/section>\n\t\t\t\t<section class=\"elementor-section elementor-top-section elementor-element elementor-element-3d8b108 elementor-section-boxed elementor-section-height-default elementor-section-height-default\" data-id=\"3d8b108\" data-element_type=\"section\" data-e-type=\"section\">\n\t\t\t\t\t\t<div class=\"elementor-container elementor-column-gap-default\">\n\t\t\t\t\t<div class=\"elementor-column elementor-col-100 elementor-top-column elementor-element elementor-element-ff6d81c\" data-id=\"ff6d81c\" data-element_type=\"column\" data-e-type=\"column\">\n\t\t\t<div class=\"elementor-widget-wrap elementor-element-populated\">\n\t\t\t\t\t\t<div class=\"elementor-element elementor-element-749f12e elementor-widget elementor-widget-spacer\" data-id=\"749f12e\" data-element_type=\"widget\" data-e-type=\"widget\" data-widget_type=\"spacer.default\">\n\t\t\t\t<div class=\"elementor-widget-container\">\n\t\t\t\t\t\t\t<div class=\"elementor-spacer\">\n\t\t\t<div class=\"elementor-spacer-inner\"><\/div>\n\t\t<\/div>\n\t\t\t\t\t\t<\/div>\n\t\t\t\t<\/div>\n\t\t\t\t\t<\/div>\n\t\t<\/div>\n\t\t\t\t\t<\/div>\n\t\t<\/section>\n\t\t\t\t<section class=\"elementor-section elementor-top-section elementor-element elementor-element-a84fbac elementor-section-boxed elementor-section-height-default elementor-section-height-default\" data-id=\"a84fbac\" data-element_type=\"section\" data-e-type=\"section\">\n\t\t\t\t\t\t<div class=\"elementor-container elementor-column-gap-default\">\n\t\t\t\t\t<div class=\"elementor-column elementor-col-50 elementor-top-column elementor-element elementor-element-6ab066c\" data-id=\"6ab066c\" data-element_type=\"column\" data-e-type=\"column\">\n\t\t\t<div class=\"elementor-widget-wrap elementor-element-populated\">\n\t\t\t\t\t\t<div class=\"elementor-element elementor-element-578ced3 elementor-widget elementor-widget-image\" data-id=\"578ced3\" data-element_type=\"widget\" data-e-type=\"widget\" data-widget_type=\"image.default\">\n\t\t\t\t<div class=\"elementor-widget-container\">\n\t\t\t\t\t\t\t\t\t\t\t\t\t\t\t<img loading=\"lazy\" decoding=\"async\" width=\"800\" height=\"600\" src=\"https:\/\/ingenia-gmbh.gmbh\/wp-content\/uploads\/2020\/05\/1.2-RZ.V-1024x768.jpg\" class=\"attachment-large size-large wp-image-5460\" alt=\"\" srcset=\"https:\/\/ingenia-gmbh.gmbh\/wp-content\/uploads\/2020\/05\/1.2-RZ.V-1024x768.jpg 1024w, https:\/\/ingenia-gmbh.gmbh\/wp-content\/uploads\/2020\/05\/1.2-RZ.V-300x225.jpg 300w, https:\/\/ingenia-gmbh.gmbh\/wp-content\/uploads\/2020\/05\/1.2-RZ.V-768x576.jpg 768w, https:\/\/ingenia-gmbh.gmbh\/wp-content\/uploads\/2020\/05\/1.2-RZ.V-1536x1152.jpg 1536w, https:\/\/ingenia-gmbh.gmbh\/wp-content\/uploads\/2020\/05\/1.2-RZ.V-2048x1536.jpg 2048w\" sizes=\"(max-width: 800px) 100vw, 800px\" \/>\t\t\t\t\t\t\t\t\t\t\t\t\t\t\t<\/div>\n\t\t\t\t<\/div>\n\t\t\t\t\t<\/div>\n\t\t<\/div>\n\t\t\t\t<div class=\"elementor-column elementor-col-50 elementor-top-column elementor-element elementor-element-631a01a\" data-id=\"631a01a\" data-element_type=\"column\" data-e-type=\"column\">\n\t\t\t<div class=\"elementor-widget-wrap elementor-element-populated\">\n\t\t\t\t\t\t<div class=\"elementor-element elementor-element-dbe7f08 elementor-widget elementor-widget-image\" data-id=\"dbe7f08\" data-element_type=\"widget\" data-e-type=\"widget\" data-widget_type=\"image.default\">\n\t\t\t\t<div class=\"elementor-widget-container\">\n\t\t\t\t\t\t\t\t\t\t\t\t\t\t\t<img loading=\"lazy\" decoding=\"async\" width=\"800\" height=\"598\" src=\"https:\/\/ingenia-gmbh.gmbh\/wp-content\/uploads\/2020\/05\/30mm-Rundbeh\u00e4lter-1024x766.jpg\" class=\"attachment-large size-large wp-image-5467\" alt=\"\" srcset=\"https:\/\/ingenia-gmbh.gmbh\/wp-content\/uploads\/2020\/05\/30mm-Rundbeh\u00e4lter-1024x766.jpg 1024w, https:\/\/ingenia-gmbh.gmbh\/wp-content\/uploads\/2020\/05\/30mm-Rundbeh\u00e4lter-300x225.jpg 300w, https:\/\/ingenia-gmbh.gmbh\/wp-content\/uploads\/2020\/05\/30mm-Rundbeh\u00e4lter-768x575.jpg 768w, https:\/\/ingenia-gmbh.gmbh\/wp-content\/uploads\/2020\/05\/30mm-Rundbeh\u00e4lter-1536x1150.jpg 1536w, https:\/\/ingenia-gmbh.gmbh\/wp-content\/uploads\/2020\/05\/30mm-Rundbeh\u00e4lter-2048x1533.jpg 2048w\" sizes=\"(max-width: 800px) 100vw, 800px\" \/>\t\t\t\t\t\t\t\t\t\t\t\t\t\t\t<\/div>\n\t\t\t\t<\/div>\n\t\t\t\t\t<\/div>\n\t\t<\/div>\n\t\t\t\t\t<\/div>\n\t\t<\/section>\n\t\t\t\t<section class=\"elementor-section elementor-top-section elementor-element elementor-element-bd11646 elementor-section-boxed elementor-section-height-default elementor-section-height-default\" data-id=\"bd11646\" data-element_type=\"section\" data-e-type=\"section\">\n\t\t\t\t\t\t<div class=\"elementor-container elementor-column-gap-default\">\n\t\t\t\t\t<div class=\"elementor-column elementor-col-100 elementor-top-column elementor-element elementor-element-dc4275a\" data-id=\"dc4275a\" data-element_type=\"column\" data-e-type=\"column\">\n\t\t\t<div class=\"elementor-widget-wrap elementor-element-populated\">\n\t\t\t\t\t\t<div class=\"elementor-element elementor-element-f07e4f2 elementor-widget elementor-widget-button\" data-id=\"f07e4f2\" data-element_type=\"widget\" data-e-type=\"widget\" data-widget_type=\"button.default\">\n\t\t\t\t<div class=\"elementor-widget-container\">\n\t\t\t\t\t\t\t\t\t<div class=\"elementor-button-wrapper\">\n\t\t\t\t\t<a class=\"elementor-button elementor-button-link elementor-size-sm\" href=\"https:\/\/ingenia-gmbh.gmbh\/fr\/produits\/machines-de-soudage\/\">\n\t\t\t\t\t\t<span class=\"elementor-button-content-wrapper\">\n\t\t\t\t\t\t<span class=\"elementor-button-icon\">\n\t\t\t\t\t\t\t\t\t<i class=\"fa fa-angle-left\" aria-hidden=\"true\"><\/i>\n\t\t\t\t\t\t\t<\/span>\n\t\t\t\t\t\t\t\t\t<span class=\"elementor-button-text\">Retour<\/span>\n\t\t\t\t\t<\/span>\n\t\t\t\t\t<\/a>\n\t\t\t\t<\/div>\n\t\t\t\t\t\t\t\t<\/div>\n\t\t\t\t<\/div>\n\t\t\t\t\t<\/div>\n\t\t<\/div>\n\t\t\t\t\t<\/div>\n\t\t<\/section>\n\t\t\t\t<\/div>\n\t\t","protected":false},"excerpt":{"rendered":"<p>Machine \u00e0 souder bout \u00e0 bout P-SW La s\u00e9rie SW a \u00e9t\u00e9 con\u00e7ue pour des exigences de qualit\u00e9 et de performance tr\u00e8s \u00e9lev\u00e9es. Ce\u00a0mod\u00e8le est muni, en s\u00e9rie, de deux &#8230;<\/p>\n","protected":false},"author":1,"featured_media":0,"parent":3429,"menu_order":1,"comment_status":"closed","ping_status":"closed","template":"template-fullwidth.php","meta":{"footnotes":""},"class_list":["post-3420","page","type-page","status-publish","hentry"],"_links":{"self":[{"href":"https:\/\/ingenia-gmbh.gmbh\/fr\/wp-json\/wp\/v2\/pages\/3420","targetHints":{"allow":["GET"]}}],"collection":[{"href":"https:\/\/ingenia-gmbh.gmbh\/fr\/wp-json\/wp\/v2\/pages"}],"about":[{"href":"https:\/\/ingenia-gmbh.gmbh\/fr\/wp-json\/wp\/v2\/types\/page"}],"author":[{"embeddable":true,"href":"https:\/\/ingenia-gmbh.gmbh\/fr\/wp-json\/wp\/v2\/users\/1"}],"replies":[{"embeddable":true,"href":"https:\/\/ingenia-gmbh.gmbh\/fr\/wp-json\/wp\/v2\/comments?post=3420"}],"version-history":[{"count":5,"href":"https:\/\/ingenia-gmbh.gmbh\/fr\/wp-json\/wp\/v2\/pages\/3420\/revisions"}],"predecessor-version":[{"id":5476,"href":"https:\/\/ingenia-gmbh.gmbh\/fr\/wp-json\/wp\/v2\/pages\/3420\/revisions\/5476"}],"up":[{"embeddable":true,"href":"https:\/\/ingenia-gmbh.gmbh\/fr\/wp-json\/wp\/v2\/pages\/3429"}],"wp:attachment":[{"href":"https:\/\/ingenia-gmbh.gmbh\/fr\/wp-json\/wp\/v2\/media?parent=3420"}],"curies":[{"name":"wp","href":"https:\/\/api.w.org\/{rel}","templated":true}]}}