{"id":3441,"date":"2019-07-09T21:03:35","date_gmt":"2019-07-09T20:03:35","guid":{"rendered":"https:\/\/ingenia-gmbh.gmbh\/service\/conseil-technique\/"},"modified":"2019-11-01T17:08:16","modified_gmt":"2019-11-01T16:08:16","slug":"conseil-technique","status":"publish","type":"page","link":"https:\/\/ingenia-gmbh.gmbh\/fr\/service\/conseil-technique\/","title":{"rendered":"Conseil technique"},"content":{"rendered":"\t\t<div data-elementor-type=\"wp-post\" data-elementor-id=\"3441\" class=\"elementor elementor-3441 elementor-2879\" data-elementor-post-type=\"page\">\n\t\t\t\t\t\t<section class=\"elementor-section elementor-top-section elementor-element elementor-element-b4f6d10 elementor-section-boxed elementor-section-height-default elementor-section-height-default\" data-id=\"b4f6d10\" data-element_type=\"section\" data-e-type=\"section\">\n\t\t\t\t\t\t<div class=\"elementor-container elementor-column-gap-default\">\n\t\t\t\t\t<div class=\"elementor-column elementor-col-33 elementor-top-column elementor-element elementor-element-6c7ccda\" data-id=\"6c7ccda\" data-element_type=\"column\" data-e-type=\"column\">\n\t\t\t<div class=\"elementor-widget-wrap elementor-element-populated\">\n\t\t\t\t\t\t<div class=\"elementor-element elementor-element-fc951bf elementor-widget elementor-widget-image\" data-id=\"fc951bf\" data-element_type=\"widget\" data-e-type=\"widget\" data-widget_type=\"image.default\">\n\t\t\t\t<div class=\"elementor-widget-container\">\n\t\t\t\t\t\t\t\t\t\t\t\t\t\t\t<img fetchpriority=\"high\" decoding=\"async\" width=\"800\" height=\"587\" src=\"https:\/\/ingenia-gmbh.gmbh\/wp-content\/uploads\/2016\/09\/ausstellungsraum-1024x751.jpg\" class=\"attachment-large size-large wp-image-2075\" alt=\"\" srcset=\"https:\/\/ingenia-gmbh.gmbh\/wp-content\/uploads\/2016\/09\/ausstellungsraum-1024x751.jpg 1024w, https:\/\/ingenia-gmbh.gmbh\/wp-content\/uploads\/2016\/09\/ausstellungsraum-300x220.jpg 300w, https:\/\/ingenia-gmbh.gmbh\/wp-content\/uploads\/2016\/09\/ausstellungsraum-768x563.jpg 768w\" sizes=\"(max-width: 800px) 100vw, 800px\" \/>\t\t\t\t\t\t\t\t\t\t\t\t\t\t\t<\/div>\n\t\t\t\t<\/div>\n\t\t\t\t\t<\/div>\n\t\t<\/div>\n\t\t\t\t<div class=\"elementor-column elementor-col-66 elementor-top-column elementor-element elementor-element-f50c6c8\" data-id=\"f50c6c8\" data-element_type=\"column\" data-e-type=\"column\">\n\t\t\t<div class=\"elementor-widget-wrap elementor-element-populated\">\n\t\t\t\t\t\t<div class=\"elementor-element elementor-element-c1dc38e elementor-widget elementor-widget-text-editor\" data-id=\"c1dc38e\" data-element_type=\"widget\" data-e-type=\"widget\" data-widget_type=\"text-editor.default\">\n\t\t\t\t<div class=\"elementor-widget-container\">\n\t\t\t\t\t\t\t\t\t<div class=\"ether-col\"><\/div>\n<div class=\"ether-col\">\n<p><strong>En \u00e9quipe avec le client<\/strong><\/p>\n<p>D\u00e8s la phase de planification, nous tenons compte de l&rsquo;avis de nos clients. Cela se traduit par un \u00e9change constructif d&rsquo;id\u00e9es qui rend possible la r\u00e9alisation d\u2019id\u00e9es hors du commun.<\/p>\n<\/div>\n\t\t\t\t\t\t\t\t<\/div>\n\t\t\t\t<\/div>\n\t\t\t\t\t<\/div>\n\t\t<\/div>\n\t\t\t\t\t<\/div>\n\t\t<\/section>\n\t\t\t\t<section class=\"elementor-section elementor-top-section elementor-element elementor-element-68f6ac6 elementor-section-boxed elementor-section-height-default elementor-section-height-default\" data-id=\"68f6ac6\" data-element_type=\"section\" data-e-type=\"section\">\n\t\t\t\t\t\t<div class=\"elementor-container elementor-column-gap-default\">\n\t\t\t\t\t<div class=\"elementor-column elementor-col-100 elementor-top-column elementor-element elementor-element-cce0272\" data-id=\"cce0272\" data-element_type=\"column\" data-e-type=\"column\">\n\t\t\t<div class=\"elementor-widget-wrap elementor-element-populated\">\n\t\t\t\t\t\t<div class=\"elementor-element elementor-element-aeb6e91 elementor-widget elementor-widget-spacer\" data-id=\"aeb6e91\" data-element_type=\"widget\" data-e-type=\"widget\" data-widget_type=\"spacer.default\">\n\t\t\t\t<div class=\"elementor-widget-container\">\n\t\t\t\t\t\t\t<div class=\"elementor-spacer\">\n\t\t\t<div class=\"elementor-spacer-inner\"><\/div>\n\t\t<\/div>\n\t\t\t\t\t\t<\/div>\n\t\t\t\t<\/div>\n\t\t\t\t\t<\/div>\n\t\t<\/div>\n\t\t\t\t\t<\/div>\n\t\t<\/section>\n\t\t\t\t<section class=\"elementor-section elementor-top-section elementor-element elementor-element-482f467 elementor-section-boxed elementor-section-height-default elementor-section-height-default\" data-id=\"482f467\" data-element_type=\"section\" data-e-type=\"section\">\n\t\t\t\t\t\t<div class=\"elementor-container elementor-column-gap-default\">\n\t\t\t\t\t<div class=\"elementor-column elementor-col-100 elementor-top-column elementor-element elementor-element-cda740a\" data-id=\"cda740a\" data-element_type=\"column\" data-e-type=\"column\">\n\t\t\t<div class=\"elementor-widget-wrap elementor-element-populated\">\n\t\t\t\t\t\t<div class=\"elementor-element elementor-element-ce40afe elementor-widget elementor-widget-button\" data-id=\"ce40afe\" data-element_type=\"widget\" data-e-type=\"widget\" data-widget_type=\"button.default\">\n\t\t\t\t<div class=\"elementor-widget-container\">\n\t\t\t\t\t\t\t\t\t<div class=\"elementor-button-wrapper\">\n\t\t\t\t\t<a class=\"elementor-button elementor-button-link elementor-size-sm\" href=\"https:\/\/ingenia-gmbh.gmbh\/service\/\">\n\t\t\t\t\t\t<span class=\"elementor-button-content-wrapper\">\n\t\t\t\t\t\t<span class=\"elementor-button-icon\">\n\t\t\t\t\t\t\t\t\t<i class=\"fa fa-angle-left\" aria-hidden=\"true\"><\/i>\n\t\t\t\t\t\t\t<\/span>\n\t\t\t\t\t\t\t\t\t<span class=\"elementor-button-text\">Retour<\/span>\n\t\t\t\t\t<\/span>\n\t\t\t\t\t<\/a>\n\t\t\t\t<\/div>\n\t\t\t\t\t\t\t\t<\/div>\n\t\t\t\t<\/div>\n\t\t\t\t\t<\/div>\n\t\t<\/div>\n\t\t\t\t\t<\/div>\n\t\t<\/section>\n\t\t\t\t<\/div>\n\t\t","protected":false},"excerpt":{"rendered":"<p>En \u00e9quipe avec le client D\u00e8s la phase de planification, nous tenons compte de l&rsquo;avis de nos clients. Cela se traduit par un \u00e9change constructif d&rsquo;id\u00e9es qui rend possible la &#8230;<\/p>\n","protected":false},"author":1,"featured_media":0,"parent":3400,"menu_order":1,"comment_status":"closed","ping_status":"closed","template":"template-fullwidth.php","meta":{"footnotes":""},"class_list":["post-3441","page","type-page","status-publish","hentry"],"_links":{"self":[{"href":"https:\/\/ingenia-gmbh.gmbh\/fr\/wp-json\/wp\/v2\/pages\/3441","targetHints":{"allow":["GET"]}}],"collection":[{"href":"https:\/\/ingenia-gmbh.gmbh\/fr\/wp-json\/wp\/v2\/pages"}],"about":[{"href":"https:\/\/ingenia-gmbh.gmbh\/fr\/wp-json\/wp\/v2\/types\/page"}],"author":[{"embeddable":true,"href":"https:\/\/ingenia-gmbh.gmbh\/fr\/wp-json\/wp\/v2\/users\/1"}],"replies":[{"embeddable":true,"href":"https:\/\/ingenia-gmbh.gmbh\/fr\/wp-json\/wp\/v2\/comments?post=3441"}],"version-history":[{"count":4,"href":"https:\/\/ingenia-gmbh.gmbh\/fr\/wp-json\/wp\/v2\/pages\/3441\/revisions"}],"predecessor-version":[{"id":5006,"href":"https:\/\/ingenia-gmbh.gmbh\/fr\/wp-json\/wp\/v2\/pages\/3441\/revisions\/5006"}],"up":[{"embeddable":true,"href":"https:\/\/ingenia-gmbh.gmbh\/fr\/wp-json\/wp\/v2\/pages\/3400"}],"wp:attachment":[{"href":"https:\/\/ingenia-gmbh.gmbh\/fr\/wp-json\/wp\/v2\/media?parent=3441"}],"curies":[{"name":"wp","href":"https:\/\/api.w.org\/{rel}","templated":true}]}}