{"id":3445,"date":"2019-07-09T21:06:47","date_gmt":"2019-07-09T20:06:47","guid":{"rendered":"https:\/\/ingenia-gmbh.gmbh\/produits\/machines-specifiques-a-lapplication\/soudage-de-reservoirs-2\/"},"modified":"2019-08-31T15:40:15","modified_gmt":"2019-08-31T14:40:15","slug":"soudage-de-reservoirs","status":"publish","type":"page","link":"https:\/\/ingenia-gmbh.gmbh\/fr\/produits\/machines-specifiques-a-lapplication\/soudage-de-reservoirs\/","title":{"rendered":"Soudage de r\u00e9servoirs"},"content":{"rendered":"\t\t<div data-elementor-type=\"wp-post\" data-elementor-id=\"3445\" class=\"elementor elementor-3445 elementor-2790\" data-elementor-post-type=\"page\">\n\t\t\t\t\t\t<section class=\"elementor-section elementor-top-section elementor-element elementor-element-e79d0d2 elementor-section-boxed elementor-section-height-default elementor-section-height-default\" data-id=\"e79d0d2\" data-element_type=\"section\" data-e-type=\"section\">\n\t\t\t\t\t\t<div class=\"elementor-container elementor-column-gap-default\">\n\t\t\t\t\t<div class=\"elementor-column elementor-col-50 elementor-top-column elementor-element elementor-element-7a6beec\" data-id=\"7a6beec\" data-element_type=\"column\" data-e-type=\"column\">\n\t\t\t<div class=\"elementor-widget-wrap elementor-element-populated\">\n\t\t\t\t\t\t<div class=\"elementor-element elementor-element-820bdf5 elementor-widget elementor-widget-text-editor\" data-id=\"820bdf5\" data-element_type=\"widget\" data-e-type=\"widget\" data-widget_type=\"text-editor.default\">\n\t\t\t\t<div class=\"elementor-widget-container\">\n\t\t\t\t\t\t\t\t\t<h3><strong>Soudage de r\u00e9servoirs<\/strong><\/h3>\n<p>Les installations de production de r\u00e9servoirs, de la s\u00e9rie DT, sont des machines automatiques de soudage par extrusion qui permettent de satisfaire aux exigences \u00e9lev\u00e9es en mati\u00e8re de pr\u00e9cision de soudure. Gr\u00e2ce au mode de construction modulaire, l&rsquo;installation peut \u00eatre adapt\u00e9e individuellement \u00e0 chaque client. Il est possible de traiter des r\u00e9servoirs d&rsquo;un diam\u00e8tre allant jusqu&rsquo;\u00e0 5 m et d&rsquo;une hauteur de jusqu&rsquo;\u00e0 6 m sur ces machines. Des sols avec paroi de cylindre peuvent \u00eatre soud\u00e9s de mani\u00e8re standard par des soudures int\u00e9rieures et ext\u00e9rieures.<\/p>\n<p>La machine est command\u00e9e au moyen d&rsquo;un syst\u00e8me \u00e9lectronique int\u00e9gr\u00e9. Les \u00e9l\u00e9ments de commande se trouvent dans le pupitre de commande. Les fonctions les plus importantes peuvent \u00e9galement \u00eatre d\u00e9clench\u00e9es au moyen de la t\u00e9l\u00e9commande disponible en option. Le\u00a0r\u00e9glage des vitesses de rotation s&rsquo;effectue au moyen du bouton-poussoir.<\/p>\n\t\t\t\t\t\t\t\t<\/div>\n\t\t\t\t<\/div>\n\t\t\t\t\t<\/div>\n\t\t<\/div>\n\t\t\t\t<div class=\"elementor-column elementor-col-50 elementor-top-column elementor-element elementor-element-c240bad\" data-id=\"c240bad\" data-element_type=\"column\" data-e-type=\"column\">\n\t\t\t<div class=\"elementor-widget-wrap elementor-element-populated\">\n\t\t\t\t\t\t<div class=\"elementor-element elementor-element-77f221d elementor-widget elementor-widget-image\" data-id=\"77f221d\" data-element_type=\"widget\" data-e-type=\"widget\" data-widget_type=\"image.default\">\n\t\t\t\t<div class=\"elementor-widget-container\">\n\t\t\t\t\t\t\t\t\t\t\t\t<figure class=\"wp-caption\">\n\t\t\t\t\t\t\t\t\t\t\t<a href=\"https:\/\/ingenia-gmbh.gmbh\/fr\/produits\/machines-specifiques-a-lapplication\/soudage-de-reservoirs\/installation-de-soudage-de-reservoirs-dt\/\">\n\t\t\t\t\t\t\t<img fetchpriority=\"high\" decoding=\"async\" width=\"800\" height=\"748\" src=\"https:\/\/ingenia-gmbh.gmbh\/wp-content\/uploads\/2017\/01\/Drehtisch-DT_neu-1024x957.jpg\" class=\"attachment-large size-large wp-image-2130\" alt=\"\" srcset=\"https:\/\/ingenia-gmbh.gmbh\/wp-content\/uploads\/2017\/01\/Drehtisch-DT_neu-1024x957.jpg 1024w, https:\/\/ingenia-gmbh.gmbh\/wp-content\/uploads\/2017\/01\/Drehtisch-DT_neu-300x280.jpg 300w, https:\/\/ingenia-gmbh.gmbh\/wp-content\/uploads\/2017\/01\/Drehtisch-DT_neu-768x718.jpg 768w, https:\/\/ingenia-gmbh.gmbh\/wp-content\/uploads\/2017\/01\/Drehtisch-DT_neu.jpg 1656w\" sizes=\"(max-width: 800px) 100vw, 800px\" \/>\t\t\t\t\t\t\t\t<\/a>\n\t\t\t\t\t\t\t\t\t\t\t<figcaption class=\"widget-image-caption wp-caption-text\">Installation de soudage de r\u00e9servoirs DT<\/figcaption>\n\t\t\t\t\t\t\t\t\t\t<\/figure>\n\t\t\t\t\t\t\t\t\t<\/div>\n\t\t\t\t<\/div>\n\t\t\t\t\t<\/div>\n\t\t<\/div>\n\t\t\t\t\t<\/div>\n\t\t<\/section>\n\t\t\t\t<section class=\"elementor-section elementor-top-section elementor-element elementor-element-468eab6 elementor-section-boxed elementor-section-height-default elementor-section-height-default\" data-id=\"468eab6\" data-element_type=\"section\" data-e-type=\"section\">\n\t\t\t\t\t\t<div class=\"elementor-container elementor-column-gap-default\">\n\t\t\t\t\t<div class=\"elementor-column elementor-col-100 elementor-top-column elementor-element elementor-element-4ac385b\" data-id=\"4ac385b\" data-element_type=\"column\" data-e-type=\"column\">\n\t\t\t<div class=\"elementor-widget-wrap elementor-element-populated\">\n\t\t\t\t\t\t<div class=\"elementor-element elementor-element-dab2597 elementor-button-danger elementor-widget elementor-widget-button\" data-id=\"dab2597\" data-element_type=\"widget\" data-e-type=\"widget\" data-widget_type=\"button.default\">\n\t\t\t\t<div class=\"elementor-widget-container\">\n\t\t\t\t\t\t\t\t\t<div class=\"elementor-button-wrapper\">\n\t\t\t\t\t<a class=\"elementor-button elementor-button-link elementor-size-sm\" href=\"https:\/\/ingenia-gmbh.gmbh\/fr\/produits\/machines-specifiques-a-lapplication\/\">\n\t\t\t\t\t\t<span class=\"elementor-button-content-wrapper\">\n\t\t\t\t\t\t\t\t\t<span class=\"elementor-button-text\">&lt; Retour<\/span>\n\t\t\t\t\t<\/span>\n\t\t\t\t\t<\/a>\n\t\t\t\t<\/div>\n\t\t\t\t\t\t\t\t<\/div>\n\t\t\t\t<\/div>\n\t\t\t\t\t<\/div>\n\t\t<\/div>\n\t\t\t\t\t<\/div>\n\t\t<\/section>\n\t\t\t\t<\/div>\n\t\t","protected":false},"excerpt":{"rendered":"<p>Soudage de r\u00e9servoirs Les installations de production de r\u00e9servoirs, de la s\u00e9rie DT, sont des machines automatiques de soudage par extrusion qui permettent de satisfaire aux exigences \u00e9lev\u00e9es en mati\u00e8re &#8230;<\/p>\n","protected":false},"author":1,"featured_media":0,"parent":2925,"menu_order":2,"comment_status":"closed","ping_status":"closed","template":"template-fullwidth.php","meta":{"footnotes":""},"class_list":["post-3445","page","type-page","status-publish","hentry"],"_links":{"self":[{"href":"https:\/\/ingenia-gmbh.gmbh\/fr\/wp-json\/wp\/v2\/pages\/3445","targetHints":{"allow":["GET"]}}],"collection":[{"href":"https:\/\/ingenia-gmbh.gmbh\/fr\/wp-json\/wp\/v2\/pages"}],"about":[{"href":"https:\/\/ingenia-gmbh.gmbh\/fr\/wp-json\/wp\/v2\/types\/page"}],"author":[{"embeddable":true,"href":"https:\/\/ingenia-gmbh.gmbh\/fr\/wp-json\/wp\/v2\/users\/1"}],"replies":[{"embeddable":true,"href":"https:\/\/ingenia-gmbh.gmbh\/fr\/wp-json\/wp\/v2\/comments?post=3445"}],"version-history":[{"count":9,"href":"https:\/\/ingenia-gmbh.gmbh\/fr\/wp-json\/wp\/v2\/pages\/3445\/revisions"}],"predecessor-version":[{"id":4736,"href":"https:\/\/ingenia-gmbh.gmbh\/fr\/wp-json\/wp\/v2\/pages\/3445\/revisions\/4736"}],"up":[{"embeddable":true,"href":"https:\/\/ingenia-gmbh.gmbh\/fr\/wp-json\/wp\/v2\/pages\/2925"}],"wp:attachment":[{"href":"https:\/\/ingenia-gmbh.gmbh\/fr\/wp-json\/wp\/v2\/media?parent=3445"}],"curies":[{"name":"wp","href":"https:\/\/api.w.org\/{rel}","templated":true}]}}