{"id":3456,"date":"2019-07-09T21:17:13","date_gmt":"2019-07-09T20:17:13","guid":{"rendered":"https:\/\/ingenia-gmbh.gmbh\/produits\/machines-de-soudage\/modele-econo-2\/"},"modified":"2020-04-19T10:04:18","modified_gmt":"2020-04-19T09:04:18","slug":"modele-econo","status":"publish","type":"page","link":"https:\/\/ingenia-gmbh.gmbh\/fr\/produits\/machines-de-soudage\/modele-econo\/","title":{"rendered":"Mod\u00e8le PS econo"},"content":{"rendered":"\t\t<div data-elementor-type=\"wp-post\" data-elementor-id=\"3456\" class=\"elementor elementor-3456 elementor-2915\" data-elementor-post-type=\"page\">\n\t\t\t\t\t\t<section class=\"elementor-section elementor-top-section elementor-element elementor-element-3a44afc elementor-section-boxed elementor-section-height-default elementor-section-height-default\" data-id=\"3a44afc\" data-element_type=\"section\" data-e-type=\"section\">\n\t\t\t\t\t\t<div class=\"elementor-container elementor-column-gap-default\">\n\t\t\t\t\t<div class=\"elementor-column elementor-col-50 elementor-top-column elementor-element elementor-element-903ef2c\" data-id=\"903ef2c\" data-element_type=\"column\" data-e-type=\"column\">\n\t\t\t<div class=\"elementor-widget-wrap elementor-element-populated\">\n\t\t\t\t\t\t<div class=\"elementor-element elementor-element-707e7bc elementor-widget elementor-widget-text-editor\" data-id=\"707e7bc\" data-element_type=\"widget\" data-e-type=\"widget\" data-widget_type=\"text-editor.default\">\n\t\t\t\t<div class=\"elementor-widget-container\">\n\t\t\t\t\t\t\t\t\t<h3><span style=\"color: #706e6f;\">Machine \u00e0 souder bout \u00e0 bout <span style=\"color: #e40613;\">PS econo<\/span><\/span><\/h3>\n<p>La s\u00e9rie PS econo a \u00e9t\u00e9 con\u00e7ue pour l&rsquo;utilisation interm\u00e9diaire. La machine est command\u00e9e au moyen d&rsquo;un API int\u00e9gr\u00e9. Toutes les dur\u00e9es programm\u00e9es par l&rsquo;op\u00e9rateur peuvent \u00eatre prolong\u00e9es ou r\u00e9duites durant le processus de soudage en appuyant sur la touche Les machines de cette s\u00e9rie sont \u00e9quip\u00e9es d&rsquo;une commande CNC par la force de la table, y compris la banque de donn\u00e9es.<\/p>\n<p>Cette machine est disponible dans les versions suivantes :<br \/>\n2 m, 3 m et 4 m ou en fonction des besoins du client<br \/>\n\u00c9paisseur soudable : 3 \u2013 25 mm<\/p>\n<p>&nbsp;<\/p>\n\t\t\t\t\t\t\t\t<\/div>\n\t\t\t\t<\/div>\n\t\t\t\t\t<\/div>\n\t\t<\/div>\n\t\t\t\t<div class=\"elementor-column elementor-col-50 elementor-top-column elementor-element elementor-element-2e1e450\" data-id=\"2e1e450\" data-element_type=\"column\" data-e-type=\"column\">\n\t\t\t<div class=\"elementor-widget-wrap elementor-element-populated\">\n\t\t\t\t\t\t<div class=\"elementor-element elementor-element-900ffd9 elementor-widget elementor-widget-image\" data-id=\"900ffd9\" data-element_type=\"widget\" data-e-type=\"widget\" data-widget_type=\"image.default\">\n\t\t\t\t<div class=\"elementor-widget-container\">\n\t\t\t\t\t\t\t\t\t\t\t\t\t\t\t<img fetchpriority=\"high\" decoding=\"async\" width=\"800\" height=\"648\" src=\"https:\/\/ingenia-gmbh.gmbh\/wp-content\/uploads\/2017\/05\/Econo_test2-1024x829.jpg\" class=\"attachment-large size-large wp-image-2445\" alt=\"\" srcset=\"https:\/\/ingenia-gmbh.gmbh\/wp-content\/uploads\/2017\/05\/Econo_test2-1024x829.jpg 1024w, https:\/\/ingenia-gmbh.gmbh\/wp-content\/uploads\/2017\/05\/Econo_test2-300x243.jpg 300w, https:\/\/ingenia-gmbh.gmbh\/wp-content\/uploads\/2017\/05\/Econo_test2-768x622.jpg 768w, https:\/\/ingenia-gmbh.gmbh\/wp-content\/uploads\/2017\/05\/Econo_test2.jpg 1596w\" sizes=\"(max-width: 800px) 100vw, 800px\" \/>\t\t\t\t\t\t\t\t\t\t\t\t\t\t\t<\/div>\n\t\t\t\t<\/div>\n\t\t\t\t\t<\/div>\n\t\t<\/div>\n\t\t\t\t\t<\/div>\n\t\t<\/section>\n\t\t\t\t<section class=\"elementor-section elementor-top-section elementor-element elementor-element-33abacd elementor-section-boxed elementor-section-height-default elementor-section-height-default\" data-id=\"33abacd\" data-element_type=\"section\" data-e-type=\"section\">\n\t\t\t\t\t\t<div class=\"elementor-container elementor-column-gap-default\">\n\t\t\t\t\t<div class=\"elementor-column elementor-col-100 elementor-top-column elementor-element elementor-element-a395ef0\" data-id=\"a395ef0\" data-element_type=\"column\" data-e-type=\"column\">\n\t\t\t<div class=\"elementor-widget-wrap elementor-element-populated\">\n\t\t\t\t\t\t<div class=\"elementor-element elementor-element-d6a835d elementor-widget elementor-widget-spacer\" data-id=\"d6a835d\" data-element_type=\"widget\" data-e-type=\"widget\" data-widget_type=\"spacer.default\">\n\t\t\t\t<div class=\"elementor-widget-container\">\n\t\t\t\t\t\t\t<div class=\"elementor-spacer\">\n\t\t\t<div class=\"elementor-spacer-inner\"><\/div>\n\t\t<\/div>\n\t\t\t\t\t\t<\/div>\n\t\t\t\t<\/div>\n\t\t\t\t\t<\/div>\n\t\t<\/div>\n\t\t\t\t\t<\/div>\n\t\t<\/section>\n\t\t\t\t<section class=\"elementor-section elementor-top-section elementor-element elementor-element-dfe7bd7 elementor-section-boxed elementor-section-height-default elementor-section-height-default\" data-id=\"dfe7bd7\" data-element_type=\"section\" data-e-type=\"section\">\n\t\t\t\t\t\t<div class=\"elementor-container elementor-column-gap-default\">\n\t\t\t\t\t<div class=\"elementor-column elementor-col-100 elementor-top-column elementor-element elementor-element-d2d9c7a\" data-id=\"d2d9c7a\" data-element_type=\"column\" data-e-type=\"column\">\n\t\t\t<div class=\"elementor-widget-wrap elementor-element-populated\">\n\t\t\t\t\t\t<div class=\"elementor-element elementor-element-be9f140 elementor-widget elementor-widget-text-editor\" data-id=\"be9f140\" data-element_type=\"widget\" data-e-type=\"widget\" data-widget_type=\"text-editor.default\">\n\t\t\t\t<div class=\"elementor-widget-container\">\n\t\t\t\t\t\t\t\t\t<table>\n<tbody>\n<tr>\n<td width=\"201\"><strong>Mod\u00e8le <\/strong><\/td>\n<td width=\"201\"><strong>Largeur de travail <\/strong><\/td>\n<td width=\"201\">\n<p style=\"text-align: center;\"><strong>\u00c9paisseur de mat\u00e9riau <\/strong><\/p>\n<\/td>\n<\/tr>\n<tr>\n<td width=\"201\">15.25 PS econo<\/td>\n<td width=\"201\">1.500 mm<\/td>\n<td width=\"201\">25 mm<\/td>\n<\/tr>\n<tr>\n<td width=\"201\">20.25 PS econo<\/td>\n<td width=\"201\">2.000 mm<\/td>\n<td width=\"201\">25 mm<\/td>\n<\/tr>\n<tr>\n<td width=\"201\">30.25 PS econo<\/td>\n<td width=\"201\">3.000 mm<\/td>\n<td width=\"201\">25 mm<\/td>\n<\/tr>\n<tr>\n<td width=\"201\">40.25 PS econo<\/td>\n<td width=\"201\">4.000 mm<\/td>\n<td width=\"201\">25 mm<\/td>\n<\/tr>\n<\/tbody>\n<\/table>\n\t\t\t\t\t\t\t\t<\/div>\n\t\t\t\t<\/div>\n\t\t\t\t\t<\/div>\n\t\t<\/div>\n\t\t\t\t\t<\/div>\n\t\t<\/section>\n\t\t\t\t<section class=\"elementor-section elementor-top-section elementor-element elementor-element-13abbb3 elementor-section-boxed elementor-section-height-default elementor-section-height-default\" data-id=\"13abbb3\" data-element_type=\"section\" data-e-type=\"section\">\n\t\t\t\t\t\t<div class=\"elementor-container elementor-column-gap-default\">\n\t\t\t\t\t<div class=\"elementor-column elementor-col-100 elementor-top-column elementor-element elementor-element-a780824\" data-id=\"a780824\" data-element_type=\"column\" data-e-type=\"column\">\n\t\t\t<div class=\"elementor-widget-wrap elementor-element-populated\">\n\t\t\t\t\t\t<div class=\"elementor-element elementor-element-2582d50 elementor-widget elementor-widget-spacer\" data-id=\"2582d50\" data-element_type=\"widget\" data-e-type=\"widget\" data-widget_type=\"spacer.default\">\n\t\t\t\t<div class=\"elementor-widget-container\">\n\t\t\t\t\t\t\t<div class=\"elementor-spacer\">\n\t\t\t<div class=\"elementor-spacer-inner\"><\/div>\n\t\t<\/div>\n\t\t\t\t\t\t<\/div>\n\t\t\t\t<\/div>\n\t\t\t\t\t<\/div>\n\t\t<\/div>\n\t\t\t\t\t<\/div>\n\t\t<\/section>\n\t\t\t\t<section class=\"elementor-section elementor-top-section elementor-element elementor-element-7389278 elementor-section-boxed elementor-section-height-default elementor-section-height-default\" data-id=\"7389278\" data-element_type=\"section\" data-e-type=\"section\">\n\t\t\t\t\t\t<div class=\"elementor-container elementor-column-gap-default\">\n\t\t\t\t\t<div class=\"elementor-column elementor-col-50 elementor-top-column elementor-element elementor-element-0274763\" data-id=\"0274763\" data-element_type=\"column\" data-e-type=\"column\">\n\t\t\t<div class=\"elementor-widget-wrap elementor-element-populated\">\n\t\t\t\t\t\t<div class=\"elementor-element elementor-element-287052b elementor-widget elementor-widget-text-editor\" data-id=\"287052b\" data-element_type=\"widget\" data-e-type=\"widget\" data-widget_type=\"text-editor.default\">\n\t\t\t\t<div class=\"elementor-widget-container\">\n\t\t\t\t\t\t\t\t\t<h3><span style=\"color: #706e6f;\"><strong>\u00c9quipement suppl\u00e9mentaire\u00a0 <\/strong><span style=\"color: #e40613;\">PS econo<\/span><\/span><\/h3>\n<ul>\n<li>Syst\u00e8me de diagnostic en ligne INGENIA<\/li>\n<li>\u00c9clairage de la zone de soudage<\/li>\n<li>Mise \u00e0 l&rsquo;\u00e9chelle des deux c\u00f4t\u00e9s de la table<\/li>\n<li>Extension \u00e0 hauteur de serrage de 65 mm, p.\u00a0ex. pour panneaux creux<\/li>\n<li>Dispositif de levage de panneaux (un c\u00f4t\u00e9 seulement)<\/li>\n<li>\u00c9quipement pour rev\u00eatement de protection du b\u00e9ton, y compris dispositif de levage de panneaux, agrandissement de la hauteur de serrage &amp; kit d\u2019outils<\/li>\n<li>Commande \u00e0 distance ou p\u00e9dale pour le serrage<\/li>\n<li>Signal acoustique en fin de cycle de soudage<\/li>\n<li>Plage de serrage suppl\u00e9mentaire pour les deux c\u00f4t\u00e9s (2 plages)<\/li>\n<li>Dispositif de soudage en l \u00e0 90\u00b0 automatique<\/li>\n<li>Dispositif de cintrage par \u00e9tirage<\/li>\n<li>Peinture sp\u00e9ciale<\/li>\n<\/ul>\n<h3><\/h3>\n\t\t\t\t\t\t\t\t<\/div>\n\t\t\t\t<\/div>\n\t\t\t\t\t<\/div>\n\t\t<\/div>\n\t\t\t\t<div class=\"elementor-column elementor-col-50 elementor-top-column elementor-element elementor-element-9b990ca\" data-id=\"9b990ca\" data-element_type=\"column\" data-e-type=\"column\">\n\t\t\t<div class=\"elementor-widget-wrap elementor-element-populated\">\n\t\t\t\t\t\t<div class=\"elementor-element elementor-element-fb087a9 elementor-widget elementor-widget-image\" data-id=\"fb087a9\" data-element_type=\"widget\" data-e-type=\"widget\" data-widget_type=\"image.default\">\n\t\t\t\t<div class=\"elementor-widget-container\">\n\t\t\t\t\t\t\t\t\t\t\t\t<figure class=\"wp-caption\">\n\t\t\t\t\t\t\t\t\t\t<img decoding=\"async\" width=\"768\" height=\"576\" src=\"https:\/\/ingenia-gmbh.gmbh\/wp-content\/uploads\/2016\/07\/ING_Betonschutzbahn.jpg\" class=\"attachment-large size-large wp-image-1865\" alt=\"\" srcset=\"https:\/\/ingenia-gmbh.gmbh\/wp-content\/uploads\/2016\/07\/ING_Betonschutzbahn.jpg 768w, https:\/\/ingenia-gmbh.gmbh\/wp-content\/uploads\/2016\/07\/ING_Betonschutzbahn-300x225.jpg 300w\" sizes=\"(max-width: 768px) 100vw, 768px\" \/>\t\t\t\t\t\t\t\t\t\t\t<figcaption class=\"widget-image-caption wp-caption-text\">Soudage de panneaux CPL (rev\u00eatement de protection du b\u00e9ton) pour les mod\u00e8les PS econo et S easy.<\/figcaption>\n\t\t\t\t\t\t\t\t\t\t<\/figure>\n\t\t\t\t\t\t\t\t\t<\/div>\n\t\t\t\t<\/div>\n\t\t\t\t\t<\/div>\n\t\t<\/div>\n\t\t\t\t\t<\/div>\n\t\t<\/section>\n\t\t\t\t<section class=\"elementor-section elementor-top-section elementor-element elementor-element-4531fa1 elementor-section-boxed elementor-section-height-default elementor-section-height-default\" data-id=\"4531fa1\" data-element_type=\"section\" data-e-type=\"section\">\n\t\t\t\t\t\t<div class=\"elementor-container elementor-column-gap-default\">\n\t\t\t\t\t<div class=\"elementor-column elementor-col-100 elementor-top-column elementor-element elementor-element-706bff4\" data-id=\"706bff4\" data-element_type=\"column\" data-e-type=\"column\">\n\t\t\t<div class=\"elementor-widget-wrap elementor-element-populated\">\n\t\t\t\t\t\t<div class=\"elementor-element elementor-element-3a0e740 elementor-widget elementor-widget-spacer\" data-id=\"3a0e740\" data-element_type=\"widget\" data-e-type=\"widget\" data-widget_type=\"spacer.default\">\n\t\t\t\t<div class=\"elementor-widget-container\">\n\t\t\t\t\t\t\t<div class=\"elementor-spacer\">\n\t\t\t<div class=\"elementor-spacer-inner\"><\/div>\n\t\t<\/div>\n\t\t\t\t\t\t<\/div>\n\t\t\t\t<\/div>\n\t\t\t\t\t<\/div>\n\t\t<\/div>\n\t\t\t\t\t<\/div>\n\t\t<\/section>\n\t\t\t\t<section class=\"elementor-section elementor-top-section elementor-element elementor-element-bc9a32d elementor-section-boxed elementor-section-height-default elementor-section-height-default\" data-id=\"bc9a32d\" data-element_type=\"section\" data-e-type=\"section\">\n\t\t\t\t\t\t<div class=\"elementor-container elementor-column-gap-default\">\n\t\t\t\t\t<div class=\"elementor-column elementor-col-100 elementor-top-column elementor-element elementor-element-f8771f2\" data-id=\"f8771f2\" data-element_type=\"column\" data-e-type=\"column\">\n\t\t\t<div class=\"elementor-widget-wrap elementor-element-populated\">\n\t\t\t\t\t\t<div class=\"elementor-element elementor-element-37872db elementor-widget elementor-widget-button\" data-id=\"37872db\" data-element_type=\"widget\" data-e-type=\"widget\" data-widget_type=\"button.default\">\n\t\t\t\t<div class=\"elementor-widget-container\">\n\t\t\t\t\t\t\t\t\t<div class=\"elementor-button-wrapper\">\n\t\t\t\t\t<a class=\"elementor-button elementor-button-link elementor-size-sm\" href=\"https:\/\/ingenia-gmbh.gmbh\/fr\/produits\/machines-de-soudage\/\">\n\t\t\t\t\t\t<span class=\"elementor-button-content-wrapper\">\n\t\t\t\t\t\t<span class=\"elementor-button-icon\">\n\t\t\t\t\t\t\t\t\t<i class=\"fa fa-angle-left\" aria-hidden=\"true\"><\/i>\n\t\t\t\t\t\t\t<\/span>\n\t\t\t\t\t\t\t\t\t<span class=\"elementor-button-text\">Retour<\/span>\n\t\t\t\t\t<\/span>\n\t\t\t\t\t<\/a>\n\t\t\t\t<\/div>\n\t\t\t\t\t\t\t\t<\/div>\n\t\t\t\t<\/div>\n\t\t\t\t\t<\/div>\n\t\t<\/div>\n\t\t\t\t\t<\/div>\n\t\t<\/section>\n\t\t\t\t<\/div>\n\t\t","protected":false},"excerpt":{"rendered":"<p>Machine \u00e0 souder bout \u00e0 bout PS econo La s\u00e9rie PS econo a \u00e9t\u00e9 con\u00e7ue pour l&rsquo;utilisation interm\u00e9diaire. La machine est command\u00e9e au moyen d&rsquo;un API int\u00e9gr\u00e9. Toutes les dur\u00e9es &#8230;<\/p>\n","protected":false},"author":1,"featured_media":0,"parent":3429,"menu_order":2,"comment_status":"closed","ping_status":"closed","template":"template-fullwidth.php","meta":{"footnotes":""},"class_list":["post-3456","page","type-page","status-publish","hentry"],"_links":{"self":[{"href":"https:\/\/ingenia-gmbh.gmbh\/fr\/wp-json\/wp\/v2\/pages\/3456","targetHints":{"allow":["GET"]}}],"collection":[{"href":"https:\/\/ingenia-gmbh.gmbh\/fr\/wp-json\/wp\/v2\/pages"}],"about":[{"href":"https:\/\/ingenia-gmbh.gmbh\/fr\/wp-json\/wp\/v2\/types\/page"}],"author":[{"embeddable":true,"href":"https:\/\/ingenia-gmbh.gmbh\/fr\/wp-json\/wp\/v2\/users\/1"}],"replies":[{"embeddable":true,"href":"https:\/\/ingenia-gmbh.gmbh\/fr\/wp-json\/wp\/v2\/comments?post=3456"}],"version-history":[{"count":7,"href":"https:\/\/ingenia-gmbh.gmbh\/fr\/wp-json\/wp\/v2\/pages\/3456\/revisions"}],"predecessor-version":[{"id":5184,"href":"https:\/\/ingenia-gmbh.gmbh\/fr\/wp-json\/wp\/v2\/pages\/3456\/revisions\/5184"}],"up":[{"embeddable":true,"href":"https:\/\/ingenia-gmbh.gmbh\/fr\/wp-json\/wp\/v2\/pages\/3429"}],"wp:attachment":[{"href":"https:\/\/ingenia-gmbh.gmbh\/fr\/wp-json\/wp\/v2\/media?parent=3456"}],"curies":[{"name":"wp","href":"https:\/\/api.w.org\/{rel}","templated":true}]}}