{"id":3464,"date":"2019-07-09T21:21:49","date_gmt":"2019-07-09T20:21:49","guid":{"rendered":"https:\/\/ingenia-gmbh.gmbh\/machines-a-souder-universelles-et-pour-boites-s-klt-2\/"},"modified":"2019-11-01T15:44:30","modified_gmt":"2019-11-01T14:44:30","slug":"machines-a-souder-universelles-et-pour-boites-s-klt","status":"publish","type":"page","link":"https:\/\/ingenia-gmbh.gmbh\/fr\/produits\/machines-specifiques-a-lapplication\/industrie-de-lemballage\/machines-a-souder-universelles-et-pour-boites-s-klt\/","title":{"rendered":"Machines \u00e0 souder universelles et pour bo\u00eetes S-KLT"},"content":{"rendered":"\t\t<div data-elementor-type=\"wp-post\" data-elementor-id=\"3464\" class=\"elementor elementor-3464 elementor-3111\" data-elementor-post-type=\"page\">\n\t\t\t\t\t\t<section class=\"elementor-section elementor-top-section elementor-element elementor-element-2c88db8 elementor-section-boxed elementor-section-height-default elementor-section-height-default\" data-id=\"2c88db8\" data-element_type=\"section\" data-e-type=\"section\">\n\t\t\t\t\t\t<div class=\"elementor-container elementor-column-gap-default\">\n\t\t\t\t\t<div class=\"elementor-column elementor-col-50 elementor-top-column elementor-element elementor-element-a8fb8ec\" data-id=\"a8fb8ec\" data-element_type=\"column\" data-e-type=\"column\">\n\t\t\t<div class=\"elementor-widget-wrap elementor-element-populated\">\n\t\t\t\t\t\t<div class=\"elementor-element elementor-element-c4778b0 elementor-widget elementor-widget-text-editor\" data-id=\"c4778b0\" data-element_type=\"widget\" data-e-type=\"widget\" data-widget_type=\"text-editor.default\">\n\t\t\t\t<div class=\"elementor-widget-container\">\n\t\t\t\t\t\t\t\t\t<div class=\"ether-col\">\n<h3><span style=\"color: #706e6f;\">Machines \u00e0 souder universelles et pour bo\u00eetes <span style=\"color: #e40613;\">S-KLT<\/span><\/span><\/h3>\n<p>Les machines \u00e0 souder <span style=\"color: #e40613;\"><strong>INGENIA <\/strong><\/span>de la s\u00e9rie S-KLT sont des machines sp\u00e9ciales robustes destin\u00e9es \u00e0 souder des mini-porteurs de charge \u00e0 gros volume, des palettes et autres produits. Le cycle de soudage est enti\u00e8rement automatique. La d\u00e9termination des param\u00e8tres de soudure les plus importants s&rsquo;effectue soit par saisie manuelle soit via un ordinateur central. La largeur de travail standard est de 0,80 m ou 1,20 m, la plus grande surface de coupe \u00e0 souder est de 600 ou 800 mm.<\/p>\n<p>Les machines se pr\u00eatent au traitement de toutes les mati\u00e8res thermoplastiques usuelles. Le\u00a0pupitre de commande est install\u00e9 dans une console s\u00e9par\u00e9e qui peut \u00eatre positionn\u00e9e de fa\u00e7on flexible sur le c\u00f4t\u00e9 de la machine. Les machines sont command\u00e9es via un API int\u00e9gr\u00e9. La pression de serrage est r\u00e9glable ce qui permet d\u2019ajuster la pression de serrage \u00e0 la g\u00e9om\u00e9trie du composant.<\/p>\n<\/div>\n<div class=\"ether-col\"><\/div>\n\t\t\t\t\t\t\t\t<\/div>\n\t\t\t\t<\/div>\n\t\t\t\t\t<\/div>\n\t\t<\/div>\n\t\t\t\t<div class=\"elementor-column elementor-col-50 elementor-top-column elementor-element elementor-element-693db40\" data-id=\"693db40\" data-element_type=\"column\" data-e-type=\"column\">\n\t\t\t<div class=\"elementor-widget-wrap elementor-element-populated\">\n\t\t\t\t\t\t<div class=\"elementor-element elementor-element-5cf6de9 elementor-widget elementor-widget-image\" data-id=\"5cf6de9\" data-element_type=\"widget\" data-e-type=\"widget\" data-widget_type=\"image.default\">\n\t\t\t\t<div class=\"elementor-widget-container\">\n\t\t\t\t\t\t\t\t\t\t\t\t\t\t\t<img fetchpriority=\"high\" decoding=\"async\" width=\"800\" height=\"534\" src=\"https:\/\/ingenia-gmbh.gmbh\/wp-content\/uploads\/2017\/01\/Freistellung_transparenti-1024x683.png\" class=\"attachment-large size-large wp-image-2140\" alt=\"\" srcset=\"https:\/\/ingenia-gmbh.gmbh\/wp-content\/uploads\/2017\/01\/Freistellung_transparenti-1024x683.png 1024w, https:\/\/ingenia-gmbh.gmbh\/wp-content\/uploads\/2017\/01\/Freistellung_transparenti-300x200.png 300w, https:\/\/ingenia-gmbh.gmbh\/wp-content\/uploads\/2017\/01\/Freistellung_transparenti-768x512.png 768w\" sizes=\"(max-width: 800px) 100vw, 800px\" \/>\t\t\t\t\t\t\t\t\t\t\t\t\t\t\t<\/div>\n\t\t\t\t<\/div>\n\t\t\t\t\t<\/div>\n\t\t<\/div>\n\t\t\t\t\t<\/div>\n\t\t<\/section>\n\t\t\t\t<section class=\"elementor-section elementor-top-section elementor-element elementor-element-5ab9609 elementor-section-boxed elementor-section-height-default elementor-section-height-default\" data-id=\"5ab9609\" data-element_type=\"section\" data-e-type=\"section\">\n\t\t\t\t\t\t<div class=\"elementor-container elementor-column-gap-default\">\n\t\t\t\t\t<div class=\"elementor-column elementor-col-100 elementor-top-column elementor-element elementor-element-41d3add\" data-id=\"41d3add\" data-element_type=\"column\" data-e-type=\"column\">\n\t\t\t<div class=\"elementor-widget-wrap elementor-element-populated\">\n\t\t\t\t\t\t<div class=\"elementor-element elementor-element-2d0b520 elementor-widget elementor-widget-spacer\" data-id=\"2d0b520\" data-element_type=\"widget\" data-e-type=\"widget\" data-widget_type=\"spacer.default\">\n\t\t\t\t<div class=\"elementor-widget-container\">\n\t\t\t\t\t\t\t<div class=\"elementor-spacer\">\n\t\t\t<div class=\"elementor-spacer-inner\"><\/div>\n\t\t<\/div>\n\t\t\t\t\t\t<\/div>\n\t\t\t\t<\/div>\n\t\t\t\t\t<\/div>\n\t\t<\/div>\n\t\t\t\t\t<\/div>\n\t\t<\/section>\n\t\t\t\t<section class=\"elementor-section elementor-top-section elementor-element elementor-element-62d456a elementor-section-boxed elementor-section-height-default elementor-section-height-default\" data-id=\"62d456a\" data-element_type=\"section\" data-e-type=\"section\">\n\t\t\t\t\t\t<div class=\"elementor-container elementor-column-gap-default\">\n\t\t\t\t\t<div class=\"elementor-column elementor-col-100 elementor-top-column elementor-element elementor-element-e97ca13\" data-id=\"e97ca13\" data-element_type=\"column\" data-e-type=\"column\">\n\t\t\t<div class=\"elementor-widget-wrap elementor-element-populated\">\n\t\t\t\t\t\t<div class=\"elementor-element elementor-element-e1486a2 elementor-widget elementor-widget-text-editor\" data-id=\"e1486a2\" data-element_type=\"widget\" data-e-type=\"widget\" data-widget_type=\"text-editor.default\">\n\t\t\t\t<div class=\"elementor-widget-container\">\n\t\t\t\t\t\t\t\t\t<table>\n<tbody>\n<tr>\n<td width=\"201\"><strong>Mod\u00e8le <\/strong><\/td>\n<td width=\"201\"><strong>Largeur de travail max. <\/strong><\/td>\n<td width=\"201\"><strong>Force de soudage max<\/strong><\/td>\n<\/tr>\n<tr>\n<td width=\"201\">08.06 S-KLT<\/td>\n<td width=\"201\">800 mm<\/td>\n<td width=\"201\">4.500 N<\/td>\n<\/tr>\n<tr>\n<td width=\"201\">12.08 S-KLT<\/td>\n<td width=\"201\">1.200 mm<\/td>\n<td width=\"201\">6.750 N<\/td>\n<\/tr>\n<\/tbody>\n<\/table>\n\t\t\t\t\t\t\t\t<\/div>\n\t\t\t\t<\/div>\n\t\t\t\t\t<\/div>\n\t\t<\/div>\n\t\t\t\t\t<\/div>\n\t\t<\/section>\n\t\t\t\t<section class=\"elementor-section elementor-top-section elementor-element elementor-element-36a25df elementor-section-boxed elementor-section-height-default elementor-section-height-default\" data-id=\"36a25df\" data-element_type=\"section\" data-e-type=\"section\">\n\t\t\t\t\t\t<div class=\"elementor-container elementor-column-gap-default\">\n\t\t\t\t\t<div class=\"elementor-column elementor-col-100 elementor-top-column elementor-element elementor-element-b4c14b4\" data-id=\"b4c14b4\" data-element_type=\"column\" data-e-type=\"column\">\n\t\t\t<div class=\"elementor-widget-wrap elementor-element-populated\">\n\t\t\t\t\t\t<div class=\"elementor-element elementor-element-62aa754 elementor-widget elementor-widget-text-editor\" data-id=\"62aa754\" data-element_type=\"widget\" data-e-type=\"widget\" data-widget_type=\"text-editor.default\">\n\t\t\t\t<div class=\"elementor-widget-container\">\n\t\t\t\t\t\t\t\t\t<h3><span style=\"color: #706e6f;\"><strong>\u00c9quipement suppl\u00e9mentaire <\/strong>\u00a0<span style=\"color: #e40613;\">S-KLT<\/span><\/span><\/h3>\n<ul>\n<li>Autres plages de serrage pour le serrage de plusieurs pi\u00e8ces<\/li>\n<li>\u00c9l\u00e9ments de serrage lat\u00e9raux pour la fixation de composants suppl\u00e9mentaires<\/li>\n<li>Roulettes pour charges lourdes<\/li>\n<li>Commande CNC-SIEMENS des forces de la table via vanne proportionnelle<\/li>\n<li>\u00c9clairage de la zone de soudage<\/li>\n<li>T\u00e9l\u00e9commande c\u00e2bl\u00e9e ou p\u00e9dale<\/li>\n<li>Signal acoustique en fin de cycle de soudage<\/li>\n<li>Peinture sp\u00e9ciale<\/li>\n<\/ul>\n\t\t\t\t\t\t\t\t<\/div>\n\t\t\t\t<\/div>\n\t\t\t\t\t<\/div>\n\t\t<\/div>\n\t\t\t\t\t<\/div>\n\t\t<\/section>\n\t\t\t\t<section class=\"elementor-section elementor-top-section elementor-element elementor-element-0e3e7fd elementor-section-boxed elementor-section-height-default elementor-section-height-default\" data-id=\"0e3e7fd\" data-element_type=\"section\" data-e-type=\"section\">\n\t\t\t\t\t\t<div class=\"elementor-container elementor-column-gap-default\">\n\t\t\t\t\t<div class=\"elementor-column elementor-col-100 elementor-top-column elementor-element elementor-element-cc9ef2b\" data-id=\"cc9ef2b\" data-element_type=\"column\" data-e-type=\"column\">\n\t\t\t<div class=\"elementor-widget-wrap elementor-element-populated\">\n\t\t\t\t\t\t<div class=\"elementor-element elementor-element-d45c440 elementor-widget elementor-widget-button\" data-id=\"d45c440\" data-element_type=\"widget\" data-e-type=\"widget\" data-widget_type=\"button.default\">\n\t\t\t\t<div class=\"elementor-widget-container\">\n\t\t\t\t\t\t\t\t\t<div class=\"elementor-button-wrapper\">\n\t\t\t\t\t<a class=\"elementor-button elementor-button-link elementor-size-sm\" href=\"https:\/\/ingenia-gmbh.gmbh\/fr\/produits\/machines-specifiques-a-lapplication\/industrie-de-lemballage\/\">\n\t\t\t\t\t\t<span class=\"elementor-button-content-wrapper\">\n\t\t\t\t\t\t<span class=\"elementor-button-icon\">\n\t\t\t\t\t\t\t\t\t<i class=\"fa fa-angle-left\" aria-hidden=\"true\"><\/i>\n\t\t\t\t\t\t\t<\/span>\n\t\t\t\t\t\t\t\t\t<span class=\"elementor-button-text\">Retour<\/span>\n\t\t\t\t\t<\/span>\n\t\t\t\t\t<\/a>\n\t\t\t\t<\/div>\n\t\t\t\t\t\t\t\t<\/div>\n\t\t\t\t<\/div>\n\t\t\t\t\t<\/div>\n\t\t<\/div>\n\t\t\t\t\t<\/div>\n\t\t<\/section>\n\t\t\t\t<\/div>\n\t\t","protected":false},"excerpt":{"rendered":"<p>Machines \u00e0 souder universelles et pour bo\u00eetes S-KLT Les machines \u00e0 souder INGENIA de la s\u00e9rie S-KLT sont des machines sp\u00e9ciales robustes destin\u00e9es \u00e0 souder des mini-porteurs de charge \u00e0 &#8230;<\/p>\n","protected":false},"author":1,"featured_media":0,"parent":3443,"menu_order":2,"comment_status":"closed","ping_status":"closed","template":"template-fullwidth.php","meta":{"footnotes":""},"class_list":["post-3464","page","type-page","status-publish","hentry"],"_links":{"self":[{"href":"https:\/\/ingenia-gmbh.gmbh\/fr\/wp-json\/wp\/v2\/pages\/3464","targetHints":{"allow":["GET"]}}],"collection":[{"href":"https:\/\/ingenia-gmbh.gmbh\/fr\/wp-json\/wp\/v2\/pages"}],"about":[{"href":"https:\/\/ingenia-gmbh.gmbh\/fr\/wp-json\/wp\/v2\/types\/page"}],"author":[{"embeddable":true,"href":"https:\/\/ingenia-gmbh.gmbh\/fr\/wp-json\/wp\/v2\/users\/1"}],"replies":[{"embeddable":true,"href":"https:\/\/ingenia-gmbh.gmbh\/fr\/wp-json\/wp\/v2\/comments?post=3464"}],"version-history":[{"count":3,"href":"https:\/\/ingenia-gmbh.gmbh\/fr\/wp-json\/wp\/v2\/pages\/3464\/revisions"}],"predecessor-version":[{"id":4892,"href":"https:\/\/ingenia-gmbh.gmbh\/fr\/wp-json\/wp\/v2\/pages\/3464\/revisions\/4892"}],"up":[{"embeddable":true,"href":"https:\/\/ingenia-gmbh.gmbh\/fr\/wp-json\/wp\/v2\/pages\/3443"}],"wp:attachment":[{"href":"https:\/\/ingenia-gmbh.gmbh\/fr\/wp-json\/wp\/v2\/media?parent=3464"}],"curies":[{"name":"wp","href":"https:\/\/api.w.org\/{rel}","templated":true}]}}