{"id":3484,"date":"2019-07-09T21:36:31","date_gmt":"2019-07-09T20:36:31","guid":{"rendered":"https:\/\/ingenia-gmbh.gmbh\/produits\/machines-specifiques-a-lapplication\/soudage-de-profils-2\/"},"modified":"2019-11-01T16:55:57","modified_gmt":"2019-11-01T15:55:57","slug":"soudage-de-profils","status":"publish","type":"page","link":"https:\/\/ingenia-gmbh.gmbh\/fr\/produits\/machines-specifiques-a-lapplication\/soudage-de-profils\/","title":{"rendered":"Soudage de profils"},"content":{"rendered":"\t\t<div data-elementor-type=\"wp-post\" data-elementor-id=\"3484\" class=\"elementor elementor-3484 elementor-3140\" data-elementor-post-type=\"page\">\n\t\t\t\t\t\t<section class=\"elementor-section elementor-top-section elementor-element elementor-element-dc3eb6f elementor-section-boxed elementor-section-height-default elementor-section-height-default\" data-id=\"dc3eb6f\" data-element_type=\"section\" data-e-type=\"section\">\n\t\t\t\t\t\t<div class=\"elementor-container elementor-column-gap-default\">\n\t\t\t\t\t<div class=\"elementor-column elementor-col-50 elementor-top-column elementor-element elementor-element-6f7e351\" data-id=\"6f7e351\" data-element_type=\"column\" data-e-type=\"column\">\n\t\t\t<div class=\"elementor-widget-wrap elementor-element-populated\">\n\t\t\t\t\t\t<div class=\"elementor-element elementor-element-7a7111a elementor-widget elementor-widget-text-editor\" data-id=\"7a7111a\" data-element_type=\"widget\" data-e-type=\"widget\" data-widget_type=\"text-editor.default\">\n\t\t\t\t<div class=\"elementor-widget-container\">\n\t\t\t\t\t\t\t\t\t<h3><span style=\"color: #706e6f;\">Machine \u00e0 souder les profils <span style=\"color: #e40613;\">1.0 X-PV<\/span><\/span><\/h3>\n<p>Les machines \u00e0 souder les mati\u00e8res plastiques <span style=\"color: #e40613;\"><strong>IN<\/strong><strong>ENIA<\/strong><strong>G<\/strong><\/span>, de la s\u00e9rie 1.0 X-PV, sont des machines modulaires pour le soudage de profils de toutes sortes, de pi\u00e8ces moul\u00e9es ainsi que de panneaux. Ce faisant, le cycle de soudage est enti\u00e8rement automatique, le r\u00e9glage des param\u00e8tres d&rsquo;estampage les plus importants s&rsquo;effectue via l&rsquo;\u00e9cran. Les machines sont command\u00e9es via un API int\u00e9gr\u00e9. Tous les \u00e9l\u00e9ments de commande se trouvent dans le pupitre de commande.<br \/>\nLe processus de serrage est d\u00e9clench\u00e9 au moyen d&rsquo;une p\u00e9dale. Le r\u00e9glage des temps s&rsquo;effectue via l&rsquo;\u00e9cran.<br \/>\nLa temp\u00e9rature de l&rsquo;\u00e9l\u00e9ment chauffant est indiqu\u00e9e et saisie \u00e0 l&rsquo;\u00e9cran.<\/p>\n\t\t\t\t\t\t\t\t<\/div>\n\t\t\t\t<\/div>\n\t\t\t\t\t<\/div>\n\t\t<\/div>\n\t\t\t\t<div class=\"elementor-column elementor-col-50 elementor-top-column elementor-element elementor-element-f899fdc\" data-id=\"f899fdc\" data-element_type=\"column\" data-e-type=\"column\">\n\t\t\t<div class=\"elementor-widget-wrap elementor-element-populated\">\n\t\t\t\t\t\t<div class=\"elementor-element elementor-element-45b69ea elementor-widget elementor-widget-image\" data-id=\"45b69ea\" data-element_type=\"widget\" data-e-type=\"widget\" data-widget_type=\"image.default\">\n\t\t\t\t<div class=\"elementor-widget-container\">\n\t\t\t\t\t\t\t\t\t\t\t\t\t\t\t<img fetchpriority=\"high\" decoding=\"async\" width=\"603\" height=\"989\" src=\"https:\/\/ingenia-gmbh.gmbh\/wp-content\/uploads\/2017\/02\/Profile-welder-X-PV.jpg\" class=\"attachment-large size-large wp-image-2245\" alt=\"\" srcset=\"https:\/\/ingenia-gmbh.gmbh\/wp-content\/uploads\/2017\/02\/Profile-welder-X-PV.jpg 603w, https:\/\/ingenia-gmbh.gmbh\/wp-content\/uploads\/2017\/02\/Profile-welder-X-PV-183x300.jpg 183w\" sizes=\"(max-width: 603px) 100vw, 603px\" \/>\t\t\t\t\t\t\t\t\t\t\t\t\t\t\t<\/div>\n\t\t\t\t<\/div>\n\t\t\t\t\t<\/div>\n\t\t<\/div>\n\t\t\t\t\t<\/div>\n\t\t<\/section>\n\t\t\t\t<section class=\"elementor-section elementor-top-section elementor-element elementor-element-fde3178 elementor-section-boxed elementor-section-height-default elementor-section-height-default\" data-id=\"fde3178\" data-element_type=\"section\" data-e-type=\"section\">\n\t\t\t\t\t\t<div class=\"elementor-container elementor-column-gap-default\">\n\t\t\t\t\t<div class=\"elementor-column elementor-col-100 elementor-top-column elementor-element elementor-element-bdd00c9\" data-id=\"bdd00c9\" data-element_type=\"column\" data-e-type=\"column\">\n\t\t\t<div class=\"elementor-widget-wrap elementor-element-populated\">\n\t\t\t\t\t\t<div class=\"elementor-element elementor-element-7a5da05 elementor-widget elementor-widget-spacer\" data-id=\"7a5da05\" data-element_type=\"widget\" data-e-type=\"widget\" data-widget_type=\"spacer.default\">\n\t\t\t\t<div class=\"elementor-widget-container\">\n\t\t\t\t\t\t\t<div class=\"elementor-spacer\">\n\t\t\t<div class=\"elementor-spacer-inner\"><\/div>\n\t\t<\/div>\n\t\t\t\t\t\t<\/div>\n\t\t\t\t<\/div>\n\t\t\t\t\t<\/div>\n\t\t<\/div>\n\t\t\t\t\t<\/div>\n\t\t<\/section>\n\t\t\t\t<section class=\"elementor-section elementor-top-section elementor-element elementor-element-d7806d7 elementor-section-boxed elementor-section-height-default elementor-section-height-default\" data-id=\"d7806d7\" data-element_type=\"section\" data-e-type=\"section\">\n\t\t\t\t\t\t<div class=\"elementor-container elementor-column-gap-default\">\n\t\t\t\t\t<div class=\"elementor-column elementor-col-100 elementor-top-column elementor-element elementor-element-0766fce\" data-id=\"0766fce\" data-element_type=\"column\" data-e-type=\"column\">\n\t\t\t<div class=\"elementor-widget-wrap elementor-element-populated\">\n\t\t\t\t\t\t<div class=\"elementor-element elementor-element-db9b7a5 elementor-widget elementor-widget-text-editor\" data-id=\"db9b7a5\" data-element_type=\"widget\" data-e-type=\"widget\" data-widget_type=\"text-editor.default\">\n\t\t\t\t<div class=\"elementor-widget-container\">\n\t\t\t\t\t\t\t\t\t<table>\n<tbody>\n<tr>\n<td width=\"232\"><strong>Mod\u00e8le <\/strong><\/td>\n<td width=\"232\"><strong>Largeur de l\u2019\u00e9l\u00e9ment chauffant <\/strong><\/td>\n<td width=\"232\"><strong>Hauteur de serrage <\/strong><\/td>\n<\/tr>\n<tr>\n<td width=\"232\">1.0 X-PV<\/td>\n<td width=\"232\">280 mm<\/td>\n<td width=\"232\">120 mm<\/td>\n<\/tr>\n<\/tbody>\n<\/table>\n\t\t\t\t\t\t\t\t<\/div>\n\t\t\t\t<\/div>\n\t\t\t\t<div class=\"elementor-element elementor-element-84ced0d elementor-widget elementor-widget-spacer\" data-id=\"84ced0d\" data-element_type=\"widget\" data-e-type=\"widget\" data-widget_type=\"spacer.default\">\n\t\t\t\t<div class=\"elementor-widget-container\">\n\t\t\t\t\t\t\t<div class=\"elementor-spacer\">\n\t\t\t<div class=\"elementor-spacer-inner\"><\/div>\n\t\t<\/div>\n\t\t\t\t\t\t<\/div>\n\t\t\t\t<\/div>\n\t\t\t\t\t<\/div>\n\t\t<\/div>\n\t\t\t\t\t<\/div>\n\t\t<\/section>\n\t\t\t\t<section class=\"elementor-section elementor-top-section elementor-element elementor-element-61b59b6 elementor-section-boxed elementor-section-height-default elementor-section-height-default\" data-id=\"61b59b6\" data-element_type=\"section\" data-e-type=\"section\">\n\t\t\t\t\t\t<div class=\"elementor-container elementor-column-gap-default\">\n\t\t\t\t\t<div class=\"elementor-column elementor-col-100 elementor-top-column elementor-element elementor-element-a2a94d3\" data-id=\"a2a94d3\" data-element_type=\"column\" data-e-type=\"column\">\n\t\t\t<div class=\"elementor-widget-wrap elementor-element-populated\">\n\t\t\t\t\t\t<div class=\"elementor-element elementor-element-cc3c06d elementor-widget elementor-widget-text-editor\" data-id=\"cc3c06d\" data-element_type=\"widget\" data-e-type=\"widget\" data-widget_type=\"text-editor.default\">\n\t\t\t\t<div class=\"elementor-widget-container\">\n\t\t\t\t\t\t\t\t\t<h3><span style=\"color: #706e6f;\"><strong>\u00c9quipement suppl\u00e9mentaire <\/strong>\u00a0<span style=\"color: #e40613;\">1.0 X-PV<\/span><\/span><\/h3>\n<ul>\n<li>\u00c9l\u00e9ment chauffant de 420 mm de long (longueur utile 380 mm)<\/li>\n<li>Extension de la hauteur de serrage de 120 mm \u00e0 180 mm<\/li>\n<li>Couteaux r\u00e9glables et tremp\u00e9s 0,2 &#8211; 2 mm<\/li>\n<li>Chauffage couteaux en haut \/ en bas avec r\u00e9gulateur<\/li>\n<li>1 paire de bras supports pivotants<\/li>\n<li>Commande de s\u00e9curit\u00e9 \u00e0 deux mains<\/li>\n<li>Serrage au choix \u00e0 gauche \/ \u00e0 droite<\/li>\n<li>Peinture sp\u00e9ciale<\/li>\n<\/ul>\n\t\t\t\t\t\t\t\t<\/div>\n\t\t\t\t<\/div>\n\t\t\t\t\t<\/div>\n\t\t<\/div>\n\t\t\t\t\t<\/div>\n\t\t<\/section>\n\t\t\t\t<section class=\"elementor-section elementor-top-section elementor-element elementor-element-1c98d89 elementor-section-boxed elementor-section-height-default elementor-section-height-default\" data-id=\"1c98d89\" data-element_type=\"section\" data-e-type=\"section\">\n\t\t\t\t\t\t<div class=\"elementor-container elementor-column-gap-default\">\n\t\t\t\t\t<div class=\"elementor-column elementor-col-100 elementor-top-column elementor-element elementor-element-80971a7\" data-id=\"80971a7\" data-element_type=\"column\" data-e-type=\"column\">\n\t\t\t<div class=\"elementor-widget-wrap elementor-element-populated\">\n\t\t\t\t\t\t<div class=\"elementor-element elementor-element-17e9d46 elementor-widget elementor-widget-button\" data-id=\"17e9d46\" data-element_type=\"widget\" data-e-type=\"widget\" data-widget_type=\"button.default\">\n\t\t\t\t<div class=\"elementor-widget-container\">\n\t\t\t\t\t\t\t\t\t<div class=\"elementor-button-wrapper\">\n\t\t\t\t\t<a class=\"elementor-button elementor-button-link elementor-size-sm\" href=\"https:\/\/ingenia-gmbh.gmbh\/produkte\/anwendungsspezifisch\/\">\n\t\t\t\t\t\t<span class=\"elementor-button-content-wrapper\">\n\t\t\t\t\t\t<span class=\"elementor-button-icon\">\n\t\t\t\t\t\t\t\t\t<i class=\"fa fa-angle-left\" aria-hidden=\"true\"><\/i>\n\t\t\t\t\t\t\t<\/span>\n\t\t\t\t\t\t\t\t\t<span class=\"elementor-button-text\">Retour<\/span>\n\t\t\t\t\t<\/span>\n\t\t\t\t\t<\/a>\n\t\t\t\t<\/div>\n\t\t\t\t\t\t\t\t<\/div>\n\t\t\t\t<\/div>\n\t\t\t\t\t<\/div>\n\t\t<\/div>\n\t\t\t\t\t<\/div>\n\t\t<\/section>\n\t\t\t\t<\/div>\n\t\t","protected":false},"excerpt":{"rendered":"<p>Machine \u00e0 souder les profils 1.0 X-PV Les machines \u00e0 souder les mati\u00e8res plastiques INENIAG, de la s\u00e9rie 1.0 X-PV, sont des machines modulaires pour le soudage de profils de &#8230;<\/p>\n","protected":false},"author":1,"featured_media":0,"parent":2925,"menu_order":4,"comment_status":"closed","ping_status":"closed","template":"template-fullwidth.php","meta":{"footnotes":""},"class_list":["post-3484","page","type-page","status-publish","hentry"],"_links":{"self":[{"href":"https:\/\/ingenia-gmbh.gmbh\/fr\/wp-json\/wp\/v2\/pages\/3484","targetHints":{"allow":["GET"]}}],"collection":[{"href":"https:\/\/ingenia-gmbh.gmbh\/fr\/wp-json\/wp\/v2\/pages"}],"about":[{"href":"https:\/\/ingenia-gmbh.gmbh\/fr\/wp-json\/wp\/v2\/types\/page"}],"author":[{"embeddable":true,"href":"https:\/\/ingenia-gmbh.gmbh\/fr\/wp-json\/wp\/v2\/users\/1"}],"replies":[{"embeddable":true,"href":"https:\/\/ingenia-gmbh.gmbh\/fr\/wp-json\/wp\/v2\/comments?post=3484"}],"version-history":[{"count":6,"href":"https:\/\/ingenia-gmbh.gmbh\/fr\/wp-json\/wp\/v2\/pages\/3484\/revisions"}],"predecessor-version":[{"id":4976,"href":"https:\/\/ingenia-gmbh.gmbh\/fr\/wp-json\/wp\/v2\/pages\/3484\/revisions\/4976"}],"up":[{"embeddable":true,"href":"https:\/\/ingenia-gmbh.gmbh\/fr\/wp-json\/wp\/v2\/pages\/2925"}],"wp:attachment":[{"href":"https:\/\/ingenia-gmbh.gmbh\/fr\/wp-json\/wp\/v2\/media?parent=3484"}],"curies":[{"name":"wp","href":"https:\/\/api.w.org\/{rel}","templated":true}]}}