{"id":3488,"date":"2019-07-09T21:40:39","date_gmt":"2019-07-09T20:40:39","guid":{"rendered":"https:\/\/ingenia-gmbh.gmbh\/produits\/machines-de-cintrage\/plinthe-chauffante-de-table-ht-2\/"},"modified":"2019-11-01T16:49:09","modified_gmt":"2019-11-01T15:49:09","slug":"plinthe-chauffante-de-table-ht","status":"publish","type":"page","link":"https:\/\/ingenia-gmbh.gmbh\/fr\/produits\/machines-de-cintrage\/plinthe-chauffante-de-table-ht\/","title":{"rendered":"Plinthe chauffante de table HT"},"content":{"rendered":"\t\t<div data-elementor-type=\"wp-post\" data-elementor-id=\"3488\" class=\"elementor elementor-3488 elementor-3062\" data-elementor-post-type=\"page\">\n\t\t\t\t\t\t<section class=\"elementor-section elementor-top-section elementor-element elementor-element-54f7f1d elementor-section-boxed elementor-section-height-default elementor-section-height-default\" data-id=\"54f7f1d\" data-element_type=\"section\" data-e-type=\"section\">\n\t\t\t\t\t\t<div class=\"elementor-container elementor-column-gap-default\">\n\t\t\t\t\t<div class=\"elementor-column elementor-col-50 elementor-top-column elementor-element elementor-element-24a6088\" data-id=\"24a6088\" data-element_type=\"column\" data-e-type=\"column\">\n\t\t\t<div class=\"elementor-widget-wrap elementor-element-populated\">\n\t\t\t\t\t\t<div class=\"elementor-element elementor-element-5c63ac9 elementor-widget elementor-widget-text-editor\" data-id=\"5c63ac9\" data-element_type=\"widget\" data-e-type=\"widget\" data-widget_type=\"text-editor.default\">\n\t\t\t\t<div class=\"elementor-widget-container\">\n\t\t\t\t\t\t\t\t\t<h3><span style=\"color: #706e6f;\">Plinthe chauffante de table <span style=\"color: #e40613;\">HT<\/span><\/span><\/h3>\n<p>La plinthe chauffante de table, mod\u00e8le HT, sert au r\u00e9chauffement sans contact de panneaux en mati\u00e8re plastique, amorphes ou partiellement cristallins (p. ex. PVC-U, PMMA). Radiateur simple (230 V) avec r\u00e9glage de temp\u00e9rature num\u00e9rique, serre-flanc et surface d&rsquo;appui en bois r\u00e9glable en largeur et hauteur. Disponible en option avec but\u00e9e parall\u00e8le, minuterie avec signal acoustique, barrette chanfrein\u00e9e t\u00e9flonn\u00e9e.<\/p>\n<p>Disponible dans les largeurs de travail de 0,5 m, 1 m, 1,5 m, 2 m et 3 m.<\/p>\n\t\t\t\t\t\t\t\t<\/div>\n\t\t\t\t<\/div>\n\t\t\t\t\t<\/div>\n\t\t<\/div>\n\t\t\t\t<div class=\"elementor-column elementor-col-50 elementor-top-column elementor-element elementor-element-3fbe931\" data-id=\"3fbe931\" data-element_type=\"column\" data-e-type=\"column\">\n\t\t\t<div class=\"elementor-widget-wrap elementor-element-populated\">\n\t\t\t\t\t\t<div class=\"elementor-element elementor-element-4115dfd elementor-widget elementor-widget-image\" data-id=\"4115dfd\" data-element_type=\"widget\" data-e-type=\"widget\" data-widget_type=\"image.default\">\n\t\t\t\t<div class=\"elementor-widget-container\">\n\t\t\t\t\t\t\t\t\t\t\t\t\t\t\t<img fetchpriority=\"high\" decoding=\"async\" width=\"800\" height=\"494\" src=\"https:\/\/ingenia-gmbh.gmbh\/wp-content\/uploads\/2016\/07\/05-HT-1024x632.jpg\" class=\"attachment-large size-large wp-image-1920\" alt=\"\" srcset=\"https:\/\/ingenia-gmbh.gmbh\/wp-content\/uploads\/2016\/07\/05-HT-1024x632.jpg 1024w, https:\/\/ingenia-gmbh.gmbh\/wp-content\/uploads\/2016\/07\/05-HT-300x185.jpg 300w, https:\/\/ingenia-gmbh.gmbh\/wp-content\/uploads\/2016\/07\/05-HT-768x474.jpg 768w\" sizes=\"(max-width: 800px) 100vw, 800px\" \/>\t\t\t\t\t\t\t\t\t\t\t\t\t\t\t<\/div>\n\t\t\t\t<\/div>\n\t\t\t\t\t<\/div>\n\t\t<\/div>\n\t\t\t\t\t<\/div>\n\t\t<\/section>\n\t\t\t\t<section class=\"elementor-section elementor-top-section elementor-element elementor-element-ae5eb4a elementor-section-boxed elementor-section-height-default elementor-section-height-default\" data-id=\"ae5eb4a\" data-element_type=\"section\" data-e-type=\"section\">\n\t\t\t\t\t\t<div class=\"elementor-container elementor-column-gap-default\">\n\t\t\t\t\t<div class=\"elementor-column elementor-col-100 elementor-top-column elementor-element elementor-element-40bf183\" data-id=\"40bf183\" data-element_type=\"column\" data-e-type=\"column\">\n\t\t\t<div class=\"elementor-widget-wrap elementor-element-populated\">\n\t\t\t\t\t\t<div class=\"elementor-element elementor-element-d0e48be elementor-widget elementor-widget-spacer\" data-id=\"d0e48be\" data-element_type=\"widget\" data-e-type=\"widget\" data-widget_type=\"spacer.default\">\n\t\t\t\t<div class=\"elementor-widget-container\">\n\t\t\t\t\t\t\t<div class=\"elementor-spacer\">\n\t\t\t<div class=\"elementor-spacer-inner\"><\/div>\n\t\t<\/div>\n\t\t\t\t\t\t<\/div>\n\t\t\t\t<\/div>\n\t\t\t\t\t<\/div>\n\t\t<\/div>\n\t\t\t\t\t<\/div>\n\t\t<\/section>\n\t\t\t\t<section class=\"elementor-section elementor-top-section elementor-element elementor-element-8d62957 elementor-section-boxed elementor-section-height-default elementor-section-height-default\" data-id=\"8d62957\" data-element_type=\"section\" data-e-type=\"section\">\n\t\t\t\t\t\t<div class=\"elementor-container elementor-column-gap-default\">\n\t\t\t\t\t<div class=\"elementor-column elementor-col-100 elementor-top-column elementor-element elementor-element-52ed133\" data-id=\"52ed133\" data-element_type=\"column\" data-e-type=\"column\">\n\t\t\t<div class=\"elementor-widget-wrap elementor-element-populated\">\n\t\t\t\t\t\t<div class=\"elementor-element elementor-element-dffe76e elementor-widget elementor-widget-text-editor\" data-id=\"dffe76e\" data-element_type=\"widget\" data-e-type=\"widget\" data-widget_type=\"text-editor.default\">\n\t\t\t\t<div class=\"elementor-widget-container\">\n\t\t\t\t\t\t\t\t\t<table style=\"height: 492px;\" width=\"159\">\n<tbody>\n<tr>\n<td width=\"302\"><strong>Mod\u00e8le <\/strong><\/td>\n<td width=\"302\"><strong>Largeur de travail <\/strong><\/td>\n<\/tr>\n<tr>\n<td width=\"302\">05 HT<\/td>\n<td width=\"302\">500 mm<\/td>\n<\/tr>\n<tr>\n<td width=\"302\">10 HT<\/td>\n<td width=\"302\">1.000 mm<\/td>\n<\/tr>\n<tr>\n<td width=\"302\">15 HT<\/td>\n<td width=\"302\">1.500 mm<\/td>\n<\/tr>\n<tr>\n<td width=\"302\">20 HT<\/td>\n<td width=\"302\">2.000 mm<\/td>\n<\/tr>\n<tr>\n<td width=\"302\">30 HT<\/td>\n<td width=\"302\">3.000 mm<\/td>\n<\/tr>\n<tr>\n<td width=\"302\">2.05 HT<\/td>\n<td width=\"302\">500 mm<\/td>\n<\/tr>\n<tr>\n<td width=\"302\">2.10 HT<\/td>\n<td width=\"302\">1.000 mm<\/td>\n<\/tr>\n<tr>\n<td width=\"302\">2.15 HT<\/td>\n<td width=\"302\">1.500 mm<\/td>\n<\/tr>\n<tr>\n<td width=\"302\">2.20 HT<\/td>\n<td width=\"302\">2.000 mm<\/td>\n<\/tr>\n<tr>\n<td width=\"302\">2.30 HT<\/td>\n<td width=\"302\">3.000 mm<\/td>\n<\/tr>\n<\/tbody>\n<\/table>\n\t\t\t\t\t\t\t\t<\/div>\n\t\t\t\t<\/div>\n\t\t\t\t\t<\/div>\n\t\t<\/div>\n\t\t\t\t\t<\/div>\n\t\t<\/section>\n\t\t\t\t<section class=\"elementor-section elementor-top-section elementor-element elementor-element-d9bb703 elementor-section-boxed elementor-section-height-default elementor-section-height-default\" data-id=\"d9bb703\" data-element_type=\"section\" data-e-type=\"section\">\n\t\t\t\t\t\t<div class=\"elementor-container elementor-column-gap-default\">\n\t\t\t\t\t<div class=\"elementor-column elementor-col-100 elementor-top-column elementor-element elementor-element-1ac99b6\" data-id=\"1ac99b6\" data-element_type=\"column\" data-e-type=\"column\">\n\t\t\t<div class=\"elementor-widget-wrap elementor-element-populated\">\n\t\t\t\t\t\t<div class=\"elementor-element elementor-element-559ff26 elementor-widget elementor-widget-button\" data-id=\"559ff26\" data-element_type=\"widget\" data-e-type=\"widget\" data-widget_type=\"button.default\">\n\t\t\t\t<div class=\"elementor-widget-container\">\n\t\t\t\t\t\t\t\t\t<div class=\"elementor-button-wrapper\">\n\t\t\t\t\t<a class=\"elementor-button elementor-button-link elementor-size-sm\" href=\"https:\/\/ingenia-gmbh.gmbh\/fr\/produits\/machines-de-cintrage\/\">\n\t\t\t\t\t\t<span class=\"elementor-button-content-wrapper\">\n\t\t\t\t\t\t<span class=\"elementor-button-icon\">\n\t\t\t\t\t\t\t\t\t<i class=\"fa fa-angle-left\" aria-hidden=\"true\"><\/i>\n\t\t\t\t\t\t\t<\/span>\n\t\t\t\t\t\t\t\t\t<span class=\"elementor-button-text\">Retour<\/span>\n\t\t\t\t\t<\/span>\n\t\t\t\t\t<\/a>\n\t\t\t\t<\/div>\n\t\t\t\t\t\t\t\t<\/div>\n\t\t\t\t<\/div>\n\t\t\t\t\t<\/div>\n\t\t<\/div>\n\t\t\t\t\t<\/div>\n\t\t<\/section>\n\t\t\t\t<\/div>\n\t\t","protected":false},"excerpt":{"rendered":"<p>Plinthe chauffante de table HT La plinthe chauffante de table, mod\u00e8le HT, sert au r\u00e9chauffement sans contact de panneaux en mati\u00e8re plastique, amorphes ou partiellement cristallins (p. ex. PVC-U, PMMA). &#8230;<\/p>\n","protected":false},"author":1,"featured_media":0,"parent":3452,"menu_order":4,"comment_status":"closed","ping_status":"closed","template":"template-fullwidth.php","meta":{"footnotes":""},"class_list":["post-3488","page","type-page","status-publish","hentry"],"_links":{"self":[{"href":"https:\/\/ingenia-gmbh.gmbh\/fr\/wp-json\/wp\/v2\/pages\/3488","targetHints":{"allow":["GET"]}}],"collection":[{"href":"https:\/\/ingenia-gmbh.gmbh\/fr\/wp-json\/wp\/v2\/pages"}],"about":[{"href":"https:\/\/ingenia-gmbh.gmbh\/fr\/wp-json\/wp\/v2\/types\/page"}],"author":[{"embeddable":true,"href":"https:\/\/ingenia-gmbh.gmbh\/fr\/wp-json\/wp\/v2\/users\/1"}],"replies":[{"embeddable":true,"href":"https:\/\/ingenia-gmbh.gmbh\/fr\/wp-json\/wp\/v2\/comments?post=3488"}],"version-history":[{"count":3,"href":"https:\/\/ingenia-gmbh.gmbh\/fr\/wp-json\/wp\/v2\/pages\/3488\/revisions"}],"predecessor-version":[{"id":4958,"href":"https:\/\/ingenia-gmbh.gmbh\/fr\/wp-json\/wp\/v2\/pages\/3488\/revisions\/4958"}],"up":[{"embeddable":true,"href":"https:\/\/ingenia-gmbh.gmbh\/fr\/wp-json\/wp\/v2\/pages\/3452"}],"wp:attachment":[{"href":"https:\/\/ingenia-gmbh.gmbh\/fr\/wp-json\/wp\/v2\/media?parent=3488"}],"curies":[{"name":"wp","href":"https:\/\/api.w.org\/{rel}","templated":true}]}}