{"id":3498,"date":"2019-07-09T21:49:28","date_gmt":"2019-07-09T20:49:28","guid":{"rendered":"https:\/\/ingenia-gmbh.gmbh\/produits\/appareil-dessai-de-cintrage-3\/"},"modified":"2019-08-31T13:42:34","modified_gmt":"2019-08-31T12:42:34","slug":"appareil-dessai-de-cintrage","status":"publish","type":"page","link":"https:\/\/ingenia-gmbh.gmbh\/fr\/produits\/appareil-dessai-de-cintrage\/","title":{"rendered":"Appareil d\u2019essai de cintrage"},"content":{"rendered":"\t\t<div data-elementor-type=\"wp-post\" data-elementor-id=\"3498\" class=\"elementor elementor-3498 elementor-2838\" data-elementor-post-type=\"page\">\n\t\t\t\t\t\t<section class=\"elementor-section elementor-top-section elementor-element elementor-element-bd8b6b1 elementor-section-boxed elementor-section-height-default elementor-section-height-default\" data-id=\"bd8b6b1\" data-element_type=\"section\" data-e-type=\"section\">\n\t\t\t\t\t\t<div class=\"elementor-container elementor-column-gap-default\">\n\t\t\t\t\t<div class=\"elementor-column elementor-col-50 elementor-top-column elementor-element elementor-element-60d51fe\" data-id=\"60d51fe\" data-element_type=\"column\" data-e-type=\"column\">\n\t\t\t<div class=\"elementor-widget-wrap elementor-element-populated\">\n\t\t\t\t\t\t<div class=\"elementor-element elementor-element-2be9d55 elementor-widget elementor-widget-text-editor\" data-id=\"2be9d55\" data-element_type=\"widget\" data-e-type=\"widget\" data-widget_type=\"text-editor.default\">\n\t\t\t\t<div class=\"elementor-widget-container\">\n\t\t\t\t\t\t\t\t\t<h3><span style=\"color: #706e6f;\">Appareil d&rsquo;essai de cintrage <span style=\"color: #e40613;\">01.30 BP<\/span><\/span><\/h3>\n<p>Le contr\u00f4le de la qualit\u00e9 est un \u00e9l\u00e9ment essentiel d&rsquo;une production moderne. Pour v\u00e9rifier la qualit\u00e9 d&rsquo;une soudure thermoplastique, l&rsquo;association allemande pour les techniques de soudage e.V. recommande ou la directive EN correspondante prescrit le test technologique d&rsquo;angle de cintrage. C&rsquo;est \u00e0 cette fin que l\u2019appareil d&rsquo;essai de cintrage 01.30 BP a \u00e9t\u00e9 d\u00e9velopp\u00e9.<\/p>\n<p>L\u2019appareil d&rsquo;essai de cintrage 01.30 BP a \u00e9t\u00e9 construit en respectant strictement les exigences de la directive de contr\u00f4le DVS.<\/p>\n<p>Ce faisant, l&rsquo;appareil permet le contr\u00f4le des \u00e9chantillons suivants :<br \/>\n\u00c9paisseur HDPE\u00a0: 3 &#8211; 30 mm<br \/>\n\u00c9paisseur PP-H\u00a0: 3 &#8211; 25 mm<br \/>\n\u00c9paisseur PVDF\u00a0: 3 &#8211; 25 mm<br \/>\n\u00c9paisseur PVC-U\u00a0: 3 &#8211; 15 mm<\/p>\n<p>Le 01.30 BP permet de d\u00e9terminer la qualit\u00e9 de soudure au moyen d&rsquo;une mesure de course et \/ ou de l&rsquo;angle de cintrage.<\/p>\n\t\t\t\t\t\t\t\t<\/div>\n\t\t\t\t<\/div>\n\t\t\t\t\t<\/div>\n\t\t<\/div>\n\t\t\t\t<div class=\"elementor-column elementor-col-50 elementor-top-column elementor-element elementor-element-2abb7ec\" data-id=\"2abb7ec\" data-element_type=\"column\" data-e-type=\"column\">\n\t\t\t<div class=\"elementor-widget-wrap elementor-element-populated\">\n\t\t\t\t\t\t<div class=\"elementor-element elementor-element-3147ec4 elementor-widget elementor-widget-image\" data-id=\"3147ec4\" data-element_type=\"widget\" data-e-type=\"widget\" data-widget_type=\"image.default\">\n\t\t\t\t<div class=\"elementor-widget-container\">\n\t\t\t\t\t\t\t\t\t\t\t\t\t\t\t<img fetchpriority=\"high\" decoding=\"async\" width=\"800\" height=\"955\" src=\"https:\/\/ingenia-gmbh.gmbh\/wp-content\/uploads\/2019\/05\/ING_BP_TOTAL-858x1024.jpg\" class=\"attachment-large size-large wp-image-2842\" alt=\"\" srcset=\"https:\/\/ingenia-gmbh.gmbh\/wp-content\/uploads\/2019\/05\/ING_BP_TOTAL-858x1024.jpg 858w, https:\/\/ingenia-gmbh.gmbh\/wp-content\/uploads\/2019\/05\/ING_BP_TOTAL-251x300.jpg 251w, https:\/\/ingenia-gmbh.gmbh\/wp-content\/uploads\/2019\/05\/ING_BP_TOTAL-768x917.jpg 768w, https:\/\/ingenia-gmbh.gmbh\/wp-content\/uploads\/2019\/05\/ING_BP_TOTAL.jpg 945w\" sizes=\"(max-width: 800px) 100vw, 800px\" \/>\t\t\t\t\t\t\t\t\t\t\t\t\t\t\t<\/div>\n\t\t\t\t<\/div>\n\t\t\t\t\t<\/div>\n\t\t<\/div>\n\t\t\t\t\t<\/div>\n\t\t<\/section>\n\t\t\t\t<section class=\"elementor-section elementor-top-section elementor-element elementor-element-c2cbe85 elementor-section-boxed elementor-section-height-default elementor-section-height-default\" data-id=\"c2cbe85\" data-element_type=\"section\" data-e-type=\"section\">\n\t\t\t\t\t\t<div class=\"elementor-container elementor-column-gap-default\">\n\t\t\t\t\t<div class=\"elementor-column elementor-col-100 elementor-top-column elementor-element elementor-element-977927d\" data-id=\"977927d\" data-element_type=\"column\" data-e-type=\"column\">\n\t\t\t<div class=\"elementor-widget-wrap elementor-element-populated\">\n\t\t\t\t\t\t<div class=\"elementor-element elementor-element-7c497b8 elementor-widget elementor-widget-button\" data-id=\"7c497b8\" data-element_type=\"widget\" data-e-type=\"widget\" data-widget_type=\"button.default\">\n\t\t\t\t<div class=\"elementor-widget-container\">\n\t\t\t\t\t\t\t\t\t<div class=\"elementor-button-wrapper\">\n\t\t\t\t\t<a class=\"elementor-button elementor-button-link elementor-size-sm\" href=\"https:\/\/ingenia-gmbh.gmbh\/fr\/produits\/\">\n\t\t\t\t\t\t<span class=\"elementor-button-content-wrapper\">\n\t\t\t\t\t\t<span class=\"elementor-button-icon\">\n\t\t\t\t\t\t\t\t\t<i class=\"fa fa-angle-left\" aria-hidden=\"true\"><\/i>\n\t\t\t\t\t\t\t<\/span>\n\t\t\t\t\t\t\t\t\t<span class=\"elementor-button-text\">Retour<\/span>\n\t\t\t\t\t<\/span>\n\t\t\t\t\t<\/a>\n\t\t\t\t<\/div>\n\t\t\t\t\t\t\t\t<\/div>\n\t\t\t\t<\/div>\n\t\t\t\t\t<\/div>\n\t\t<\/div>\n\t\t\t\t\t<\/div>\n\t\t<\/section>\n\t\t\t\t<\/div>\n\t\t","protected":false},"excerpt":{"rendered":"<p>Appareil d&rsquo;essai de cintrage 01.30 BP Le contr\u00f4le de la qualit\u00e9 est un \u00e9l\u00e9ment essentiel d&rsquo;une production moderne. Pour v\u00e9rifier la qualit\u00e9 d&rsquo;une soudure thermoplastique, l&rsquo;association allemande pour les techniques &#8230;<\/p>\n","protected":false},"author":1,"featured_media":0,"parent":3396,"menu_order":6,"comment_status":"closed","ping_status":"closed","template":"template-fullwidth.php","meta":{"footnotes":""},"class_list":["post-3498","page","type-page","status-publish","hentry"],"_links":{"self":[{"href":"https:\/\/ingenia-gmbh.gmbh\/fr\/wp-json\/wp\/v2\/pages\/3498","targetHints":{"allow":["GET"]}}],"collection":[{"href":"https:\/\/ingenia-gmbh.gmbh\/fr\/wp-json\/wp\/v2\/pages"}],"about":[{"href":"https:\/\/ingenia-gmbh.gmbh\/fr\/wp-json\/wp\/v2\/types\/page"}],"author":[{"embeddable":true,"href":"https:\/\/ingenia-gmbh.gmbh\/fr\/wp-json\/wp\/v2\/users\/1"}],"replies":[{"embeddable":true,"href":"https:\/\/ingenia-gmbh.gmbh\/fr\/wp-json\/wp\/v2\/comments?post=3498"}],"version-history":[{"count":2,"href":"https:\/\/ingenia-gmbh.gmbh\/fr\/wp-json\/wp\/v2\/pages\/3498\/revisions"}],"predecessor-version":[{"id":4463,"href":"https:\/\/ingenia-gmbh.gmbh\/fr\/wp-json\/wp\/v2\/pages\/3498\/revisions\/4463"}],"up":[{"embeddable":true,"href":"https:\/\/ingenia-gmbh.gmbh\/fr\/wp-json\/wp\/v2\/pages\/3396"}],"wp:attachment":[{"href":"https:\/\/ingenia-gmbh.gmbh\/fr\/wp-json\/wp\/v2\/media?parent=3498"}],"curies":[{"name":"wp","href":"https:\/\/api.w.org\/{rel}","templated":true}]}}