{"id":2585,"date":"2018-09-06T14:07:46","date_gmt":"2018-09-06T13:07:46","guid":{"rendered":"https:\/\/ingenia-gmbh.gmbh\/?page_id=2585"},"modified":"2018-09-06T14:07:46","modified_gmt":"2018-09-06T13:07:46","slug":"informator","status":"publish","type":"page","link":"https:\/\/ingenia-gmbh.gmbh\/pl\/informator\/","title":{"rendered":"INFORMATOR"},"content":{"rendered":"<p>Informacje na podstawie \u00a7 5 ustawy o mediach elektronicznych:<\/p>\n<p>Forma prawna: sp\u00f3\u0142ka z ograniczon\u0105 odpowiedzialno\u015bci\u0105 (GmbH)<\/p>\n<p style=\"padding-left: 30px;\"><span style=\"color: #e40613;\"><strong>Ingenia GmbH<\/strong><\/span><br \/>\nHauptstra\u00dfe 72<br \/>\n56858 Altlay<br \/>\nGermany<\/p>\n<p><strong>Reprezentowana przez:<\/strong><br \/>\nDyrektor zarz\u0105dzaj\u0105cy: Otmar Weirich<\/p>\n<p><strong>Kontakt:<\/strong><\/p>\n<p>telefon: +49 \u2013 6543-50 49 0<br \/>\nfaks: +49 \u2013 6543-50 49 29<\/p>\n<p>e-mail: <a href=\"&#109;&#x61;&#x69;&#108;&#x74;&#x6f;&#58;&#x69;&#x6e;&#102;&#x6f;&#x40;&#105;&#x6e;&#x67;&#101;&#x6e;&#x69;&#97;&#x2d;&#x67;&#109;&#x62;&#x68;&#46;&#x64;&#x65;\"><strong>info&#64;i&#110;&#103;&#101;&#110;&#105;&#97;&#45;&#x67;&#x6d;&#x62;&#x68;&#x2e;&#x64;&#x65;<br \/>\n<\/strong><\/a><\/p>\n<p><strong>Wpis w rejestrze:<\/strong><br \/>\nrejestr handlowy<br \/>\nS\u0105d Okr\u0119gowy w Koblencji<br \/>\nHRB 7291<\/p>\n<p><strong>Identyfikator podatkowy:<\/strong><br \/>\nnumer identyfikacji podatkowej na podstawie \u00a727 ustawy o podatku obrotowym: DE 812 869 536<\/p>\n<p><strong><span style=\"color: #706e6f;\"><a href=\"https:\/\/ingenia-gmbh.gmbh\/wp-content\/uploads\/2018\/08\/General-Terms-and-Conditions.pdf\">General Terms and Conditions<\/a><\/span><\/strong><\/p>\n<p><strong>Wykluczenie odpowiedzialno\u015bci (nota prawna)<\/strong><\/p>\n<p><strong>Odpowiedzialno\u015b\u0107 za tre\u015b\u0107<\/strong><\/p>\n<p>Jako us\u0142ugodawca jeste\u015bmy odpowiedzialni za w\u0142asne tre\u015bci na tych stronach zgodnie z og\u00f3lnymi przepisami prawa na podstawie \u00a7 7 ust. 1 ustawy o mediach elektronicznych. Na podstawie \u00a7\u00a7 od 8 do 10 ustawy o mediach elektronicznych jako us\u0142ugodawca nie jeste\u015bmy jednak zobowi\u0105zani do nadzorowania przekazanych lub zapisanych informacji zewn\u0119trznych ani sprawdzania sytuacji wskazuj\u0105cych na dzia\u0142anie niezgodne z prawem. Nie zmienia to zobowi\u0105za\u0144 do usuwania lub blokowania korzystania z informacji na podstawie og\u00f3lnych przepis\u00f3w prawa. Zwi\u0105zana z tym odpowiedzialno\u015b\u0107 jest natomiast mo\u017cliwa dopiero od momentu dowiedzenia si\u0119 o konkretnym naruszeniu prawa. Po ujawnieniu przypadk\u00f3w naruszenia prawa niezw\u0142ocznie usuniemy takie tre\u015bci.<\/p>\n<p><strong>Odpowiedzialno\u015b\u0107 za linki<\/strong><\/p>\n<p>Nasza witryna zawiera linki do zewn\u0119trznych stron innych firm, na kt\u00f3rych tre\u015bci nie mamy \u017cadnego wp\u0142ywu. Dlatego za te tre\u015bci zewn\u0119trzne nie mo\u017cemy ponosi\u0107 odpowiedzialno\u015bci. Za tre\u015bci stron zlinkowanych odpowiada zawsze dany operator lub zarz\u0105dzaj\u0105cy stronami. Strony zlinkowane zosta\u0142y sprawdzone w momencie zlinkowania pod wzgl\u0119dem mo\u017cliwych narusze\u0144 prawa. W momencie zlinkowania nie stwierdzono tre\u015bci niezgodnych z prawem. Bez konkretnych przypuszcze\u0144 dotycz\u0105cych naruszenia prawa sta\u0142a kontrola tre\u015bci stron zlinkowanych nie jest zasadna. Po ujawnieniu przypadk\u00f3w naruszenia prawa niezw\u0142ocznie usuniemy takie linki.<\/p>\n<p><strong>Prawo autorskie<\/strong><\/p>\n<p>Utworzone przez zarz\u0105dzaj\u0105cych stronami tre\u015bci i dzie\u0142a na tych stronach podlegaj\u0105 niemieckiemu prawu autorskiemu. Powielanie, edytowanie, rozpowszechnianie i wszelkie sposoby wykorzystywania wykraczaj\u0105ce poza prawo autorskie wymagaj\u0105 pisemnej zgody danego autora lub tw\u00f3rcy. Pobieranie i kopiowanie tej strony jest dozwolone tylko do u\u017cytku prywatnego, a nie komercyjnego. Je\u017celi tre\u015bci na tej stronie nie zosta\u0142y utworzone przez zarz\u0105dzaj\u0105cych, uwzgl\u0119dniane s\u0105 prawa autorskie stron trzecich. W szczeg\u00f3lno\u015bci jako takie oznaczane s\u0105 tre\u015bci stron trzecich. Je\u017celi mimo to zauwa\u017cone zostanie naruszenie praw autorskich, prosimy o przekazanie odpowiedniej informacji. Po ujawnieniu przypadk\u00f3w naruszenia prawa niezw\u0142ocznie usuniemy takie tre\u015bci.<br \/>\nO\u015bwiadczenie o ochronie danych:<\/p>\n<p><strong>Ochrona danych<\/strong><\/p>\n<p>Korzystanie z naszej witryny jest zasadniczo mo\u017cliwe bez podawania danych osobowych. Je\u017celi na naszych stronach zbierane s\u0105 dane osobowe (na przyk\u0142ad nazwisko, adres lub adresy e-mail), odbywa si\u0119 to zawsze w miar\u0119 mo\u017cliwo\u015bci na zasadzie dobrowolno\u015bci. Dane te nie s\u0105 przekazywane osobom trzecim bez jednoznacznej zgody w\u0142a\u015bciciela.<\/p>\n<p>Informujemy, \u017ce podczas przesy\u0142ania danych w Internecie (np. w przypadku komunikacji mailowej) mog\u0105 wyst\u0119powa\u0107 luki w bezpiecze\u0144stwie. Ca\u0142kowita ochrona danych przed dost\u0119pem os\u00f3b trzecich nie jest mo\u017cliwa.<\/p>\n<p>Jednoznacznie nie wyra\u017ca si\u0119 zgody na korzystanie przez osoby trzecie z danych kontaktowych opublikowanych w ramach obowi\u0105zku informacyjnego w celu przesy\u0142ania niezam\u00f3wionej reklamy i materia\u0142\u00f3w informacyjnych. Zarz\u0105dzaj\u0105cy stronami zastrzegaj\u0105 sobie prawo do skorzystania z krok\u00f3w prawnych w przypadku niechcianego przesy\u0142ania informacji reklamowych, np. przez maile zawieraj\u0105ce spam.<br \/>\nInformacja, usuwanie, blokowanie<\/p>\n<p>U\u017cytkownik ma w ka\u017cdej chwili prawo do uzyskania bezp\u0142atnej informacji o swoich zapisanych danych osobowych, ich pochodzeniu oraz o odbiorcy i celu przetwarzania danych, a tak\u017ce o prawie do poprawienia, zablokowania lub usuni\u0119cia tych danych. W przypadku pyta\u0144 w tej sprawie lub innych dotycz\u0105cych danych osobowych u\u017cytkownik mo\u017ce w ka\u017cdej chwili zwr\u00f3ci\u0107 si\u0119 do nas korzystaj\u0105c z adresu zarz\u0105dzaj\u0105cego witryn\u0105 podanego w informatorze.<\/p>\n<p>&nbsp;<\/p>\n<p>&nbsp;<\/p>\n","protected":false},"excerpt":{"rendered":"<p>Informacje na podstawie \u00a7 5 ustawy o mediach elektronicznych: Forma prawna: sp\u00f3\u0142ka z ograniczon\u0105 odpowiedzialno\u015bci\u0105 (GmbH) Ingenia GmbH Hauptstra\u00dfe 72 56858 Altlay Germany Reprezentowana przez: Dyrektor zarz\u0105dzaj\u0105cy: Otmar Weirich Kontakt: &#8230;<\/p>\n","protected":false},"author":1,"featured_media":0,"parent":0,"menu_order":0,"comment_status":"closed","ping_status":"closed","template":"template-fullwidth.php","meta":{"footnotes":""},"class_list":["post-2585","page","type-page","status-publish","hentry"],"_links":{"self":[{"href":"https:\/\/ingenia-gmbh.gmbh\/pl\/wp-json\/wp\/v2\/pages\/2585","targetHints":{"allow":["GET"]}}],"collection":[{"href":"https:\/\/ingenia-gmbh.gmbh\/pl\/wp-json\/wp\/v2\/pages"}],"about":[{"href":"https:\/\/ingenia-gmbh.gmbh\/pl\/wp-json\/wp\/v2\/types\/page"}],"author":[{"embeddable":true,"href":"https:\/\/ingenia-gmbh.gmbh\/pl\/wp-json\/wp\/v2\/users\/1"}],"replies":[{"embeddable":true,"href":"https:\/\/ingenia-gmbh.gmbh\/pl\/wp-json\/wp\/v2\/comments?post=2585"}],"version-history":[{"count":2,"href":"https:\/\/ingenia-gmbh.gmbh\/pl\/wp-json\/wp\/v2\/pages\/2585\/revisions"}],"predecessor-version":[{"id":2587,"href":"https:\/\/ingenia-gmbh.gmbh\/pl\/wp-json\/wp\/v2\/pages\/2585\/revisions\/2587"}],"wp:attachment":[{"href":"https:\/\/ingenia-gmbh.gmbh\/pl\/wp-json\/wp\/v2\/media?parent=2585"}],"curies":[{"name":"wp","href":"https:\/\/api.w.org\/{rel}","templated":true}]}}