{"id":3627,"date":"2019-07-19T19:52:26","date_gmt":"2019-07-19T18:52:26","guid":{"rendered":"https:\/\/ingenia-gmbh.gmbh\/maszyny-do-poszczegolnych-zastosowan\/"},"modified":"2019-11-01T15:35:04","modified_gmt":"2019-11-01T14:35:04","slug":"maszyny-do-poszczegolnych-zastosowan","status":"publish","type":"page","link":"https:\/\/ingenia-gmbh.gmbh\/pl\/produkty\/maszyny-do-poszczegolnych-zastosowan\/","title":{"rendered":"Maszyny do poszczeg\u00f3lnych zastosowa\u0144"},"content":{"rendered":"\t\t<div data-elementor-type=\"wp-post\" data-elementor-id=\"3627\" class=\"elementor elementor-3627 elementor-2754\" data-elementor-post-type=\"page\">\n\t\t\t\t\t\t<section class=\"elementor-section elementor-top-section elementor-element elementor-element-94e6d78 elementor-section-content-middle elementor-section-boxed elementor-section-height-default elementor-section-height-default\" data-id=\"94e6d78\" data-element_type=\"section\" data-e-type=\"section\">\n\t\t\t\t\t\t<div class=\"elementor-container elementor-column-gap-wider\">\n\t\t\t\t\t<div class=\"elementor-column elementor-col-50 elementor-top-column elementor-element elementor-element-21182c2\" data-id=\"21182c2\" data-element_type=\"column\" data-e-type=\"column\">\n\t\t\t<div class=\"elementor-widget-wrap elementor-element-populated\">\n\t\t\t\t\t\t<div class=\"elementor-element elementor-element-90de70e elementor-widget elementor-widget-image\" data-id=\"90de70e\" data-element_type=\"widget\" data-e-type=\"widget\" data-widget_type=\"image.default\">\n\t\t\t\t<div class=\"elementor-widget-container\">\n\t\t\t\t\t\t\t\t\t\t\t\t<figure class=\"wp-caption\">\n\t\t\t\t\t\t\t\t\t\t\t<a href=\"https:\/\/ingenia-gmbh.gmbh\/pl\/produkty\/maszyny-do-poszczegolnych-zastosowan\/branza-opakowan\/\">\n\t\t\t\t\t\t\t<img fetchpriority=\"high\" decoding=\"async\" width=\"800\" height=\"525\" src=\"https:\/\/ingenia-gmbh.gmbh\/wp-content\/uploads\/2017\/02\/Rillanlage_neu-1024x672.jpg\" class=\"attachment-large size-large wp-image-2206\" alt=\"\" srcset=\"https:\/\/ingenia-gmbh.gmbh\/wp-content\/uploads\/2017\/02\/Rillanlage_neu-1024x672.jpg 1024w, https:\/\/ingenia-gmbh.gmbh\/wp-content\/uploads\/2017\/02\/Rillanlage_neu-300x197.jpg 300w, https:\/\/ingenia-gmbh.gmbh\/wp-content\/uploads\/2017\/02\/Rillanlage_neu-768x504.jpg 768w, https:\/\/ingenia-gmbh.gmbh\/wp-content\/uploads\/2017\/02\/Rillanlage_neu.jpg 1722w\" sizes=\"(max-width: 800px) 100vw, 800px\" \/>\t\t\t\t\t\t\t\t<\/a>\n\t\t\t\t\t\t\t\t\t\t\t<figcaption class=\"widget-image-caption wp-caption-text\">Bran\u017ca opakowa\u0144<\/figcaption>\n\t\t\t\t\t\t\t\t\t\t<\/figure>\n\t\t\t\t\t\t\t\t\t<\/div>\n\t\t\t\t<\/div>\n\t\t\t\t\t<\/div>\n\t\t<\/div>\n\t\t\t\t<div class=\"elementor-column elementor-col-50 elementor-top-column elementor-element elementor-element-96aa950\" data-id=\"96aa950\" data-element_type=\"column\" data-e-type=\"column\">\n\t\t\t<div class=\"elementor-widget-wrap elementor-element-populated\">\n\t\t\t\t\t\t<div class=\"elementor-element elementor-element-c82a884 elementor-widget elementor-widget-image\" data-id=\"c82a884\" data-element_type=\"widget\" data-e-type=\"widget\" data-widget_type=\"image.default\">\n\t\t\t\t<div class=\"elementor-widget-container\">\n\t\t\t\t\t\t\t\t\t\t\t\t<figure class=\"wp-caption\">\n\t\t\t\t\t\t\t\t\t\t\t<a href=\"https:\/\/ingenia-gmbh.gmbh\/pl\/produkty\/maszyny-do-poszczegolnych-zastosowan\/zgrzewanie-pojemnikow\/zgrzewarka-pojemnikow-dt\/\">\n\t\t\t\t\t\t\t<img decoding=\"async\" width=\"800\" height=\"532\" src=\"https:\/\/ingenia-gmbh.gmbh\/wp-content\/uploads\/2017\/01\/Drehtisch-DT-1024x681.jpg\" class=\"attachment-large size-large wp-image-2111\" alt=\"\" srcset=\"https:\/\/ingenia-gmbh.gmbh\/wp-content\/uploads\/2017\/01\/Drehtisch-DT-1024x681.jpg 1024w, https:\/\/ingenia-gmbh.gmbh\/wp-content\/uploads\/2017\/01\/Drehtisch-DT-300x199.jpg 300w, https:\/\/ingenia-gmbh.gmbh\/wp-content\/uploads\/2017\/01\/Drehtisch-DT-768x511.jpg 768w\" sizes=\"(max-width: 800px) 100vw, 800px\" \/>\t\t\t\t\t\t\t\t<\/a>\n\t\t\t\t\t\t\t\t\t\t\t<figcaption class=\"widget-image-caption wp-caption-text\">Zgrzewarka pojemnik\u00f3w DT<\/figcaption>\n\t\t\t\t\t\t\t\t\t\t<\/figure>\n\t\t\t\t\t\t\t\t\t<\/div>\n\t\t\t\t<\/div>\n\t\t\t\t\t<\/div>\n\t\t<\/div>\n\t\t\t\t\t<\/div>\n\t\t<\/section>\n\t\t\t\t<section class=\"elementor-section elementor-top-section elementor-element elementor-element-86405e1 elementor-section-boxed elementor-section-height-default elementor-section-height-default\" data-id=\"86405e1\" data-element_type=\"section\" data-e-type=\"section\">\n\t\t\t\t\t\t<div class=\"elementor-container elementor-column-gap-wider\">\n\t\t\t\t\t<div class=\"elementor-column elementor-col-50 elementor-top-column elementor-element elementor-element-711d7de\" data-id=\"711d7de\" data-element_type=\"column\" data-e-type=\"column\">\n\t\t\t<div class=\"elementor-widget-wrap elementor-element-populated\">\n\t\t\t\t\t\t<div class=\"elementor-element elementor-element-4eadadd elementor-widget elementor-widget-image\" data-id=\"4eadadd\" data-element_type=\"widget\" data-e-type=\"widget\" data-widget_type=\"image.default\">\n\t\t\t\t<div class=\"elementor-widget-container\">\n\t\t\t\t\t\t\t\t\t\t\t\t<figure class=\"wp-caption\">\n\t\t\t\t\t\t\t\t\t\t\t<a href=\"https:\/\/ingenia-gmbh.gmbh\/pl\/produkty\/maszyny-do-poszczegolnych-zastosowan\/zgrzewanie-palet\/\">\n\t\t\t\t\t\t\t<img decoding=\"async\" width=\"800\" height=\"534\" src=\"https:\/\/ingenia-gmbh.gmbh\/wp-content\/uploads\/2017\/01\/Freistellung_transparenti-1024x683.png\" class=\"attachment-large size-large wp-image-2141\" alt=\"\" srcset=\"https:\/\/ingenia-gmbh.gmbh\/wp-content\/uploads\/2017\/01\/Freistellung_transparenti-1024x683.png 1024w, https:\/\/ingenia-gmbh.gmbh\/wp-content\/uploads\/2017\/01\/Freistellung_transparenti-300x200.png 300w, https:\/\/ingenia-gmbh.gmbh\/wp-content\/uploads\/2017\/01\/Freistellung_transparenti-768x512.png 768w\" sizes=\"(max-width: 800px) 100vw, 800px\" \/>\t\t\t\t\t\t\t\t<\/a>\n\t\t\t\t\t\t\t\t\t\t\t<figcaption class=\"widget-image-caption wp-caption-text\">Zgrzewanie palet<\/figcaption>\n\t\t\t\t\t\t\t\t\t\t<\/figure>\n\t\t\t\t\t\t\t\t\t<\/div>\n\t\t\t\t<\/div>\n\t\t\t\t\t<\/div>\n\t\t<\/div>\n\t\t\t\t<div class=\"elementor-column elementor-col-50 elementor-top-column elementor-element elementor-element-0d812ca\" data-id=\"0d812ca\" data-element_type=\"column\" data-e-type=\"column\">\n\t\t\t<div class=\"elementor-widget-wrap elementor-element-populated\">\n\t\t\t\t\t\t<div class=\"elementor-element elementor-element-a6d22aa elementor-widget elementor-widget-image\" data-id=\"a6d22aa\" data-element_type=\"widget\" data-e-type=\"widget\" data-widget_type=\"image.default\">\n\t\t\t\t<div class=\"elementor-widget-container\">\n\t\t\t\t\t\t\t\t\t\t\t\t<figure class=\"wp-caption\">\n\t\t\t\t\t\t\t\t\t\t\t<a href=\"https:\/\/ingenia-gmbh.gmbh\/pl\/produkty\/maszyny-do-poszczegolnych-zastosowan\/zgrzewanie-profili\/\">\n\t\t\t\t\t\t\t<img loading=\"lazy\" decoding=\"async\" width=\"603\" height=\"989\" src=\"https:\/\/ingenia-gmbh.gmbh\/wp-content\/uploads\/2017\/02\/Profile-welder-X-PV.jpg\" class=\"attachment-full size-full wp-image-2246\" alt=\"\" srcset=\"https:\/\/ingenia-gmbh.gmbh\/wp-content\/uploads\/2017\/02\/Profile-welder-X-PV.jpg 603w, https:\/\/ingenia-gmbh.gmbh\/wp-content\/uploads\/2017\/02\/Profile-welder-X-PV-183x300.jpg 183w\" sizes=\"(max-width: 603px) 100vw, 603px\" \/>\t\t\t\t\t\t\t\t<\/a>\n\t\t\t\t\t\t\t\t\t\t\t<figcaption class=\"widget-image-caption wp-caption-text\">Zgrzewanie profili<\/figcaption>\n\t\t\t\t\t\t\t\t\t\t<\/figure>\n\t\t\t\t\t\t\t\t\t<\/div>\n\t\t\t\t<\/div>\n\t\t\t\t\t<\/div>\n\t\t<\/div>\n\t\t\t\t\t<\/div>\n\t\t<\/section>\n\t\t\t\t<section class=\"elementor-section elementor-top-section elementor-element elementor-element-6e709d8 elementor-section-boxed elementor-section-height-default elementor-section-height-default\" data-id=\"6e709d8\" data-element_type=\"section\" data-e-type=\"section\">\n\t\t\t\t\t\t<div class=\"elementor-container elementor-column-gap-default\">\n\t\t\t\t\t<div class=\"elementor-column elementor-col-100 elementor-top-column elementor-element elementor-element-26c46c1\" data-id=\"26c46c1\" data-element_type=\"column\" data-e-type=\"column\">\n\t\t\t<div class=\"elementor-widget-wrap elementor-element-populated\">\n\t\t\t\t\t\t<div class=\"elementor-element elementor-element-5b3779b elementor-widget elementor-widget-image\" data-id=\"5b3779b\" data-element_type=\"widget\" data-e-type=\"widget\" data-widget_type=\"image.default\">\n\t\t\t\t<div class=\"elementor-widget-container\">\n\t\t\t\t\t\t\t\t\t\t\t\t<figure class=\"wp-caption\">\n\t\t\t\t\t\t\t\t\t\t\t<a href=\"https:\/\/ingenia-gmbh.gmbh\/pl\/produkty\/maszyny-do-poszczegolnych-zastosowan\/zgrzewanie-seryjne\/\">\n\t\t\t\t\t\t\t<img loading=\"lazy\" decoding=\"async\" width=\"1681\" height=\"1497\" src=\"https:\/\/ingenia-gmbh.gmbh\/wp-content\/uploads\/2017\/05\/Serienschwei\u00dfanlage_neu2.jpg\" class=\"attachment-full size-full wp-image-2466\" alt=\"\" srcset=\"https:\/\/ingenia-gmbh.gmbh\/wp-content\/uploads\/2017\/05\/Serienschwei\u00dfanlage_neu2.jpg 1681w, https:\/\/ingenia-gmbh.gmbh\/wp-content\/uploads\/2017\/05\/Serienschwei\u00dfanlage_neu2-300x267.jpg 300w, https:\/\/ingenia-gmbh.gmbh\/wp-content\/uploads\/2017\/05\/Serienschwei\u00dfanlage_neu2-768x684.jpg 768w, https:\/\/ingenia-gmbh.gmbh\/wp-content\/uploads\/2017\/05\/Serienschwei\u00dfanlage_neu2-1024x912.jpg 1024w\" sizes=\"(max-width: 1681px) 100vw, 1681px\" \/>\t\t\t\t\t\t\t\t<\/a>\n\t\t\t\t\t\t\t\t\t\t\t<figcaption class=\"widget-image-caption wp-caption-text\">Zgrzewanie seryjne<\/figcaption>\n\t\t\t\t\t\t\t\t\t\t<\/figure>\n\t\t\t\t\t\t\t\t\t<\/div>\n\t\t\t\t<\/div>\n\t\t\t\t\t<\/div>\n\t\t<\/div>\n\t\t\t\t\t<\/div>\n\t\t<\/section>\n\t\t\t\t<section class=\"elementor-section elementor-top-section elementor-element elementor-element-f0b0d97 elementor-section-boxed elementor-section-height-default elementor-section-height-default\" data-id=\"f0b0d97\" data-element_type=\"section\" data-e-type=\"section\">\n\t\t\t\t\t\t<div class=\"elementor-container elementor-column-gap-default\">\n\t\t\t\t\t<div class=\"elementor-column elementor-col-100 elementor-top-column elementor-element elementor-element-9998068\" data-id=\"9998068\" data-element_type=\"column\" data-e-type=\"column\">\n\t\t\t<div class=\"elementor-widget-wrap elementor-element-populated\">\n\t\t\t\t\t\t<div class=\"elementor-element elementor-element-6bc353c elementor-button-danger elementor-align-left elementor-widget elementor-widget-button\" data-id=\"6bc353c\" data-element_type=\"widget\" data-e-type=\"widget\" data-widget_type=\"button.default\">\n\t\t\t\t<div class=\"elementor-widget-container\">\n\t\t\t\t\t\t\t\t\t<div class=\"elementor-button-wrapper\">\n\t\t\t\t\t<a class=\"elementor-button elementor-button-link elementor-size-sm\" href=\"https:\/\/ingenia-gmbh.gmbh\/pl\/produkty\/\">\n\t\t\t\t\t\t<span class=\"elementor-button-content-wrapper\">\n\t\t\t\t\t\t<span class=\"elementor-button-icon\">\n\t\t\t\t\t\t\t\t\t<i class=\"fa fa-angle-left\" aria-hidden=\"true\"><\/i>\n\t\t\t\t\t\t\t<\/span>\n\t\t\t\t\t\t\t\t\t<span class=\"elementor-button-text\">cofnij<\/span>\n\t\t\t\t\t<\/span>\n\t\t\t\t\t<\/a>\n\t\t\t\t<\/div>\n\t\t\t\t\t\t\t\t<\/div>\n\t\t\t\t<\/div>\n\t\t\t\t\t<\/div>\n\t\t<\/div>\n\t\t\t\t\t<\/div>\n\t\t<\/section>\n\t\t\t\t<\/div>\n\t\t","protected":false},"excerpt":{"rendered":"<p>Bran\u017ca opakowa\u0144 Zgrzewarka pojemnik\u00f3w DT Zgrzewanie palet Zgrzewanie profili Zgrzewanie seryjne cofnij<\/p>\n","protected":false},"author":1,"featured_media":0,"parent":3645,"menu_order":3,"comment_status":"closed","ping_status":"closed","template":"template-fullwidth.php","meta":{"footnotes":""},"class_list":["post-3627","page","type-page","status-publish","hentry"],"_links":{"self":[{"href":"https:\/\/ingenia-gmbh.gmbh\/pl\/wp-json\/wp\/v2\/pages\/3627","targetHints":{"allow":["GET"]}}],"collection":[{"href":"https:\/\/ingenia-gmbh.gmbh\/pl\/wp-json\/wp\/v2\/pages"}],"about":[{"href":"https:\/\/ingenia-gmbh.gmbh\/pl\/wp-json\/wp\/v2\/types\/page"}],"author":[{"embeddable":true,"href":"https:\/\/ingenia-gmbh.gmbh\/pl\/wp-json\/wp\/v2\/users\/1"}],"replies":[{"embeddable":true,"href":"https:\/\/ingenia-gmbh.gmbh\/pl\/wp-json\/wp\/v2\/comments?post=3627"}],"version-history":[{"count":3,"href":"https:\/\/ingenia-gmbh.gmbh\/pl\/wp-json\/wp\/v2\/pages\/3627\/revisions"}],"predecessor-version":[{"id":4880,"href":"https:\/\/ingenia-gmbh.gmbh\/pl\/wp-json\/wp\/v2\/pages\/3627\/revisions\/4880"}],"up":[{"embeddable":true,"href":"https:\/\/ingenia-gmbh.gmbh\/pl\/wp-json\/wp\/v2\/pages\/3645"}],"wp:attachment":[{"href":"https:\/\/ingenia-gmbh.gmbh\/pl\/wp-json\/wp\/v2\/media?parent=3627"}],"curies":[{"name":"wp","href":"https:\/\/api.w.org\/{rel}","templated":true}]}}