{"id":3651,"date":"2019-07-19T20:09:51","date_gmt":"2019-07-19T19:09:51","guid":{"rendered":"https:\/\/ingenia-gmbh.gmbh\/serwis-2\/"},"modified":"2019-08-30T19:08:45","modified_gmt":"2019-08-30T18:08:45","slug":"serwis","status":"publish","type":"page","link":"https:\/\/ingenia-gmbh.gmbh\/pl\/serwis\/","title":{"rendered":"Serwis"},"content":{"rendered":"\t\t<div data-elementor-type=\"wp-post\" data-elementor-id=\"3651\" class=\"elementor elementor-3651 elementor-2874\" data-elementor-post-type=\"page\">\n\t\t\t\t\t\t<section class=\"elementor-section elementor-top-section elementor-element elementor-element-3f80cf6 elementor-section-boxed elementor-section-height-default elementor-section-height-default\" data-id=\"3f80cf6\" data-element_type=\"section\" data-e-type=\"section\">\n\t\t\t\t\t\t<div class=\"elementor-container elementor-column-gap-wider\">\n\t\t\t\t\t<div class=\"elementor-column elementor-col-50 elementor-top-column elementor-element elementor-element-9076189\" data-id=\"9076189\" data-element_type=\"column\" data-e-type=\"column\">\n\t\t\t<div class=\"elementor-widget-wrap elementor-element-populated\">\n\t\t\t\t\t\t<div class=\"elementor-element elementor-element-c907610 elementor-widget elementor-widget-image\" data-id=\"c907610\" data-element_type=\"widget\" data-e-type=\"widget\" data-widget_type=\"image.default\">\n\t\t\t\t<div class=\"elementor-widget-container\">\n\t\t\t\t\t\t\t\t\t\t\t\t\t\t\t<img fetchpriority=\"high\" decoding=\"async\" width=\"800\" height=\"599\" src=\"https:\/\/ingenia-gmbh.gmbh\/wp-content\/uploads\/2018\/04\/Auto-1024x767.jpg\" class=\"attachment-large size-large wp-image-2516\" alt=\"\" srcset=\"https:\/\/ingenia-gmbh.gmbh\/wp-content\/uploads\/2018\/04\/Auto-1024x767.jpg 1024w, https:\/\/ingenia-gmbh.gmbh\/wp-content\/uploads\/2018\/04\/Auto-300x225.jpg 300w, https:\/\/ingenia-gmbh.gmbh\/wp-content\/uploads\/2018\/04\/Auto-768x575.jpg 768w, https:\/\/ingenia-gmbh.gmbh\/wp-content\/uploads\/2018\/04\/Auto.jpg 1531w\" sizes=\"(max-width: 800px) 100vw, 800px\" \/>\t\t\t\t\t\t\t\t\t\t\t\t\t\t\t<\/div>\n\t\t\t\t<\/div>\n\t\t\t\t\t<\/div>\n\t\t<\/div>\n\t\t\t\t<div class=\"elementor-column elementor-col-50 elementor-top-column elementor-element elementor-element-641f6f2\" data-id=\"641f6f2\" data-element_type=\"column\" data-e-type=\"column\">\n\t\t\t<div class=\"elementor-widget-wrap elementor-element-populated\">\n\t\t\t\t\t\t<div class=\"elementor-element elementor-element-93efb54 elementor-widget elementor-widget-text-editor\" data-id=\"93efb54\" data-element_type=\"widget\" data-e-type=\"widget\" data-widget_type=\"text-editor.default\">\n\t\t\t\t<div class=\"elementor-widget-container\">\n\t\t\t\t\t\t\t\t\t<p><span style=\"color: #706e6f;\"><strong>Przyk\u0142adowy serwis<\/strong><\/span><\/p>\n<p><span style=\"color: #706e6f;\">Serwis funkcjonuje u nas szybko i p\u0142ynnie. Ma to ogromne znaczenie ze wzgl\u0119du na naszych mi\u0119dzynarodowych klient\u00f3w. Dostawcy komponent\u00f3w systemowych maj\u0105 do dyspozycji szerok\u0105 sie\u0107 serwisow\u0105 i gwarantuj\u0105 wymian\u0119 cz\u0119\u015bci bezpo\u015brednio na miejscu w zak\u0142adach.<\/span><\/p>\n<p>&nbsp;<\/p>\n\t\t\t\t\t\t\t\t<\/div>\n\t\t\t\t<\/div>\n\t\t\t\t\t<\/div>\n\t\t<\/div>\n\t\t\t\t\t<\/div>\n\t\t<\/section>\n\t\t\t\t<\/div>\n\t\t","protected":false},"excerpt":{"rendered":"<p>Przyk\u0142adowy serwis Serwis funkcjonuje u nas szybko i p\u0142ynnie. Ma to ogromne znaczenie ze wzgl\u0119du na naszych mi\u0119dzynarodowych klient\u00f3w. Dostawcy komponent\u00f3w systemowych maj\u0105 do dyspozycji szerok\u0105 sie\u0107 serwisow\u0105 i gwarantuj\u0105 &#8230;<\/p>\n","protected":false},"author":1,"featured_media":0,"parent":0,"menu_order":0,"comment_status":"closed","ping_status":"closed","template":"template-fullwidth.php","meta":{"footnotes":""},"class_list":["post-3651","page","type-page","status-publish","hentry"],"_links":{"self":[{"href":"https:\/\/ingenia-gmbh.gmbh\/pl\/wp-json\/wp\/v2\/pages\/3651","targetHints":{"allow":["GET"]}}],"collection":[{"href":"https:\/\/ingenia-gmbh.gmbh\/pl\/wp-json\/wp\/v2\/pages"}],"about":[{"href":"https:\/\/ingenia-gmbh.gmbh\/pl\/wp-json\/wp\/v2\/types\/page"}],"author":[{"embeddable":true,"href":"https:\/\/ingenia-gmbh.gmbh\/pl\/wp-json\/wp\/v2\/users\/1"}],"replies":[{"embeddable":true,"href":"https:\/\/ingenia-gmbh.gmbh\/pl\/wp-json\/wp\/v2\/comments?post=3651"}],"version-history":[{"count":2,"href":"https:\/\/ingenia-gmbh.gmbh\/pl\/wp-json\/wp\/v2\/pages\/3651\/revisions"}],"predecessor-version":[{"id":4478,"href":"https:\/\/ingenia-gmbh.gmbh\/pl\/wp-json\/wp\/v2\/pages\/3651\/revisions\/4478"}],"wp:attachment":[{"href":"https:\/\/ingenia-gmbh.gmbh\/pl\/wp-json\/wp\/v2\/media?parent=3651"}],"curies":[{"name":"wp","href":"https:\/\/api.w.org\/{rel}","templated":true}]}}