{"id":3657,"date":"2019-07-19T20:12:39","date_gmt":"2019-07-19T19:12:39","guid":{"rendered":"https:\/\/ingenia-gmbh.gmbh\/strona-startowa-2\/"},"modified":"2025-10-25T11:56:33","modified_gmt":"2025-10-25T10:56:33","slug":"strona-startowa-2","status":"publish","type":"page","link":"https:\/\/ingenia-gmbh.gmbh\/pl\/","title":{"rendered":"Strona startowa"},"content":{"rendered":"\t\t<div data-elementor-type=\"wp-post\" data-elementor-id=\"3657\" class=\"elementor elementor-3657 elementor-2859\" data-elementor-post-type=\"page\">\n\t\t\t\t\t\t<section class=\"elementor-section elementor-top-section elementor-element elementor-element-c1e5c00 elementor-section-boxed elementor-section-height-default elementor-section-height-default\" data-id=\"c1e5c00\" data-element_type=\"section\" data-e-type=\"section\">\n\t\t\t\t\t\t<div class=\"elementor-container elementor-column-gap-default\">\n\t\t\t\t\t<div class=\"elementor-column elementor-col-25 elementor-top-column elementor-element elementor-element-c144611\" data-id=\"c144611\" data-element_type=\"column\" data-e-type=\"column\">\n\t\t\t<div class=\"elementor-widget-wrap elementor-element-populated\">\n\t\t\t\t\t\t<div class=\"elementor-element elementor-element-304da28 gallery-spacing-custom elementor-widget elementor-widget-image-gallery\" data-id=\"304da28\" data-element_type=\"widget\" data-e-type=\"widget\" data-widget_type=\"image-gallery.default\">\n\t\t\t\t<div class=\"elementor-widget-container\">\n\t\t\t\t\t\t\t<div class=\"elementor-image-gallery\">\n\t\t\t<div id='gallery-1' class='gallery galleryid-3657 gallery-columns-1 gallery-size-full'><figure class='gallery-item'>\n\t\t\t<div class='gallery-icon landscape'>\n\t\t\t\t<img fetchpriority=\"high\" decoding=\"async\" width=\"2849\" height=\"2377\" src=\"https:\/\/ingenia-gmbh.gmbh\/wp-content\/uploads\/2017\/05\/S_hand.jpg\" class=\"attachment-full size-full\" alt=\"\" srcset=\"https:\/\/ingenia-gmbh.gmbh\/wp-content\/uploads\/2017\/05\/S_hand.jpg 2849w, https:\/\/ingenia-gmbh.gmbh\/wp-content\/uploads\/2017\/05\/S_hand-300x250.jpg 300w, https:\/\/ingenia-gmbh.gmbh\/wp-content\/uploads\/2017\/05\/S_hand-768x641.jpg 768w, https:\/\/ingenia-gmbh.gmbh\/wp-content\/uploads\/2017\/05\/S_hand-1024x854.jpg 1024w\" sizes=\"(max-width: 2849px) 100vw, 2849px\" \/>\n\t\t\t<\/div><\/figure><figure class='gallery-item'>\n\t\t\t<div class='gallery-icon landscape'>\n\t\t\t\t<img decoding=\"async\" width=\"1595\" height=\"1156\" src=\"https:\/\/ingenia-gmbh.gmbh\/wp-content\/uploads\/2017\/05\/5040-PL-SW.jpg\" class=\"attachment-full size-full\" alt=\"\" srcset=\"https:\/\/ingenia-gmbh.gmbh\/wp-content\/uploads\/2017\/05\/5040-PL-SW.jpg 1595w, https:\/\/ingenia-gmbh.gmbh\/wp-content\/uploads\/2017\/05\/5040-PL-SW-300x217.jpg 300w, https:\/\/ingenia-gmbh.gmbh\/wp-content\/uploads\/2017\/05\/5040-PL-SW-768x557.jpg 768w, https:\/\/ingenia-gmbh.gmbh\/wp-content\/uploads\/2017\/05\/5040-PL-SW-1024x742.jpg 1024w\" sizes=\"(max-width: 1595px) 100vw, 1595px\" \/>\n\t\t\t<\/div><\/figure><figure class='gallery-item'>\n\t\t\t<div class='gallery-icon landscape'>\n\t\t\t\t<img decoding=\"async\" width=\"2177\" height=\"1821\" src=\"https:\/\/ingenia-gmbh.gmbh\/wp-content\/uploads\/2017\/05\/Bender-A-BA-F-1.jpg\" class=\"attachment-full size-full\" alt=\"\" srcset=\"https:\/\/ingenia-gmbh.gmbh\/wp-content\/uploads\/2017\/05\/Bender-A-BA-F-1.jpg 2177w, https:\/\/ingenia-gmbh.gmbh\/wp-content\/uploads\/2017\/05\/Bender-A-BA-F-1-300x251.jpg 300w, https:\/\/ingenia-gmbh.gmbh\/wp-content\/uploads\/2017\/05\/Bender-A-BA-F-1-768x642.jpg 768w, https:\/\/ingenia-gmbh.gmbh\/wp-content\/uploads\/2017\/05\/Bender-A-BA-F-1-1024x857.jpg 1024w\" sizes=\"(max-width: 2177px) 100vw, 2177px\" \/>\n\t\t\t<\/div><\/figure>\n\t\t<\/div>\n\t\t<\/div>\n\t\t\t\t\t\t<\/div>\n\t\t\t\t<\/div>\n\t\t\t\t\t<\/div>\n\t\t<\/div>\n\t\t\t\t<div class=\"elementor-column elementor-col-50 elementor-top-column elementor-element elementor-element-9f63b71\" data-id=\"9f63b71\" data-element_type=\"column\" data-e-type=\"column\">\n\t\t\t<div class=\"elementor-widget-wrap elementor-element-populated\">\n\t\t\t\t\t\t<div class=\"elementor-element elementor-element-855f0e4 elementor-widget elementor-widget-text-editor\" data-id=\"855f0e4\" data-element_type=\"widget\" data-e-type=\"widget\" data-widget_type=\"text-editor.default\">\n\t\t\t\t<div class=\"elementor-widget-container\">\n\t\t\t\t\t\t\t\t\t<h3><span style=\"color: #706e6f;\"><span style=\"color: #e40613;\"><strong>INGENIA<\/strong><\/span><strong> GmbH<\/strong><\/span><\/h3>\n<p>&nbsp;<\/p>\n<h3><span style=\"color: #706e6f;\"><strong>\u00a0\u00a0\u00a0\u00a0\u00a0\u00a0\u00a0\u00a0\u00a0\u00a0\u00a0\u00a0\u00a0\u00a0\u00a0\u00a0\u00a0 &#8230; w ten spos\u00f3b buduje si\u0119 zgrzewarki i gi\u0119tarki<\/strong><\/span><\/h3>\n<p><span style=\"color: #706e6f;\"><span style=\"color: #e40613;\"><strong>INGENIA<\/strong> <\/span>GmbH to firma buduj\u0105ca maszyny, kt\u00f3ra od za\u0142o\u017cenia w ci\u0105gu wielu lat rozros\u0142a si\u0119 do uznawanego i wzi\u0119tego na \u015bwiecie dostawcy urz\u0105dze\u0144 do zgrzewania i gi\u0119cia termoplast\u00f3w.<\/span><\/p>\n<p><span style=\"color: #706e6f;\">Produkty<span style=\"color: #e40613;\"><strong> INGENIA <\/strong><\/span>charakteryzuj\u0105 si\u0119 niezawodno\u015bci\u0105 oraz solidno\u015bci\u0105 i spe\u0142niaj\u0105 najwy\u017csze wymagania jako\u015bci.<\/span><\/p>\n<p><span style=\"color: #706e6f;\">Dzi\u0119ki konsekwentnemu i sta\u0142ego rozwojowi naszych r\u00f3\u017cnych serii produktowych oferujemy naszym klientom ca\u0142y czas doskona\u0142e produkty o wysokiej jako\u015bci technicznej do najr\u00f3\u017cniejszych bran\u017c i obszar\u00f3w zastosowa\u0144.<\/span><\/p>\n<p><span style=\"color: #706e6f;\">Od jakiego\u015b czasu stosuje si\u0119 coraz wi\u0119cej produkt\u00f3w i p\u00f3\u0142wyrob\u00f3w z termoplastycznych tworzyw sztucznych w najr\u00f3\u017cniejszych bran\u017cach przemys\u0142owych, na przyk\u0142ad w budowie zbiornik\u00f3w, bran\u017cy sk\u0142adowania i uszczelniania, przemy\u015ble opakowaniowym, budownictwie oraz w bran\u017cy wentylacji itd.<\/span><\/p>\n<p><span style=\"color: #706e6f;\">Wysokiej jako\u015bci asortyment produkt\u00f3w<strong><span style=\"color: #e40613;\"> INGENIA<\/span> <\/strong>zapewnia ca\u0142y czas precyzyjn\u0105 i wysokojako\u015bciow\u0105 obr\u00f3bk\u0119 najr\u00f3\u017cniejszych materia\u0142\u00f3w podczas zgrzewania, t\u0142oczenia zawias\u00f3w, gi\u0119cia, zamykania kraw\u0119dzi oraz przy u\u017cyciu naszych licznych rozwi\u0105za\u0144 specjalnych. Za pomoc\u0105 naszych maszyny mo\u017cna szybko i bezpiecznie seryjnie obrabia\u0107 materia\u0142y termoplastyczne w sta\u0142ej jako\u015bci. W ten spos\u00f3b przyczyniamy si\u0119 do konkurencyjno\u015bci naszych klient\u00f3w i partner\u00f3w biznesowych.<\/span><\/p>\n<p><span style=\"color: #706e6f;\">Wysoki poziom naszych produkt\u00f3w seryjnych <span style=\"color: #e40613;\"><strong>INGENIA<\/strong> <\/span>oraz nasze rozwi\u0105zania specjalne s\u0105 zapewnione dzi\u0119ki konsekwentnemu rozwojowi oraz ci\u0105g\u0142emu dokszta\u0142caniu naszych zmotywowanych pracownik\u00f3w.<\/span><\/p>\n<p><span style=\"color: #706e6f;\"><span style=\"color: #e40613;\"><strong>INGENIA <\/strong><\/span>zawsze przywi\u0105zuje najwi\u0119ksz\u0105 wag\u0119 do partnerskich relacji z klientami. D\u0142ugotrwa\u0142a i pe\u0142na zaufania wsp\u00f3\u0142praca z naszymi klientami jest dla nas bardzo wa\u017cna i ma decyduj\u0105ce znaczenie.<\/span><\/p>\n\t\t\t\t\t\t\t\t<\/div>\n\t\t\t\t<\/div>\n\t\t\t\t\t<\/div>\n\t\t<\/div>\n\t\t\t\t<div class=\"elementor-column elementor-col-25 elementor-top-column elementor-element elementor-element-118a0f4\" data-id=\"118a0f4\" data-element_type=\"column\" data-e-type=\"column\">\n\t\t\t<div class=\"elementor-widget-wrap elementor-element-populated\">\n\t\t\t\t\t\t\t<\/div>\n\t\t<\/div>\n\t\t\t\t\t<\/div>\n\t\t<\/section>\n\t\t\t\t<section class=\"elementor-section elementor-top-section elementor-element elementor-element-b588bd1 elementor-section-boxed elementor-section-height-default elementor-section-height-default\" data-id=\"b588bd1\" data-element_type=\"section\" data-e-type=\"section\">\n\t\t\t\t\t\t<div class=\"elementor-container elementor-column-gap-default\">\n\t\t\t\t\t<div class=\"elementor-column elementor-col-100 elementor-top-column elementor-element elementor-element-f611076\" data-id=\"f611076\" data-element_type=\"column\" data-e-type=\"column\">\n\t\t\t<div class=\"elementor-widget-wrap\">\n\t\t\t\t\t\t\t<\/div>\n\t\t<\/div>\n\t\t\t\t\t<\/div>\n\t\t<\/section>\n\t\t\t\t<\/div>\n\t\t","protected":false},"excerpt":{"rendered":"<p>INGENIA GmbH &nbsp; \u00a0\u00a0\u00a0\u00a0\u00a0\u00a0\u00a0\u00a0\u00a0\u00a0\u00a0\u00a0\u00a0\u00a0\u00a0\u00a0\u00a0 &#8230; w ten spos\u00f3b buduje si\u0119 zgrzewarki i gi\u0119tarki INGENIA GmbH to firma buduj\u0105ca maszyny, kt\u00f3ra od za\u0142o\u017cenia w ci\u0105gu wielu lat rozros\u0142a si\u0119 do uznawanego &#8230;<\/p>\n","protected":false},"author":1,"featured_media":0,"parent":0,"menu_order":0,"comment_status":"closed","ping_status":"closed","template":"template-fullwidth-stretched.php","meta":{"footnotes":""},"class_list":["post-3657","page","type-page","status-publish","hentry"],"_links":{"self":[{"href":"https:\/\/ingenia-gmbh.gmbh\/pl\/wp-json\/wp\/v2\/pages\/3657","targetHints":{"allow":["GET"]}}],"collection":[{"href":"https:\/\/ingenia-gmbh.gmbh\/pl\/wp-json\/wp\/v2\/pages"}],"about":[{"href":"https:\/\/ingenia-gmbh.gmbh\/pl\/wp-json\/wp\/v2\/types\/page"}],"author":[{"embeddable":true,"href":"https:\/\/ingenia-gmbh.gmbh\/pl\/wp-json\/wp\/v2\/users\/1"}],"replies":[{"embeddable":true,"href":"https:\/\/ingenia-gmbh.gmbh\/pl\/wp-json\/wp\/v2\/comments?post=3657"}],"version-history":[{"count":43,"href":"https:\/\/ingenia-gmbh.gmbh\/pl\/wp-json\/wp\/v2\/pages\/3657\/revisions"}],"predecessor-version":[{"id":6537,"href":"https:\/\/ingenia-gmbh.gmbh\/pl\/wp-json\/wp\/v2\/pages\/3657\/revisions\/6537"}],"wp:attachment":[{"href":"https:\/\/ingenia-gmbh.gmbh\/pl\/wp-json\/wp\/v2\/media?parent=3657"}],"curies":[{"name":"wp","href":"https:\/\/api.w.org\/{rel}","templated":true}]}}