{"id":3663,"date":"2019-07-19T20:14:03","date_gmt":"2019-07-19T19:14:03","guid":{"rendered":"https:\/\/ingenia-gmbh.gmbh\/firma-2\/"},"modified":"2019-08-30T19:05:15","modified_gmt":"2019-08-30T18:05:15","slug":"firma","status":"publish","type":"page","link":"https:\/\/ingenia-gmbh.gmbh\/pl\/firma\/","title":{"rendered":"Firma"},"content":{"rendered":"\t\t<div data-elementor-type=\"wp-post\" data-elementor-id=\"3663\" class=\"elementor elementor-3663 elementor-2739\" data-elementor-post-type=\"page\">\n\t\t\t\t\t\t<section class=\"elementor-section elementor-top-section elementor-element elementor-element-6719009 elementor-section-boxed elementor-section-height-default elementor-section-height-default\" data-id=\"6719009\" data-element_type=\"section\" data-e-type=\"section\">\n\t\t\t\t\t\t<div class=\"elementor-container elementor-column-gap-default\">\n\t\t\t\t\t<div class=\"elementor-column elementor-col-100 elementor-top-column elementor-element elementor-element-7da3526\" data-id=\"7da3526\" data-element_type=\"column\" data-e-type=\"column\">\n\t\t\t<div class=\"elementor-widget-wrap elementor-element-populated\">\n\t\t\t\t\t\t<div class=\"elementor-element elementor-element-cd841ec elementor-widget elementor-widget-image\" data-id=\"cd841ec\" data-element_type=\"widget\" data-e-type=\"widget\" data-widget_type=\"image.default\">\n\t\t\t\t<div class=\"elementor-widget-container\">\n\t\t\t\t\t\t\t\t\t\t\t\t\t\t\t<img fetchpriority=\"high\" decoding=\"async\" width=\"3651\" height=\"1529\" src=\"https:\/\/ingenia-gmbh.gmbh\/wp-content\/uploads\/2016\/07\/fassade_1.jpg\" class=\"attachment-full size-full wp-image-1856\" alt=\"\" srcset=\"https:\/\/ingenia-gmbh.gmbh\/wp-content\/uploads\/2016\/07\/fassade_1.jpg 3651w, https:\/\/ingenia-gmbh.gmbh\/wp-content\/uploads\/2016\/07\/fassade_1-300x126.jpg 300w, https:\/\/ingenia-gmbh.gmbh\/wp-content\/uploads\/2016\/07\/fassade_1-768x322.jpg 768w, https:\/\/ingenia-gmbh.gmbh\/wp-content\/uploads\/2016\/07\/fassade_1-1024x429.jpg 1024w\" sizes=\"(max-width: 3651px) 100vw, 3651px\" \/>\t\t\t\t\t\t\t\t\t\t\t\t\t\t\t<\/div>\n\t\t\t\t<\/div>\n\t\t\t\t\t<\/div>\n\t\t<\/div>\n\t\t\t\t\t<\/div>\n\t\t<\/section>\n\t\t\t\t<section class=\"elementor-section elementor-top-section elementor-element elementor-element-b42c946 elementor-section-boxed elementor-section-height-default elementor-section-height-default\" data-id=\"b42c946\" data-element_type=\"section\" data-e-type=\"section\">\n\t\t\t\t\t\t<div class=\"elementor-container elementor-column-gap-default\">\n\t\t\t\t\t<div class=\"elementor-column elementor-col-100 elementor-top-column elementor-element elementor-element-711ff70\" data-id=\"711ff70\" data-element_type=\"column\" data-e-type=\"column\">\n\t\t\t<div class=\"elementor-widget-wrap elementor-element-populated\">\n\t\t\t\t\t\t<div class=\"elementor-element elementor-element-851b8cd elementor-widget elementor-widget-text-editor\" data-id=\"851b8cd\" data-element_type=\"widget\" data-e-type=\"widget\" data-widget_type=\"text-editor.default\">\n\t\t\t\t<div class=\"elementor-widget-container\">\n\t\t\t\t\t\t\t\t\t<p><span style=\"color: #e40613;\"><strong>Dyrektor zarz\u0105dzaj\u0105cy:<\/strong><\/span><\/p>\n<p>Otmar Weirich<\/p>\n<p><span style=\"color: #e40613;\"><strong>Zesp\u00f3\u0142:<\/strong><\/span><\/p>\n<p>zatrudniamy wykwalifikowanych pracownik\u00f3w w nast\u0119puj\u0105cych dzia\u0142ach: projektowanie \/ konstrukcja \/ zarz\u0105dzanie \/ produkcja \/ serwis \/ sprzeda\u017c<\/p>\n<p><span style=\"color: #e40613;\"><strong>Siedziba firmy:<\/strong><\/span><\/p>\n<p>siedziba naszej firmy mie\u015bci si\u0119 przy ulicy Hauptstrasse 72, 56858 Altlay (bezpo\u015brednio przy lotnisku Hahn i Zell\/ Mosel).<\/p>\n<p><span style=\"color: #e40613;\"><strong>Zakres dzia\u0142alno\u015bci:<\/strong><\/span><\/p>\n<p>projektowanie \/ konstrukcja, produkcja i sprzeda\u017c <strong>na ca\u0142ym \u015bwiecie <\/strong>maszyn do obr\u00f3bki p\u00f3\u0142wyrob\u00f3w z tworzywa sztucznego oraz cz\u0119\u015bci odlewanych<\/p>\n<p><span style=\"color: #e40613;\"><strong>Nasz cel:<\/strong><\/span><\/p>\n<p>automatyzacja produkcji urz\u0105dze\u0144 i pojemnik\u00f3w z tworzywa sztucznego, przewod\u00f3w wentylacji, system\u00f3w transportu i opakowa\u0144, zgrzewanych cz\u0119\u015bci odlewanych oraz innych cz\u0119\u015bci pokrewnych do tego stopnia, \u017ce nasi klienci i partnerzy s\u0105 zawsze krok do przodu przed konkurencj\u0105 pod wzgl\u0119dem jako\u015bci i ekonomii.<\/p>\n<p><span style=\"color: #e40613;\"><strong>Nasza obecna sytuacja<\/strong>:<\/span><\/p>\n<p>Dzi\u0119ki nowym pomys\u0142om, produktom wysokiej jako\u015bci, najnowocze\u015bniejszej technice i niedrogim koncepcjom produkcji rozwijamy si\u0119 w bran\u017cy obr\u00f3bki p\u0142yt (standardowe p\u0142yty z tworzywa sztucznego, betonowe tory ochronne oraz p\u0142yty z pust\u0105 komor\u0105 lub ulowe) oraz zgrzewania palet, profili i cz\u0119\u015bci odlewanych (w tym recykling surowc\u00f3w) do wiod\u0105cego na \u015bwiecie dostawcy maszyn i kompletnych instalacji produkcyjnych. B\u0119dzie nam mi\u0142o, je\u017celi zaprojektujemy indywidualnie optymaln\u0105 maszyn\u0119\/urz\u0105dzenie do zastosowania.<\/p>\n\t\t\t\t\t\t\t\t<\/div>\n\t\t\t\t<\/div>\n\t\t\t\t\t<\/div>\n\t\t<\/div>\n\t\t\t\t\t<\/div>\n\t\t<\/section>\n\t\t\t\t<\/div>\n\t\t","protected":false},"excerpt":{"rendered":"<p>Dyrektor zarz\u0105dzaj\u0105cy: Otmar Weirich Zesp\u00f3\u0142: zatrudniamy wykwalifikowanych pracownik\u00f3w w nast\u0119puj\u0105cych dzia\u0142ach: projektowanie \/ konstrukcja \/ zarz\u0105dzanie \/ produkcja \/ serwis \/ sprzeda\u017c Siedziba firmy: siedziba naszej firmy mie\u015bci si\u0119 przy &#8230;<\/p>\n","protected":false},"author":1,"featured_media":0,"parent":0,"menu_order":0,"comment_status":"closed","ping_status":"closed","template":"elementor_header_footer","meta":{"footnotes":""},"class_list":["post-3663","page","type-page","status-publish","hentry"],"_links":{"self":[{"href":"https:\/\/ingenia-gmbh.gmbh\/pl\/wp-json\/wp\/v2\/pages\/3663","targetHints":{"allow":["GET"]}}],"collection":[{"href":"https:\/\/ingenia-gmbh.gmbh\/pl\/wp-json\/wp\/v2\/pages"}],"about":[{"href":"https:\/\/ingenia-gmbh.gmbh\/pl\/wp-json\/wp\/v2\/types\/page"}],"author":[{"embeddable":true,"href":"https:\/\/ingenia-gmbh.gmbh\/pl\/wp-json\/wp\/v2\/users\/1"}],"replies":[{"embeddable":true,"href":"https:\/\/ingenia-gmbh.gmbh\/pl\/wp-json\/wp\/v2\/comments?post=3663"}],"version-history":[{"count":2,"href":"https:\/\/ingenia-gmbh.gmbh\/pl\/wp-json\/wp\/v2\/pages\/3663\/revisions"}],"predecessor-version":[{"id":4467,"href":"https:\/\/ingenia-gmbh.gmbh\/pl\/wp-json\/wp\/v2\/pages\/3663\/revisions\/4467"}],"wp:attachment":[{"href":"https:\/\/ingenia-gmbh.gmbh\/pl\/wp-json\/wp\/v2\/media?parent=3663"}],"curies":[{"name":"wp","href":"https:\/\/api.w.org\/{rel}","templated":true}]}}