{"id":3671,"date":"2019-07-20T11:28:25","date_gmt":"2019-07-20T10:28:25","guid":{"rendered":"https:\/\/ingenia-gmbh.gmbh\/produkty\/maszyny-do-poszczegolnych-zastosowan\/zgrzewanie-palet\/zgrzewarka-powierzchniowa-y-p-sf\/"},"modified":"2020-06-28T13:03:01","modified_gmt":"2020-06-28T12:03:01","slug":"zgrzewarka-powierzchniowa-y-p-sf","status":"publish","type":"page","link":"https:\/\/ingenia-gmbh.gmbh\/pl\/produkty\/maszyny-do-poszczegolnych-zastosowan\/zgrzewanie-palet\/zgrzewarka-powierzchniowa-y-p-sf\/","title":{"rendered":"Zgrzewarka powierzchniowa Y-P-SF"},"content":{"rendered":"\t\t<div data-elementor-type=\"wp-post\" data-elementor-id=\"3671\" class=\"elementor elementor-3671 elementor-2889\" data-elementor-post-type=\"page\">\n\t\t\t\t\t\t<section class=\"elementor-section elementor-top-section elementor-element elementor-element-fc9d4c2 elementor-section-boxed elementor-section-height-default elementor-section-height-default\" data-id=\"fc9d4c2\" data-element_type=\"section\" data-e-type=\"section\">\n\t\t\t\t\t\t<div class=\"elementor-container elementor-column-gap-default\">\n\t\t\t\t\t<div class=\"elementor-column elementor-col-50 elementor-top-column elementor-element elementor-element-8c5102f\" data-id=\"8c5102f\" data-element_type=\"column\" data-e-type=\"column\">\n\t\t\t<div class=\"elementor-widget-wrap elementor-element-populated\">\n\t\t\t\t\t\t<div class=\"elementor-element elementor-element-8350990 elementor-widget elementor-widget-text-editor\" data-id=\"8350990\" data-element_type=\"widget\" data-e-type=\"widget\" data-widget_type=\"text-editor.default\">\n\t\t\t\t<div class=\"elementor-widget-container\">\n\t\t\t\t\t\t\t\t\t<h3><span style=\"color: #706e6f;\">Zgrzewarka powierzchniowa\u00a0<span style=\"color: #e40613;\">Y-P-SF<\/span> do palet i paneli<\/span><\/h3>\n<p><span style=\"color: #706e6f;\">Zgrzewarka powierzchniowa <span style=\"color: #e40613;\"><strong>INGENIA<\/strong><\/span>, seria modelowa Y-P-SF, to solidne i wszechstronne maszyny do zgrzewania cz\u0119\u015bci o du\u017cej powierzchni w rozmieszczeniu poziomym. Cykl zgrzewania przebiega ca\u0142kowicie automatycznie, najwa\u017cniejsze parametry zgrzewania ustalane s\u0105 na komputerze centralnym.<\/span><\/p>\n<p><span style=\"color: #706e6f;\">Minimalna szeroko\u015b\u0107 robocza wynosi 0,6 x 0,6 m (model 06.06 SP), a maksymalna 2 x 2 m (model 20.20 SP).<\/span><\/p>\n<p><span style=\"color: #706e6f;\">Maszyny s\u0105 przystosowane do obrabiania wszystkich powszechnie stosowanych materia\u0142\u00f3w termoplastycznych.<\/span><\/p>\n\t\t\t\t\t\t\t\t<\/div>\n\t\t\t\t<\/div>\n\t\t\t\t\t<\/div>\n\t\t<\/div>\n\t\t\t\t<div class=\"elementor-column elementor-col-50 elementor-top-column elementor-element elementor-element-0a93807\" data-id=\"0a93807\" data-element_type=\"column\" data-e-type=\"column\">\n\t\t\t<div class=\"elementor-widget-wrap elementor-element-populated\">\n\t\t\t\t\t\t<div class=\"elementor-element elementor-element-b1ac8bd elementor-widget elementor-widget-image\" data-id=\"b1ac8bd\" data-element_type=\"widget\" data-e-type=\"widget\" data-widget_type=\"image.default\">\n\t\t\t\t<div class=\"elementor-widget-container\">\n\t\t\t\t\t\t\t\t\t\t\t\t\t\t\t<img fetchpriority=\"high\" decoding=\"async\" width=\"800\" height=\"712\" src=\"https:\/\/ingenia-gmbh.gmbh\/wp-content\/uploads\/2020\/04\/Flaechenschweissanlage_klein.jpg\" class=\"attachment-large size-large wp-image-5264\" alt=\"\" srcset=\"https:\/\/ingenia-gmbh.gmbh\/wp-content\/uploads\/2020\/04\/Flaechenschweissanlage_klein.jpg 926w, https:\/\/ingenia-gmbh.gmbh\/wp-content\/uploads\/2020\/04\/Flaechenschweissanlage_klein-300x267.jpg 300w, https:\/\/ingenia-gmbh.gmbh\/wp-content\/uploads\/2020\/04\/Flaechenschweissanlage_klein-768x683.jpg 768w\" sizes=\"(max-width: 800px) 100vw, 800px\" \/>\t\t\t\t\t\t\t\t\t\t\t\t\t\t\t<\/div>\n\t\t\t\t<\/div>\n\t\t\t\t\t<\/div>\n\t\t<\/div>\n\t\t\t\t\t<\/div>\n\t\t<\/section>\n\t\t\t\t<section class=\"elementor-section elementor-top-section elementor-element elementor-element-f621c47 elementor-section-boxed elementor-section-height-default elementor-section-height-default\" data-id=\"f621c47\" data-element_type=\"section\" data-e-type=\"section\">\n\t\t\t\t\t\t<div class=\"elementor-container elementor-column-gap-default\">\n\t\t\t\t\t<div class=\"elementor-column elementor-col-100 elementor-top-column elementor-element elementor-element-b6fed96\" data-id=\"b6fed96\" data-element_type=\"column\" data-e-type=\"column\">\n\t\t\t<div class=\"elementor-widget-wrap elementor-element-populated\">\n\t\t\t\t\t\t<div class=\"elementor-element elementor-element-6a333ff elementor-widget elementor-widget-spacer\" data-id=\"6a333ff\" data-element_type=\"widget\" data-e-type=\"widget\" data-widget_type=\"spacer.default\">\n\t\t\t\t<div class=\"elementor-widget-container\">\n\t\t\t\t\t\t\t<div class=\"elementor-spacer\">\n\t\t\t<div class=\"elementor-spacer-inner\"><\/div>\n\t\t<\/div>\n\t\t\t\t\t\t<\/div>\n\t\t\t\t<\/div>\n\t\t\t\t\t<\/div>\n\t\t<\/div>\n\t\t\t\t\t<\/div>\n\t\t<\/section>\n\t\t\t\t<section class=\"elementor-section elementor-top-section elementor-element elementor-element-d9e86d1 elementor-section-boxed elementor-section-height-default elementor-section-height-default\" data-id=\"d9e86d1\" data-element_type=\"section\" data-e-type=\"section\">\n\t\t\t\t\t\t<div class=\"elementor-container elementor-column-gap-default\">\n\t\t\t\t\t<div class=\"elementor-column elementor-col-100 elementor-top-column elementor-element elementor-element-3cf6203\" data-id=\"3cf6203\" data-element_type=\"column\" data-e-type=\"column\">\n\t\t\t<div class=\"elementor-widget-wrap elementor-element-populated\">\n\t\t\t\t\t\t<div class=\"elementor-element elementor-element-57a0562 elementor-widget elementor-widget-text-editor\" data-id=\"57a0562\" data-element_type=\"widget\" data-e-type=\"widget\" data-widget_type=\"text-editor.default\">\n\t\t\t\t<div class=\"elementor-widget-container\">\n\t\t\t\t\t\t\t\t\t<table width=\"0\">\n<tbody>\n<tr>\n<td width=\"151\"><strong>Model<\/strong><\/td>\n<td width=\"151\"><strong>maks. powierzchnia robocza <\/strong><\/td>\n<\/tr>\n<tr>\n<td width=\"151\">06.06 Y-P-SF<\/td>\n<td width=\"151\">650 x 650 mm<\/td>\n<\/tr>\n<tr>\n<td width=\"151\">12.08 Y-P-SF<\/td>\n<td width=\"151\">1.205 x 850 mm<\/td>\n<\/tr>\n<tr>\n<td width=\"151\">12.12 Y-P-SF<\/td>\n<td width=\"151\">1.250 x 1.250 mm<\/td>\n<\/tr>\n<\/tbody>\n<\/table>\n\t\t\t\t\t\t\t\t<\/div>\n\t\t\t\t<\/div>\n\t\t\t\t\t<\/div>\n\t\t<\/div>\n\t\t\t\t\t<\/div>\n\t\t<\/section>\n\t\t\t\t<section class=\"elementor-section elementor-top-section elementor-element elementor-element-ea87e0d elementor-section-boxed elementor-section-height-default elementor-section-height-default\" data-id=\"ea87e0d\" data-element_type=\"section\" data-e-type=\"section\">\n\t\t\t\t\t\t<div class=\"elementor-container elementor-column-gap-default\">\n\t\t\t\t\t<div class=\"elementor-column elementor-col-100 elementor-top-column elementor-element elementor-element-fe8a911\" data-id=\"fe8a911\" data-element_type=\"column\" data-e-type=\"column\">\n\t\t\t<div class=\"elementor-widget-wrap elementor-element-populated\">\n\t\t\t\t\t\t<div class=\"elementor-element elementor-element-74e7df5 elementor-widget elementor-widget-spacer\" data-id=\"74e7df5\" data-element_type=\"widget\" data-e-type=\"widget\" data-widget_type=\"spacer.default\">\n\t\t\t\t<div class=\"elementor-widget-container\">\n\t\t\t\t\t\t\t<div class=\"elementor-spacer\">\n\t\t\t<div class=\"elementor-spacer-inner\"><\/div>\n\t\t<\/div>\n\t\t\t\t\t\t<\/div>\n\t\t\t\t<\/div>\n\t\t\t\t\t<\/div>\n\t\t<\/div>\n\t\t\t\t\t<\/div>\n\t\t<\/section>\n\t\t\t\t<section class=\"elementor-section elementor-top-section elementor-element elementor-element-aabc70d elementor-section-boxed elementor-section-height-default elementor-section-height-default\" data-id=\"aabc70d\" data-element_type=\"section\" data-e-type=\"section\">\n\t\t\t\t\t\t<div class=\"elementor-container elementor-column-gap-default\">\n\t\t\t\t\t<div class=\"elementor-column elementor-col-100 elementor-top-column elementor-element elementor-element-19e2310\" data-id=\"19e2310\" data-element_type=\"column\" data-e-type=\"column\">\n\t\t\t<div class=\"elementor-widget-wrap elementor-element-populated\">\n\t\t\t\t\t\t<div class=\"elementor-element elementor-element-f84d299 elementor-widget elementor-widget-text-editor\" data-id=\"f84d299\" data-element_type=\"widget\" data-e-type=\"widget\" data-widget_type=\"text-editor.default\">\n\t\t\t\t<div class=\"elementor-widget-container\">\n\t\t\t\t\t\t\t\t\t<h3><span style=\"color: #706e6f;\"><strong>Wyposa\u017cenie dodatkowe <\/strong><span style=\"color: #e40613;\">Y-P-SF<\/span><\/span><\/h3>\n<ul>\n<li>kolejne obszary do mocowania kilku detali<\/li>\n<li>os\u0142ony maszyny z kr\u00f3\u0107cami odci\u0105gania (bez dmuchawy), do odprowadzania gaz\u00f3w ze zgrzewania<\/li>\n<li>drzwi bezpiecze\u0144stwa do r\u0119cznego za\u0142adunku i opr\u00f3\u017cniania maszyny<\/li>\n<li>zesp\u00f3\u0142 transportowy z zakresem regulacji szeroko\u015bci do automatycznego za\u0142adunku i wysuwania produkt\u00f3w, z ta\u015bm\u0105 doprowadzaj\u0105c\u0105 i roz\u0142adowuj\u0105c\u0105<\/li>\n<li>specjalne zasilania elektryczne na zam\u00f3wienie<\/li>\n<li>system pomiaru si\u0142y z regulacja si\u0142y i kompensacj\u0105 przesuni\u0119cia, kompletne rozwi\u0105zanie FESTO z drukark\u0105<\/li>\n<li>lakierowanie specjalne<\/li>\n<li>system diagnostyczny online INGENIA<\/li>\n<\/ul>\n\t\t\t\t\t\t\t\t<\/div>\n\t\t\t\t<\/div>\n\t\t\t\t\t<\/div>\n\t\t<\/div>\n\t\t\t\t\t<\/div>\n\t\t<\/section>\n\t\t\t\t<section class=\"elementor-section elementor-top-section elementor-element elementor-element-3cdc17b elementor-section-boxed elementor-section-height-default elementor-section-height-default\" data-id=\"3cdc17b\" data-element_type=\"section\" data-e-type=\"section\">\n\t\t\t\t\t\t<div class=\"elementor-container elementor-column-gap-default\">\n\t\t\t\t\t<div class=\"elementor-column elementor-col-100 elementor-top-column elementor-element elementor-element-d2f5ef2\" data-id=\"d2f5ef2\" data-element_type=\"column\" data-e-type=\"column\">\n\t\t\t<div class=\"elementor-widget-wrap elementor-element-populated\">\n\t\t\t\t\t\t<div class=\"elementor-element elementor-element-bb57c61 elementor-widget elementor-widget-spacer\" data-id=\"bb57c61\" data-element_type=\"widget\" data-e-type=\"widget\" data-widget_type=\"spacer.default\">\n\t\t\t\t<div class=\"elementor-widget-container\">\n\t\t\t\t\t\t\t<div class=\"elementor-spacer\">\n\t\t\t<div class=\"elementor-spacer-inner\"><\/div>\n\t\t<\/div>\n\t\t\t\t\t\t<\/div>\n\t\t\t\t<\/div>\n\t\t\t\t\t<\/div>\n\t\t<\/div>\n\t\t\t\t\t<\/div>\n\t\t<\/section>\n\t\t\t\t<section class=\"elementor-section elementor-top-section elementor-element elementor-element-7b350dd elementor-section-boxed elementor-section-height-default elementor-section-height-default\" data-id=\"7b350dd\" data-element_type=\"section\" data-e-type=\"section\">\n\t\t\t\t\t\t<div class=\"elementor-container elementor-column-gap-default\">\n\t\t\t\t\t<div class=\"elementor-column elementor-col-33 elementor-top-column elementor-element elementor-element-ca0f6c9\" data-id=\"ca0f6c9\" data-element_type=\"column\" data-e-type=\"column\">\n\t\t\t<div class=\"elementor-widget-wrap elementor-element-populated\">\n\t\t\t\t\t\t<div class=\"elementor-element elementor-element-0063982 elementor-widget elementor-widget-image\" data-id=\"0063982\" data-element_type=\"widget\" data-e-type=\"widget\" data-widget_type=\"image.default\">\n\t\t\t\t<div class=\"elementor-widget-container\">\n\t\t\t\t\t\t\t\t\t\t\t\t\t\t\t<img decoding=\"async\" width=\"800\" height=\"530\" src=\"https:\/\/ingenia-gmbh.gmbh\/wp-content\/uploads\/2020\/06\/DSC_0433-1024x678.jpg\" class=\"attachment-large size-large wp-image-5567\" alt=\"\" srcset=\"https:\/\/ingenia-gmbh.gmbh\/wp-content\/uploads\/2020\/06\/DSC_0433-1024x678.jpg 1024w, https:\/\/ingenia-gmbh.gmbh\/wp-content\/uploads\/2020\/06\/DSC_0433-300x199.jpg 300w, https:\/\/ingenia-gmbh.gmbh\/wp-content\/uploads\/2020\/06\/DSC_0433-768x509.jpg 768w, https:\/\/ingenia-gmbh.gmbh\/wp-content\/uploads\/2020\/06\/DSC_0433-1536x1017.jpg 1536w, https:\/\/ingenia-gmbh.gmbh\/wp-content\/uploads\/2020\/06\/DSC_0433-2048x1356.jpg 2048w\" sizes=\"(max-width: 800px) 100vw, 800px\" \/>\t\t\t\t\t\t\t\t\t\t\t\t\t\t\t<\/div>\n\t\t\t\t<\/div>\n\t\t\t\t\t<\/div>\n\t\t<\/div>\n\t\t\t\t<div class=\"elementor-column elementor-col-33 elementor-top-column elementor-element elementor-element-76bdd72\" data-id=\"76bdd72\" data-element_type=\"column\" data-e-type=\"column\">\n\t\t\t<div class=\"elementor-widget-wrap elementor-element-populated\">\n\t\t\t\t\t\t<div class=\"elementor-element elementor-element-ada4dba elementor-widget elementor-widget-image\" data-id=\"ada4dba\" data-element_type=\"widget\" data-e-type=\"widget\" data-widget_type=\"image.default\">\n\t\t\t\t<div class=\"elementor-widget-container\">\n\t\t\t\t\t\t\t\t\t\t\t\t\t\t\t<img decoding=\"async\" width=\"800\" height=\"600\" src=\"https:\/\/ingenia-gmbh.gmbh\/wp-content\/uploads\/2020\/06\/DSCN1954-1024x768.jpg\" class=\"attachment-large size-large wp-image-5573\" alt=\"\" srcset=\"https:\/\/ingenia-gmbh.gmbh\/wp-content\/uploads\/2020\/06\/DSCN1954-1024x768.jpg 1024w, https:\/\/ingenia-gmbh.gmbh\/wp-content\/uploads\/2020\/06\/DSCN1954-300x225.jpg 300w, https:\/\/ingenia-gmbh.gmbh\/wp-content\/uploads\/2020\/06\/DSCN1954-768x576.jpg 768w, https:\/\/ingenia-gmbh.gmbh\/wp-content\/uploads\/2020\/06\/DSCN1954-1536x1152.jpg 1536w, https:\/\/ingenia-gmbh.gmbh\/wp-content\/uploads\/2020\/06\/DSCN1954-2048x1536.jpg 2048w\" sizes=\"(max-width: 800px) 100vw, 800px\" \/>\t\t\t\t\t\t\t\t\t\t\t\t\t\t\t<\/div>\n\t\t\t\t<\/div>\n\t\t\t\t\t<\/div>\n\t\t<\/div>\n\t\t\t\t<div class=\"elementor-column elementor-col-33 elementor-top-column elementor-element elementor-element-736cb93\" data-id=\"736cb93\" data-element_type=\"column\" data-e-type=\"column\">\n\t\t\t<div class=\"elementor-widget-wrap elementor-element-populated\">\n\t\t\t\t\t\t<div class=\"elementor-element elementor-element-5553bd4 elementor-widget elementor-widget-image\" data-id=\"5553bd4\" data-element_type=\"widget\" data-e-type=\"widget\" data-widget_type=\"image.default\">\n\t\t\t\t<div class=\"elementor-widget-container\">\n\t\t\t\t\t\t\t\t\t\t\t\t\t\t\t<img loading=\"lazy\" decoding=\"async\" width=\"800\" height=\"444\" src=\"https:\/\/ingenia-gmbh.gmbh\/wp-content\/uploads\/2020\/05\/produkte.jpg\" class=\"attachment-large size-large wp-image-5353\" alt=\"\" srcset=\"https:\/\/ingenia-gmbh.gmbh\/wp-content\/uploads\/2020\/05\/produkte.jpg 905w, https:\/\/ingenia-gmbh.gmbh\/wp-content\/uploads\/2020\/05\/produkte-300x166.jpg 300w, https:\/\/ingenia-gmbh.gmbh\/wp-content\/uploads\/2020\/05\/produkte-768x426.jpg 768w\" sizes=\"(max-width: 800px) 100vw, 800px\" \/>\t\t\t\t\t\t\t\t\t\t\t\t\t\t\t<\/div>\n\t\t\t\t<\/div>\n\t\t\t\t\t<\/div>\n\t\t<\/div>\n\t\t\t\t\t<\/div>\n\t\t<\/section>\n\t\t\t\t<section class=\"elementor-section elementor-top-section elementor-element elementor-element-c552a07 elementor-section-boxed elementor-section-height-default elementor-section-height-default\" data-id=\"c552a07\" data-element_type=\"section\" data-e-type=\"section\">\n\t\t\t\t\t\t<div class=\"elementor-container elementor-column-gap-default\">\n\t\t\t\t\t<div class=\"elementor-column elementor-col-100 elementor-top-column elementor-element elementor-element-554d381\" data-id=\"554d381\" data-element_type=\"column\" data-e-type=\"column\">\n\t\t\t<div class=\"elementor-widget-wrap elementor-element-populated\">\n\t\t\t\t\t\t<div class=\"elementor-element elementor-element-c1ec799 elementor-button-danger elementor-widget elementor-widget-button\" data-id=\"c1ec799\" data-element_type=\"widget\" data-e-type=\"widget\" data-widget_type=\"button.default\">\n\t\t\t\t<div class=\"elementor-widget-container\">\n\t\t\t\t\t\t\t\t\t<div class=\"elementor-button-wrapper\">\n\t\t\t\t\t<a class=\"elementor-button elementor-button-link elementor-size-sm\" href=\"https:\/\/ingenia-gmbh.gmbh\/pl\/produkty\/maszyny-do-poszczegolnych-zastosowan\/zgrzewanie-palet\/\">\n\t\t\t\t\t\t<span class=\"elementor-button-content-wrapper\">\n\t\t\t\t\t\t<span class=\"elementor-button-icon\">\n\t\t\t\t\t\t\t\t\t<i class=\"fa fa-angle-left\" aria-hidden=\"true\"><\/i>\n\t\t\t\t\t\t\t<\/span>\n\t\t\t\t\t\t\t\t\t<span class=\"elementor-button-text\">cofnij<\/span>\n\t\t\t\t\t<\/span>\n\t\t\t\t\t<\/a>\n\t\t\t\t<\/div>\n\t\t\t\t\t\t\t\t<\/div>\n\t\t\t\t<\/div>\n\t\t\t\t\t<\/div>\n\t\t<\/div>\n\t\t\t\t\t<\/div>\n\t\t<\/section>\n\t\t\t\t<\/div>\n\t\t","protected":false},"excerpt":{"rendered":"<p>Zgrzewarka powierzchniowa\u00a0Y-P-SF do palet i paneli Zgrzewarka powierzchniowa INGENIA, seria modelowa Y-P-SF, to solidne i wszechstronne maszyny do zgrzewania cz\u0119\u015bci o du\u017cej powierzchni w rozmieszczeniu poziomym. Cykl zgrzewania przebiega ca\u0142kowicie &#8230;<\/p>\n","protected":false},"author":1,"featured_media":0,"parent":3717,"menu_order":1,"comment_status":"closed","ping_status":"closed","template":"template-fullwidth.php","meta":{"footnotes":""},"class_list":["post-3671","page","type-page","status-publish","hentry"],"_links":{"self":[{"href":"https:\/\/ingenia-gmbh.gmbh\/pl\/wp-json\/wp\/v2\/pages\/3671","targetHints":{"allow":["GET"]}}],"collection":[{"href":"https:\/\/ingenia-gmbh.gmbh\/pl\/wp-json\/wp\/v2\/pages"}],"about":[{"href":"https:\/\/ingenia-gmbh.gmbh\/pl\/wp-json\/wp\/v2\/types\/page"}],"author":[{"embeddable":true,"href":"https:\/\/ingenia-gmbh.gmbh\/pl\/wp-json\/wp\/v2\/users\/1"}],"replies":[{"embeddable":true,"href":"https:\/\/ingenia-gmbh.gmbh\/pl\/wp-json\/wp\/v2\/comments?post=3671"}],"version-history":[{"count":7,"href":"https:\/\/ingenia-gmbh.gmbh\/pl\/wp-json\/wp\/v2\/pages\/3671\/revisions"}],"predecessor-version":[{"id":5626,"href":"https:\/\/ingenia-gmbh.gmbh\/pl\/wp-json\/wp\/v2\/pages\/3671\/revisions\/5626"}],"up":[{"embeddable":true,"href":"https:\/\/ingenia-gmbh.gmbh\/pl\/wp-json\/wp\/v2\/pages\/3717"}],"wp:attachment":[{"href":"https:\/\/ingenia-gmbh.gmbh\/pl\/wp-json\/wp\/v2\/media?parent=3671"}],"curies":[{"name":"wp","href":"https:\/\/api.w.org\/{rel}","templated":true}]}}