{"id":3673,"date":"2019-07-20T11:38:49","date_gmt":"2019-07-20T10:38:49","guid":{"rendered":"https:\/\/ingenia-gmbh.gmbh\/produkty\/gietarki\/model-a-ba-2\/"},"modified":"2020-04-19T12:35:35","modified_gmt":"2020-04-19T11:35:35","slug":"model-a-ba","status":"publish","type":"page","link":"https:\/\/ingenia-gmbh.gmbh\/pl\/produkty\/gietarki\/model-a-ba\/","title":{"rendered":"Model A-BA"},"content":{"rendered":"\t\t<div data-elementor-type=\"wp-post\" data-elementor-id=\"3673\" class=\"elementor elementor-3673 elementor-3035\" data-elementor-post-type=\"page\">\n\t\t\t\t\t\t<section class=\"elementor-section elementor-top-section elementor-element elementor-element-3e7059d elementor-section-boxed elementor-section-height-default elementor-section-height-default\" data-id=\"3e7059d\" data-element_type=\"section\" data-e-type=\"section\">\n\t\t\t\t\t\t<div class=\"elementor-container elementor-column-gap-default\">\n\t\t\t\t\t<div class=\"elementor-column elementor-col-50 elementor-top-column elementor-element elementor-element-eff7144\" data-id=\"eff7144\" data-element_type=\"column\" data-e-type=\"column\">\n\t\t\t<div class=\"elementor-widget-wrap elementor-element-populated\">\n\t\t\t\t\t\t<div class=\"elementor-element elementor-element-d8fd2cf elementor-widget elementor-widget-text-editor\" data-id=\"d8fd2cf\" data-element_type=\"widget\" data-e-type=\"widget\" data-widget_type=\"text-editor.default\">\n\t\t\t\t<div class=\"elementor-widget-container\">\n\t\t\t\t\t\t\t\t\t<h3><span style=\"color: #706e6f;\">Gi\u0119tarka <span style=\"color: #e40613;\">A-BA<\/span><\/span><\/h3>\n<p>Gi\u0119tarka p\u0142ytowa serii modelowej A-BA to solidna wszechstronna maszyna z uniwersalnym zakresem zastosowa\u0144. Cykl gi\u0119cia przebiega ca\u0142kowicie automatycznie, ustawienia parametr\u00f3w gi\u0119cia wprowadza si\u0119 na wy\u015bwietlaczu (wyb\u00f3r wst\u0119pny czasu cyklu z bazy danych dla PE \/ PP \/ PVC-U \/ PVDF). Model A-BA jest wyposa\u017cony w nap\u0119d pozycyjny ze sterowaniem PLC. Zapewnia to automatyczne wykonanie maksymalnie 6 gi\u0119\u0107 na jednym detalu. D\u0142ugo\u015b\u0107 ramienia wprowadza si\u0119 cyfrowo na wy\u015bwietlaczu.<\/p>\n<p>Ta maszyna jest dost\u0119pna w nast\u0119puj\u0105cych wersjach:<br \/>\n2 m i 3 m<br \/>\nMaksymalna grubo\u015b\u0107 materia\u0142u do obr\u00f3bki wynosi 15 mm.<\/p>\n\t\t\t\t\t\t\t\t<\/div>\n\t\t\t\t<\/div>\n\t\t\t\t\t<\/div>\n\t\t<\/div>\n\t\t\t\t<div class=\"elementor-column elementor-col-50 elementor-top-column elementor-element elementor-element-117897b\" data-id=\"117897b\" data-element_type=\"column\" data-e-type=\"column\">\n\t\t\t<div class=\"elementor-widget-wrap elementor-element-populated\">\n\t\t\t\t\t\t<div class=\"elementor-element elementor-element-7fd4803 elementor-widget elementor-widget-image\" data-id=\"7fd4803\" data-element_type=\"widget\" data-e-type=\"widget\" data-widget_type=\"image.default\">\n\t\t\t\t<div class=\"elementor-widget-container\">\n\t\t\t\t\t\t\t\t\t\t\t\t\t\t\t<img fetchpriority=\"high\" decoding=\"async\" width=\"800\" height=\"670\" src=\"https:\/\/ingenia-gmbh.gmbh\/wp-content\/uploads\/2017\/05\/Bender-A-BA-F-1-1024x857.jpg\" class=\"attachment-large size-large wp-image-2451\" alt=\"\" srcset=\"https:\/\/ingenia-gmbh.gmbh\/wp-content\/uploads\/2017\/05\/Bender-A-BA-F-1-1024x857.jpg 1024w, https:\/\/ingenia-gmbh.gmbh\/wp-content\/uploads\/2017\/05\/Bender-A-BA-F-1-300x251.jpg 300w, https:\/\/ingenia-gmbh.gmbh\/wp-content\/uploads\/2017\/05\/Bender-A-BA-F-1-768x642.jpg 768w\" sizes=\"(max-width: 800px) 100vw, 800px\" \/>\t\t\t\t\t\t\t\t\t\t\t\t\t\t\t<\/div>\n\t\t\t\t<\/div>\n\t\t\t\t\t<\/div>\n\t\t<\/div>\n\t\t\t\t\t<\/div>\n\t\t<\/section>\n\t\t\t\t<section class=\"elementor-section elementor-top-section elementor-element elementor-element-dc5964f elementor-section-boxed elementor-section-height-default elementor-section-height-default\" data-id=\"dc5964f\" data-element_type=\"section\" data-e-type=\"section\">\n\t\t\t\t\t\t<div class=\"elementor-container elementor-column-gap-default\">\n\t\t\t\t\t<div class=\"elementor-column elementor-col-100 elementor-top-column elementor-element elementor-element-657fc75\" data-id=\"657fc75\" data-element_type=\"column\" data-e-type=\"column\">\n\t\t\t<div class=\"elementor-widget-wrap\">\n\t\t\t\t\t\t\t<\/div>\n\t\t<\/div>\n\t\t\t\t\t<\/div>\n\t\t<\/section>\n\t\t\t\t<section class=\"elementor-section elementor-top-section elementor-element elementor-element-c5a8d6c elementor-section-boxed elementor-section-height-default elementor-section-height-default\" data-id=\"c5a8d6c\" data-element_type=\"section\" data-e-type=\"section\">\n\t\t\t\t\t\t<div class=\"elementor-container elementor-column-gap-default\">\n\t\t\t\t\t<div class=\"elementor-column elementor-col-100 elementor-top-column elementor-element elementor-element-211e2b5\" data-id=\"211e2b5\" data-element_type=\"column\" data-e-type=\"column\">\n\t\t\t<div class=\"elementor-widget-wrap elementor-element-populated\">\n\t\t\t\t\t\t<div class=\"elementor-element elementor-element-5b9eb7e elementor-widget elementor-widget-text-editor\" data-id=\"5b9eb7e\" data-element_type=\"widget\" data-e-type=\"widget\" data-widget_type=\"text-editor.default\">\n\t\t\t\t<div class=\"elementor-widget-container\">\n\t\t\t\t\t\t\t\t\t<table>\n<tbody>\n<tr>\n<td width=\"201\"><strong>Model<\/strong><\/td>\n<td width=\"201\"><strong>szeroko\u015b\u0107 robocza <\/strong><\/td>\n<td width=\"201\"><strong>grubo\u015b\u0107 materia\u0142u <\/strong><\/td>\n<\/tr>\n<tr>\n<td width=\"201\">20.15 A-BA<\/td>\n<td width=\"201\">2.000 mm<\/td>\n<td width=\"201\">15 mm<\/td>\n<\/tr>\n<tr>\n<td width=\"201\">30.15 A-BA<\/td>\n<td width=\"201\">3.000 mm<\/td>\n<td width=\"201\">15 mm<\/td>\n<\/tr>\n<\/tbody>\n<\/table>\n\t\t\t\t\t\t\t\t<\/div>\n\t\t\t\t<\/div>\n\t\t\t\t\t<\/div>\n\t\t<\/div>\n\t\t\t\t\t<\/div>\n\t\t<\/section>\n\t\t\t\t<section class=\"elementor-section elementor-top-section elementor-element elementor-element-b47bd37 elementor-section-boxed elementor-section-height-default elementor-section-height-default\" data-id=\"b47bd37\" data-element_type=\"section\" data-e-type=\"section\">\n\t\t\t\t\t\t<div class=\"elementor-container elementor-column-gap-default\">\n\t\t\t\t\t<div class=\"elementor-column elementor-col-100 elementor-top-column elementor-element elementor-element-177d13b\" data-id=\"177d13b\" data-element_type=\"column\" data-e-type=\"column\">\n\t\t\t<div class=\"elementor-widget-wrap elementor-element-populated\">\n\t\t\t\t\t\t<div class=\"elementor-element elementor-element-42fd2fe elementor-widget elementor-widget-spacer\" data-id=\"42fd2fe\" data-element_type=\"widget\" data-e-type=\"widget\" data-widget_type=\"spacer.default\">\n\t\t\t\t<div class=\"elementor-widget-container\">\n\t\t\t\t\t\t\t<div class=\"elementor-spacer\">\n\t\t\t<div class=\"elementor-spacer-inner\"><\/div>\n\t\t<\/div>\n\t\t\t\t\t\t<\/div>\n\t\t\t\t<\/div>\n\t\t\t\t\t<\/div>\n\t\t<\/div>\n\t\t\t\t\t<\/div>\n\t\t<\/section>\n\t\t\t\t<section class=\"elementor-section elementor-top-section elementor-element elementor-element-01d663a elementor-section-boxed elementor-section-height-default elementor-section-height-default\" data-id=\"01d663a\" data-element_type=\"section\" data-e-type=\"section\">\n\t\t\t\t\t\t<div class=\"elementor-container elementor-column-gap-default\">\n\t\t\t\t\t<div class=\"elementor-column elementor-col-100 elementor-top-column elementor-element elementor-element-49b90da\" data-id=\"49b90da\" data-element_type=\"column\" data-e-type=\"column\">\n\t\t\t<div class=\"elementor-widget-wrap elementor-element-populated\">\n\t\t\t\t\t\t<div class=\"elementor-element elementor-element-e01133a elementor-widget elementor-widget-text-editor\" data-id=\"e01133a\" data-element_type=\"widget\" data-e-type=\"widget\" data-widget_type=\"text-editor.default\">\n\t\t\t\t<div class=\"elementor-widget-container\">\n\t\t\t\t\t\t\t\t\t<h3><span style=\"color: #706e6f;\"><strong>Wyposa\u017cenie dodatkowe<\/strong> <span style=\"color: #e40613;\">A-BA<\/span><\/span><\/h3>\n<ul>\n<li>zwi\u0119kszenie grubo\u015bci p\u0142yty o dodatkowe 5\u00a0mm<\/li>\n<li>dodatkowy obszar mocowania, do mocowania kilku detali<\/li>\n<li>urz\u0105dzenie podpieraj\u0105ce (zapobiega przeginaniu d\u0142ugich detali)<\/li>\n<li>prze\u0142\u0105cznik no\u017cny do mocowania<\/li>\n<li>sygna\u0142 d\u017awi\u0119kowy po zako\u0144czeniu cyklu gi\u0119cia<\/li>\n<li>specjalne zasilania elektryczne na zam\u00f3wienie<\/li>\n<li>lakierowanie specjalne<\/li>\n<\/ul>\n\t\t\t\t\t\t\t\t<\/div>\n\t\t\t\t<\/div>\n\t\t\t\t\t<\/div>\n\t\t<\/div>\n\t\t\t\t\t<\/div>\n\t\t<\/section>\n\t\t\t\t<section class=\"elementor-section elementor-top-section elementor-element elementor-element-e551f31 elementor-section-boxed elementor-section-height-default elementor-section-height-default\" data-id=\"e551f31\" data-element_type=\"section\" data-e-type=\"section\">\n\t\t\t\t\t\t<div class=\"elementor-container elementor-column-gap-default\">\n\t\t\t\t\t<div class=\"elementor-column elementor-col-100 elementor-top-column elementor-element elementor-element-573dcb6\" data-id=\"573dcb6\" data-element_type=\"column\" data-e-type=\"column\">\n\t\t\t<div class=\"elementor-widget-wrap elementor-element-populated\">\n\t\t\t\t\t\t<div class=\"elementor-element elementor-element-0752315 elementor-widget elementor-widget-button\" data-id=\"0752315\" data-element_type=\"widget\" data-e-type=\"widget\" data-widget_type=\"button.default\">\n\t\t\t\t<div class=\"elementor-widget-container\">\n\t\t\t\t\t\t\t\t\t<div class=\"elementor-button-wrapper\">\n\t\t\t\t\t<a class=\"elementor-button elementor-button-link elementor-size-sm\" href=\"https:\/\/ingenia-gmbh.gmbh\/pl\/produkty\/gietarki\/\">\n\t\t\t\t\t\t<span class=\"elementor-button-content-wrapper\">\n\t\t\t\t\t\t<span class=\"elementor-button-icon\">\n\t\t\t\t\t\t\t\t\t<i class=\"fa fa-angle-left\" aria-hidden=\"true\"><\/i>\n\t\t\t\t\t\t\t<\/span>\n\t\t\t\t\t\t\t\t\t<span class=\"elementor-button-text\">cofnij<\/span>\n\t\t\t\t\t<\/span>\n\t\t\t\t\t<\/a>\n\t\t\t\t<\/div>\n\t\t\t\t\t\t\t\t<\/div>\n\t\t\t\t<\/div>\n\t\t\t\t\t<\/div>\n\t\t<\/div>\n\t\t\t\t\t<\/div>\n\t\t<\/section>\n\t\t\t\t<\/div>\n\t\t","protected":false},"excerpt":{"rendered":"<p>Gi\u0119tarka A-BA Gi\u0119tarka p\u0142ytowa serii modelowej A-BA to solidna wszechstronna maszyna z uniwersalnym zakresem zastosowa\u0144. Cykl gi\u0119cia przebiega ca\u0142kowicie automatycznie, ustawienia parametr\u00f3w gi\u0119cia wprowadza si\u0119 na wy\u015bwietlaczu (wyb\u00f3r wst\u0119pny czasu &#8230;<\/p>\n","protected":false},"author":1,"featured_media":0,"parent":3689,"menu_order":1,"comment_status":"closed","ping_status":"closed","template":"template-fullwidth.php","meta":{"footnotes":""},"class_list":["post-3673","page","type-page","status-publish","hentry"],"_links":{"self":[{"href":"https:\/\/ingenia-gmbh.gmbh\/pl\/wp-json\/wp\/v2\/pages\/3673","targetHints":{"allow":["GET"]}}],"collection":[{"href":"https:\/\/ingenia-gmbh.gmbh\/pl\/wp-json\/wp\/v2\/pages"}],"about":[{"href":"https:\/\/ingenia-gmbh.gmbh\/pl\/wp-json\/wp\/v2\/types\/page"}],"author":[{"embeddable":true,"href":"https:\/\/ingenia-gmbh.gmbh\/pl\/wp-json\/wp\/v2\/users\/1"}],"replies":[{"embeddable":true,"href":"https:\/\/ingenia-gmbh.gmbh\/pl\/wp-json\/wp\/v2\/comments?post=3673"}],"version-history":[{"count":5,"href":"https:\/\/ingenia-gmbh.gmbh\/pl\/wp-json\/wp\/v2\/pages\/3673\/revisions"}],"predecessor-version":[{"id":5210,"href":"https:\/\/ingenia-gmbh.gmbh\/pl\/wp-json\/wp\/v2\/pages\/3673\/revisions\/5210"}],"up":[{"embeddable":true,"href":"https:\/\/ingenia-gmbh.gmbh\/pl\/wp-json\/wp\/v2\/pages\/3689"}],"wp:attachment":[{"href":"https:\/\/ingenia-gmbh.gmbh\/pl\/wp-json\/wp\/v2\/media?parent=3673"}],"curies":[{"name":"wp","href":"https:\/\/api.w.org\/{rel}","templated":true}]}}