{"id":3675,"date":"2019-07-20T11:48:51","date_gmt":"2019-07-20T10:48:51","guid":{"rendered":"https:\/\/ingenia-gmbh.gmbh\/produkty\/zgrzewarki\/model-p-sw-2\/"},"modified":"2020-05-18T16:20:35","modified_gmt":"2020-05-18T15:20:35","slug":"model-p-sw","status":"publish","type":"page","link":"https:\/\/ingenia-gmbh.gmbh\/pl\/produkty\/zgrzewarki\/model-p-sw\/","title":{"rendered":"Model P-SW"},"content":{"rendered":"\t\t<div data-elementor-type=\"wp-post\" data-elementor-id=\"3675\" class=\"elementor elementor-3675 elementor-2910\" data-elementor-post-type=\"page\">\n\t\t\t\t\t\t<section class=\"elementor-section elementor-top-section elementor-element elementor-element-17f104a elementor-section-boxed elementor-section-height-default elementor-section-height-default\" data-id=\"17f104a\" data-element_type=\"section\" data-e-type=\"section\">\n\t\t\t\t\t\t<div class=\"elementor-container elementor-column-gap-wider\">\n\t\t\t\t\t<div class=\"elementor-column elementor-col-50 elementor-top-column elementor-element elementor-element-7a84b6a\" data-id=\"7a84b6a\" data-element_type=\"column\" data-e-type=\"column\">\n\t\t\t<div class=\"elementor-widget-wrap elementor-element-populated\">\n\t\t\t\t\t\t<div class=\"elementor-element elementor-element-196ad02 elementor-widget elementor-widget-text-editor\" data-id=\"196ad02\" data-element_type=\"widget\" data-e-type=\"widget\" data-widget_type=\"text-editor.default\">\n\t\t\t\t<div class=\"elementor-widget-container\">\n\t\t\t\t\t\t\t\t\t<div class=\"ether-col\">\n<h3><span style=\"color: #706e6f;\">Zgrzewarka do zgrzewania doczo\u0142owego <span style=\"color: #e40613;\">P-SW<\/span><\/span><\/h3>\n<p>Seria modelowa SW zosta\u0142a zaprojektowana do najwi\u0119kszych wymaga\u0144 jako\u015bci i wydajno\u015bci. Ta wersja jest standardowo wyposa\u017cona w dwa obszary mocowania z ka\u017cdej strony sto\u0142u oraz w pomiar drogi i sterowanie drogi. Maszyny ten serii s\u0105 wyposa\u017cone w uk\u0142ad sterowania si\u0142\u0105 sto\u0142u CNC wraz z baz\u0105 danych, a na \u017cyczenie klienta mo\u017cna w nich umie\u015bci\u0107 ca\u0142kowicie automatyczne urz\u0105dzenie zgrzewaj\u0105ce 90\u00b0.<\/p>\n<p>Cykl zgrzewania tej maszyny przebiega automatycznie.<br \/>\nTa maszyna jest dost\u0119pna w nast\u0119puj\u0105cych wersjach:<br \/>\n2 m, 3 m, 4 m, 5 m lub 6 m<br \/>\nGrubo\u015bci do zgrzewania: 3 \u2013 60 mm<\/p>\n<p>Na \u017cyczenie klienta mo\u017cliwe rozwi\u0105zania specjalne.<\/p>\n<\/div>\n<div class=\"ether-col\"><\/div>\n\t\t\t\t\t\t\t\t<\/div>\n\t\t\t\t<\/div>\n\t\t\t\t\t<\/div>\n\t\t<\/div>\n\t\t\t\t<div class=\"elementor-column elementor-col-50 elementor-top-column elementor-element elementor-element-faf249e\" data-id=\"faf249e\" data-element_type=\"column\" data-e-type=\"column\">\n\t\t\t<div class=\"elementor-widget-wrap elementor-element-populated\">\n\t\t\t\t\t\t<div class=\"elementor-element elementor-element-add90db elementor-widget elementor-widget-image\" data-id=\"add90db\" data-element_type=\"widget\" data-e-type=\"widget\" data-widget_type=\"image.default\">\n\t\t\t\t<div class=\"elementor-widget-container\">\n\t\t\t\t\t\t\t\t\t\t\t\t\t\t\t<img fetchpriority=\"high\" decoding=\"async\" width=\"800\" height=\"580\" src=\"https:\/\/ingenia-gmbh.gmbh\/wp-content\/uploads\/2017\/05\/5040-PL-SW-gedreht-1024x742.jpg\" class=\"attachment-large size-large wp-image-2481\" alt=\"\" srcset=\"https:\/\/ingenia-gmbh.gmbh\/wp-content\/uploads\/2017\/05\/5040-PL-SW-gedreht-1024x742.jpg 1024w, https:\/\/ingenia-gmbh.gmbh\/wp-content\/uploads\/2017\/05\/5040-PL-SW-gedreht-300x217.jpg 300w, https:\/\/ingenia-gmbh.gmbh\/wp-content\/uploads\/2017\/05\/5040-PL-SW-gedreht-768x557.jpg 768w\" sizes=\"(max-width: 800px) 100vw, 800px\" \/>\t\t\t\t\t\t\t\t\t\t\t\t\t\t\t<\/div>\n\t\t\t\t<\/div>\n\t\t\t\t\t<\/div>\n\t\t<\/div>\n\t\t\t\t\t<\/div>\n\t\t<\/section>\n\t\t\t\t<section class=\"elementor-section elementor-top-section elementor-element elementor-element-c46785b elementor-section-boxed elementor-section-height-default elementor-section-height-default\" data-id=\"c46785b\" data-element_type=\"section\" data-e-type=\"section\">\n\t\t\t\t\t\t<div class=\"elementor-container elementor-column-gap-default\">\n\t\t\t\t\t<div class=\"elementor-column elementor-col-100 elementor-top-column elementor-element elementor-element-a72be39\" data-id=\"a72be39\" data-element_type=\"column\" data-e-type=\"column\">\n\t\t\t<div class=\"elementor-widget-wrap elementor-element-populated\">\n\t\t\t\t\t\t<div class=\"elementor-element elementor-element-96b69ed elementor-widget elementor-widget-spacer\" data-id=\"96b69ed\" data-element_type=\"widget\" data-e-type=\"widget\" data-widget_type=\"spacer.default\">\n\t\t\t\t<div class=\"elementor-widget-container\">\n\t\t\t\t\t\t\t<div class=\"elementor-spacer\">\n\t\t\t<div class=\"elementor-spacer-inner\"><\/div>\n\t\t<\/div>\n\t\t\t\t\t\t<\/div>\n\t\t\t\t<\/div>\n\t\t\t\t\t<\/div>\n\t\t<\/div>\n\t\t\t\t\t<\/div>\n\t\t<\/section>\n\t\t\t\t<section class=\"elementor-section elementor-top-section elementor-element elementor-element-d02e693 elementor-section-boxed elementor-section-height-default elementor-section-height-default\" data-id=\"d02e693\" data-element_type=\"section\" data-e-type=\"section\">\n\t\t\t\t\t\t<div class=\"elementor-container elementor-column-gap-default\">\n\t\t\t\t\t<div class=\"elementor-column elementor-col-100 elementor-top-column elementor-element elementor-element-5018706\" data-id=\"5018706\" data-element_type=\"column\" data-e-type=\"column\">\n\t\t\t<div class=\"elementor-widget-wrap elementor-element-populated\">\n\t\t\t\t\t\t<div class=\"elementor-element elementor-element-69a00bf elementor-widget elementor-widget-text-editor\" data-id=\"69a00bf\" data-element_type=\"widget\" data-e-type=\"widget\" data-widget_type=\"text-editor.default\">\n\t\t\t\t<div class=\"elementor-widget-container\">\n\t\t\t\t\t\t\t\t\t<table>\n<tbody>\n<tr>\n<td style=\"text-align: center;\" width=\"201\"><strong>Model<\/strong><\/td>\n<td width=\"201\"><strong>szeroko\u015b\u0107 robocza <\/strong><\/td>\n<td width=\"201\"><strong>grubo\u015b\u0107 materia\u0142u <\/strong><\/td>\n<\/tr>\n<tr>\n<td width=\"201\">20.30 P-SW<\/td>\n<td width=\"201\">2.000 mm<\/td>\n<td width=\"201\">30 mm<\/td>\n<\/tr>\n<tr>\n<td width=\"201\">30.30 P-SW<\/td>\n<td width=\"201\">3.000 mm<\/td>\n<td width=\"201\">30 mm<\/td>\n<\/tr>\n<tr>\n<td width=\"201\">40.30 P-SW<\/td>\n<td width=\"201\">4.000 mm<\/td>\n<td width=\"201\">30 mm<\/td>\n<\/tr>\n<tr>\n<td width=\"201\">50.30 P-SW<\/td>\n<td width=\"201\">5.000 mm<\/td>\n<td width=\"201\">30 mm<\/td>\n<\/tr>\n<tr>\n<td width=\"201\">30.40 P-SW<\/td>\n<td width=\"201\">3.000 mm<\/td>\n<td width=\"201\">40 mm<\/td>\n<\/tr>\n<tr>\n<td width=\"201\">40.40 P-SW<\/td>\n<td width=\"201\">4.000 mm<\/td>\n<td width=\"201\">40 mm<\/td>\n<\/tr>\n<tr>\n<td width=\"201\">50.40 P-SW<\/td>\n<td width=\"201\">5.000 mm<\/td>\n<td width=\"201\">40 mm<\/td>\n<\/tr>\n<tr>\n<td width=\"201\">30.50 P-SW<\/td>\n<td width=\"201\">3.000 mm<\/td>\n<td width=\"201\">50 mm<\/td>\n<\/tr>\n<tr>\n<td width=\"201\">40.50 P-SW<\/td>\n<td width=\"201\">4.000 mm<\/td>\n<td width=\"201\">50 mm<\/td>\n<\/tr>\n<\/tbody>\n<\/table>\n\t\t\t\t\t\t\t\t<\/div>\n\t\t\t\t<\/div>\n\t\t\t\t\t<\/div>\n\t\t<\/div>\n\t\t\t\t\t<\/div>\n\t\t<\/section>\n\t\t\t\t<section class=\"elementor-section elementor-top-section elementor-element elementor-element-afaaba0 elementor-section-boxed elementor-section-height-default elementor-section-height-default\" data-id=\"afaaba0\" data-element_type=\"section\" data-e-type=\"section\">\n\t\t\t\t\t\t<div class=\"elementor-container elementor-column-gap-default\">\n\t\t\t\t\t<div class=\"elementor-column elementor-col-100 elementor-top-column elementor-element elementor-element-9a9a3ba\" data-id=\"9a9a3ba\" data-element_type=\"column\" data-e-type=\"column\">\n\t\t\t<div class=\"elementor-widget-wrap elementor-element-populated\">\n\t\t\t\t\t\t<div class=\"elementor-element elementor-element-ee12de9 elementor-widget elementor-widget-spacer\" data-id=\"ee12de9\" data-element_type=\"widget\" data-e-type=\"widget\" data-widget_type=\"spacer.default\">\n\t\t\t\t<div class=\"elementor-widget-container\">\n\t\t\t\t\t\t\t<div class=\"elementor-spacer\">\n\t\t\t<div class=\"elementor-spacer-inner\"><\/div>\n\t\t<\/div>\n\t\t\t\t\t\t<\/div>\n\t\t\t\t<\/div>\n\t\t\t\t\t<\/div>\n\t\t<\/div>\n\t\t\t\t\t<\/div>\n\t\t<\/section>\n\t\t\t\t<section class=\"elementor-section elementor-top-section elementor-element elementor-element-ac7fc8c elementor-section-boxed elementor-section-height-default elementor-section-height-default\" data-id=\"ac7fc8c\" data-element_type=\"section\" data-e-type=\"section\">\n\t\t\t\t\t\t<div class=\"elementor-container elementor-column-gap-default\">\n\t\t\t\t\t<div class=\"elementor-column elementor-col-100 elementor-top-column elementor-element elementor-element-2b064b8\" data-id=\"2b064b8\" data-element_type=\"column\" data-e-type=\"column\">\n\t\t\t<div class=\"elementor-widget-wrap elementor-element-populated\">\n\t\t\t\t\t\t<div class=\"elementor-element elementor-element-42773ce elementor-widget elementor-widget-text-editor\" data-id=\"42773ce\" data-element_type=\"widget\" data-e-type=\"widget\" data-widget_type=\"text-editor.default\">\n\t\t\t\t<div class=\"elementor-widget-container\">\n\t\t\t\t\t\t\t\t\t<h3><span style=\"color: #706e6f;\">Wyposa\u017cenie dodatkowe <span style=\"color: #e40613;\">P-SW<\/span><\/span><\/h3>\n<ul>\n<li>system diagnostyczny online INGENIA<\/li>\n<li>o\u015bwietlenie obszaru zgrzewania<\/li>\n<li>skalowanie na obydwu stronach sto\u0142u<\/li>\n<li>rozbudowa do wysoko\u015bci mocowania 65\u00a0mm, np. do p\u0142yt z pust\u0105 komor\u0105<\/li>\n<li>podnoszenie p\u0142yt (tylko jedna strona)<\/li>\n<li>dodatkowy obszar mocowania z ka\u017cdej strony (z 2 na 3 obszary)<\/li>\n<li>program zgrzewania T (tylko w po\u0142\u0105czeniu z urz\u0105dzeniem do zgrzewania k\u0105towego L 90\u00b0)<\/li>\n<li>kompensacja przesuni\u0119cia, do ustalania i wyr\u00f3wnywania si\u0142 poci\u0105gowych oraz ciernych<\/li>\n<li>automatyczna regulacja szczeliny sto\u0142u<\/li>\n<li>obs\u0142uga zdalna lub prze\u0142\u0105cznik no\u017cny do mocowania<\/li>\n<li>drukarka do tworzenia protoko\u0142u zgrzewania wg DVS 2207-11<\/li>\n<li>sygna\u0142 d\u017awi\u0119kowy po zako\u0144czeniu cyklu zgrzewania<\/li>\n<li>ramiona rozk\u0142adane z k\u00f3\u0142kami kulkowymi<\/li>\n<li>automatyczna jednostka dociskowa<\/li>\n<li>automatyczne urz\u0105dzenie do zgrzewania k\u0105towego L 90\u00b0<\/li>\n<li>urz\u0105dzenie do ci\u0105gnienia okr\u0105g\u0142ego<\/li>\n<li>lakierowanie specjalne<\/li>\n<\/ul>\n\t\t\t\t\t\t\t\t<\/div>\n\t\t\t\t<\/div>\n\t\t\t\t\t<\/div>\n\t\t<\/div>\n\t\t\t\t\t<\/div>\n\t\t<\/section>\n\t\t\t\t<section class=\"elementor-section elementor-top-section elementor-element elementor-element-5dd3c8c elementor-section-boxed elementor-section-height-default elementor-section-height-default\" data-id=\"5dd3c8c\" data-element_type=\"section\" data-e-type=\"section\">\n\t\t\t\t\t\t<div class=\"elementor-container elementor-column-gap-default\">\n\t\t\t\t\t<div class=\"elementor-column elementor-col-100 elementor-top-column elementor-element elementor-element-606cf74\" data-id=\"606cf74\" data-element_type=\"column\" data-e-type=\"column\">\n\t\t\t<div class=\"elementor-widget-wrap elementor-element-populated\">\n\t\t\t\t\t\t<div class=\"elementor-element elementor-element-6350dec elementor-widget elementor-widget-spacer\" data-id=\"6350dec\" data-element_type=\"widget\" data-e-type=\"widget\" data-widget_type=\"spacer.default\">\n\t\t\t\t<div class=\"elementor-widget-container\">\n\t\t\t\t\t\t\t<div class=\"elementor-spacer\">\n\t\t\t<div class=\"elementor-spacer-inner\"><\/div>\n\t\t<\/div>\n\t\t\t\t\t\t<\/div>\n\t\t\t\t<\/div>\n\t\t\t\t\t<\/div>\n\t\t<\/div>\n\t\t\t\t\t<\/div>\n\t\t<\/section>\n\t\t\t\t<section class=\"elementor-section elementor-top-section elementor-element elementor-element-cf803ef elementor-section-boxed elementor-section-height-default elementor-section-height-default\" data-id=\"cf803ef\" data-element_type=\"section\" data-e-type=\"section\">\n\t\t\t\t\t\t<div class=\"elementor-container elementor-column-gap-default\">\n\t\t\t\t\t<div class=\"elementor-column elementor-col-50 elementor-top-column elementor-element elementor-element-a07a153\" data-id=\"a07a153\" data-element_type=\"column\" data-e-type=\"column\">\n\t\t\t<div class=\"elementor-widget-wrap elementor-element-populated\">\n\t\t\t\t\t\t<div class=\"elementor-element elementor-element-bd5e16d elementor-widget elementor-widget-image\" data-id=\"bd5e16d\" data-element_type=\"widget\" data-e-type=\"widget\" data-widget_type=\"image.default\">\n\t\t\t\t<div class=\"elementor-widget-container\">\n\t\t\t\t\t\t\t\t\t\t\t\t<figure class=\"wp-caption\">\n\t\t\t\t\t\t\t\t\t\t<img decoding=\"async\" width=\"800\" height=\"600\" src=\"https:\/\/ingenia-gmbh.gmbh\/wp-content\/uploads\/2020\/05\/Rundziehvorrichtung-1.2-RZ-VM-montiert-an-Schwei\u00dfmaschine-1024x768.jpg\" class=\"attachment-large size-large wp-image-5455\" alt=\"\" srcset=\"https:\/\/ingenia-gmbh.gmbh\/wp-content\/uploads\/2020\/05\/Rundziehvorrichtung-1.2-RZ-VM-montiert-an-Schwei\u00dfmaschine-1024x768.jpg 1024w, https:\/\/ingenia-gmbh.gmbh\/wp-content\/uploads\/2020\/05\/Rundziehvorrichtung-1.2-RZ-VM-montiert-an-Schwei\u00dfmaschine-300x225.jpg 300w, https:\/\/ingenia-gmbh.gmbh\/wp-content\/uploads\/2020\/05\/Rundziehvorrichtung-1.2-RZ-VM-montiert-an-Schwei\u00dfmaschine-768x576.jpg 768w, https:\/\/ingenia-gmbh.gmbh\/wp-content\/uploads\/2020\/05\/Rundziehvorrichtung-1.2-RZ-VM-montiert-an-Schwei\u00dfmaschine-1536x1152.jpg 1536w, https:\/\/ingenia-gmbh.gmbh\/wp-content\/uploads\/2020\/05\/Rundziehvorrichtung-1.2-RZ-VM-montiert-an-Schwei\u00dfmaschine-2048x1536.jpg 2048w\" sizes=\"(max-width: 800px) 100vw, 800px\" \/>\t\t\t\t\t\t\t\t\t\t\t<figcaption class=\"widget-image-caption wp-caption-text\">urz\u0105dzenie do ci\u0105gnienia okr\u0105g\u0142ego K-ZV do p\u0142yt 6 - 30 mm \/ \u015brednica 1000 - 5000 mm (tylko w po\u0142\u0105czeniu z suwnic\u0105 pomostow\u0105)<\/figcaption>\n\t\t\t\t\t\t\t\t\t\t<\/figure>\n\t\t\t\t\t\t\t\t\t<\/div>\n\t\t\t\t<\/div>\n\t\t\t\t\t<\/div>\n\t\t<\/div>\n\t\t\t\t<div class=\"elementor-column elementor-col-50 elementor-top-column elementor-element elementor-element-0dea300\" data-id=\"0dea300\" data-element_type=\"column\" data-e-type=\"column\">\n\t\t\t<div class=\"elementor-widget-wrap elementor-element-populated\">\n\t\t\t\t\t\t<div class=\"elementor-element elementor-element-6f50f31 elementor-widget elementor-widget-image\" data-id=\"6f50f31\" data-element_type=\"widget\" data-e-type=\"widget\" data-widget_type=\"image.default\">\n\t\t\t\t<div class=\"elementor-widget-container\">\n\t\t\t\t\t\t\t\t\t\t\t\t<figure class=\"wp-caption\">\n\t\t\t\t\t\t\t\t\t\t<img decoding=\"async\" width=\"800\" height=\"600\" src=\"https:\/\/ingenia-gmbh.gmbh\/wp-content\/uploads\/2020\/05\/Schweissmaschine-mit-1.0-RZ-V_frei-1024x768.jpg\" class=\"attachment-large size-large wp-image-5447\" alt=\"\" srcset=\"https:\/\/ingenia-gmbh.gmbh\/wp-content\/uploads\/2020\/05\/Schweissmaschine-mit-1.0-RZ-V_frei-1024x768.jpg 1024w, https:\/\/ingenia-gmbh.gmbh\/wp-content\/uploads\/2020\/05\/Schweissmaschine-mit-1.0-RZ-V_frei-300x225.jpg 300w, https:\/\/ingenia-gmbh.gmbh\/wp-content\/uploads\/2020\/05\/Schweissmaschine-mit-1.0-RZ-V_frei-768x576.jpg 768w, https:\/\/ingenia-gmbh.gmbh\/wp-content\/uploads\/2020\/05\/Schweissmaschine-mit-1.0-RZ-V_frei-1536x1152.jpg 1536w, https:\/\/ingenia-gmbh.gmbh\/wp-content\/uploads\/2020\/05\/Schweissmaschine-mit-1.0-RZ-V_frei-2048x1536.jpg 2048w\" sizes=\"(max-width: 800px) 100vw, 800px\" \/>\t\t\t\t\t\t\t\t\t\t\t<figcaption class=\"widget-image-caption wp-caption-text\">urz\u0105dzenie do ci\u0105gnienia okr\u0105g\u0142ego RZ-V 1.0 do p\u0142yt 5 - 25 mm \/ \u015brednica 500 - 3000 mm<\/figcaption>\n\t\t\t\t\t\t\t\t\t\t<\/figure>\n\t\t\t\t\t\t\t\t\t<\/div>\n\t\t\t\t<\/div>\n\t\t\t\t\t<\/div>\n\t\t<\/div>\n\t\t\t\t\t<\/div>\n\t\t<\/section>\n\t\t\t\t<section class=\"elementor-section elementor-top-section elementor-element elementor-element-3d8b108 elementor-section-boxed elementor-section-height-default elementor-section-height-default\" data-id=\"3d8b108\" data-element_type=\"section\" data-e-type=\"section\">\n\t\t\t\t\t\t<div class=\"elementor-container elementor-column-gap-default\">\n\t\t\t\t\t<div class=\"elementor-column elementor-col-100 elementor-top-column elementor-element elementor-element-ff6d81c\" data-id=\"ff6d81c\" data-element_type=\"column\" data-e-type=\"column\">\n\t\t\t<div class=\"elementor-widget-wrap elementor-element-populated\">\n\t\t\t\t\t\t<div class=\"elementor-element elementor-element-749f12e elementor-widget elementor-widget-spacer\" data-id=\"749f12e\" data-element_type=\"widget\" data-e-type=\"widget\" data-widget_type=\"spacer.default\">\n\t\t\t\t<div class=\"elementor-widget-container\">\n\t\t\t\t\t\t\t<div class=\"elementor-spacer\">\n\t\t\t<div class=\"elementor-spacer-inner\"><\/div>\n\t\t<\/div>\n\t\t\t\t\t\t<\/div>\n\t\t\t\t<\/div>\n\t\t\t\t\t<\/div>\n\t\t<\/div>\n\t\t\t\t\t<\/div>\n\t\t<\/section>\n\t\t\t\t<section class=\"elementor-section elementor-top-section elementor-element elementor-element-a84fbac elementor-section-boxed elementor-section-height-default elementor-section-height-default\" data-id=\"a84fbac\" data-element_type=\"section\" data-e-type=\"section\">\n\t\t\t\t\t\t<div class=\"elementor-container elementor-column-gap-default\">\n\t\t\t\t\t<div class=\"elementor-column elementor-col-50 elementor-top-column elementor-element elementor-element-6ab066c\" data-id=\"6ab066c\" data-element_type=\"column\" data-e-type=\"column\">\n\t\t\t<div class=\"elementor-widget-wrap elementor-element-populated\">\n\t\t\t\t\t\t<div class=\"elementor-element elementor-element-578ced3 elementor-widget elementor-widget-image\" data-id=\"578ced3\" data-element_type=\"widget\" data-e-type=\"widget\" data-widget_type=\"image.default\">\n\t\t\t\t<div class=\"elementor-widget-container\">\n\t\t\t\t\t\t\t\t\t\t\t\t\t\t\t<img loading=\"lazy\" decoding=\"async\" width=\"800\" height=\"600\" src=\"https:\/\/ingenia-gmbh.gmbh\/wp-content\/uploads\/2020\/05\/1.2-RZ.V-1024x768.jpg\" class=\"attachment-large size-large wp-image-5461\" alt=\"\" srcset=\"https:\/\/ingenia-gmbh.gmbh\/wp-content\/uploads\/2020\/05\/1.2-RZ.V-1024x768.jpg 1024w, https:\/\/ingenia-gmbh.gmbh\/wp-content\/uploads\/2020\/05\/1.2-RZ.V-300x225.jpg 300w, https:\/\/ingenia-gmbh.gmbh\/wp-content\/uploads\/2020\/05\/1.2-RZ.V-768x576.jpg 768w, https:\/\/ingenia-gmbh.gmbh\/wp-content\/uploads\/2020\/05\/1.2-RZ.V-1536x1152.jpg 1536w, https:\/\/ingenia-gmbh.gmbh\/wp-content\/uploads\/2020\/05\/1.2-RZ.V-2048x1536.jpg 2048w\" sizes=\"(max-width: 800px) 100vw, 800px\" \/>\t\t\t\t\t\t\t\t\t\t\t\t\t\t\t<\/div>\n\t\t\t\t<\/div>\n\t\t\t\t\t<\/div>\n\t\t<\/div>\n\t\t\t\t<div class=\"elementor-column elementor-col-50 elementor-top-column elementor-element elementor-element-631a01a\" data-id=\"631a01a\" data-element_type=\"column\" data-e-type=\"column\">\n\t\t\t<div class=\"elementor-widget-wrap elementor-element-populated\">\n\t\t\t\t\t\t<div class=\"elementor-element elementor-element-dbe7f08 elementor-widget elementor-widget-image\" data-id=\"dbe7f08\" data-element_type=\"widget\" data-e-type=\"widget\" data-widget_type=\"image.default\">\n\t\t\t\t<div class=\"elementor-widget-container\">\n\t\t\t\t\t\t\t\t\t\t\t\t\t\t\t<img loading=\"lazy\" decoding=\"async\" width=\"800\" height=\"598\" src=\"https:\/\/ingenia-gmbh.gmbh\/wp-content\/uploads\/2020\/05\/30mm-Rundbeh\u00e4lter-1024x766.jpg\" class=\"attachment-large size-large wp-image-5468\" alt=\"\" srcset=\"https:\/\/ingenia-gmbh.gmbh\/wp-content\/uploads\/2020\/05\/30mm-Rundbeh\u00e4lter-1024x766.jpg 1024w, https:\/\/ingenia-gmbh.gmbh\/wp-content\/uploads\/2020\/05\/30mm-Rundbeh\u00e4lter-300x225.jpg 300w, https:\/\/ingenia-gmbh.gmbh\/wp-content\/uploads\/2020\/05\/30mm-Rundbeh\u00e4lter-768x575.jpg 768w, https:\/\/ingenia-gmbh.gmbh\/wp-content\/uploads\/2020\/05\/30mm-Rundbeh\u00e4lter-1536x1150.jpg 1536w, https:\/\/ingenia-gmbh.gmbh\/wp-content\/uploads\/2020\/05\/30mm-Rundbeh\u00e4lter-2048x1533.jpg 2048w\" sizes=\"(max-width: 800px) 100vw, 800px\" \/>\t\t\t\t\t\t\t\t\t\t\t\t\t\t\t<\/div>\n\t\t\t\t<\/div>\n\t\t\t\t\t<\/div>\n\t\t<\/div>\n\t\t\t\t\t<\/div>\n\t\t<\/section>\n\t\t\t\t<section class=\"elementor-section elementor-top-section elementor-element elementor-element-bd11646 elementor-section-boxed elementor-section-height-default elementor-section-height-default\" data-id=\"bd11646\" data-element_type=\"section\" data-e-type=\"section\">\n\t\t\t\t\t\t<div class=\"elementor-container elementor-column-gap-default\">\n\t\t\t\t\t<div class=\"elementor-column elementor-col-100 elementor-top-column elementor-element elementor-element-dc4275a\" data-id=\"dc4275a\" data-element_type=\"column\" data-e-type=\"column\">\n\t\t\t<div class=\"elementor-widget-wrap elementor-element-populated\">\n\t\t\t\t\t\t<div class=\"elementor-element elementor-element-f07e4f2 elementor-widget elementor-widget-button\" data-id=\"f07e4f2\" data-element_type=\"widget\" data-e-type=\"widget\" data-widget_type=\"button.default\">\n\t\t\t\t<div class=\"elementor-widget-container\">\n\t\t\t\t\t\t\t\t\t<div class=\"elementor-button-wrapper\">\n\t\t\t\t\t<a class=\"elementor-button elementor-button-link elementor-size-sm\" href=\"https:\/\/ingenia-gmbh.gmbh\/pl\/produkty\/zgrzewarki\/\">\n\t\t\t\t\t\t<span class=\"elementor-button-content-wrapper\">\n\t\t\t\t\t\t<span class=\"elementor-button-icon\">\n\t\t\t\t\t\t\t\t\t<i class=\"fa fa-angle-left\" aria-hidden=\"true\"><\/i>\n\t\t\t\t\t\t\t<\/span>\n\t\t\t\t\t\t\t\t\t<span class=\"elementor-button-text\">cofnij<\/span>\n\t\t\t\t\t<\/span>\n\t\t\t\t\t<\/a>\n\t\t\t\t<\/div>\n\t\t\t\t\t\t\t\t<\/div>\n\t\t\t\t<\/div>\n\t\t\t\t\t<\/div>\n\t\t<\/div>\n\t\t\t\t\t<\/div>\n\t\t<\/section>\n\t\t\t\t<\/div>\n\t\t","protected":false},"excerpt":{"rendered":"<p>Zgrzewarka do zgrzewania doczo\u0142owego P-SW Seria modelowa SW zosta\u0142a zaprojektowana do najwi\u0119kszych wymaga\u0144 jako\u015bci i wydajno\u015bci. Ta wersja jest standardowo wyposa\u017cona w dwa obszary mocowania z ka\u017cdej strony sto\u0142u oraz &#8230;<\/p>\n","protected":false},"author":1,"featured_media":0,"parent":3677,"menu_order":1,"comment_status":"closed","ping_status":"closed","template":"template-fullwidth.php","meta":{"footnotes":""},"class_list":["post-3675","page","type-page","status-publish","hentry"],"_links":{"self":[{"href":"https:\/\/ingenia-gmbh.gmbh\/pl\/wp-json\/wp\/v2\/pages\/3675","targetHints":{"allow":["GET"]}}],"collection":[{"href":"https:\/\/ingenia-gmbh.gmbh\/pl\/wp-json\/wp\/v2\/pages"}],"about":[{"href":"https:\/\/ingenia-gmbh.gmbh\/pl\/wp-json\/wp\/v2\/types\/page"}],"author":[{"embeddable":true,"href":"https:\/\/ingenia-gmbh.gmbh\/pl\/wp-json\/wp\/v2\/users\/1"}],"replies":[{"embeddable":true,"href":"https:\/\/ingenia-gmbh.gmbh\/pl\/wp-json\/wp\/v2\/comments?post=3675"}],"version-history":[{"count":5,"href":"https:\/\/ingenia-gmbh.gmbh\/pl\/wp-json\/wp\/v2\/pages\/3675\/revisions"}],"predecessor-version":[{"id":5478,"href":"https:\/\/ingenia-gmbh.gmbh\/pl\/wp-json\/wp\/v2\/pages\/3675\/revisions\/5478"}],"up":[{"embeddable":true,"href":"https:\/\/ingenia-gmbh.gmbh\/pl\/wp-json\/wp\/v2\/pages\/3677"}],"wp:attachment":[{"href":"https:\/\/ingenia-gmbh.gmbh\/pl\/wp-json\/wp\/v2\/media?parent=3675"}],"curies":[{"name":"wp","href":"https:\/\/api.w.org\/{rel}","templated":true}]}}