{"id":3687,"date":"2019-07-21T07:54:50","date_gmt":"2019-07-21T06:54:50","guid":{"rendered":"https:\/\/ingenia-gmbh.gmbh\/produkty\/maszyny-do-poszczegolnych-zastosowan\/zgrzewanie-pojemnikow-2\/"},"modified":"2019-08-31T15:42:27","modified_gmt":"2019-08-31T14:42:27","slug":"zgrzewanie-pojemnikow","status":"publish","type":"page","link":"https:\/\/ingenia-gmbh.gmbh\/pl\/produkty\/maszyny-do-poszczegolnych-zastosowan\/zgrzewanie-pojemnikow\/","title":{"rendered":"Zgrzewanie pojemnik\u00f3w"},"content":{"rendered":"\t\t<div data-elementor-type=\"wp-post\" data-elementor-id=\"3687\" class=\"elementor elementor-3687 elementor-2790\" data-elementor-post-type=\"page\">\n\t\t\t\t\t\t<section class=\"elementor-section elementor-top-section elementor-element elementor-element-e79d0d2 elementor-section-boxed elementor-section-height-default elementor-section-height-default\" data-id=\"e79d0d2\" data-element_type=\"section\" data-e-type=\"section\">\n\t\t\t\t\t\t<div class=\"elementor-container elementor-column-gap-default\">\n\t\t\t\t\t<div class=\"elementor-column elementor-col-50 elementor-top-column elementor-element elementor-element-7a6beec\" data-id=\"7a6beec\" data-element_type=\"column\" data-e-type=\"column\">\n\t\t\t<div class=\"elementor-widget-wrap elementor-element-populated\">\n\t\t\t\t\t\t<div class=\"elementor-element elementor-element-820bdf5 elementor-widget elementor-widget-text-editor\" data-id=\"820bdf5\" data-element_type=\"widget\" data-e-type=\"widget\" data-widget_type=\"text-editor.default\">\n\t\t\t\t<div class=\"elementor-widget-container\">\n\t\t\t\t\t\t\t\t\t<h3><span style=\"color: #706e6f;\"><strong>Zgrzewanie pojemnik\u00f3w<\/strong><\/span><\/h3>\n<p>Urz\u0105dzenie do produkcji pojemnik\u00f3w, seria modelowa DT, to automatyczne urz\u0105dzenie do zgrzewania metod\u0105 wyt\u0142aczania, kt\u00f3re spe\u0142nia najwy\u017csze wymagania precyzji spoiny. Dzi\u0119ki konstrukcji modu\u0142owej urz\u0105dzenie mo\u017cna indywidualnie dostosowa\u0107 do ka\u017cdego klienta. Na tych maszynach mo\u017cna obrabia\u0107 pojemniki o \u015brednicy do 5\u00a0m i wysoko\u015bci do 6\u00a0m. Standardowo mo\u017cna zgrzewa\u0107 dna ze \u015bcian\u0105 cylindra za pomoc\u0105 spoin wewn\u0119trznych i zewn\u0119trznych<\/p>\n<p>Sterowanie maszyn\u0105 odbywa si\u0119 za pomoc\u0105 wbudowanego uk\u0142adu elektronicznego. Elementy obs\u0142ugi znajduj\u0105 si\u0119 na pulpicie obs\u0142ugi. Najwa\u017cniejsze funkcje mo\u017cna wykona\u0107 r\u00f3wnie\u017c za pomoc\u0105 dostarczanego opcjonalnie pilota. Ustawienie pr\u0119dko\u015bci obrotu wprowadza si\u0119 przyciskiem.<\/p>\n\t\t\t\t\t\t\t\t<\/div>\n\t\t\t\t<\/div>\n\t\t\t\t\t<\/div>\n\t\t<\/div>\n\t\t\t\t<div class=\"elementor-column elementor-col-50 elementor-top-column elementor-element elementor-element-c240bad\" data-id=\"c240bad\" data-element_type=\"column\" data-e-type=\"column\">\n\t\t\t<div class=\"elementor-widget-wrap elementor-element-populated\">\n\t\t\t\t\t\t<div class=\"elementor-element elementor-element-77f221d elementor-widget elementor-widget-image\" data-id=\"77f221d\" data-element_type=\"widget\" data-e-type=\"widget\" data-widget_type=\"image.default\">\n\t\t\t\t<div class=\"elementor-widget-container\">\n\t\t\t\t\t\t\t\t\t\t\t\t<figure class=\"wp-caption\">\n\t\t\t\t\t\t\t\t\t\t\t<a href=\"https:\/\/ingenia-gmbh.gmbh\/pl\/produkty\/maszyny-do-poszczegolnych-zastosowan\/zgrzewanie-pojemnikow\/zgrzewarka-pojemnikow-dt\/\">\n\t\t\t\t\t\t\t<img fetchpriority=\"high\" decoding=\"async\" width=\"800\" height=\"748\" src=\"https:\/\/ingenia-gmbh.gmbh\/wp-content\/uploads\/2017\/01\/Drehtisch-DT_neu-1024x957.jpg\" class=\"attachment-large size-large wp-image-2131\" alt=\"\" srcset=\"https:\/\/ingenia-gmbh.gmbh\/wp-content\/uploads\/2017\/01\/Drehtisch-DT_neu-1024x957.jpg 1024w, https:\/\/ingenia-gmbh.gmbh\/wp-content\/uploads\/2017\/01\/Drehtisch-DT_neu-300x280.jpg 300w, https:\/\/ingenia-gmbh.gmbh\/wp-content\/uploads\/2017\/01\/Drehtisch-DT_neu-768x718.jpg 768w, https:\/\/ingenia-gmbh.gmbh\/wp-content\/uploads\/2017\/01\/Drehtisch-DT_neu.jpg 1656w\" sizes=\"(max-width: 800px) 100vw, 800px\" \/>\t\t\t\t\t\t\t\t<\/a>\n\t\t\t\t\t\t\t\t\t\t\t<figcaption class=\"widget-image-caption wp-caption-text\">Zgrzewarka pojemnik\u00f3w DT<\/figcaption>\n\t\t\t\t\t\t\t\t\t\t<\/figure>\n\t\t\t\t\t\t\t\t\t<\/div>\n\t\t\t\t<\/div>\n\t\t\t\t\t<\/div>\n\t\t<\/div>\n\t\t\t\t\t<\/div>\n\t\t<\/section>\n\t\t\t\t<section class=\"elementor-section elementor-top-section elementor-element elementor-element-468eab6 elementor-section-boxed elementor-section-height-default elementor-section-height-default\" data-id=\"468eab6\" data-element_type=\"section\" data-e-type=\"section\">\n\t\t\t\t\t\t<div class=\"elementor-container elementor-column-gap-default\">\n\t\t\t\t\t<div class=\"elementor-column elementor-col-100 elementor-top-column elementor-element elementor-element-4ac385b\" data-id=\"4ac385b\" data-element_type=\"column\" data-e-type=\"column\">\n\t\t\t<div class=\"elementor-widget-wrap elementor-element-populated\">\n\t\t\t\t\t\t<div class=\"elementor-element elementor-element-dab2597 elementor-button-danger elementor-widget elementor-widget-button\" data-id=\"dab2597\" data-element_type=\"widget\" data-e-type=\"widget\" data-widget_type=\"button.default\">\n\t\t\t\t<div class=\"elementor-widget-container\">\n\t\t\t\t\t\t\t\t\t<div class=\"elementor-button-wrapper\">\n\t\t\t\t\t<a class=\"elementor-button elementor-button-link elementor-size-sm\" href=\"https:\/\/ingenia-gmbh.gmbh\/pl\/produkty\/maszyny-do-poszczegolnych-zastosowan\/\">\n\t\t\t\t\t\t<span class=\"elementor-button-content-wrapper\">\n\t\t\t\t\t\t\t\t\t<span class=\"elementor-button-text\">&lt; cofnij<\/span>\n\t\t\t\t\t<\/span>\n\t\t\t\t\t<\/a>\n\t\t\t\t<\/div>\n\t\t\t\t\t\t\t\t<\/div>\n\t\t\t\t<\/div>\n\t\t\t\t\t<\/div>\n\t\t<\/div>\n\t\t\t\t\t<\/div>\n\t\t<\/section>\n\t\t\t\t<\/div>\n\t\t","protected":false},"excerpt":{"rendered":"<p>Zgrzewanie pojemnik\u00f3w Urz\u0105dzenie do produkcji pojemnik\u00f3w, seria modelowa DT, to automatyczne urz\u0105dzenie do zgrzewania metod\u0105 wyt\u0142aczania, kt\u00f3re spe\u0142nia najwy\u017csze wymagania precyzji spoiny. Dzi\u0119ki konstrukcji modu\u0142owej urz\u0105dzenie mo\u017cna indywidualnie dostosowa\u0107 do &#8230;<\/p>\n","protected":false},"author":1,"featured_media":0,"parent":3627,"menu_order":2,"comment_status":"closed","ping_status":"closed","template":"template-fullwidth.php","meta":{"footnotes":""},"class_list":["post-3687","page","type-page","status-publish","hentry"],"_links":{"self":[{"href":"https:\/\/ingenia-gmbh.gmbh\/pl\/wp-json\/wp\/v2\/pages\/3687","targetHints":{"allow":["GET"]}}],"collection":[{"href":"https:\/\/ingenia-gmbh.gmbh\/pl\/wp-json\/wp\/v2\/pages"}],"about":[{"href":"https:\/\/ingenia-gmbh.gmbh\/pl\/wp-json\/wp\/v2\/types\/page"}],"author":[{"embeddable":true,"href":"https:\/\/ingenia-gmbh.gmbh\/pl\/wp-json\/wp\/v2\/users\/1"}],"replies":[{"embeddable":true,"href":"https:\/\/ingenia-gmbh.gmbh\/pl\/wp-json\/wp\/v2\/comments?post=3687"}],"version-history":[{"count":6,"href":"https:\/\/ingenia-gmbh.gmbh\/pl\/wp-json\/wp\/v2\/pages\/3687\/revisions"}],"predecessor-version":[{"id":4743,"href":"https:\/\/ingenia-gmbh.gmbh\/pl\/wp-json\/wp\/v2\/pages\/3687\/revisions\/4743"}],"up":[{"embeddable":true,"href":"https:\/\/ingenia-gmbh.gmbh\/pl\/wp-json\/wp\/v2\/pages\/3627"}],"wp:attachment":[{"href":"https:\/\/ingenia-gmbh.gmbh\/pl\/wp-json\/wp\/v2\/media?parent=3687"}],"curies":[{"name":"wp","href":"https:\/\/api.w.org\/{rel}","templated":true}]}}