{"id":3695,"date":"2019-07-21T08:06:39","date_gmt":"2019-07-21T07:06:39","guid":{"rendered":"https:\/\/ingenia-gmbh.gmbh\/produkty\/zgrzewarki\/model-s-econo-2\/"},"modified":"2020-04-19T10:10:35","modified_gmt":"2020-04-19T09:10:35","slug":"model-s-econo","status":"publish","type":"page","link":"https:\/\/ingenia-gmbh.gmbh\/pl\/produkty\/zgrzewarki\/model-s-econo\/","title":{"rendered":"Model PS Econo"},"content":{"rendered":"\t\t<div data-elementor-type=\"wp-post\" data-elementor-id=\"3695\" class=\"elementor elementor-3695 elementor-2915\" data-elementor-post-type=\"page\">\n\t\t\t\t\t\t<section class=\"elementor-section elementor-top-section elementor-element elementor-element-3a44afc elementor-section-boxed elementor-section-height-default elementor-section-height-default\" data-id=\"3a44afc\" data-element_type=\"section\" data-e-type=\"section\">\n\t\t\t\t\t\t<div class=\"elementor-container elementor-column-gap-default\">\n\t\t\t\t\t<div class=\"elementor-column elementor-col-50 elementor-top-column elementor-element elementor-element-903ef2c\" data-id=\"903ef2c\" data-element_type=\"column\" data-e-type=\"column\">\n\t\t\t<div class=\"elementor-widget-wrap elementor-element-populated\">\n\t\t\t\t\t\t<div class=\"elementor-element elementor-element-707e7bc elementor-widget elementor-widget-text-editor\" data-id=\"707e7bc\" data-element_type=\"widget\" data-e-type=\"widget\" data-widget_type=\"text-editor.default\">\n\t\t\t\t<div class=\"elementor-widget-container\">\n\t\t\t\t\t\t\t\t\t<h3><span style=\"color: #706e6f;\">Zgrzewarka do zgrzewania doczo\u0142owego <span style=\"color: #e40613;\">PS econo<\/span><\/span><\/h3>\n<p>Seria modelowa PS econo zosta\u0142a zaprojektowana do \u015bredniego zakresu zastosowa\u0144. Sterowanie maszyn\u0105 odbywa si\u0119 za pomoc\u0105 wbudowanego PLC. Wszystkie czasy ustawione przez u\u017cytkownika mo\u017cna wyd\u0142u\u017ca\u0107 lub skraca\u0107 podczas zgrzewania przez naci\u015bni\u0119cie przycisku. Maszyny ten serii s\u0105 wyposa\u017cone w uk\u0142ad sterowania si\u0142\u0105 sto\u0142u CNC wraz z baz\u0105 danych.<\/p>\n<p>To urz\u0105dzenie jest dost\u0119pne w nast\u0119puj\u0105cych wersjach: 2 m, 3 mi 4 m lub niestandardowe Grubo\u015b\u0107 spawalna: 3\u201325 mm<\/p>\n\t\t\t\t\t\t\t\t<\/div>\n\t\t\t\t<\/div>\n\t\t\t\t\t<\/div>\n\t\t<\/div>\n\t\t\t\t<div class=\"elementor-column elementor-col-50 elementor-top-column elementor-element elementor-element-2e1e450\" data-id=\"2e1e450\" data-element_type=\"column\" data-e-type=\"column\">\n\t\t\t<div class=\"elementor-widget-wrap elementor-element-populated\">\n\t\t\t\t\t\t<div class=\"elementor-element elementor-element-900ffd9 elementor-widget elementor-widget-image\" data-id=\"900ffd9\" data-element_type=\"widget\" data-e-type=\"widget\" data-widget_type=\"image.default\">\n\t\t\t\t<div class=\"elementor-widget-container\">\n\t\t\t\t\t\t\t\t\t\t\t\t\t\t\t<img fetchpriority=\"high\" decoding=\"async\" width=\"800\" height=\"648\" src=\"https:\/\/ingenia-gmbh.gmbh\/wp-content\/uploads\/2017\/05\/Econo_test2-1024x829.jpg\" class=\"attachment-large size-large wp-image-2446\" alt=\"\" srcset=\"https:\/\/ingenia-gmbh.gmbh\/wp-content\/uploads\/2017\/05\/Econo_test2-1024x829.jpg 1024w, https:\/\/ingenia-gmbh.gmbh\/wp-content\/uploads\/2017\/05\/Econo_test2-300x243.jpg 300w, https:\/\/ingenia-gmbh.gmbh\/wp-content\/uploads\/2017\/05\/Econo_test2-768x622.jpg 768w, https:\/\/ingenia-gmbh.gmbh\/wp-content\/uploads\/2017\/05\/Econo_test2.jpg 1596w\" sizes=\"(max-width: 800px) 100vw, 800px\" \/>\t\t\t\t\t\t\t\t\t\t\t\t\t\t\t<\/div>\n\t\t\t\t<\/div>\n\t\t\t\t\t<\/div>\n\t\t<\/div>\n\t\t\t\t\t<\/div>\n\t\t<\/section>\n\t\t\t\t<section class=\"elementor-section elementor-top-section elementor-element elementor-element-33abacd elementor-section-boxed elementor-section-height-default elementor-section-height-default\" data-id=\"33abacd\" data-element_type=\"section\" data-e-type=\"section\">\n\t\t\t\t\t\t<div class=\"elementor-container elementor-column-gap-default\">\n\t\t\t\t\t<div class=\"elementor-column elementor-col-100 elementor-top-column elementor-element elementor-element-a395ef0\" data-id=\"a395ef0\" data-element_type=\"column\" data-e-type=\"column\">\n\t\t\t<div class=\"elementor-widget-wrap elementor-element-populated\">\n\t\t\t\t\t\t<div class=\"elementor-element elementor-element-d6a835d elementor-widget elementor-widget-spacer\" data-id=\"d6a835d\" data-element_type=\"widget\" data-e-type=\"widget\" data-widget_type=\"spacer.default\">\n\t\t\t\t<div class=\"elementor-widget-container\">\n\t\t\t\t\t\t\t<div class=\"elementor-spacer\">\n\t\t\t<div class=\"elementor-spacer-inner\"><\/div>\n\t\t<\/div>\n\t\t\t\t\t\t<\/div>\n\t\t\t\t<\/div>\n\t\t\t\t\t<\/div>\n\t\t<\/div>\n\t\t\t\t\t<\/div>\n\t\t<\/section>\n\t\t\t\t<section class=\"elementor-section elementor-top-section elementor-element elementor-element-dfe7bd7 elementor-section-boxed elementor-section-height-default elementor-section-height-default\" data-id=\"dfe7bd7\" data-element_type=\"section\" data-e-type=\"section\">\n\t\t\t\t\t\t<div class=\"elementor-container elementor-column-gap-default\">\n\t\t\t\t\t<div class=\"elementor-column elementor-col-100 elementor-top-column elementor-element elementor-element-d2d9c7a\" data-id=\"d2d9c7a\" data-element_type=\"column\" data-e-type=\"column\">\n\t\t\t<div class=\"elementor-widget-wrap elementor-element-populated\">\n\t\t\t\t\t\t<div class=\"elementor-element elementor-element-be9f140 elementor-widget elementor-widget-text-editor\" data-id=\"be9f140\" data-element_type=\"widget\" data-e-type=\"widget\" data-widget_type=\"text-editor.default\">\n\t\t\t\t<div class=\"elementor-widget-container\">\n\t\t\t\t\t\t\t\t\t<table>\n<tbody>\n<tr>\n<td width=\"201\"><strong>Modell<\/strong><\/td>\n<td width=\"201\"><strong>szeroko\u015b\u0107 robocza <\/strong><\/td>\n<td width=\"201\">\n<p style=\"text-align: center;\"><strong>grubo\u015b\u0107 materia\u0142u <\/strong><\/p>\n<\/td>\n<\/tr>\n<tr>\n<td width=\"201\">15.25 PS econo<\/td>\n<td width=\"201\">1.500 mm<\/td>\n<td width=\"201\">25 mm<\/td>\n<\/tr>\n<tr>\n<td width=\"201\">20.25 PS econo<\/td>\n<td width=\"201\">2.000 mm<\/td>\n<td width=\"201\">25 mm<\/td>\n<\/tr>\n<tr>\n<td width=\"201\">30.25 PS econo<\/td>\n<td width=\"201\">3.000 mm<\/td>\n<td width=\"201\">25 mm<\/td>\n<\/tr>\n<tr>\n<td width=\"201\">40.25 PS econo<\/td>\n<td width=\"201\">4.000 mm<\/td>\n<td width=\"201\">25 mm<\/td>\n<\/tr>\n<\/tbody>\n<\/table>\n<p>&nbsp;<\/p>\n\t\t\t\t\t\t\t\t<\/div>\n\t\t\t\t<\/div>\n\t\t\t\t\t<\/div>\n\t\t<\/div>\n\t\t\t\t\t<\/div>\n\t\t<\/section>\n\t\t\t\t<section class=\"elementor-section elementor-top-section elementor-element elementor-element-13abbb3 elementor-section-boxed elementor-section-height-default elementor-section-height-default\" data-id=\"13abbb3\" data-element_type=\"section\" data-e-type=\"section\">\n\t\t\t\t\t\t<div class=\"elementor-container elementor-column-gap-default\">\n\t\t\t\t\t<div class=\"elementor-column elementor-col-100 elementor-top-column elementor-element elementor-element-a780824\" data-id=\"a780824\" data-element_type=\"column\" data-e-type=\"column\">\n\t\t\t<div class=\"elementor-widget-wrap elementor-element-populated\">\n\t\t\t\t\t\t<div class=\"elementor-element elementor-element-2582d50 elementor-widget elementor-widget-spacer\" data-id=\"2582d50\" data-element_type=\"widget\" data-e-type=\"widget\" data-widget_type=\"spacer.default\">\n\t\t\t\t<div class=\"elementor-widget-container\">\n\t\t\t\t\t\t\t<div class=\"elementor-spacer\">\n\t\t\t<div class=\"elementor-spacer-inner\"><\/div>\n\t\t<\/div>\n\t\t\t\t\t\t<\/div>\n\t\t\t\t<\/div>\n\t\t\t\t\t<\/div>\n\t\t<\/div>\n\t\t\t\t\t<\/div>\n\t\t<\/section>\n\t\t\t\t<section class=\"elementor-section elementor-top-section elementor-element elementor-element-7389278 elementor-section-boxed elementor-section-height-default elementor-section-height-default\" data-id=\"7389278\" data-element_type=\"section\" data-e-type=\"section\">\n\t\t\t\t\t\t<div class=\"elementor-container elementor-column-gap-default\">\n\t\t\t\t\t<div class=\"elementor-column elementor-col-50 elementor-top-column elementor-element elementor-element-0274763\" data-id=\"0274763\" data-element_type=\"column\" data-e-type=\"column\">\n\t\t\t<div class=\"elementor-widget-wrap elementor-element-populated\">\n\t\t\t\t\t\t<div class=\"elementor-element elementor-element-287052b elementor-widget elementor-widget-text-editor\" data-id=\"287052b\" data-element_type=\"widget\" data-e-type=\"widget\" data-widget_type=\"text-editor.default\">\n\t\t\t\t<div class=\"elementor-widget-container\">\n\t\t\t\t\t\t\t\t\t<h3><span style=\"color: #706e6f;\"><strong>Wyposa\u017cenie dodatkowe <\/strong><span style=\"color: #e40613;\">PS econo<\/span><\/span><\/h3>\n<ul>\n<li>system diagnostyczny online INGENIA<\/li>\n<li>o\u015bwietlenie obszaru zgrzewania<\/li>\n<li>skalowanie na obydwu stronach sto\u0142u<\/li>\n<li>rozbudowa do wysoko\u015bci mocowania 65\u00a0mm np. do p\u0142yt z pust\u0105 komor\u0105<\/li>\n<li>podnoszenie p\u0142yt (tylko jedna strona)<\/li>\n<li>wyposa\u017cenie do betonowych tor\u00f3w ochronnych, z podnoszenie p\u0142yty, podnoszeniem belki mocuj\u0105cej i zestawem narz\u0119dzi<\/li>\n<li>obs\u0142uga zdalna lub peda\u0142 no\u017cny do mocowania<\/li>\n<li>sygna\u0142 d\u017awi\u0119kowy po zako\u0144czeniu cyklu zgrzewania<\/li>\n<li>dodatkowy obszar mocowania z dw\u00f3ch stron (2 obszary)<\/li>\n<li>automatyczne urz\u0105dzenie do zgrzewania k\u0105towego L 90\u00b0<\/li>\n<li>urz\u0105dzenie do ci\u0105gnienia okr\u0105g\u0142ego<\/li>\n<li>lakierowanie specjalne<\/li>\n<\/ul>\n\t\t\t\t\t\t\t\t<\/div>\n\t\t\t\t<\/div>\n\t\t\t\t\t<\/div>\n\t\t<\/div>\n\t\t\t\t<div class=\"elementor-column elementor-col-50 elementor-top-column elementor-element elementor-element-9b990ca\" data-id=\"9b990ca\" data-element_type=\"column\" data-e-type=\"column\">\n\t\t\t<div class=\"elementor-widget-wrap elementor-element-populated\">\n\t\t\t\t\t\t<div class=\"elementor-element elementor-element-fb087a9 elementor-widget elementor-widget-image\" data-id=\"fb087a9\" data-element_type=\"widget\" data-e-type=\"widget\" data-widget_type=\"image.default\">\n\t\t\t\t<div class=\"elementor-widget-container\">\n\t\t\t\t\t\t\t\t\t\t\t\t<figure class=\"wp-caption\">\n\t\t\t\t\t\t\t\t\t\t<img decoding=\"async\" width=\"768\" height=\"576\" src=\"https:\/\/ingenia-gmbh.gmbh\/wp-content\/uploads\/2016\/07\/ING_Betonschutzbahn.jpg\" class=\"attachment-large size-large wp-image-1866\" alt=\"\" srcset=\"https:\/\/ingenia-gmbh.gmbh\/wp-content\/uploads\/2016\/07\/ING_Betonschutzbahn.jpg 768w, https:\/\/ingenia-gmbh.gmbh\/wp-content\/uploads\/2016\/07\/ING_Betonschutzbahn-300x225.jpg 300w\" sizes=\"(max-width: 768px) 100vw, 768px\" \/>\t\t\t\t\t\t\t\t\t\t\t<figcaption class=\"widget-image-caption wp-caption-text\">Zgrzewanie p\u0142yt CPL (betonowe tory ochronne) w wersji PS econo i S easy.<\/figcaption>\n\t\t\t\t\t\t\t\t\t\t<\/figure>\n\t\t\t\t\t\t\t\t\t<\/div>\n\t\t\t\t<\/div>\n\t\t\t\t\t<\/div>\n\t\t<\/div>\n\t\t\t\t\t<\/div>\n\t\t<\/section>\n\t\t\t\t<section class=\"elementor-section elementor-top-section elementor-element elementor-element-4531fa1 elementor-section-boxed elementor-section-height-default elementor-section-height-default\" data-id=\"4531fa1\" data-element_type=\"section\" data-e-type=\"section\">\n\t\t\t\t\t\t<div class=\"elementor-container elementor-column-gap-default\">\n\t\t\t\t\t<div class=\"elementor-column elementor-col-100 elementor-top-column elementor-element elementor-element-706bff4\" data-id=\"706bff4\" data-element_type=\"column\" data-e-type=\"column\">\n\t\t\t<div class=\"elementor-widget-wrap elementor-element-populated\">\n\t\t\t\t\t\t<div class=\"elementor-element elementor-element-3a0e740 elementor-widget elementor-widget-spacer\" data-id=\"3a0e740\" data-element_type=\"widget\" data-e-type=\"widget\" data-widget_type=\"spacer.default\">\n\t\t\t\t<div class=\"elementor-widget-container\">\n\t\t\t\t\t\t\t<div class=\"elementor-spacer\">\n\t\t\t<div class=\"elementor-spacer-inner\"><\/div>\n\t\t<\/div>\n\t\t\t\t\t\t<\/div>\n\t\t\t\t<\/div>\n\t\t\t\t\t<\/div>\n\t\t<\/div>\n\t\t\t\t\t<\/div>\n\t\t<\/section>\n\t\t\t\t<section class=\"elementor-section elementor-top-section elementor-element elementor-element-bc9a32d elementor-section-boxed elementor-section-height-default elementor-section-height-default\" data-id=\"bc9a32d\" data-element_type=\"section\" data-e-type=\"section\">\n\t\t\t\t\t\t<div class=\"elementor-container elementor-column-gap-default\">\n\t\t\t\t\t<div class=\"elementor-column elementor-col-100 elementor-top-column elementor-element elementor-element-f8771f2\" data-id=\"f8771f2\" data-element_type=\"column\" data-e-type=\"column\">\n\t\t\t<div class=\"elementor-widget-wrap elementor-element-populated\">\n\t\t\t\t\t\t<div class=\"elementor-element elementor-element-37872db elementor-widget elementor-widget-button\" data-id=\"37872db\" data-element_type=\"widget\" data-e-type=\"widget\" data-widget_type=\"button.default\">\n\t\t\t\t<div class=\"elementor-widget-container\">\n\t\t\t\t\t\t\t\t\t<div class=\"elementor-button-wrapper\">\n\t\t\t\t\t<a class=\"elementor-button elementor-button-link elementor-size-sm\" href=\"https:\/\/ingenia-gmbh.gmbh\/pl\/produkty\/zgrzewarki\/\">\n\t\t\t\t\t\t<span class=\"elementor-button-content-wrapper\">\n\t\t\t\t\t\t<span class=\"elementor-button-icon\">\n\t\t\t\t\t\t\t\t\t<i class=\"fa fa-angle-left\" aria-hidden=\"true\"><\/i>\n\t\t\t\t\t\t\t<\/span>\n\t\t\t\t\t\t\t\t\t<span class=\"elementor-button-text\">cofnij<\/span>\n\t\t\t\t\t<\/span>\n\t\t\t\t\t<\/a>\n\t\t\t\t<\/div>\n\t\t\t\t\t\t\t\t<\/div>\n\t\t\t\t<\/div>\n\t\t\t\t\t<\/div>\n\t\t<\/div>\n\t\t\t\t\t<\/div>\n\t\t<\/section>\n\t\t\t\t<\/div>\n\t\t","protected":false},"excerpt":{"rendered":"<p>Zgrzewarka do zgrzewania doczo\u0142owego PS econo Seria modelowa PS econo zosta\u0142a zaprojektowana do \u015bredniego zakresu zastosowa\u0144. Sterowanie maszyn\u0105 odbywa si\u0119 za pomoc\u0105 wbudowanego PLC. Wszystkie czasy ustawione przez u\u017cytkownika mo\u017cna &#8230;<\/p>\n","protected":false},"author":1,"featured_media":0,"parent":3677,"menu_order":2,"comment_status":"closed","ping_status":"closed","template":"template-fullwidth.php","meta":{"footnotes":""},"class_list":["post-3695","page","type-page","status-publish","hentry"],"_links":{"self":[{"href":"https:\/\/ingenia-gmbh.gmbh\/pl\/wp-json\/wp\/v2\/pages\/3695","targetHints":{"allow":["GET"]}}],"collection":[{"href":"https:\/\/ingenia-gmbh.gmbh\/pl\/wp-json\/wp\/v2\/pages"}],"about":[{"href":"https:\/\/ingenia-gmbh.gmbh\/pl\/wp-json\/wp\/v2\/types\/page"}],"author":[{"embeddable":true,"href":"https:\/\/ingenia-gmbh.gmbh\/pl\/wp-json\/wp\/v2\/users\/1"}],"replies":[{"embeddable":true,"href":"https:\/\/ingenia-gmbh.gmbh\/pl\/wp-json\/wp\/v2\/comments?post=3695"}],"version-history":[{"count":5,"href":"https:\/\/ingenia-gmbh.gmbh\/pl\/wp-json\/wp\/v2\/pages\/3695\/revisions"}],"predecessor-version":[{"id":5186,"href":"https:\/\/ingenia-gmbh.gmbh\/pl\/wp-json\/wp\/v2\/pages\/3695\/revisions\/5186"}],"up":[{"embeddable":true,"href":"https:\/\/ingenia-gmbh.gmbh\/pl\/wp-json\/wp\/v2\/pages\/3677"}],"wp:attachment":[{"href":"https:\/\/ingenia-gmbh.gmbh\/pl\/wp-json\/wp\/v2\/media?parent=3695"}],"curies":[{"name":"wp","href":"https:\/\/api.w.org\/{rel}","templated":true}]}}