{"id":3703,"date":"2019-07-21T10:08:41","date_gmt":"2019-07-21T09:08:41","guid":{"rendered":"https:\/\/ingenia-gmbh.gmbh\/zgrzewarka-uniwersalna-i-do-pudelek-s-klt-2\/"},"modified":"2019-11-01T15:44:47","modified_gmt":"2019-11-01T14:44:47","slug":"zgrzewarka-uniwersalna-i-do-pudelek-s-klt","status":"publish","type":"page","link":"https:\/\/ingenia-gmbh.gmbh\/pl\/produkty\/maszyny-do-poszczegolnych-zastosowan\/branza-opakowan\/zgrzewarka-uniwersalna-i-do-pudelek-s-klt\/","title":{"rendered":"Zgrzewarka uniwersalna i do pude\u0142ek S-KLT"},"content":{"rendered":"\t\t<div data-elementor-type=\"wp-post\" data-elementor-id=\"3703\" class=\"elementor elementor-3703 elementor-3111\" data-elementor-post-type=\"page\">\n\t\t\t\t\t\t<section class=\"elementor-section elementor-top-section elementor-element elementor-element-2c88db8 elementor-section-boxed elementor-section-height-default elementor-section-height-default\" data-id=\"2c88db8\" data-element_type=\"section\" data-e-type=\"section\">\n\t\t\t\t\t\t<div class=\"elementor-container elementor-column-gap-default\">\n\t\t\t\t\t<div class=\"elementor-column elementor-col-50 elementor-top-column elementor-element elementor-element-a8fb8ec\" data-id=\"a8fb8ec\" data-element_type=\"column\" data-e-type=\"column\">\n\t\t\t<div class=\"elementor-widget-wrap elementor-element-populated\">\n\t\t\t\t\t\t<div class=\"elementor-element elementor-element-c4778b0 elementor-widget elementor-widget-text-editor\" data-id=\"c4778b0\" data-element_type=\"widget\" data-e-type=\"widget\" data-widget_type=\"text-editor.default\">\n\t\t\t\t<div class=\"elementor-widget-container\">\n\t\t\t\t\t\t\t\t\t<h3><span style=\"color: #706e6f;\">Zgrzewarka uniwersalna i do pude\u0142ek <span style=\"color: #e40613;\">S-KLT<\/span><\/span><\/h3>\n<p>Zgrzewarki <span style=\"color: #e40613;\"><strong>INGENIA<\/strong><\/span>, seria modelowa S-KLT to solidne maszyny specjalne do zgrzewania wielkoobj\u0119to\u015bciowych ma\u0142ych jednostek \u0142adunkowych, palet i podobnych produkt\u00f3w. Cykl zgrzewania przebiega ca\u0142kowicie automatycznie. Najwa\u017cniejsze parametry ustala si\u0119 przez wprowadzanie r\u0119czne lub za pomoc\u0105 alternatywnego komputera centralnego. Standardowa szeroko\u015b\u0107 robocza wynosi 0,80 m lub 1,20 m, najwi\u0119ksza p\u0142aszczyzna przekroju do zgrzewania to 600 lub 800 mm.<\/p>\n<p>Maszyny s\u0105 przystosowane do obrabiania wszystkich powszechnie stosowanych materia\u0142\u00f3w termoplastycznych. Pulpit obs\u0142ugi znajduje si\u0119 w oddzielnym pulpicie stoj\u0105cym, ustawianym elastycznie z boku maszyny. Sterowanie maszynami odbywa si\u0119 za pomoc\u0105 wbudowanego PLC. Regulowane ci\u015bnienie mocowania umo\u017cliwia dostosowanie ci\u015bnienia mocowania do geometrii cz\u0119\u015bci.<\/p>\n\t\t\t\t\t\t\t\t<\/div>\n\t\t\t\t<\/div>\n\t\t\t\t\t<\/div>\n\t\t<\/div>\n\t\t\t\t<div class=\"elementor-column elementor-col-50 elementor-top-column elementor-element elementor-element-693db40\" data-id=\"693db40\" data-element_type=\"column\" data-e-type=\"column\">\n\t\t\t<div class=\"elementor-widget-wrap elementor-element-populated\">\n\t\t\t\t\t\t<div class=\"elementor-element elementor-element-5cf6de9 elementor-widget elementor-widget-image\" data-id=\"5cf6de9\" data-element_type=\"widget\" data-e-type=\"widget\" data-widget_type=\"image.default\">\n\t\t\t\t<div class=\"elementor-widget-container\">\n\t\t\t\t\t\t\t\t\t\t\t\t\t\t\t<img fetchpriority=\"high\" decoding=\"async\" width=\"800\" height=\"534\" src=\"https:\/\/ingenia-gmbh.gmbh\/wp-content\/uploads\/2017\/01\/Freistellung_transparenti-1024x683.png\" class=\"attachment-large size-large wp-image-2141\" alt=\"\" srcset=\"https:\/\/ingenia-gmbh.gmbh\/wp-content\/uploads\/2017\/01\/Freistellung_transparenti-1024x683.png 1024w, https:\/\/ingenia-gmbh.gmbh\/wp-content\/uploads\/2017\/01\/Freistellung_transparenti-300x200.png 300w, https:\/\/ingenia-gmbh.gmbh\/wp-content\/uploads\/2017\/01\/Freistellung_transparenti-768x512.png 768w\" sizes=\"(max-width: 800px) 100vw, 800px\" \/>\t\t\t\t\t\t\t\t\t\t\t\t\t\t\t<\/div>\n\t\t\t\t<\/div>\n\t\t\t\t\t<\/div>\n\t\t<\/div>\n\t\t\t\t\t<\/div>\n\t\t<\/section>\n\t\t\t\t<section class=\"elementor-section elementor-top-section elementor-element elementor-element-5ab9609 elementor-section-boxed elementor-section-height-default elementor-section-height-default\" data-id=\"5ab9609\" data-element_type=\"section\" data-e-type=\"section\">\n\t\t\t\t\t\t<div class=\"elementor-container elementor-column-gap-default\">\n\t\t\t\t\t<div class=\"elementor-column elementor-col-100 elementor-top-column elementor-element elementor-element-41d3add\" data-id=\"41d3add\" data-element_type=\"column\" data-e-type=\"column\">\n\t\t\t<div class=\"elementor-widget-wrap elementor-element-populated\">\n\t\t\t\t\t\t<div class=\"elementor-element elementor-element-2d0b520 elementor-widget elementor-widget-spacer\" data-id=\"2d0b520\" data-element_type=\"widget\" data-e-type=\"widget\" data-widget_type=\"spacer.default\">\n\t\t\t\t<div class=\"elementor-widget-container\">\n\t\t\t\t\t\t\t<div class=\"elementor-spacer\">\n\t\t\t<div class=\"elementor-spacer-inner\"><\/div>\n\t\t<\/div>\n\t\t\t\t\t\t<\/div>\n\t\t\t\t<\/div>\n\t\t\t\t\t<\/div>\n\t\t<\/div>\n\t\t\t\t\t<\/div>\n\t\t<\/section>\n\t\t\t\t<section class=\"elementor-section elementor-top-section elementor-element elementor-element-62d456a elementor-section-boxed elementor-section-height-default elementor-section-height-default\" data-id=\"62d456a\" data-element_type=\"section\" data-e-type=\"section\">\n\t\t\t\t\t\t<div class=\"elementor-container elementor-column-gap-default\">\n\t\t\t\t\t<div class=\"elementor-column elementor-col-100 elementor-top-column elementor-element elementor-element-e97ca13\" data-id=\"e97ca13\" data-element_type=\"column\" data-e-type=\"column\">\n\t\t\t<div class=\"elementor-widget-wrap elementor-element-populated\">\n\t\t\t\t\t\t<div class=\"elementor-element elementor-element-e1486a2 elementor-widget elementor-widget-text-editor\" data-id=\"e1486a2\" data-element_type=\"widget\" data-e-type=\"widget\" data-widget_type=\"text-editor.default\">\n\t\t\t\t<div class=\"elementor-widget-container\">\n\t\t\t\t\t\t\t\t\t<table>\n<tbody>\n<tr>\n<td width=\"201\"><strong>Model<\/strong><\/td>\n<td width=\"201\"><strong>maks. szeroko\u015b\u0107 robocza <\/strong><\/td>\n<td width=\"201\"><strong>maks. si\u0142a zgrzewania<br \/>\n<\/strong><\/td>\n<\/tr>\n<tr>\n<td width=\"201\">08.06 S-KLT<\/td>\n<td width=\"201\">800 mm<\/td>\n<td width=\"201\">4.500 N<\/td>\n<\/tr>\n<tr>\n<td width=\"201\">12.08 S-KLT<\/td>\n<td width=\"201\">1.200 mm<\/td>\n<td width=\"201\">6.750 N<\/td>\n<\/tr>\n<\/tbody>\n<\/table>\n\t\t\t\t\t\t\t\t<\/div>\n\t\t\t\t<\/div>\n\t\t\t\t\t<\/div>\n\t\t<\/div>\n\t\t\t\t\t<\/div>\n\t\t<\/section>\n\t\t\t\t<section class=\"elementor-section elementor-top-section elementor-element elementor-element-36a25df elementor-section-boxed elementor-section-height-default elementor-section-height-default\" data-id=\"36a25df\" data-element_type=\"section\" data-e-type=\"section\">\n\t\t\t\t\t\t<div class=\"elementor-container elementor-column-gap-default\">\n\t\t\t\t\t<div class=\"elementor-column elementor-col-100 elementor-top-column elementor-element elementor-element-b4c14b4\" data-id=\"b4c14b4\" data-element_type=\"column\" data-e-type=\"column\">\n\t\t\t<div class=\"elementor-widget-wrap elementor-element-populated\">\n\t\t\t\t\t\t<div class=\"elementor-element elementor-element-62aa754 elementor-widget elementor-widget-text-editor\" data-id=\"62aa754\" data-element_type=\"widget\" data-e-type=\"widget\" data-widget_type=\"text-editor.default\">\n\t\t\t\t<div class=\"elementor-widget-container\">\n\t\t\t\t\t\t\t\t\t<h3><span style=\"color: #706e6f;\"><strong>Wyposa\u017cenie dodatkowe<\/strong> <span style=\"color: #e40613;\">S-KLT<\/span><\/span><\/h3>\n<ul>\n<li>kolejne obszary do mocowania kilku detali<\/li>\n<li>boczne elementy mocuj\u0105ce z dodatkowym mocowaniem cz\u0119\u015bci<\/li>\n<li>k\u00f3\u0142ka do du\u017cych obci\u0105\u017ce\u0144 HD<\/li>\n<li>uk\u0142ad sterowania si\u0142\u0105 sto\u0142u CNC-SIEMENS przez zaw\u00f3r proporcjonalny<\/li>\n<li>o\u015bwietlenie obszaru zgrzewania<\/li>\n<li>pilot pod\u0142\u0105czony przez kabel, alternatywnie prze\u0142\u0105cznik no\u017cny<\/li>\n<li>sygna\u0142 d\u017awi\u0119kowy po zako\u0144czeniu cyklu zgrzewania<\/li>\n<li>lakierowanie specjalne<\/li>\n<\/ul>\n\t\t\t\t\t\t\t\t<\/div>\n\t\t\t\t<\/div>\n\t\t\t\t\t<\/div>\n\t\t<\/div>\n\t\t\t\t\t<\/div>\n\t\t<\/section>\n\t\t\t\t<section class=\"elementor-section elementor-top-section elementor-element elementor-element-0e3e7fd elementor-section-boxed elementor-section-height-default elementor-section-height-default\" data-id=\"0e3e7fd\" data-element_type=\"section\" data-e-type=\"section\">\n\t\t\t\t\t\t<div class=\"elementor-container elementor-column-gap-default\">\n\t\t\t\t\t<div class=\"elementor-column elementor-col-100 elementor-top-column elementor-element elementor-element-cc9ef2b\" data-id=\"cc9ef2b\" data-element_type=\"column\" data-e-type=\"column\">\n\t\t\t<div class=\"elementor-widget-wrap elementor-element-populated\">\n\t\t\t\t\t\t<div class=\"elementor-element elementor-element-d45c440 elementor-widget elementor-widget-button\" data-id=\"d45c440\" data-element_type=\"widget\" data-e-type=\"widget\" data-widget_type=\"button.default\">\n\t\t\t\t<div class=\"elementor-widget-container\">\n\t\t\t\t\t\t\t\t\t<div class=\"elementor-button-wrapper\">\n\t\t\t\t\t<a class=\"elementor-button elementor-button-link elementor-size-sm\" href=\"https:\/\/ingenia-gmbh.gmbh\/pl\/produkty\/maszyny-do-poszczegolnych-zastosowan\/branza-opakowan\/\">\n\t\t\t\t\t\t<span class=\"elementor-button-content-wrapper\">\n\t\t\t\t\t\t<span class=\"elementor-button-icon\">\n\t\t\t\t\t\t\t\t\t<i class=\"fa fa-angle-left\" aria-hidden=\"true\"><\/i>\n\t\t\t\t\t\t\t<\/span>\n\t\t\t\t\t\t\t\t\t<span class=\"elementor-button-text\">cofnij<\/span>\n\t\t\t\t\t<\/span>\n\t\t\t\t\t<\/a>\n\t\t\t\t<\/div>\n\t\t\t\t\t\t\t\t<\/div>\n\t\t\t\t<\/div>\n\t\t\t\t\t<\/div>\n\t\t<\/div>\n\t\t\t\t\t<\/div>\n\t\t<\/section>\n\t\t\t\t<\/div>\n\t\t","protected":false},"excerpt":{"rendered":"<p>Zgrzewarka uniwersalna i do pude\u0142ek S-KLT Zgrzewarki INGENIA, seria modelowa S-KLT to solidne maszyny specjalne do zgrzewania wielkoobj\u0119to\u015bciowych ma\u0142ych jednostek \u0142adunkowych, palet i podobnych produkt\u00f3w. Cykl zgrzewania przebiega ca\u0142kowicie automatycznie. &#8230;<\/p>\n","protected":false},"author":1,"featured_media":0,"parent":3685,"menu_order":2,"comment_status":"closed","ping_status":"closed","template":"template-fullwidth.php","meta":{"footnotes":""},"class_list":["post-3703","page","type-page","status-publish","hentry"],"_links":{"self":[{"href":"https:\/\/ingenia-gmbh.gmbh\/pl\/wp-json\/wp\/v2\/pages\/3703","targetHints":{"allow":["GET"]}}],"collection":[{"href":"https:\/\/ingenia-gmbh.gmbh\/pl\/wp-json\/wp\/v2\/pages"}],"about":[{"href":"https:\/\/ingenia-gmbh.gmbh\/pl\/wp-json\/wp\/v2\/types\/page"}],"author":[{"embeddable":true,"href":"https:\/\/ingenia-gmbh.gmbh\/pl\/wp-json\/wp\/v2\/users\/1"}],"replies":[{"embeddable":true,"href":"https:\/\/ingenia-gmbh.gmbh\/pl\/wp-json\/wp\/v2\/comments?post=3703"}],"version-history":[{"count":3,"href":"https:\/\/ingenia-gmbh.gmbh\/pl\/wp-json\/wp\/v2\/pages\/3703\/revisions"}],"predecessor-version":[{"id":4893,"href":"https:\/\/ingenia-gmbh.gmbh\/pl\/wp-json\/wp\/v2\/pages\/3703\/revisions\/4893"}],"up":[{"embeddable":true,"href":"https:\/\/ingenia-gmbh.gmbh\/pl\/wp-json\/wp\/v2\/pages\/3685"}],"wp:attachment":[{"href":"https:\/\/ingenia-gmbh.gmbh\/pl\/wp-json\/wp\/v2\/media?parent=3703"}],"curies":[{"name":"wp","href":"https:\/\/api.w.org\/{rel}","templated":true}]}}