{"id":3711,"date":"2019-07-21T10:46:56","date_gmt":"2019-07-21T09:46:56","guid":{"rendered":"https:\/\/ingenia-gmbh.gmbh\/produkty\/maszyny-do-poszczegolnych-zastosowan\/branza-opakowan\/urzadzenie-do-zamykania-krawedzi-ks-2\/"},"modified":"2020-05-09T10:21:41","modified_gmt":"2020-05-09T09:21:41","slug":"urzadzenie-do-zamykania-krawedzi-ks","status":"publish","type":"page","link":"https:\/\/ingenia-gmbh.gmbh\/pl\/produkty\/maszyny-do-poszczegolnych-zastosowan\/branza-opakowan\/urzadzenie-do-zamykania-krawedzi-ks\/","title":{"rendered":"Urz\u0105dzenie do zamykania kraw\u0119dzi KS"},"content":{"rendered":"\t\t<div data-elementor-type=\"wp-post\" data-elementor-id=\"3711\" class=\"elementor elementor-3711 elementor-2905\" data-elementor-post-type=\"page\">\n\t\t\t\t\t\t<section class=\"elementor-section elementor-top-section elementor-element elementor-element-042478f elementor-section-boxed elementor-section-height-default elementor-section-height-default\" data-id=\"042478f\" data-element_type=\"section\" data-e-type=\"section\">\n\t\t\t\t\t\t<div class=\"elementor-container elementor-column-gap-default\">\n\t\t\t\t\t<div class=\"elementor-column elementor-col-50 elementor-top-column elementor-element elementor-element-c4f5e31\" data-id=\"c4f5e31\" data-element_type=\"column\" data-e-type=\"column\">\n\t\t\t<div class=\"elementor-widget-wrap elementor-element-populated\">\n\t\t\t\t\t\t<div class=\"elementor-element elementor-element-4aef636 elementor-widget elementor-widget-text-editor\" data-id=\"4aef636\" data-element_type=\"widget\" data-e-type=\"widget\" data-widget_type=\"text-editor.default\">\n\t\t\t\t<div class=\"elementor-widget-container\">\n\t\t\t\t\t\t\t\t\t<h3><span style=\"color: #706e6f;\">Urz\u0105dzenie do zamykania kraw\u0119dzi KS<\/span><\/h3>\n<p>Urz\u0105dzenie do zamykania kraw\u0119dzi do p\u0142yt z pust\u0105 komor\u0105 i paneli warstwowych.<\/p>\n\t\t\t\t\t\t\t\t<\/div>\n\t\t\t\t<\/div>\n\t\t\t\t\t<\/div>\n\t\t<\/div>\n\t\t\t\t<div class=\"elementor-column elementor-col-50 elementor-top-column elementor-element elementor-element-318b4b1\" data-id=\"318b4b1\" data-element_type=\"column\" data-e-type=\"column\">\n\t\t\t<div class=\"elementor-widget-wrap elementor-element-populated\">\n\t\t\t\t\t\t<div class=\"elementor-element elementor-element-c6f3bba elementor-widget elementor-widget-image\" data-id=\"c6f3bba\" data-element_type=\"widget\" data-e-type=\"widget\" data-widget_type=\"image.default\">\n\t\t\t\t<div class=\"elementor-widget-container\">\n\t\t\t\t\t\t\t\t\t\t\t\t\t\t\t<img fetchpriority=\"high\" decoding=\"async\" width=\"800\" height=\"600\" src=\"https:\/\/ingenia-gmbh.gmbh\/wp-content\/uploads\/2020\/05\/Kantenschliessanlage_frei-1024x768.jpg\" class=\"attachment-large size-large wp-image-5410\" alt=\"\" srcset=\"https:\/\/ingenia-gmbh.gmbh\/wp-content\/uploads\/2020\/05\/Kantenschliessanlage_frei-1024x768.jpg 1024w, https:\/\/ingenia-gmbh.gmbh\/wp-content\/uploads\/2020\/05\/Kantenschliessanlage_frei-300x225.jpg 300w, https:\/\/ingenia-gmbh.gmbh\/wp-content\/uploads\/2020\/05\/Kantenschliessanlage_frei-768x576.jpg 768w, https:\/\/ingenia-gmbh.gmbh\/wp-content\/uploads\/2020\/05\/Kantenschliessanlage_frei-1536x1152.jpg 1536w, https:\/\/ingenia-gmbh.gmbh\/wp-content\/uploads\/2020\/05\/Kantenschliessanlage_frei-2048x1536.jpg 2048w\" sizes=\"(max-width: 800px) 100vw, 800px\" \/>\t\t\t\t\t\t\t\t\t\t\t\t\t\t\t<\/div>\n\t\t\t\t<\/div>\n\t\t\t\t\t<\/div>\n\t\t<\/div>\n\t\t\t\t\t<\/div>\n\t\t<\/section>\n\t\t\t\t<section class=\"elementor-section elementor-top-section elementor-element elementor-element-7d7f26f elementor-section-boxed elementor-section-height-default elementor-section-height-default\" data-id=\"7d7f26f\" data-element_type=\"section\" data-e-type=\"section\">\n\t\t\t\t\t\t<div class=\"elementor-container elementor-column-gap-default\">\n\t\t\t\t\t<div class=\"elementor-column elementor-col-100 elementor-top-column elementor-element elementor-element-5587aed\" data-id=\"5587aed\" data-element_type=\"column\" data-e-type=\"column\">\n\t\t\t<div class=\"elementor-widget-wrap elementor-element-populated\">\n\t\t\t\t\t\t<div class=\"elementor-element elementor-element-6be5414 elementor-widget elementor-widget-spacer\" data-id=\"6be5414\" data-element_type=\"widget\" data-e-type=\"widget\" data-widget_type=\"spacer.default\">\n\t\t\t\t<div class=\"elementor-widget-container\">\n\t\t\t\t\t\t\t<div class=\"elementor-spacer\">\n\t\t\t<div class=\"elementor-spacer-inner\"><\/div>\n\t\t<\/div>\n\t\t\t\t\t\t<\/div>\n\t\t\t\t<\/div>\n\t\t\t\t\t<\/div>\n\t\t<\/div>\n\t\t\t\t\t<\/div>\n\t\t<\/section>\n\t\t\t\t<section class=\"elementor-section elementor-top-section elementor-element elementor-element-c732eb8 elementor-section-boxed elementor-section-height-default elementor-section-height-default\" data-id=\"c732eb8\" data-element_type=\"section\" data-e-type=\"section\">\n\t\t\t\t\t\t<div class=\"elementor-container elementor-column-gap-default\">\n\t\t\t\t\t<div class=\"elementor-column elementor-col-100 elementor-top-column elementor-element elementor-element-033186c\" data-id=\"033186c\" data-element_type=\"column\" data-e-type=\"column\">\n\t\t\t<div class=\"elementor-widget-wrap elementor-element-populated\">\n\t\t\t\t\t\t<div class=\"elementor-element elementor-element-7c693d6 elementor-widget elementor-widget-text-editor\" data-id=\"7c693d6\" data-element_type=\"widget\" data-e-type=\"widget\" data-widget_type=\"text-editor.default\">\n\t\t\t\t<div class=\"elementor-widget-container\">\n\t\t\t\t\t\t\t\t\t<table>\n<tbody>\n<tr>\n<td width=\"349\">\n<p style=\"text-align: center;\"><strong>Model<\/strong><\/p>\n<\/td>\n<td width=\"349\">\n<p style=\"text-align: center;\"><strong>szeroko\u015b\u0107 robocza <\/strong><\/p>\n<\/td>\n<\/tr>\n<tr>\n<td width=\"349\">\n<p style=\"text-align: center;\">20.06 KS<\/p>\n<\/td>\n<td width=\"349\">\n<p style=\"text-align: center;\">2.000 mm<\/p>\n<\/td>\n<\/tr>\n<\/tbody>\n<\/table>\n\t\t\t\t\t\t\t\t<\/div>\n\t\t\t\t<\/div>\n\t\t\t\t\t<\/div>\n\t\t<\/div>\n\t\t\t\t\t<\/div>\n\t\t<\/section>\n\t\t\t\t<section class=\"elementor-section elementor-top-section elementor-element elementor-element-0107a8e elementor-section-boxed elementor-section-height-default elementor-section-height-default\" data-id=\"0107a8e\" data-element_type=\"section\" data-e-type=\"section\">\n\t\t\t\t\t\t<div class=\"elementor-container elementor-column-gap-default\">\n\t\t\t\t\t<div class=\"elementor-column elementor-col-100 elementor-top-column elementor-element elementor-element-7d04004\" data-id=\"7d04004\" data-element_type=\"column\" data-e-type=\"column\">\n\t\t\t<div class=\"elementor-widget-wrap elementor-element-populated\">\n\t\t\t\t\t\t<div class=\"elementor-element elementor-element-f024365 elementor-widget elementor-widget-spacer\" data-id=\"f024365\" data-element_type=\"widget\" data-e-type=\"widget\" data-widget_type=\"spacer.default\">\n\t\t\t\t<div class=\"elementor-widget-container\">\n\t\t\t\t\t\t\t<div class=\"elementor-spacer\">\n\t\t\t<div class=\"elementor-spacer-inner\"><\/div>\n\t\t<\/div>\n\t\t\t\t\t\t<\/div>\n\t\t\t\t<\/div>\n\t\t\t\t\t<\/div>\n\t\t<\/div>\n\t\t\t\t\t<\/div>\n\t\t<\/section>\n\t\t\t\t<section class=\"elementor-section elementor-top-section elementor-element elementor-element-c0f7728 elementor-section-boxed elementor-section-height-default elementor-section-height-default\" data-id=\"c0f7728\" data-element_type=\"section\" data-e-type=\"section\">\n\t\t\t\t\t\t<div class=\"elementor-container elementor-column-gap-default\">\n\t\t\t\t\t<div class=\"elementor-column elementor-col-100 elementor-top-column elementor-element elementor-element-ddfaab4\" data-id=\"ddfaab4\" data-element_type=\"column\" data-e-type=\"column\">\n\t\t\t<div class=\"elementor-widget-wrap elementor-element-populated\">\n\t\t\t\t\t\t<div class=\"elementor-element elementor-element-d7561f6 elementor-widget elementor-widget-image\" data-id=\"d7561f6\" data-element_type=\"widget\" data-e-type=\"widget\" data-widget_type=\"image.default\">\n\t\t\t\t<div class=\"elementor-widget-container\">\n\t\t\t\t\t\t\t\t\t\t\t\t\t\t\t<img decoding=\"async\" width=\"768\" height=\"576\" src=\"https:\/\/ingenia-gmbh.gmbh\/wp-content\/uploads\/2017\/02\/Kantenschlie\u00dfen-Muster_neu-768x576.jpg\" class=\"attachment-medium_large size-medium_large wp-image-2191\" alt=\"\" srcset=\"https:\/\/ingenia-gmbh.gmbh\/wp-content\/uploads\/2017\/02\/Kantenschlie\u00dfen-Muster_neu-768x576.jpg 768w, https:\/\/ingenia-gmbh.gmbh\/wp-content\/uploads\/2017\/02\/Kantenschlie\u00dfen-Muster_neu-300x225.jpg 300w, https:\/\/ingenia-gmbh.gmbh\/wp-content\/uploads\/2017\/02\/Kantenschlie\u00dfen-Muster_neu-1024x768.jpg 1024w\" sizes=\"(max-width: 768px) 100vw, 768px\" \/>\t\t\t\t\t\t\t\t\t\t\t\t\t\t\t<\/div>\n\t\t\t\t<\/div>\n\t\t\t\t\t<\/div>\n\t\t<\/div>\n\t\t\t\t\t<\/div>\n\t\t<\/section>\n\t\t\t\t<section class=\"elementor-section elementor-top-section elementor-element elementor-element-cdfb4fb elementor-section-boxed elementor-section-height-default elementor-section-height-default\" data-id=\"cdfb4fb\" data-element_type=\"section\" data-e-type=\"section\">\n\t\t\t\t\t\t<div class=\"elementor-container elementor-column-gap-default\">\n\t\t\t\t\t<div class=\"elementor-column elementor-col-100 elementor-top-column elementor-element elementor-element-202acf7\" data-id=\"202acf7\" data-element_type=\"column\" data-e-type=\"column\">\n\t\t\t<div class=\"elementor-widget-wrap elementor-element-populated\">\n\t\t\t\t\t\t<div class=\"elementor-element elementor-element-3259733 elementor-widget elementor-widget-button\" data-id=\"3259733\" data-element_type=\"widget\" data-e-type=\"widget\" data-widget_type=\"button.default\">\n\t\t\t\t<div class=\"elementor-widget-container\">\n\t\t\t\t\t\t\t\t\t<div class=\"elementor-button-wrapper\">\n\t\t\t\t\t<a class=\"elementor-button elementor-button-link elementor-size-sm\" href=\"https:\/\/ingenia-gmbh.gmbh\/pl\/produkty\/maszyny-do-poszczegolnych-zastosowan\/branza-opakowan\/\">\n\t\t\t\t\t\t<span class=\"elementor-button-content-wrapper\">\n\t\t\t\t\t\t<span class=\"elementor-button-icon\">\n\t\t\t\t\t\t\t\t\t<i class=\"fa fa-angle-left\" aria-hidden=\"true\"><\/i>\n\t\t\t\t\t\t\t<\/span>\n\t\t\t\t\t\t\t\t\t<span class=\"elementor-button-text\">cofnij<\/span>\n\t\t\t\t\t<\/span>\n\t\t\t\t\t<\/a>\n\t\t\t\t<\/div>\n\t\t\t\t\t\t\t\t<\/div>\n\t\t\t\t<\/div>\n\t\t\t\t\t<\/div>\n\t\t<\/div>\n\t\t\t\t\t<\/div>\n\t\t<\/section>\n\t\t\t\t<\/div>\n\t\t","protected":false},"excerpt":{"rendered":"<p>Urz\u0105dzenie do zamykania kraw\u0119dzi KS Urz\u0105dzenie do zamykania kraw\u0119dzi do p\u0142yt z pust\u0105 komor\u0105 i paneli warstwowych. Model szeroko\u015b\u0107 robocza 20.06 KS 2.000 mm cofnij<\/p>\n","protected":false},"author":1,"featured_media":0,"parent":3685,"menu_order":3,"comment_status":"closed","ping_status":"closed","template":"template-fullwidth.php","meta":{"footnotes":""},"class_list":["post-3711","page","type-page","status-publish","hentry"],"_links":{"self":[{"href":"https:\/\/ingenia-gmbh.gmbh\/pl\/wp-json\/wp\/v2\/pages\/3711","targetHints":{"allow":["GET"]}}],"collection":[{"href":"https:\/\/ingenia-gmbh.gmbh\/pl\/wp-json\/wp\/v2\/pages"}],"about":[{"href":"https:\/\/ingenia-gmbh.gmbh\/pl\/wp-json\/wp\/v2\/types\/page"}],"author":[{"embeddable":true,"href":"https:\/\/ingenia-gmbh.gmbh\/pl\/wp-json\/wp\/v2\/users\/1"}],"replies":[{"embeddable":true,"href":"https:\/\/ingenia-gmbh.gmbh\/pl\/wp-json\/wp\/v2\/comments?post=3711"}],"version-history":[{"count":5,"href":"https:\/\/ingenia-gmbh.gmbh\/pl\/wp-json\/wp\/v2\/pages\/3711\/revisions"}],"predecessor-version":[{"id":5420,"href":"https:\/\/ingenia-gmbh.gmbh\/pl\/wp-json\/wp\/v2\/pages\/3711\/revisions\/5420"}],"up":[{"embeddable":true,"href":"https:\/\/ingenia-gmbh.gmbh\/pl\/wp-json\/wp\/v2\/pages\/3685"}],"wp:attachment":[{"href":"https:\/\/ingenia-gmbh.gmbh\/pl\/wp-json\/wp\/v2\/media?parent=3711"}],"curies":[{"name":"wp","href":"https:\/\/api.w.org\/{rel}","templated":true}]}}