{"id":3715,"date":"2019-07-21T11:00:38","date_gmt":"2019-07-21T10:00:38","guid":{"rendered":"https:\/\/ingenia-gmbh.gmbh\/produkty\/zgrzewarki\/model-s-easy-2\/"},"modified":"2020-04-19T10:17:46","modified_gmt":"2020-04-19T09:17:46","slug":"model-s-easy","status":"publish","type":"page","link":"https:\/\/ingenia-gmbh.gmbh\/pl\/produkty\/zgrzewarki\/model-s-easy\/","title":{"rendered":"Model S Easy"},"content":{"rendered":"\t\t<div data-elementor-type=\"wp-post\" data-elementor-id=\"3715\" class=\"elementor elementor-3715 elementor-2927\" data-elementor-post-type=\"page\">\n\t\t\t\t\t\t<section class=\"elementor-section elementor-top-section elementor-element elementor-element-5dcbdbf elementor-section-boxed elementor-section-height-default elementor-section-height-default\" data-id=\"5dcbdbf\" data-element_type=\"section\" data-e-type=\"section\">\n\t\t\t\t\t\t<div class=\"elementor-container elementor-column-gap-default\">\n\t\t\t\t\t<div class=\"elementor-column elementor-col-50 elementor-top-column elementor-element elementor-element-5f96f0a\" data-id=\"5f96f0a\" data-element_type=\"column\" data-e-type=\"column\">\n\t\t\t<div class=\"elementor-widget-wrap elementor-element-populated\">\n\t\t\t\t\t\t<div class=\"elementor-element elementor-element-6afa6af elementor-widget elementor-widget-text-editor\" data-id=\"6afa6af\" data-element_type=\"widget\" data-e-type=\"widget\" data-widget_type=\"text-editor.default\">\n\t\t\t\t<div class=\"elementor-widget-container\">\n\t\t\t\t\t\t\t\t\t<div class=\"ether-col\">\n<h3><span style=\"color: #706e6f;\">Zgrzewarka do zgrzewania doczo\u0142owego <span style=\"color: #e40613;\">S easy<\/span><\/span><\/h3>\n<p>Seria modelowa S easy zosta\u0142a zaprojektowana do dolnego zakresu zastosowa\u0144. Sterowanie maszyn\u0105 odbywa si\u0119 za pomoc\u0105 wbudowanego PLC Moeller. Czas zgrzewania podaje si\u0119 na wy\u015bwietlaczu wbudowanym w pulpit sterowania. Wszystkie czasy ustawione przez u\u017cytkownika mo\u017cna wyd\u0142u\u017ca\u0107 lub skraca\u0107 podczas zgrzewania przez naci\u015bni\u0119cie przycisku. Ustawienie si\u0142y wyr\u00f3wnania\/grzania i spajania nast\u0119puje r\u0119cznie za pomoc\u0105 zaworu regulacji ci\u015bnienia. Cykl zgrzewania przebiega automatycznie.<\/p>\n<p>Ta maszyna jest dost\u0119pna w nast\u0119puj\u0105cych wersjach:<br \/>\n1 m, 2 m, 3 m \u00a0i 4 m lub indywidualnie dla klienta<br \/>\ngrubo\u015bci do zgrzewania: 3 \u2013 12 mm<\/p>\n<\/div>\n<div class=\"ether-col\"><\/div>\n\t\t\t\t\t\t\t\t<\/div>\n\t\t\t\t<\/div>\n\t\t\t\t\t<\/div>\n\t\t<\/div>\n\t\t\t\t<div class=\"elementor-column elementor-col-50 elementor-top-column elementor-element elementor-element-f232c9d\" data-id=\"f232c9d\" data-element_type=\"column\" data-e-type=\"column\">\n\t\t\t<div class=\"elementor-widget-wrap elementor-element-populated\">\n\t\t\t\t\t\t<div class=\"elementor-element elementor-element-c8bedf0 elementor-widget elementor-widget-image\" data-id=\"c8bedf0\" data-element_type=\"widget\" data-e-type=\"widget\" data-widget_type=\"image.default\">\n\t\t\t\t<div class=\"elementor-widget-container\">\n\t\t\t\t\t\t\t\t\t\t\t\t\t\t\t<img fetchpriority=\"high\" decoding=\"async\" width=\"800\" height=\"600\" src=\"https:\/\/ingenia-gmbh.gmbh\/wp-content\/uploads\/2016\/07\/30.05-SLeasy-1-1024x768.jpg\" class=\"attachment-large size-large wp-image-1911\" alt=\"\" srcset=\"https:\/\/ingenia-gmbh.gmbh\/wp-content\/uploads\/2016\/07\/30.05-SLeasy-1-1024x768.jpg 1024w, https:\/\/ingenia-gmbh.gmbh\/wp-content\/uploads\/2016\/07\/30.05-SLeasy-1-300x225.jpg 300w, https:\/\/ingenia-gmbh.gmbh\/wp-content\/uploads\/2016\/07\/30.05-SLeasy-1-768x576.jpg 768w\" sizes=\"(max-width: 800px) 100vw, 800px\" \/>\t\t\t\t\t\t\t\t\t\t\t\t\t\t\t<\/div>\n\t\t\t\t<\/div>\n\t\t\t\t\t<\/div>\n\t\t<\/div>\n\t\t\t\t\t<\/div>\n\t\t<\/section>\n\t\t\t\t<section class=\"elementor-section elementor-top-section elementor-element elementor-element-ef2c6e6 elementor-section-boxed elementor-section-height-default elementor-section-height-default\" data-id=\"ef2c6e6\" data-element_type=\"section\" data-e-type=\"section\">\n\t\t\t\t\t\t<div class=\"elementor-container elementor-column-gap-default\">\n\t\t\t\t\t<div class=\"elementor-column elementor-col-100 elementor-top-column elementor-element elementor-element-4d3c493\" data-id=\"4d3c493\" data-element_type=\"column\" data-e-type=\"column\">\n\t\t\t<div class=\"elementor-widget-wrap elementor-element-populated\">\n\t\t\t\t\t\t<div class=\"elementor-element elementor-element-4af2b02 elementor-widget elementor-widget-spacer\" data-id=\"4af2b02\" data-element_type=\"widget\" data-e-type=\"widget\" data-widget_type=\"spacer.default\">\n\t\t\t\t<div class=\"elementor-widget-container\">\n\t\t\t\t\t\t\t<div class=\"elementor-spacer\">\n\t\t\t<div class=\"elementor-spacer-inner\"><\/div>\n\t\t<\/div>\n\t\t\t\t\t\t<\/div>\n\t\t\t\t<\/div>\n\t\t\t\t\t<\/div>\n\t\t<\/div>\n\t\t\t\t\t<\/div>\n\t\t<\/section>\n\t\t\t\t<section class=\"elementor-section elementor-top-section elementor-element elementor-element-976daf3 elementor-section-boxed elementor-section-height-default elementor-section-height-default\" data-id=\"976daf3\" data-element_type=\"section\" data-e-type=\"section\">\n\t\t\t\t\t\t<div class=\"elementor-container elementor-column-gap-default\">\n\t\t\t\t\t<div class=\"elementor-column elementor-col-100 elementor-top-column elementor-element elementor-element-d164b53\" data-id=\"d164b53\" data-element_type=\"column\" data-e-type=\"column\">\n\t\t\t<div class=\"elementor-widget-wrap elementor-element-populated\">\n\t\t\t\t\t\t<div class=\"elementor-element elementor-element-1feaff0 elementor-widget elementor-widget-text-editor\" data-id=\"1feaff0\" data-element_type=\"widget\" data-e-type=\"widget\" data-widget_type=\"text-editor.default\">\n\t\t\t\t<div class=\"elementor-widget-container\">\n\t\t\t\t\t\t\t\t\t<table>\n<tbody>\n<tr>\n<td width=\"201\"><strong>Model<\/strong><\/td>\n<td width=\"201\"><strong>szeroko\u015b\u0107 robocza <\/strong><\/td>\n<td width=\"201\"><strong>grubo\u015b\u0107 materia\u0142u <\/strong><\/td>\n<\/tr>\n<tr>\n<td width=\"201\">10.12 S easy<\/td>\n<td width=\"201\">1.000 mm<\/td>\n<td width=\"201\">12 mm<\/td>\n<\/tr>\n<tr>\n<td width=\"201\">15.12 S easy<\/td>\n<td width=\"201\">1.500 mm<\/td>\n<td width=\"201\">12 mm<\/td>\n<\/tr>\n<tr>\n<td width=\"201\">20.12 S easy<\/td>\n<td width=\"201\">2.000 mm<\/td>\n<td width=\"201\">12 mm<\/td>\n<\/tr>\n<tr>\n<td width=\"201\">30.12 S easy<\/td>\n<td width=\"201\">3.000 mm<\/td>\n<td width=\"201\">12 mm<\/td>\n<\/tr>\n<\/tbody>\n<\/table>\n\t\t\t\t\t\t\t\t<\/div>\n\t\t\t\t<\/div>\n\t\t\t\t\t<\/div>\n\t\t<\/div>\n\t\t\t\t\t<\/div>\n\t\t<\/section>\n\t\t\t\t<section class=\"elementor-section elementor-top-section elementor-element elementor-element-089fa8d elementor-section-boxed elementor-section-height-default elementor-section-height-default\" data-id=\"089fa8d\" data-element_type=\"section\" data-e-type=\"section\">\n\t\t\t\t\t\t<div class=\"elementor-container elementor-column-gap-default\">\n\t\t\t\t\t<div class=\"elementor-column elementor-col-100 elementor-top-column elementor-element elementor-element-c488eed\" data-id=\"c488eed\" data-element_type=\"column\" data-e-type=\"column\">\n\t\t\t<div class=\"elementor-widget-wrap elementor-element-populated\">\n\t\t\t\t\t\t<div class=\"elementor-element elementor-element-ec253cf elementor-widget elementor-widget-spacer\" data-id=\"ec253cf\" data-element_type=\"widget\" data-e-type=\"widget\" data-widget_type=\"spacer.default\">\n\t\t\t\t<div class=\"elementor-widget-container\">\n\t\t\t\t\t\t\t<div class=\"elementor-spacer\">\n\t\t\t<div class=\"elementor-spacer-inner\"><\/div>\n\t\t<\/div>\n\t\t\t\t\t\t<\/div>\n\t\t\t\t<\/div>\n\t\t\t\t\t<\/div>\n\t\t<\/div>\n\t\t\t\t\t<\/div>\n\t\t<\/section>\n\t\t\t\t<section class=\"elementor-section elementor-top-section elementor-element elementor-element-51298d9 elementor-section-boxed elementor-section-height-default elementor-section-height-default\" data-id=\"51298d9\" data-element_type=\"section\" data-e-type=\"section\">\n\t\t\t\t\t\t<div class=\"elementor-container elementor-column-gap-default\">\n\t\t\t\t\t<div class=\"elementor-column elementor-col-100 elementor-top-column elementor-element elementor-element-e22cc89\" data-id=\"e22cc89\" data-element_type=\"column\" data-e-type=\"column\">\n\t\t\t<div class=\"elementor-widget-wrap elementor-element-populated\">\n\t\t\t\t\t\t<div class=\"elementor-element elementor-element-03c4f7e elementor-widget elementor-widget-button\" data-id=\"03c4f7e\" data-element_type=\"widget\" data-e-type=\"widget\" data-widget_type=\"button.default\">\n\t\t\t\t<div class=\"elementor-widget-container\">\n\t\t\t\t\t\t\t\t\t<div class=\"elementor-button-wrapper\">\n\t\t\t\t\t<a class=\"elementor-button elementor-button-link elementor-size-sm\" href=\"https:\/\/ingenia-gmbh.gmbh\/pl\/produkty\/zgrzewarki\/\">\n\t\t\t\t\t\t<span class=\"elementor-button-content-wrapper\">\n\t\t\t\t\t\t<span class=\"elementor-button-icon\">\n\t\t\t\t\t\t\t\t\t<i class=\"fa fa-angle-left\" aria-hidden=\"true\"><\/i>\n\t\t\t\t\t\t\t<\/span>\n\t\t\t\t\t\t\t\t\t<span class=\"elementor-button-text\">cofnij<\/span>\n\t\t\t\t\t<\/span>\n\t\t\t\t\t<\/a>\n\t\t\t\t<\/div>\n\t\t\t\t\t\t\t\t<\/div>\n\t\t\t\t<\/div>\n\t\t\t\t\t<\/div>\n\t\t<\/div>\n\t\t\t\t\t<\/div>\n\t\t<\/section>\n\t\t\t\t<\/div>\n\t\t","protected":false},"excerpt":{"rendered":"<p>Zgrzewarka do zgrzewania doczo\u0142owego S easy Seria modelowa S easy zosta\u0142a zaprojektowana do dolnego zakresu zastosowa\u0144. Sterowanie maszyn\u0105 odbywa si\u0119 za pomoc\u0105 wbudowanego PLC Moeller. Czas zgrzewania podaje si\u0119 na &#8230;<\/p>\n","protected":false},"author":1,"featured_media":0,"parent":3677,"menu_order":3,"comment_status":"closed","ping_status":"closed","template":"template-fullwidth.php","meta":{"footnotes":""},"class_list":["post-3715","page","type-page","status-publish","hentry"],"_links":{"self":[{"href":"https:\/\/ingenia-gmbh.gmbh\/pl\/wp-json\/wp\/v2\/pages\/3715","targetHints":{"allow":["GET"]}}],"collection":[{"href":"https:\/\/ingenia-gmbh.gmbh\/pl\/wp-json\/wp\/v2\/pages"}],"about":[{"href":"https:\/\/ingenia-gmbh.gmbh\/pl\/wp-json\/wp\/v2\/types\/page"}],"author":[{"embeddable":true,"href":"https:\/\/ingenia-gmbh.gmbh\/pl\/wp-json\/wp\/v2\/users\/1"}],"replies":[{"embeddable":true,"href":"https:\/\/ingenia-gmbh.gmbh\/pl\/wp-json\/wp\/v2\/comments?post=3715"}],"version-history":[{"count":5,"href":"https:\/\/ingenia-gmbh.gmbh\/pl\/wp-json\/wp\/v2\/pages\/3715\/revisions"}],"predecessor-version":[{"id":5199,"href":"https:\/\/ingenia-gmbh.gmbh\/pl\/wp-json\/wp\/v2\/pages\/3715\/revisions\/5199"}],"up":[{"embeddable":true,"href":"https:\/\/ingenia-gmbh.gmbh\/pl\/wp-json\/wp\/v2\/pages\/3677"}],"wp:attachment":[{"href":"https:\/\/ingenia-gmbh.gmbh\/pl\/wp-json\/wp\/v2\/media?parent=3715"}],"curies":[{"name":"wp","href":"https:\/\/api.w.org\/{rel}","templated":true}]}}