{"id":3728,"date":"2019-07-23T15:22:04","date_gmt":"2019-07-23T14:22:04","guid":{"rendered":"https:\/\/ingenia-gmbh.gmbh\/produkty\/gietarki\/stolowe-listwy-grzewcze-ht-2\/"},"modified":"2019-11-01T16:49:37","modified_gmt":"2019-11-01T15:49:37","slug":"stolowe-listwy-grzewcze-ht","status":"publish","type":"page","link":"https:\/\/ingenia-gmbh.gmbh\/pl\/produkty\/gietarki\/stolowe-listwy-grzewcze-ht\/","title":{"rendered":"Sto\u0142owe listwy grzewcze HT"},"content":{"rendered":"\t\t<div data-elementor-type=\"wp-post\" data-elementor-id=\"3728\" class=\"elementor elementor-3728 elementor-3062\" data-elementor-post-type=\"page\">\n\t\t\t\t\t\t<section class=\"elementor-section elementor-top-section elementor-element elementor-element-54f7f1d elementor-section-boxed elementor-section-height-default elementor-section-height-default\" data-id=\"54f7f1d\" data-element_type=\"section\" data-e-type=\"section\">\n\t\t\t\t\t\t<div class=\"elementor-container elementor-column-gap-default\">\n\t\t\t\t\t<div class=\"elementor-column elementor-col-50 elementor-top-column elementor-element elementor-element-24a6088\" data-id=\"24a6088\" data-element_type=\"column\" data-e-type=\"column\">\n\t\t\t<div class=\"elementor-widget-wrap elementor-element-populated\">\n\t\t\t\t\t\t<div class=\"elementor-element elementor-element-5c63ac9 elementor-widget elementor-widget-text-editor\" data-id=\"5c63ac9\" data-element_type=\"widget\" data-e-type=\"widget\" data-widget_type=\"text-editor.default\">\n\t\t\t\t<div class=\"elementor-widget-container\">\n\t\t\t\t\t\t\t\t\t<h3><span style=\"color: #706e6f;\">Sto\u0142owe listwy grzewcze <span style=\"color: #e40613;\">HT<\/span><\/span><\/h3>\n<p>Sto\u0142owa listwa grzewcza model HT s\u0142u\u017cy do bezdotykowego podgrzewania amorficznych i cz\u0119\u015bciowo krystalicznych p\u0142yt z tworzywa sztucznego (np. PVC-U, PMMA). Ogrzewanie jednoszeregowe (230 V) z cyfrow\u0105 regulacj\u0105 temperatury, dociskaczem oraz drewnian\u0105 powierzchni\u0105 u\u0142o\u017cenia regulowan\u0105 na szeroko\u015b\u0107 lub wysoko\u015b\u0107. Opcjonalnie dost\u0119pna z ogranicznikiem r\u00f3wnoleg\u0142ym, licznikiem czasu z sygna\u0142em d\u017awi\u0119kowym, teflonow\u0105 list\u0105 do fazowania.<\/p>\n<p>Dost\u0119pna w nast\u0119puj\u0105cych szeroko\u015bciach roboczych 0,5 m, 1 m, 1,5 m, 2 m i 3 m.<\/p>\n\t\t\t\t\t\t\t\t<\/div>\n\t\t\t\t<\/div>\n\t\t\t\t\t<\/div>\n\t\t<\/div>\n\t\t\t\t<div class=\"elementor-column elementor-col-50 elementor-top-column elementor-element elementor-element-3fbe931\" data-id=\"3fbe931\" data-element_type=\"column\" data-e-type=\"column\">\n\t\t\t<div class=\"elementor-widget-wrap elementor-element-populated\">\n\t\t\t\t\t\t<div class=\"elementor-element elementor-element-4115dfd elementor-widget elementor-widget-image\" data-id=\"4115dfd\" data-element_type=\"widget\" data-e-type=\"widget\" data-widget_type=\"image.default\">\n\t\t\t\t<div class=\"elementor-widget-container\">\n\t\t\t\t\t\t\t\t\t\t\t\t\t\t\t<img fetchpriority=\"high\" decoding=\"async\" width=\"800\" height=\"494\" src=\"https:\/\/ingenia-gmbh.gmbh\/wp-content\/uploads\/2016\/07\/05-HT-1024x632.jpg\" class=\"attachment-large size-large wp-image-1921\" alt=\"\" srcset=\"https:\/\/ingenia-gmbh.gmbh\/wp-content\/uploads\/2016\/07\/05-HT-1024x632.jpg 1024w, https:\/\/ingenia-gmbh.gmbh\/wp-content\/uploads\/2016\/07\/05-HT-300x185.jpg 300w, https:\/\/ingenia-gmbh.gmbh\/wp-content\/uploads\/2016\/07\/05-HT-768x474.jpg 768w\" sizes=\"(max-width: 800px) 100vw, 800px\" \/>\t\t\t\t\t\t\t\t\t\t\t\t\t\t\t<\/div>\n\t\t\t\t<\/div>\n\t\t\t\t\t<\/div>\n\t\t<\/div>\n\t\t\t\t\t<\/div>\n\t\t<\/section>\n\t\t\t\t<section class=\"elementor-section elementor-top-section elementor-element elementor-element-ae5eb4a elementor-section-boxed elementor-section-height-default elementor-section-height-default\" data-id=\"ae5eb4a\" data-element_type=\"section\" data-e-type=\"section\">\n\t\t\t\t\t\t<div class=\"elementor-container elementor-column-gap-default\">\n\t\t\t\t\t<div class=\"elementor-column elementor-col-100 elementor-top-column elementor-element elementor-element-40bf183\" data-id=\"40bf183\" data-element_type=\"column\" data-e-type=\"column\">\n\t\t\t<div class=\"elementor-widget-wrap elementor-element-populated\">\n\t\t\t\t\t\t<div class=\"elementor-element elementor-element-d0e48be elementor-widget elementor-widget-spacer\" data-id=\"d0e48be\" data-element_type=\"widget\" data-e-type=\"widget\" data-widget_type=\"spacer.default\">\n\t\t\t\t<div class=\"elementor-widget-container\">\n\t\t\t\t\t\t\t<div class=\"elementor-spacer\">\n\t\t\t<div class=\"elementor-spacer-inner\"><\/div>\n\t\t<\/div>\n\t\t\t\t\t\t<\/div>\n\t\t\t\t<\/div>\n\t\t\t\t\t<\/div>\n\t\t<\/div>\n\t\t\t\t\t<\/div>\n\t\t<\/section>\n\t\t\t\t<section class=\"elementor-section elementor-top-section elementor-element elementor-element-8d62957 elementor-section-boxed elementor-section-height-default elementor-section-height-default\" data-id=\"8d62957\" data-element_type=\"section\" data-e-type=\"section\">\n\t\t\t\t\t\t<div class=\"elementor-container elementor-column-gap-default\">\n\t\t\t\t\t<div class=\"elementor-column elementor-col-100 elementor-top-column elementor-element elementor-element-52ed133\" data-id=\"52ed133\" data-element_type=\"column\" data-e-type=\"column\">\n\t\t\t<div class=\"elementor-widget-wrap elementor-element-populated\">\n\t\t\t\t\t\t<div class=\"elementor-element elementor-element-dffe76e elementor-widget elementor-widget-text-editor\" data-id=\"dffe76e\" data-element_type=\"widget\" data-e-type=\"widget\" data-widget_type=\"text-editor.default\">\n\t\t\t\t<div class=\"elementor-widget-container\">\n\t\t\t\t\t\t\t\t\t<table style=\"height: 492px;\" width=\"159\">\n<tbody>\n<tr>\n<td width=\"302\"><strong>Model<\/strong><\/td>\n<td width=\"302\"><strong>szeroko\u015b\u0107 robocza <\/strong><\/td>\n<\/tr>\n<tr>\n<td width=\"302\">05 HT<\/td>\n<td width=\"302\">500 mm<\/td>\n<\/tr>\n<tr>\n<td width=\"302\">10 HT<\/td>\n<td width=\"302\">1.000 mm<\/td>\n<\/tr>\n<tr>\n<td width=\"302\">15 HT<\/td>\n<td width=\"302\">1.500 mm<\/td>\n<\/tr>\n<tr>\n<td width=\"302\">20 HT<\/td>\n<td width=\"302\">2.000 mm<\/td>\n<\/tr>\n<tr>\n<td width=\"302\">30 HT<\/td>\n<td width=\"302\">3.000 mm<\/td>\n<\/tr>\n<tr>\n<td width=\"302\">2.05 HT<\/td>\n<td width=\"302\">500 mm<\/td>\n<\/tr>\n<tr>\n<td width=\"302\">2.10 HT<\/td>\n<td width=\"302\">1.000 mm<\/td>\n<\/tr>\n<tr>\n<td width=\"302\">2.15 HT<\/td>\n<td width=\"302\">1.500 mm<\/td>\n<\/tr>\n<tr>\n<td width=\"302\">2.20 HT<\/td>\n<td width=\"302\">2.000 mm<\/td>\n<\/tr>\n<tr>\n<td width=\"302\">2.30 HT<\/td>\n<td width=\"302\">3.000 mm<\/td>\n<\/tr>\n<\/tbody>\n<\/table>\n\t\t\t\t\t\t\t\t<\/div>\n\t\t\t\t<\/div>\n\t\t\t\t\t<\/div>\n\t\t<\/div>\n\t\t\t\t\t<\/div>\n\t\t<\/section>\n\t\t\t\t<section class=\"elementor-section elementor-top-section elementor-element elementor-element-d9bb703 elementor-section-boxed elementor-section-height-default elementor-section-height-default\" data-id=\"d9bb703\" data-element_type=\"section\" data-e-type=\"section\">\n\t\t\t\t\t\t<div class=\"elementor-container elementor-column-gap-default\">\n\t\t\t\t\t<div class=\"elementor-column elementor-col-100 elementor-top-column elementor-element elementor-element-1ac99b6\" data-id=\"1ac99b6\" data-element_type=\"column\" data-e-type=\"column\">\n\t\t\t<div class=\"elementor-widget-wrap elementor-element-populated\">\n\t\t\t\t\t\t<div class=\"elementor-element elementor-element-559ff26 elementor-widget elementor-widget-button\" data-id=\"559ff26\" data-element_type=\"widget\" data-e-type=\"widget\" data-widget_type=\"button.default\">\n\t\t\t\t<div class=\"elementor-widget-container\">\n\t\t\t\t\t\t\t\t\t<div class=\"elementor-button-wrapper\">\n\t\t\t\t\t<a class=\"elementor-button elementor-button-link elementor-size-sm\" href=\"https:\/\/ingenia-gmbh.gmbh\/pl\/produkty\/gietarki\/\">\n\t\t\t\t\t\t<span class=\"elementor-button-content-wrapper\">\n\t\t\t\t\t\t<span class=\"elementor-button-icon\">\n\t\t\t\t\t\t\t\t\t<i class=\"fa fa-angle-left\" aria-hidden=\"true\"><\/i>\n\t\t\t\t\t\t\t<\/span>\n\t\t\t\t\t\t\t\t\t<span class=\"elementor-button-text\">cofnij<\/span>\n\t\t\t\t\t<\/span>\n\t\t\t\t\t<\/a>\n\t\t\t\t<\/div>\n\t\t\t\t\t\t\t\t<\/div>\n\t\t\t\t<\/div>\n\t\t\t\t\t<\/div>\n\t\t<\/div>\n\t\t\t\t\t<\/div>\n\t\t<\/section>\n\t\t\t\t<\/div>\n\t\t","protected":false},"excerpt":{"rendered":"<p>Sto\u0142owe listwy grzewcze HT Sto\u0142owa listwa grzewcza model HT s\u0142u\u017cy do bezdotykowego podgrzewania amorficznych i cz\u0119\u015bciowo krystalicznych p\u0142yt z tworzywa sztucznego (np. PVC-U, PMMA). Ogrzewanie jednoszeregowe (230 V) z cyfrow\u0105 &#8230;<\/p>\n","protected":false},"author":1,"featured_media":0,"parent":3689,"menu_order":4,"comment_status":"closed","ping_status":"closed","template":"template-fullwidth.php","meta":{"footnotes":""},"class_list":["post-3728","page","type-page","status-publish","hentry"],"_links":{"self":[{"href":"https:\/\/ingenia-gmbh.gmbh\/pl\/wp-json\/wp\/v2\/pages\/3728","targetHints":{"allow":["GET"]}}],"collection":[{"href":"https:\/\/ingenia-gmbh.gmbh\/pl\/wp-json\/wp\/v2\/pages"}],"about":[{"href":"https:\/\/ingenia-gmbh.gmbh\/pl\/wp-json\/wp\/v2\/types\/page"}],"author":[{"embeddable":true,"href":"https:\/\/ingenia-gmbh.gmbh\/pl\/wp-json\/wp\/v2\/users\/1"}],"replies":[{"embeddable":true,"href":"https:\/\/ingenia-gmbh.gmbh\/pl\/wp-json\/wp\/v2\/comments?post=3728"}],"version-history":[{"count":3,"href":"https:\/\/ingenia-gmbh.gmbh\/pl\/wp-json\/wp\/v2\/pages\/3728\/revisions"}],"predecessor-version":[{"id":4959,"href":"https:\/\/ingenia-gmbh.gmbh\/pl\/wp-json\/wp\/v2\/pages\/3728\/revisions\/4959"}],"up":[{"embeddable":true,"href":"https:\/\/ingenia-gmbh.gmbh\/pl\/wp-json\/wp\/v2\/pages\/3689"}],"wp:attachment":[{"href":"https:\/\/ingenia-gmbh.gmbh\/pl\/wp-json\/wp\/v2\/media?parent=3728"}],"curies":[{"name":"wp","href":"https:\/\/api.w.org\/{rel}","templated":true}]}}