{"id":3734,"date":"2019-07-23T15:46:24","date_gmt":"2019-07-23T14:46:24","guid":{"rendered":"https:\/\/ingenia-gmbh.gmbh\/produkty\/maszyny-do-poszczegolnych-zastosowan\/zgrzewanie-seryjne-2\/"},"modified":"2019-11-01T17:02:40","modified_gmt":"2019-11-01T16:02:40","slug":"zgrzewanie-seryjne","status":"publish","type":"page","link":"https:\/\/ingenia-gmbh.gmbh\/pl\/produkty\/maszyny-do-poszczegolnych-zastosowan\/zgrzewanie-seryjne\/","title":{"rendered":"Zgrzewanie seryjne"},"content":{"rendered":"\t\t<div data-elementor-type=\"wp-post\" data-elementor-id=\"3734\" class=\"elementor elementor-3734 elementor-3144\" data-elementor-post-type=\"page\">\n\t\t\t\t\t\t<section class=\"elementor-section elementor-top-section elementor-element elementor-element-0e418d2 elementor-section-boxed elementor-section-height-default elementor-section-height-default\" data-id=\"0e418d2\" data-element_type=\"section\" data-e-type=\"section\">\n\t\t\t\t\t\t<div class=\"elementor-container elementor-column-gap-default\">\n\t\t\t\t\t<div class=\"elementor-column elementor-col-50 elementor-top-column elementor-element elementor-element-ce7bb5b\" data-id=\"ce7bb5b\" data-element_type=\"column\" data-e-type=\"column\">\n\t\t\t<div class=\"elementor-widget-wrap elementor-element-populated\">\n\t\t\t\t\t\t<div class=\"elementor-element elementor-element-7b630d1 elementor-widget elementor-widget-text-editor\" data-id=\"7b630d1\" data-element_type=\"widget\" data-e-type=\"widget\" data-widget_type=\"text-editor.default\">\n\t\t\t\t<div class=\"elementor-widget-container\">\n\t\t\t\t\t\t\t\t\t<h3><span style=\"color: #706e6f;\"><strong>Zgrzewarki seryjne <span style=\"color: #e40613;\">X-SSM<\/span><\/strong><\/span><\/h3>\n<p>Zgrzewarka seryjna do element\u00f3w kszta\u0142towych z tworzywa sztucznego <span style=\"color: #e40613;\"><strong>INGENIA<\/strong> <\/span>seria modelowa X-SSM, to maszyna modu\u0142owa do automatycznego zgrzewania seryjnego element\u00f3w kszta\u0142towych. Sterowanie maszynami odbywa si\u0119 za pomoc\u0105 wbudowanego PLC. Cykl zgrzewania przebiega ca\u0142kowicie automatycznie, parametry wprowadza si\u0119 na wy\u015bwietlaczu i innych elementach obs\u0142ugi. Ustawianie drogi stapiania i drogi spajania odbywa si\u0119 za pomoc\u0105 mechanicznych ogranicznik\u00f3w kra\u0144cowych.<\/p>\n<p>&nbsp;<\/p>\n\t\t\t\t\t\t\t\t<\/div>\n\t\t\t\t<\/div>\n\t\t\t\t\t<\/div>\n\t\t<\/div>\n\t\t\t\t<div class=\"elementor-column elementor-col-50 elementor-top-column elementor-element elementor-element-3eafce6\" data-id=\"3eafce6\" data-element_type=\"column\" data-e-type=\"column\">\n\t\t\t<div class=\"elementor-widget-wrap elementor-element-populated\">\n\t\t\t\t\t\t<div class=\"elementor-element elementor-element-50a8fe3 elementor-widget elementor-widget-image\" data-id=\"50a8fe3\" data-element_type=\"widget\" data-e-type=\"widget\" data-widget_type=\"image.default\">\n\t\t\t\t<div class=\"elementor-widget-container\">\n\t\t\t\t\t\t\t\t\t\t\t\t\t\t\t<img fetchpriority=\"high\" decoding=\"async\" width=\"800\" height=\"713\" src=\"https:\/\/ingenia-gmbh.gmbh\/wp-content\/uploads\/2017\/05\/Serienschwei\u00dfanlage_neu2-1024x912.jpg\" class=\"attachment-large size-large wp-image-2466\" alt=\"\" srcset=\"https:\/\/ingenia-gmbh.gmbh\/wp-content\/uploads\/2017\/05\/Serienschwei\u00dfanlage_neu2-1024x912.jpg 1024w, https:\/\/ingenia-gmbh.gmbh\/wp-content\/uploads\/2017\/05\/Serienschwei\u00dfanlage_neu2-300x267.jpg 300w, https:\/\/ingenia-gmbh.gmbh\/wp-content\/uploads\/2017\/05\/Serienschwei\u00dfanlage_neu2-768x684.jpg 768w, https:\/\/ingenia-gmbh.gmbh\/wp-content\/uploads\/2017\/05\/Serienschwei\u00dfanlage_neu2.jpg 1681w\" sizes=\"(max-width: 800px) 100vw, 800px\" \/>\t\t\t\t\t\t\t\t\t\t\t\t\t\t\t<\/div>\n\t\t\t\t<\/div>\n\t\t\t\t\t<\/div>\n\t\t<\/div>\n\t\t\t\t\t<\/div>\n\t\t<\/section>\n\t\t\t\t<section class=\"elementor-section elementor-top-section elementor-element elementor-element-1ed7cd9 elementor-section-boxed elementor-section-height-default elementor-section-height-default\" data-id=\"1ed7cd9\" data-element_type=\"section\" data-e-type=\"section\">\n\t\t\t\t\t\t<div class=\"elementor-container elementor-column-gap-default\">\n\t\t\t\t\t<div class=\"elementor-column elementor-col-100 elementor-top-column elementor-element elementor-element-1a3e210\" data-id=\"1a3e210\" data-element_type=\"column\" data-e-type=\"column\">\n\t\t\t<div class=\"elementor-widget-wrap elementor-element-populated\">\n\t\t\t\t\t\t<div class=\"elementor-element elementor-element-0be13a2 elementor-widget elementor-widget-button\" data-id=\"0be13a2\" data-element_type=\"widget\" data-e-type=\"widget\" data-widget_type=\"button.default\">\n\t\t\t\t<div class=\"elementor-widget-container\">\n\t\t\t\t\t\t\t\t\t<div class=\"elementor-button-wrapper\">\n\t\t\t\t\t<a class=\"elementor-button elementor-button-link elementor-size-sm\" href=\"https:\/\/ingenia-gmbh.gmbh\/pl\/produkty\/maszyny-do-poszczegolnych-zastosowan\/\">\n\t\t\t\t\t\t<span class=\"elementor-button-content-wrapper\">\n\t\t\t\t\t\t<span class=\"elementor-button-icon\">\n\t\t\t\t\t\t\t\t\t<i class=\"fa fa-angle-left\" aria-hidden=\"true\"><\/i>\n\t\t\t\t\t\t\t<\/span>\n\t\t\t\t\t\t\t\t\t<span class=\"elementor-button-text\">cofnij<\/span>\n\t\t\t\t\t<\/span>\n\t\t\t\t\t<\/a>\n\t\t\t\t<\/div>\n\t\t\t\t\t\t\t\t<\/div>\n\t\t\t\t<\/div>\n\t\t\t\t\t<\/div>\n\t\t<\/div>\n\t\t\t\t\t<\/div>\n\t\t<\/section>\n\t\t\t\t<\/div>\n\t\t","protected":false},"excerpt":{"rendered":"<p>Zgrzewarki seryjne X-SSM Zgrzewarka seryjna do element\u00f3w kszta\u0142towych z tworzywa sztucznego INGENIA seria modelowa X-SSM, to maszyna modu\u0142owa do automatycznego zgrzewania seryjnego element\u00f3w kszta\u0142towych. Sterowanie maszynami odbywa si\u0119 za pomoc\u0105 &#8230;<\/p>\n","protected":false},"author":1,"featured_media":0,"parent":3627,"menu_order":5,"comment_status":"closed","ping_status":"closed","template":"template-fullwidth.php","meta":{"footnotes":""},"class_list":["post-3734","page","type-page","status-publish","hentry"],"_links":{"self":[{"href":"https:\/\/ingenia-gmbh.gmbh\/pl\/wp-json\/wp\/v2\/pages\/3734","targetHints":{"allow":["GET"]}}],"collection":[{"href":"https:\/\/ingenia-gmbh.gmbh\/pl\/wp-json\/wp\/v2\/pages"}],"about":[{"href":"https:\/\/ingenia-gmbh.gmbh\/pl\/wp-json\/wp\/v2\/types\/page"}],"author":[{"embeddable":true,"href":"https:\/\/ingenia-gmbh.gmbh\/pl\/wp-json\/wp\/v2\/users\/1"}],"replies":[{"embeddable":true,"href":"https:\/\/ingenia-gmbh.gmbh\/pl\/wp-json\/wp\/v2\/comments?post=3734"}],"version-history":[{"count":3,"href":"https:\/\/ingenia-gmbh.gmbh\/pl\/wp-json\/wp\/v2\/pages\/3734\/revisions"}],"predecessor-version":[{"id":4989,"href":"https:\/\/ingenia-gmbh.gmbh\/pl\/wp-json\/wp\/v2\/pages\/3734\/revisions\/4989"}],"up":[{"embeddable":true,"href":"https:\/\/ingenia-gmbh.gmbh\/pl\/wp-json\/wp\/v2\/pages\/3627"}],"wp:attachment":[{"href":"https:\/\/ingenia-gmbh.gmbh\/pl\/wp-json\/wp\/v2\/media?parent=3734"}],"curies":[{"name":"wp","href":"https:\/\/api.w.org\/{rel}","templated":true}]}}