{"id":3736,"date":"2019-07-23T15:47:30","date_gmt":"2019-07-23T14:47:30","guid":{"rendered":"https:\/\/ingenia-gmbh.gmbh\/produkty\/gietarki\/stolowe-listwy-grzewcze-2-xx-ht-2\/"},"modified":"2019-11-01T16:40:09","modified_gmt":"2019-11-01T15:40:09","slug":"stolowe-listwy-grzewcze-2-xx-ht","status":"publish","type":"page","link":"https:\/\/ingenia-gmbh.gmbh\/pl\/produkty\/gietarki\/stolowe-listwy-grzewcze-2-xx-ht\/","title":{"rendered":"Sto\u0142owe listwy grzewcze 2.XX HT"},"content":{"rendered":"\t\t<div data-elementor-type=\"wp-post\" data-elementor-id=\"3736\" class=\"elementor elementor-3736 elementor-3069\" data-elementor-post-type=\"page\">\n\t\t\t\t\t\t<section class=\"elementor-section elementor-top-section elementor-element elementor-element-8acf337 elementor-section-boxed elementor-section-height-default elementor-section-height-default\" data-id=\"8acf337\" data-element_type=\"section\" data-e-type=\"section\">\n\t\t\t\t\t\t<div class=\"elementor-container elementor-column-gap-default\">\n\t\t\t\t\t<div class=\"elementor-column elementor-col-50 elementor-top-column elementor-element elementor-element-3311167\" data-id=\"3311167\" data-element_type=\"column\" data-e-type=\"column\">\n\t\t\t<div class=\"elementor-widget-wrap elementor-element-populated\">\n\t\t\t\t\t\t<div class=\"elementor-element elementor-element-14c926b elementor-widget elementor-widget-text-editor\" data-id=\"14c926b\" data-element_type=\"widget\" data-e-type=\"widget\" data-widget_type=\"text-editor.default\">\n\t\t\t\t<div class=\"elementor-widget-container\">\n\t\t\t\t\t\t\t\t\t<h3><span style=\"color: #706e6f;\">Sto\u0142owe listwy grzewcze <span style=\"color: #e40613;\">2.XX HT<\/span><\/span><\/h3>\n<p>Sto\u0142owa listwa grzewcza 2.xx HT s\u0142u\u017cy do dwustronnego bezdotykowego podgrzewania amorficznych i cz\u0119\u015bciowo krystalicznych p\u0142yt z tworzywa sztucznego (np. PVC-U, PMMA). Jednoszeregowe ogrzewanie g\u00f3rne i dolne (230\u00a0V) z cyfrow\u0105 regulacj\u0105 temperatury oraz drewnian\u0105 powierzchni\u0105 u\u0142o\u017cenia. Opcjonalnie dost\u0119pna z ogranicznikiem r\u00f3wnoleg\u0142ym, licznikiem czasu z sygna\u0142em d\u017awi\u0119kowym, teflonow\u0105 list\u0105 do fazowania.<\/p>\n<p>Dost\u0119pna w nast\u0119puj\u0105cych szeroko\u015bciach roboczych 0,5 m, 1 m, 1,5 m, 2 m i 3 m.<\/p>\n\t\t\t\t\t\t\t\t<\/div>\n\t\t\t\t<\/div>\n\t\t\t\t\t<\/div>\n\t\t<\/div>\n\t\t\t\t<div class=\"elementor-column elementor-col-50 elementor-top-column elementor-element elementor-element-054e10a\" data-id=\"054e10a\" data-element_type=\"column\" data-e-type=\"column\">\n\t\t\t<div class=\"elementor-widget-wrap elementor-element-populated\">\n\t\t\t\t\t\t<div class=\"elementor-element elementor-element-7d4342d elementor-widget elementor-widget-image\" data-id=\"7d4342d\" data-element_type=\"widget\" data-e-type=\"widget\" data-widget_type=\"image.default\">\n\t\t\t\t<div class=\"elementor-widget-container\">\n\t\t\t\t\t\t\t\t\t\t\t\t\t\t\t<img fetchpriority=\"high\" decoding=\"async\" width=\"800\" height=\"430\" src=\"https:\/\/ingenia-gmbh.gmbh\/wp-content\/uploads\/2017\/05\/ING_Heizleiste_2_20HT_neu2-1024x550.jpg\" class=\"attachment-large size-large wp-image-2461\" alt=\"\" srcset=\"https:\/\/ingenia-gmbh.gmbh\/wp-content\/uploads\/2017\/05\/ING_Heizleiste_2_20HT_neu2-1024x550.jpg 1024w, https:\/\/ingenia-gmbh.gmbh\/wp-content\/uploads\/2017\/05\/ING_Heizleiste_2_20HT_neu2-300x161.jpg 300w, https:\/\/ingenia-gmbh.gmbh\/wp-content\/uploads\/2017\/05\/ING_Heizleiste_2_20HT_neu2-768x413.jpg 768w, https:\/\/ingenia-gmbh.gmbh\/wp-content\/uploads\/2017\/05\/ING_Heizleiste_2_20HT_neu2.jpg 1773w\" sizes=\"(max-width: 800px) 100vw, 800px\" \/>\t\t\t\t\t\t\t\t\t\t\t\t\t\t\t<\/div>\n\t\t\t\t<\/div>\n\t\t\t\t\t<\/div>\n\t\t<\/div>\n\t\t\t\t\t<\/div>\n\t\t<\/section>\n\t\t\t\t<section class=\"elementor-section elementor-top-section elementor-element elementor-element-e78b976 elementor-section-boxed elementor-section-height-default elementor-section-height-default\" data-id=\"e78b976\" data-element_type=\"section\" data-e-type=\"section\">\n\t\t\t\t\t\t<div class=\"elementor-container elementor-column-gap-default\">\n\t\t\t\t\t<div class=\"elementor-column elementor-col-100 elementor-top-column elementor-element elementor-element-85a9dee\" data-id=\"85a9dee\" data-element_type=\"column\" data-e-type=\"column\">\n\t\t\t<div class=\"elementor-widget-wrap elementor-element-populated\">\n\t\t\t\t\t\t<div class=\"elementor-element elementor-element-defd04b elementor-widget elementor-widget-button\" data-id=\"defd04b\" data-element_type=\"widget\" data-e-type=\"widget\" data-widget_type=\"button.default\">\n\t\t\t\t<div class=\"elementor-widget-container\">\n\t\t\t\t\t\t\t\t\t<div class=\"elementor-button-wrapper\">\n\t\t\t\t\t<a class=\"elementor-button elementor-button-link elementor-size-sm\" href=\"https:\/\/ingenia-gmbh.gmbh\/pl\/produkty\/gietarki\/\">\n\t\t\t\t\t\t<span class=\"elementor-button-content-wrapper\">\n\t\t\t\t\t\t<span class=\"elementor-button-icon\">\n\t\t\t\t\t\t\t\t\t<i class=\"fa fa-angle-left\" aria-hidden=\"true\"><\/i>\n\t\t\t\t\t\t\t<\/span>\n\t\t\t\t\t\t\t\t\t<span class=\"elementor-button-text\">cofnij<\/span>\n\t\t\t\t\t<\/span>\n\t\t\t\t\t<\/a>\n\t\t\t\t<\/div>\n\t\t\t\t\t\t\t\t<\/div>\n\t\t\t\t<\/div>\n\t\t\t\t\t<\/div>\n\t\t<\/div>\n\t\t\t\t\t<\/div>\n\t\t<\/section>\n\t\t\t\t<\/div>\n\t\t","protected":false},"excerpt":{"rendered":"<p>Sto\u0142owe listwy grzewcze 2.XX HT Sto\u0142owa listwa grzewcza 2.xx HT s\u0142u\u017cy do dwustronnego bezdotykowego podgrzewania amorficznych i cz\u0119\u015bciowo krystalicznych p\u0142yt z tworzywa sztucznego (np. PVC-U, PMMA). Jednoszeregowe ogrzewanie g\u00f3rne i &#8230;<\/p>\n","protected":false},"author":1,"featured_media":0,"parent":3689,"menu_order":5,"comment_status":"closed","ping_status":"closed","template":"template-fullwidth.php","meta":{"footnotes":""},"class_list":["post-3736","page","type-page","status-publish","hentry"],"_links":{"self":[{"href":"https:\/\/ingenia-gmbh.gmbh\/pl\/wp-json\/wp\/v2\/pages\/3736","targetHints":{"allow":["GET"]}}],"collection":[{"href":"https:\/\/ingenia-gmbh.gmbh\/pl\/wp-json\/wp\/v2\/pages"}],"about":[{"href":"https:\/\/ingenia-gmbh.gmbh\/pl\/wp-json\/wp\/v2\/types\/page"}],"author":[{"embeddable":true,"href":"https:\/\/ingenia-gmbh.gmbh\/pl\/wp-json\/wp\/v2\/users\/1"}],"replies":[{"embeddable":true,"href":"https:\/\/ingenia-gmbh.gmbh\/pl\/wp-json\/wp\/v2\/comments?post=3736"}],"version-history":[{"count":3,"href":"https:\/\/ingenia-gmbh.gmbh\/pl\/wp-json\/wp\/v2\/pages\/3736\/revisions"}],"predecessor-version":[{"id":4945,"href":"https:\/\/ingenia-gmbh.gmbh\/pl\/wp-json\/wp\/v2\/pages\/3736\/revisions\/4945"}],"up":[{"embeddable":true,"href":"https:\/\/ingenia-gmbh.gmbh\/pl\/wp-json\/wp\/v2\/pages\/3689"}],"wp:attachment":[{"href":"https:\/\/ingenia-gmbh.gmbh\/pl\/wp-json\/wp\/v2\/media?parent=3736"}],"curies":[{"name":"wp","href":"https:\/\/api.w.org\/{rel}","templated":true}]}}