{"id":3738,"date":"2019-07-23T15:48:18","date_gmt":"2019-07-23T14:48:18","guid":{"rendered":"https:\/\/ingenia-gmbh.gmbh\/produkty\/urzadzenie-do-kontroli-giecia-2\/"},"modified":"2019-11-01T17:04:21","modified_gmt":"2019-11-01T16:04:21","slug":"urzadzenie-do-kontroli-giecia","status":"publish","type":"page","link":"https:\/\/ingenia-gmbh.gmbh\/pl\/produkty\/urzadzenie-do-kontroli-giecia\/","title":{"rendered":"Urz\u0105dzenie do kontroli gi\u0119cia"},"content":{"rendered":"\t\t<div data-elementor-type=\"wp-post\" data-elementor-id=\"3738\" class=\"elementor elementor-3738 elementor-2838\" data-elementor-post-type=\"page\">\n\t\t\t\t\t\t<section class=\"elementor-section elementor-top-section elementor-element elementor-element-bd8b6b1 elementor-section-boxed elementor-section-height-default elementor-section-height-default\" data-id=\"bd8b6b1\" data-element_type=\"section\" data-e-type=\"section\">\n\t\t\t\t\t\t<div class=\"elementor-container elementor-column-gap-default\">\n\t\t\t\t\t<div class=\"elementor-column elementor-col-50 elementor-top-column elementor-element elementor-element-60d51fe\" data-id=\"60d51fe\" data-element_type=\"column\" data-e-type=\"column\">\n\t\t\t<div class=\"elementor-widget-wrap elementor-element-populated\">\n\t\t\t\t\t\t<div class=\"elementor-element elementor-element-2be9d55 elementor-widget elementor-widget-text-editor\" data-id=\"2be9d55\" data-element_type=\"widget\" data-e-type=\"widget\" data-widget_type=\"text-editor.default\">\n\t\t\t\t<div class=\"elementor-widget-container\">\n\t\t\t\t\t\t\t\t\t<h3><span style=\"color: #706e6f;\">Urz\u0105dzenie do kontroli gi\u0119cia <span style=\"color: #e40613;\">01.30 BP<\/span><\/span><\/h3>\n<p>Kontrola jako\u015bci jest wa\u017cnym elementem nowoczesnej produkcji. Aby sprawdzi\u0107 jako\u015b\u0107 zgrzewania termoplast\u00f3w, Niemieckie Stowarzyszenie Techniki Zgrzewania zaleca technologiczny test k\u0105ta gi\u0119cia, wymagaj\u0105 tego r\u00f3wnie\u017c odpowiednie wytyczne EN. W tym celu zaprojektowano urz\u0105dzenie do kontroli gi\u0119cia 01.30 BP.<\/p>\n<p>Urz\u0105dzenie do kontroli gi\u0119cia 01.30 BP jest rygorystycznie skonstruowane zgodnie z wymogami wytycznych DVS.<\/p>\n<p>Urz\u0105dzenie umo\u017cliwia kontrol\u0119 poni\u017cszych zgrzewanych element\u00f3w badanych:<\/p>\n<p>PE-HD grubo\u015b\u0107: 3 &#8211; 30 mm<\/p>\n<p>PP-H grubo\u015b\u0107: 3 &#8211; 25 mm<\/p>\n<p>PVDF grubo\u015b\u0107: 3 &#8211; 25 mm<\/p>\n<p>PVC-U grubo\u015b\u0107: 3 &#8211; 15 mm<\/p>\n<p>Urz\u0105dzenie 01.30 BP umo\u017cliwia ustalenie jako\u015bci spoiny za pomoc\u0105 pomiaru drogi i\/lub k\u0105ta gi\u0119cia.<\/p>\n\t\t\t\t\t\t\t\t<\/div>\n\t\t\t\t<\/div>\n\t\t\t\t\t<\/div>\n\t\t<\/div>\n\t\t\t\t<div class=\"elementor-column elementor-col-50 elementor-top-column elementor-element elementor-element-2abb7ec\" data-id=\"2abb7ec\" data-element_type=\"column\" data-e-type=\"column\">\n\t\t\t<div class=\"elementor-widget-wrap elementor-element-populated\">\n\t\t\t\t\t\t<div class=\"elementor-element elementor-element-3147ec4 elementor-widget elementor-widget-image\" data-id=\"3147ec4\" data-element_type=\"widget\" data-e-type=\"widget\" data-widget_type=\"image.default\">\n\t\t\t\t<div class=\"elementor-widget-container\">\n\t\t\t\t\t\t\t\t\t\t\t\t\t\t\t<img fetchpriority=\"high\" decoding=\"async\" width=\"800\" height=\"955\" src=\"https:\/\/ingenia-gmbh.gmbh\/wp-content\/uploads\/2019\/05\/ING_BP_TOTAL-858x1024.jpg\" class=\"attachment-large size-large wp-image-2843\" alt=\"\" srcset=\"https:\/\/ingenia-gmbh.gmbh\/wp-content\/uploads\/2019\/05\/ING_BP_TOTAL-858x1024.jpg 858w, https:\/\/ingenia-gmbh.gmbh\/wp-content\/uploads\/2019\/05\/ING_BP_TOTAL-251x300.jpg 251w, https:\/\/ingenia-gmbh.gmbh\/wp-content\/uploads\/2019\/05\/ING_BP_TOTAL-768x917.jpg 768w, https:\/\/ingenia-gmbh.gmbh\/wp-content\/uploads\/2019\/05\/ING_BP_TOTAL.jpg 945w\" sizes=\"(max-width: 800px) 100vw, 800px\" \/>\t\t\t\t\t\t\t\t\t\t\t\t\t\t\t<\/div>\n\t\t\t\t<\/div>\n\t\t\t\t\t<\/div>\n\t\t<\/div>\n\t\t\t\t\t<\/div>\n\t\t<\/section>\n\t\t\t\t<section class=\"elementor-section elementor-top-section elementor-element elementor-element-c2cbe85 elementor-section-boxed elementor-section-height-default elementor-section-height-default\" data-id=\"c2cbe85\" data-element_type=\"section\" data-e-type=\"section\">\n\t\t\t\t\t\t<div class=\"elementor-container elementor-column-gap-default\">\n\t\t\t\t\t<div class=\"elementor-column elementor-col-100 elementor-top-column elementor-element elementor-element-977927d\" data-id=\"977927d\" data-element_type=\"column\" data-e-type=\"column\">\n\t\t\t<div class=\"elementor-widget-wrap elementor-element-populated\">\n\t\t\t\t\t\t<div class=\"elementor-element elementor-element-7c497b8 elementor-widget elementor-widget-button\" data-id=\"7c497b8\" data-element_type=\"widget\" data-e-type=\"widget\" data-widget_type=\"button.default\">\n\t\t\t\t<div class=\"elementor-widget-container\">\n\t\t\t\t\t\t\t\t\t<div class=\"elementor-button-wrapper\">\n\t\t\t\t\t<a class=\"elementor-button elementor-button-link elementor-size-sm\" href=\"https:\/\/ingenia-gmbh.gmbh\/pl\/produkty\/\">\n\t\t\t\t\t\t<span class=\"elementor-button-content-wrapper\">\n\t\t\t\t\t\t<span class=\"elementor-button-icon\">\n\t\t\t\t\t\t\t\t\t<i class=\"fa fa-angle-left\" aria-hidden=\"true\"><\/i>\n\t\t\t\t\t\t\t<\/span>\n\t\t\t\t\t\t\t\t\t<span class=\"elementor-button-text\">cofnij<\/span>\n\t\t\t\t\t<\/span>\n\t\t\t\t\t<\/a>\n\t\t\t\t<\/div>\n\t\t\t\t\t\t\t\t<\/div>\n\t\t\t\t<\/div>\n\t\t\t\t\t<\/div>\n\t\t<\/div>\n\t\t\t\t\t<\/div>\n\t\t<\/section>\n\t\t\t\t<\/div>\n\t\t","protected":false},"excerpt":{"rendered":"<p>Urz\u0105dzenie do kontroli gi\u0119cia 01.30 BP Kontrola jako\u015bci jest wa\u017cnym elementem nowoczesnej produkcji. Aby sprawdzi\u0107 jako\u015b\u0107 zgrzewania termoplast\u00f3w, Niemieckie Stowarzyszenie Techniki Zgrzewania zaleca technologiczny test k\u0105ta gi\u0119cia, wymagaj\u0105 tego r\u00f3wnie\u017c &#8230;<\/p>\n","protected":false},"author":1,"featured_media":0,"parent":3645,"menu_order":6,"comment_status":"closed","ping_status":"closed","template":"template-fullwidth.php","meta":{"footnotes":""},"class_list":["post-3738","page","type-page","status-publish","hentry"],"_links":{"self":[{"href":"https:\/\/ingenia-gmbh.gmbh\/pl\/wp-json\/wp\/v2\/pages\/3738","targetHints":{"allow":["GET"]}}],"collection":[{"href":"https:\/\/ingenia-gmbh.gmbh\/pl\/wp-json\/wp\/v2\/pages"}],"about":[{"href":"https:\/\/ingenia-gmbh.gmbh\/pl\/wp-json\/wp\/v2\/types\/page"}],"author":[{"embeddable":true,"href":"https:\/\/ingenia-gmbh.gmbh\/pl\/wp-json\/wp\/v2\/users\/1"}],"replies":[{"embeddable":true,"href":"https:\/\/ingenia-gmbh.gmbh\/pl\/wp-json\/wp\/v2\/comments?post=3738"}],"version-history":[{"count":3,"href":"https:\/\/ingenia-gmbh.gmbh\/pl\/wp-json\/wp\/v2\/pages\/3738\/revisions"}],"predecessor-version":[{"id":4999,"href":"https:\/\/ingenia-gmbh.gmbh\/pl\/wp-json\/wp\/v2\/pages\/3738\/revisions\/4999"}],"up":[{"embeddable":true,"href":"https:\/\/ingenia-gmbh.gmbh\/pl\/wp-json\/wp\/v2\/pages\/3645"}],"wp:attachment":[{"href":"https:\/\/ingenia-gmbh.gmbh\/pl\/wp-json\/wp\/v2\/media?parent=3738"}],"curies":[{"name":"wp","href":"https:\/\/api.w.org\/{rel}","templated":true}]}}