{"id":6003,"date":"2021-04-10T21:14:53","date_gmt":"2021-04-10T20:14:53","guid":{"rendered":"https:\/\/ingenia-gmbh.gmbh\/firma\/jobs\/"},"modified":"2021-04-10T21:14:54","modified_gmt":"2021-04-10T20:14:54","slug":"jobs","status":"publish","type":"page","link":"https:\/\/ingenia-gmbh.gmbh\/pl\/firma\/jobs\/","title":{"rendered":"Jobs"},"content":{"rendered":"\t\t<div data-elementor-type=\"wp-post\" data-elementor-id=\"6003\" class=\"elementor elementor-6003\" data-elementor-post-type=\"page\">\n\t\t\t\t\t\t<section class=\"elementor-section elementor-top-section elementor-element elementor-element-a9636cd elementor-section-boxed elementor-section-height-default elementor-section-height-default\" data-id=\"a9636cd\" data-element_type=\"section\" data-e-type=\"section\">\n\t\t\t\t\t\t<div class=\"elementor-container elementor-column-gap-default\">\n\t\t\t\t\t<div class=\"elementor-column elementor-col-100 elementor-top-column elementor-element elementor-element-484ffd9\" data-id=\"484ffd9\" data-element_type=\"column\" data-e-type=\"column\">\n\t\t\t<div class=\"elementor-widget-wrap elementor-element-populated\">\n\t\t\t\t\t\t<div class=\"elementor-element elementor-element-3a79fb5 elementor-widget elementor-widget-text-editor\" data-id=\"3a79fb5\" data-element_type=\"widget\" data-e-type=\"widget\" data-widget_type=\"text-editor.default\">\n\t\t\t\t<div class=\"elementor-widget-container\">\n\t\t\t\t\t\t\t\t\t<div id=\"content-inside\" class=\"container no-sidebar\">\n<div id=\"primary\" class=\"content-area\">\n<article id=\"post-113\" class=\"post-113 page type-page status-publish hentry\">\n<header class=\"entry-header\"><\/header>\n<div class=\"entry-content\">\n<div class=\"ether-cols ether-cols-2\">\n<div class=\"ether-col\">\n<h3><span style=\"color: #706e6f;\"><b><span style=\"color: #e40613;\">\u201eWir suchen zum schnellstm\u00f6glichen Zeitpunkt folgende Positionen: \u201c<\/span><br \/><\/b><\/span><\/h3>\n<p><span style=\"color: #706e6f;\"><b><br \/><\/b><span style=\"color: #e40613;\"><strong>Industriemechaniker m\/w\/d<\/strong><\/span><\/span><br \/><span style=\"color: #706e6f;\">Sie sollten \u00fcber Kenntnisse in Elektropneumatik und\/oder SPS Technik verf\u00fcgen. Im Au\u00dfendienst sollten Sie sich auf Englisch verst\u00e4ndigen k\u00f6nnen.<\/span><\/p>\n<p><span style=\"color: #e40613;\"><strong>Auszubildenden zum Industriemechaniker m\/w\/d<\/strong><br \/><span style=\"color: #706e6f;\">Zum 01.08.2020 suchen wir einen Auszubildenden zum Industriemechaniker. Du solltest sorgf\u00e4ltig, genau und zuverl\u00e4ssig sein und mindestens \u00fcber den Schulabschluss Mittlere Reife verf\u00fcgen. Wenn Du Interesse hast, freuen wir uns \u00fcber Deine aussagef\u00e4hige Bewerbung.<\/span><\/span><\/p>\n<p><span style=\"color: #e40613;\"><strong>Ansprechpartner:<\/strong> <\/span><br \/><span style=\"color: #706e6f;\">Otmar Weirich<\/span><br \/><span style=\"color: #706e6f;\">Tel: +49 (0) 6543 &#8211; 50 49 0<\/span><br \/><span style=\"color: #706e6f;\">Email:<\/span> <a href=\"&#x6d;&#x61;&#105;&#108;to&#x3a;&#x6f;&#x77;&#64;in&#x67;&#x65;&#x6e;&#105;&#97;-&#x67;&#x6d;&#x62;&#104;&#46;d&#x65;\">&#111;&#x77;&#64;&#x69;n&#x67;e&#110;&#x69;&#97;&#x2d;g&#x6d;b&#104;&#x2e;&#100;&#x65;<\/a><\/p>\n<\/div>\n<\/div>\n<\/div>\n<\/article>\n<\/div>\n<\/div>\n\t\t\t\t\t\t\t\t<\/div>\n\t\t\t\t<\/div>\n\t\t\t\t<div class=\"elementor-element elementor-element-9e8cbfd elementor-widget elementor-widget-button\" data-id=\"9e8cbfd\" data-element_type=\"widget\" data-e-type=\"widget\" data-widget_type=\"button.default\">\n\t\t\t\t<div class=\"elementor-widget-container\">\n\t\t\t\t\t\t\t\t\t<div class=\"elementor-button-wrapper\">\n\t\t\t\t\t<a class=\"elementor-button elementor-button-link elementor-size-sm\" href=\"https:\/\/ingenia-gmbh.gmbh\/pl\/firma\/\">\n\t\t\t\t\t\t<span class=\"elementor-button-content-wrapper\">\n\t\t\t\t\t\t<span class=\"elementor-button-icon\">\n\t\t\t\t\t\t\t\t\t<i class=\"fa fa-angle-left\" aria-hidden=\"true\"><\/i>\n\t\t\t\t\t\t\t<\/span>\n\t\t\t\t\t\t\t\t\t<span class=\"elementor-button-text\">cofnij<\/span>\n\t\t\t\t\t<\/span>\n\t\t\t\t\t<\/a>\n\t\t\t\t<\/div>\n\t\t\t\t\t\t\t\t<\/div>\n\t\t\t\t<\/div>\n\t\t\t\t\t<\/div>\n\t\t<\/div>\n\t\t\t\t\t<\/div>\n\t\t<\/section>\n\t\t\t\t<\/div>\n\t\t","protected":false},"excerpt":{"rendered":"<p>\u201eWir suchen zum schnellstm\u00f6glichen Zeitpunkt folgende Positionen: \u201c Industriemechaniker m\/w\/dSie sollten \u00fcber Kenntnisse in Elektropneumatik und\/oder SPS Technik verf\u00fcgen. Im Au\u00dfendienst sollten Sie sich auf Englisch verst\u00e4ndigen k\u00f6nnen. Auszubildenden zum &#8230;<\/p>\n","protected":false},"author":1,"featured_media":0,"parent":3663,"menu_order":2,"comment_status":"closed","ping_status":"closed","template":"template-fullwidth.php","meta":{"footnotes":""},"class_list":["post-6003","page","type-page","status-publish","hentry"],"_links":{"self":[{"href":"https:\/\/ingenia-gmbh.gmbh\/pl\/wp-json\/wp\/v2\/pages\/6003","targetHints":{"allow":["GET"]}}],"collection":[{"href":"https:\/\/ingenia-gmbh.gmbh\/pl\/wp-json\/wp\/v2\/pages"}],"about":[{"href":"https:\/\/ingenia-gmbh.gmbh\/pl\/wp-json\/wp\/v2\/types\/page"}],"author":[{"embeddable":true,"href":"https:\/\/ingenia-gmbh.gmbh\/pl\/wp-json\/wp\/v2\/users\/1"}],"replies":[{"embeddable":true,"href":"https:\/\/ingenia-gmbh.gmbh\/pl\/wp-json\/wp\/v2\/comments?post=6003"}],"version-history":[{"count":1,"href":"https:\/\/ingenia-gmbh.gmbh\/pl\/wp-json\/wp\/v2\/pages\/6003\/revisions"}],"predecessor-version":[{"id":6004,"href":"https:\/\/ingenia-gmbh.gmbh\/pl\/wp-json\/wp\/v2\/pages\/6003\/revisions\/6004"}],"up":[{"embeddable":true,"href":"https:\/\/ingenia-gmbh.gmbh\/pl\/wp-json\/wp\/v2\/pages\/3663"}],"wp:attachment":[{"href":"https:\/\/ingenia-gmbh.gmbh\/pl\/wp-json\/wp\/v2\/media?parent=6003"}],"curies":[{"name":"wp","href":"https:\/\/api.w.org\/{rel}","templated":true}]}}